{"id":3955,"date":"2017-09-21T05:41:21","date_gmt":"2017-09-21T05:41:21","guid":{"rendered":"https:\/\/npm.org\/?page_id=3955"},"modified":"2020-06-19T22:15:53","modified_gmt":"2020-06-19T22:15:53","slug":"sixth-sunday-in-ordinary-time-b-lectionary-77","status":"publish","type":"page","link":"https:\/\/npm.org\/es\/sixth-sunday-in-ordinary-time-b-lectionary-77\/","title":{"rendered":"Himnos corales - VI domingo del tiempo ordinario (B)"},"content":{"rendered":"<p><strong>Himnos corales<\/strong><\/p>\n<table style=\"width: 100%;\" border=\"1\" width=\"100%\">\n<tbody>\n<tr>\n<td width=\"456\"><strong>T\u00edtulo (Voicing)<\/strong><\/td>\n<td width=\"187\"><strong>Compositor \/ Arreglista<\/strong><\/td>\n<td width=\"187\"><strong>Editor (art\u00edculo #)<\/strong><\/td>\n<td width=\"103\"><strong>Uso<\/strong><\/td>\n<\/tr>\n<tr>\n<td>Dios Todopoderoso y Eterno (SATB)<\/td>\n<td>Gibbons, Orlando<\/td>\n<td>GIA (3988)<\/td>\n<td>1, PS, G<\/td>\n<\/tr>\n<tr>\n<td>B\u00e1lsamo en Galaad (SATB, Teclado)<\/td>\n<td>Burleigh, Harry, T.<\/td>\n<td>Warner<\/td>\n<td>GRAMO<\/td>\n<\/tr>\n<tr>\n<td>B\u00e1lsamo en Galaad (SATB, Teclado)<\/td>\n<td>Shepherd, Mark<\/td>\n<td>Augsburgo (9780800657918)<\/td>\n<td>GRAMO<\/td>\n<\/tr>\n<tr>\n<td>Prohibido y desterrado (2 partes, \u00d3rgano)<\/td>\n<td>Folkemer, Stephen<\/td>\n<td>GIA (4907)<\/td>\n<td>1<\/td>\n<\/tr>\n<tr>\n<td>Porque tanto am\u00f3 Dios al mundo (SAB)<\/td>\n<td>Distler, Hugo<\/td>\n<td>Concordia (98-2239)<\/td>\n<td>C<\/td>\n<\/tr>\n<tr>\n<td>Porque tanto am\u00f3 Dios al mundo (SATB)<\/td>\n<td>Martinson, Joel<\/td>\n<td>Sela (410-546)<\/td>\n<td>C<\/td>\n<\/tr>\n<tr>\n<td>Porque tanto am\u00f3 Dios al mundo (SATT(Bar.)B)<\/td>\n<td>Sch\u00fctz, Heinrich<\/td>\n<td>Concordia<\/td>\n<td>C<\/td>\n<\/tr>\n<tr>\n<td>Dios am\u00f3 tanto al mundo (SA, teclado)<\/td>\n<td>Martinson, Joel<\/td>\n<td>Concordia<\/td>\n<td>C<\/td>\n<\/tr>\n<tr>\n<td>Tanto am\u00f3 Dios al mundo (SAB)<\/td>\n<td>Goemanne, Noel<\/td>\n<td>GIA (7824)<\/td>\n<td>C<\/td>\n<\/tr>\n<tr>\n<td>Tanto am\u00f3 Dios al mundo (SAB)<\/td>\n<td>Stainer, Juan<\/td>\n<td>G. Schirmer (OC10085)<\/td>\n<td>C<\/td>\n<\/tr>\n<tr>\n<td>Tanto am\u00f3 Dios al mundo (SATB)<\/td>\n<td>Stainer, Juan<\/td>\n<td>G. Schirmer (OC3798)<\/td>\n<td>C<\/td>\n<\/tr>\n<tr>\n<td>Tanto am\u00f3 Dios al mundo (SATB)<\/td>\n<td>SadowskiKevin J.<\/td>\n<td>Concordia<\/td>\n<td>C<\/td>\n<\/tr>\n<tr>\n<td>Tanto am\u00f3 Dios al mundo (SATB, Sop Solo)<\/td>\n<td>Chilcott, Bob<\/td>\n<td>Oxford (9780193432765)<\/td>\n<td>C<\/td>\n<\/tr>\n<tr>\n<td>Tanto am\u00f3 Dios al mundo (Un\u00edsono, Teclado, Guitarra)<\/td>\n<td>Englert, Eugene<\/td>\n<td>GIA (5713)<\/td>\n<td>C<\/td>\n<\/tr>\n<tr>\n<td>Dios am\u00f3 tanto al mundo (Un\u00edsono\/2 partes, teclado, opcional flauta o viol\u00edn)<\/td>\n<td>Horman, John D.<\/td>\n<td>Gremio de Coristas (CGA 447)<\/td>\n<td>C<\/td>\n<\/tr>\n<tr>\n<td>En ti, Se\u00f1or (SATB, teclado\/\u00f3rgano)<\/td>\n<td>Glarum, L.Stanley<\/td>\n<td>Compa\u00f1\u00eda de m\u00fasica Bourne.<\/td>\n<td>mi<\/td>\n<\/tr>\n<tr>\n<td>En ti, oh Se\u00f1or, pongo mi confianza (SATB, teclado)<\/td>\n<td>Roff, Jos\u00e9<\/td>\n<td>palmama<\/td>\n<td>mi<\/td>\n<\/tr>\n<tr>\n<td>En ti, oh Se\u00f1or, pongo mi confianza (Un\u00edsono, teclado)<\/td>\n<td>doblador, enero<\/td>\n<td>Augsburgo<\/td>\n<td>mi<\/td>\n<\/tr>\n<tr>\n<td>Jes\u00fas (Un\u00edsono, 2 partes, Teclado)<\/td>\n<td>Wetzler, Robert<\/td>\n<td>Carl Fischer<\/td>\n<td>GRAMO<\/td>\n<\/tr>\n<tr>\n<td>Las manos de Jes\u00fas eran manos amables (Un\u00edsono, Teclado, opt. Flauta)<\/td>\n<td>P\u00e1gina, Sue Ellen<\/td>\n<td>Gremio de Coristas (CGA 485)<\/td>\n<td>GRAMO<\/td>\n<\/tr>\n<tr>\n<td>Jes\u00fas, Sol de Vida, Mi Esplendor (SATB, \u00d3rgano)<\/td>\n<td>Handel, George F.<\/td>\n<td>Concordia (98-1445)<\/td>\n<td>GRAMO<\/td>\n<\/tr>\n<tr>\n<td>Se\u00f1or Jes\u00fas, piensa en m\u00ed (SAB)<\/td>\n<td>Arr. Fitzgerald, Richard Kenneth<\/td>\n<td>GIA (6237)<\/td>\n<td>GRAMO<\/td>\n<\/tr>\n<tr>\n<td>Oh Cristo Sanador, hemos venido (SAB, teclado)<\/td>\n<td>GiesekeRichard W.<\/td>\n<td>Concordia (98-2815)<\/td>\n<td>GRAMO<\/td>\n<\/tr>\n<tr>\n<td>Oh Se\u00f1or, en ti pongo mi confianza (SATB, \u00f3rgano)<\/td>\n<td>Milner, Arturo<\/td>\n<td>Novello (084056X) en \u201cEn sus atrios con alabanza\u201d<\/td>\n<td>mi<\/td>\n<\/tr>\n<tr>\n<td>Oh Salvador del Mundo (SATB)<\/td>\n<td>Goss, Juan<\/td>\n<td>Oxford (9780193355781) en \u201cel nuevo libro del himno de Oxford East\u201d<\/td>\n<td>GRAMO<\/td>\n<\/tr>\n<tr>\n<td>Hay un b\u00e1lsamo (SATB, Solo)<\/td>\n<td>Bell, Juan L.<\/td>\n<td>GIA (5170)<\/td>\n<td>GRAMO<\/td>\n<\/tr>\n<tr>\n<td>Hay un b\u00e1lsamo en Galaad (SATB)<\/td>\n<td>Dawson, Guillermo<\/td>\n<td>Kjos (T105)<\/td>\n<td>GRAMO<\/td>\n<\/tr>\n<tr>\n<td>Hay un b\u00e1lsamo en Galaad (Solo, SATTBB)<\/td>\n<td>Arr. Poovey, Robert<\/td>\n<td>Trinitas (4536)<\/td>\n<td>GRAMO<\/td>\n<\/tr>\n<\/tbody>\n<\/table>","protected":false},"excerpt":{"rendered":"<p>Choral Anthems Title (Voicing) Composer\/Arranger Publisher (Item #) Usage Almighty and Everlasting God (SATB) Gibbons, Orlando GIA (3988) 1,PS,G Balm in Gilead (SATB, Keyboard) Burleigh, Harry, T. Warner G Balm in Gilead (SATB, Keyboard) Shepperd, Mark Augsburg (9780800657918) G Banned and Banished (2-part, Organ) Folkemer, Stephen GIA (4907) 1 For God So Loved the World [&hellip;]<\/p>\n","protected":false},"author":6628,"featured_media":0,"parent":0,"menu_order":0,"comment_status":"closed","ping_status":"closed","template":"","meta":{"_acf_changed":false,"footnotes":""},"class_list":["post-3955","page","type-page","status-publish","hentry"],"acf":[],"_links":{"self":[{"href":"https:\/\/npm.org\/es\/wp-json\/wp\/v2\/pages\/3955"}],"collection":[{"href":"https:\/\/npm.org\/es\/wp-json\/wp\/v2\/pages"}],"about":[{"href":"https:\/\/npm.org\/es\/wp-json\/wp\/v2\/types\/page"}],"author":[{"embeddable":true,"href":"https:\/\/npm.org\/es\/wp-json\/wp\/v2\/users\/6628"}],"replies":[{"embeddable":true,"href":"https:\/\/npm.org\/es\/wp-json\/wp\/v2\/comments?post=3955"}],"version-history":[{"count":0,"href":"https:\/\/npm.org\/es\/wp-json\/wp\/v2\/pages\/3955\/revisions"}],"wp:attachment":[{"href":"https:\/\/npm.org\/es\/wp-json\/wp\/v2\/media?parent=3955"}],"curies":[{"name":"gracias","href":"https:\/\/api.w.org\/{rel}","templated":true}]}}