{"id":3952,"date":"2017-09-21T05:40:28","date_gmt":"2017-09-21T05:40:28","guid":{"rendered":"https:\/\/npm.org\/?page_id=3952"},"modified":"2024-01-17T11:05:43","modified_gmt":"2024-01-17T16:05:43","slug":"fifth-sunday-in-ordinary-time-b-lectionary-74","status":"publish","type":"page","link":"https:\/\/npm.org\/es\/fifth-sunday-in-ordinary-time-b-lectionary-74\/","title":{"rendered":"Himnos corales - 5o domingo del tiempo ordinario (B)"},"content":{"rendered":"<p><strong>Himnos corales<\/strong><\/p>\n<table style=\"width: 100%;\" border=\"1\" width=\"100%\">\n<tbody>\n<tr>\n<td width=\"456\"><strong>T\u00edtulo (Voicing)<\/strong><\/td>\n<td width=\"187\"><strong>Compositor \/ Arreglista<\/strong><\/td>\n<td width=\"187\"><strong>Editor (art\u00edculo #)<\/strong><\/td>\n<td width=\"103\"><strong>Uso<\/strong><\/td>\n<\/tr>\n<tr>\n<td>Felices los pobres (2 partes, teclado)<\/td>\n<td>Jones, Hilton Kean<\/td>\n<td>Concordia<\/td>\n<td>C<\/td>\n<\/tr>\n<tr>\n<td>Toda la Tierra canta (SAB, teclado)<\/td>\n<td>Mozart, Wolfgang A.\/Hopson, Hal H. arreglo.<\/td>\n<td>Concordia (98-3829)<\/td>\n<td>mi<\/td>\n<\/tr>\n<tr>\n<td>Aleluya, ven, d\u00e9janos cantar (2 voces iguales, teclado)<\/td>\n<td>Bertalot, Juan<\/td>\n<td>Gremio de Coristas (CGA 679)<\/td>\n<td>mi<\/td>\n<\/tr>\n<tr>\n<td>Dios Todopoderoso y Eterno (SATB)<\/td>\n<td>Gibbons, Orlando<\/td>\n<td>GIA (3988)<\/td>\n<td>1, PS, G<\/td>\n<\/tr>\n<tr>\n<td>Bienaventuranzas, El (SATB, \u00d3rgano)<\/td>\n<td>Callahan, Carlos<\/td>\n<td>Concordia (98-3760)<\/td>\n<td>C<\/td>\n<\/tr>\n<tr>\n<td>Bienaventurados ellos (SATB, teclado)<\/td>\n<td>Blanco, Jack Noble<\/td>\n<td>Brookfield (08743584)<\/td>\n<td>C<\/td>\n<\/tr>\n<tr>\n<td>Bienaventurados ellos (Un\u00edsono, opt. 2 partes, teclado)<\/td>\n<td>Leavitt, John<\/td>\n<td>Concordia<\/td>\n<td>C<\/td>\n<\/tr>\n<tr>\n<td>Bienaventurados los puros de coraz\u00f3n (SATB, teclado)<\/td>\n<td>Mengel, Dana<\/td>\n<td>Concordia (98-3450)<\/td>\n<td>C<\/td>\n<\/tr>\n<tr>\n<td>Salmo festivo (SATB, \u00f3rgano, 2 trompetas, trompa, 2 trombones)<\/td>\n<td>Hopson, Hal H.<\/td>\n<td>Esperanza<\/td>\n<td>mi<\/td>\n<\/tr>\n<tr>\n<td>Lev\u00e1ntate (divisi\u00f3n SATB)<\/td>\n<td>Nystedt, Knut<\/td>\n<td>Hinshaw<\/td>\n<td>GRAMO<\/td>\n<\/tr>\n<tr>\n<td>\u00bfNo hab\u00e9is conocido (SATB)<\/td>\n<td>Thompson, Randall<\/td>\n<td>CE Schirmer (1035)<\/td>\n<td>GRAMO<\/td>\n<\/tr>\n<tr>\n<td>Qu\u00e9 bueno es cantar alabanzas (SAB, \u00d3rgano)<\/td>\n<td>Proulx, Richard<\/td>\n<td>Prensa de M\u00fasica Sacra (10\/1390S)<\/td>\n<td>PD<\/td>\n<\/tr>\n<tr>\n<td>Lauda Jerusal\u00e9n (SSAA)<\/td>\n<td>Porpora, Nicola<\/td>\n<td>Hal Leonard (MC4583)<\/td>\n<td>PD<\/td>\n<\/tr>\n<tr>\n<td>\u00a1Cantemos al Se\u00f1or! (SATB, Coro, Solista, opt. Cuartetos de cuerdas y metales, \u00d3rgano\/Teclado)<\/td>\n<td>Englert, Eugene<\/td>\n<td>WLP (008596)<\/td>\n<td>mi<\/td>\n<\/tr>\n<tr>\n<td>Se\u00f1or, venimos a alabarte (Un\u00edsono, teclado)<\/td>\n<td>Hopson, Hal H.<\/td>\n<td>Gremio de Coristas (CGA 774)<\/td>\n<td>mi<\/td>\n<\/tr>\n<tr>\n<td>Ahora con gozoso j\u00fabilo (2 partes, teclado)<\/td>\n<td>Couperin, Fran\u00e7ois\/Grotenhuis, Dale arr.<\/td>\n<td>WLP (008786)<\/td>\n<td>mi<\/td>\n<\/tr>\n<tr>\n<td>Oh Cristo Sanador, hemos venido (SAB, teclado)<\/td>\n<td>GiesekeRichard W.<\/td>\n<td>Concordia (98-2815)<\/td>\n<td>GRAMO<\/td>\n<\/tr>\n<tr>\n<td>O Come Loud Himnos D\u00e9janos cantar (SATB)<\/td>\n<td>Kirk, Theron<\/td>\n<td>Prensa Shawnee (HL35015531) *<\/td>\n<td>mi<\/td>\n<\/tr>\n<tr>\n<td>Oh, ven, cantemos (SAB, Piano)<\/td>\n<td>Carter, Juan<\/td>\n<td>Beckenhorst (BP 1288)<\/td>\n<td>mi<\/td>\n<\/tr>\n<tr>\n<td>Oh, venid, cantemos al Se\u00f1or (2 partes, teclado, opci\u00f3n flauta)<\/td>\n<td>Schoenfeld, William M.<\/td>\n<td>GIA (5108)<\/td>\n<td>mi<\/td>\n<\/tr>\n<tr>\n<td>Oh, venid, cantemos al Se\u00f1or (SATB)<\/td>\n<td>Berger, Jean<\/td>\n<td>Hermanos Broude<\/td>\n<td>mi<\/td>\n<\/tr>\n<tr>\n<td>Oh, venid, cantemos al Se\u00f1or (SATB)<\/td>\n<td>joven, gordon<\/td>\n<td>HW gris<\/td>\n<td>mi<\/td>\n<\/tr>\n<tr>\n<td>Oh, venid, cantemos al Se\u00f1or (SATB, teclado)<\/td>\n<td>Diemer, Emma Lou<\/td>\n<td>Carl Fischer (CM7903)<\/td>\n<td>mi<\/td>\n<\/tr>\n<tr>\n<td>Oh, venid, adoremos (SATB)<\/td>\n<td>Palestrina, Giovanni Pierluigi da<\/td>\n<td>CE Schirmer (1136)<\/td>\n<td>mi<\/td>\n<\/tr>\n<tr>\n<td>Alabado sea el Se\u00f1or (SATB, \u00f3rgano)<\/td>\n<td>Sowerby, Leo<\/td>\n<td>lanzallamas<\/td>\n<td>PD<\/td>\n<\/tr>\n<tr>\n<td>Oh alabado sea el Se\u00f1or (SAtB, Piano)<\/td>\n<td>Weldon, James<\/td>\n<td>Novello (NOV400096)<\/td>\n<td>PD<\/td>\n<\/tr>\n<tr>\n<td>Oh, ven, cantando con alegr\u00eda (Un\u00edsono\/2 partes, teclado)<\/td>\n<td>PowellRobert J.<\/td>\n<td>Gremio de Coristas (CGA 776)<\/td>\n<td>mi<\/td>\n<\/tr>\n<tr>\n<td>Oh, ven, cantemos al Se\u00f1or (SAB, Piano)<\/td>\n<td>M\u00fasica, David W.<\/td>\n<td>Concordia (98-3818)<\/td>\n<td>mi<\/td>\n<\/tr>\n<tr>\n<td>Alabado sea el que rompe la oscuridad (SATB)<\/td>\n<td>Laster, J.<\/td>\n<td>Concordia<\/td>\n<td>GRAMO<\/td>\n<\/tr>\n<tr>\n<td>Alabad al Se\u00f1or (SATB, Piano)<\/td>\n<td>Sesiones, Roger<\/td>\n<td>Theodore Presser (312-40119)<\/td>\n<td>PD<\/td>\n<\/tr>\n<tr>\n<td>Salmo 95 (SA, campanillas)<\/td>\n<td>Hunnicutt, Judy<\/td>\n<td>Augsburgo<\/td>\n<td>mi<\/td>\n<\/tr>\n<tr>\n<td>Salmo 95 (SATB, Teclado, opt. Guitarra, Percusi\u00f3n)<\/td>\n<td>Pote, Allen C.<\/td>\n<td>Gremio de coristas<\/td>\n<td>mi<\/td>\n<\/tr>\n<tr>\n<td>Canta a Dios (SATB, \u00d3rgano\/Teclado)<\/td>\n<td>Hoja, Roberto<\/td>\n<td>Augsburgo<\/td>\n<td>mi<\/td>\n<\/tr>\n<tr>\n<td>Cantad al Se\u00f1or un c\u00e1ntico nuevo (Un\u00edsono, Teclado)<\/td>\n<td>Haydn, Franz Joseph\/Hopson, Hal H. arr.<\/td>\n<td>Gremio de Coristas (CGA 992)<\/td>\n<td>mi<\/td>\n<\/tr>\n<tr>\n<td>Entonces ser\u00e9 la alabanza de Jehov\u00e1 (Un\u00edsono, Teclado)<\/td>\n<td>Handel, George F.\/Powell, Robert arr.<\/td>\n<td>Gremio de Coristas (CGA 220)<\/td>\n<td>2<\/td>\n<\/tr>\n<tr>\n<td>Hay un b\u00e1lsamo en Galaad (SATB)<\/td>\n<td>Dawson, Guillermo<\/td>\n<td>Kjos (T105)<\/td>\n<td>1,PS,2,G<\/td>\n<\/tr>\n<tr>\n<td>Hay un b\u00e1lsamo en Galaad (Solo, SATTBB)<\/td>\n<td>Arr. Poovey, Robert<\/td>\n<td>Trinitas (4536)<\/td>\n<td>1,PS,2,G<\/td>\n<\/tr>\n<tr>\n<td>Venite exultemus Domino (SSATB, Bajo Continuo)<\/td>\n<td>Sweelink, Jan Pieterszoon<\/td>\n<td>GIA (5930)<\/td>\n<td>E,2<\/td>\n<\/tr>\n<tr>\n<td>Venite, exultemus Domino (Un\u00edsono\/2 partes, Teclado, Flauta)<\/td>\n<td>Bedford, Michael<\/td>\n<td>Gremio de Coristas (CGA 631)<\/td>\n<td>mi<\/td>\n<\/tr>\n<tr>\n<td>Tus manos, oh Se\u00f1or (2 partes, \u00f3rgano)<\/td>\n<td>Arr. Niedmann, Peter<\/td>\n<td>GIA (5119)<\/td>\n<td>GRAMO<\/td>\n<\/tr>\n<\/tbody>\n<\/table>","protected":false},"excerpt":{"rendered":"<p>Choral Anthems Title (Voicing) Composer\/Arranger Publisher (Item #) Usage Happy Are the Lowly Poor (2-Part, Keyboard) Jones, Hilton Kean Concordia C All the Earth Sing Forth (SAB, Keyboard) Mozart, Wolfgang A.\/Hopson, Hal H. arr. Concordia (98-3829) E Alleluia, Come Let Us Sing (2 equal voices, Keyboard) Bertalot, John Choristers Guild (CGA 679) E Almighty and [&hellip;]<\/p>\n","protected":false},"author":6628,"featured_media":0,"parent":0,"menu_order":0,"comment_status":"closed","ping_status":"closed","template":"","meta":{"_acf_changed":false,"footnotes":""},"class_list":["post-3952","page","type-page","status-publish","hentry"],"acf":[],"_links":{"self":[{"href":"https:\/\/npm.org\/es\/wp-json\/wp\/v2\/pages\/3952"}],"collection":[{"href":"https:\/\/npm.org\/es\/wp-json\/wp\/v2\/pages"}],"about":[{"href":"https:\/\/npm.org\/es\/wp-json\/wp\/v2\/types\/page"}],"author":[{"embeddable":true,"href":"https:\/\/npm.org\/es\/wp-json\/wp\/v2\/users\/6628"}],"replies":[{"embeddable":true,"href":"https:\/\/npm.org\/es\/wp-json\/wp\/v2\/comments?post=3952"}],"version-history":[{"count":1,"href":"https:\/\/npm.org\/es\/wp-json\/wp\/v2\/pages\/3952\/revisions"}],"predecessor-version":[{"id":22642,"href":"https:\/\/npm.org\/es\/wp-json\/wp\/v2\/pages\/3952\/revisions\/22642"}],"wp:attachment":[{"href":"https:\/\/npm.org\/es\/wp-json\/wp\/v2\/media?parent=3952"}],"curies":[{"name":"gracias","href":"https:\/\/api.w.org\/{rel}","templated":true}]}}