{"id":3943,"date":"2017-09-21T05:37:22","date_gmt":"2017-09-21T05:37:22","guid":{"rendered":"https:\/\/npm.org\/?page_id=3943"},"modified":"2020-06-19T22:06:21","modified_gmt":"2020-06-19T22:06:21","slug":"choral-anthems-second-sunday-in-ordinary-time-b-lectionary-65","status":"publish","type":"page","link":"https:\/\/npm.org\/es\/choral-anthems-second-sunday-in-ordinary-time-b-lectionary-65\/","title":{"rendered":"Himnos corales - 2do domingo del tiempo ordinario (B)"},"content":{"rendered":"<p><strong>Himnos corales<\/strong><\/p>\n<table style=\"width: 100%;\" border=\"1\" width=\"100%\">\n<tbody>\n<tr>\n<td width=\"456\"><strong>T\u00edtulo (Voicing)<\/strong><\/td>\n<td width=\"187\"><strong>Compositor \/ Arreglista<\/strong><\/td>\n<td width=\"187\"><strong>Editor (art\u00edculo #)<\/strong><\/td>\n<td width=\"103\"><strong>Uso<\/strong><\/td>\n<\/tr>\n<tr>\n<td>Agnus Dei (SATB)<\/td>\n<td>M\u00e1s a\u00fan, Tom\u00e1s<\/td>\n<td>Kjos (KJO 21)<\/td>\n<td>GRAMO<\/td>\n<\/tr>\n<tr>\n<td>Amazing Grace (SATB, instrumento en do, \u00f3rgano)<\/td>\n<td>Blanco, David Ashley<\/td>\n<td>Sela (420-733)<\/td>\n<td>1, PS, G<\/td>\n<\/tr>\n<tr>\n<td>Amazing Grace (SATB, flauta)<\/td>\n<td>arreglo Proulx, Ricardo<\/td>\n<td>GIA (6389)<\/td>\n<td>1, PS, G<\/td>\n<\/tr>\n<tr>\n<td>S\u00e9 t\u00fa mi visi\u00f3n (SATB, \u00f3rgano)<\/td>\n<td>Arr. joven, gordon<\/td>\n<td>McAfee<\/td>\n<td>2<\/td>\n<\/tr>\n<tr>\n<td>He aqu\u00ed el Cordero de Dios (SA, \u00d3rgano)<\/td>\n<td>Bouman, Paul<\/td>\n<td>Concordia (98-1088)<\/td>\n<td>GRAMO<\/td>\n<\/tr>\n<tr>\n<td>He aqu\u00ed el Cordero de Dios (SATB, \u00d3rgano)<\/td>\n<td>Willan, Healley<\/td>\n<td>Concordia (98-1509)<\/td>\n<td>GRAMO<\/td>\n<\/tr>\n<tr>\n<td>He aqu\u00ed el Cordero de Dios del \u201cMes\u00edas\u201d (SATB, \u00d3rgano)<\/td>\n<td>Handel, George F.<\/td>\n<td>Varios<\/td>\n<td>GRAMO<\/td>\n<\/tr>\n<tr>\n<td>He aqu\u00ed el Tabern\u00e1culo de Dios (SATB, \u00d3rgano)<\/td>\n<td>Harris, Guillermo Enrique<\/td>\n<td>RSCM (4180)<\/td>\n<td>2<\/td>\n<\/tr>\n<tr>\n<td>Benditos sean ellos (SAB)<\/td>\n<td>Bouman, Paul<\/td>\n<td>Sela (410-113)<\/td>\n<td>GRAMO<\/td>\n<\/tr>\n<tr>\n<td>Reflexi\u00f3n coral sobre Amazing Grace (Sop Solo, Alto Solo, SSATBB, Piano, opt. Brass)<\/td>\n<td>Arr. Ames, Roger<\/td>\n<td>GIA (5926)<\/td>\n<td>GRAMO<\/td>\n<\/tr>\n<tr>\n<td>Dios en Tu Bondad (SATB)<\/td>\n<td>Hopson, Hal H.<\/td>\n<td>Sela (420-267)<\/td>\n<td>1, PS, G<\/td>\n<\/tr>\n<tr>\n<td>Dios del Amor, El (SATB, \u00d3rgano)<\/td>\n<td>Dixon, John S.<\/td>\n<td>M\u00fasica Sacra (10\/4936S)<\/td>\n<td>C<\/td>\n<\/tr>\n<tr>\n<td>\u00c9l viene a nosotros como un desconocido (SATB, \u00f3rgano)<\/td>\n<td>Arr. Ferguson, Juan<\/td>\n<td>Augsburgo (9780800656003)<\/td>\n<td>1<\/td>\n<\/tr>\n<tr>\n<td>Aqu\u00ed estoy, Se\u00f1or (SATB o Unison)<\/td>\n<td>Routley, Erik<\/td>\n<td>Carl Fischer<\/td>\n<td>1<\/td>\n<\/tr>\n<tr>\n<td>Aqu\u00ed estoy, Se\u00f1or (SATB, teclado)<\/td>\n<td>Schutte, Dan\/Young, Ovidio arr.<\/td>\n<td>Augsburgo (9780800656058)<\/td>\n<td>1<\/td>\n<\/tr>\n<tr>\n<td>Creo que este es Jes\u00fas (SATB)<\/td>\n<td>Arr. Moore, Undine Smith<\/td>\n<td>Augsburgo (9780800645281)<\/td>\n<td>GRAMO<\/td>\n<\/tr>\n<tr>\n<td>Escuch\u00e9 la voz de Jes\u00fas decir (2 partes, flauta, oboe, \u00f3rgano))<\/td>\n<td>Witherup, William C.<\/td>\n<td>Sela (420-451)<\/td>\n<td>GRAMO<\/td>\n<\/tr>\n<tr>\n<td>Escuch\u00e9 la Voz de Jes\u00fas Decir (SATB, \u00d3rgano, Flauta)<\/td>\n<td>Busarow, Donald<\/td>\n<td>Concordia (98-2619)<\/td>\n<td>GRAMO<\/td>\n<\/tr>\n<tr>\n<td>Esper\u00e9 al Se\u00f1or, Lobegesang (SATB)<\/td>\n<td>Mendelssohn, F\u00e9lix<\/td>\n<td>Kjos (5990)<\/td>\n<td>PD<\/td>\n<\/tr>\n<tr>\n<td>Esper\u00e9 pacientemente al Se\u00f1or (Agudos en 2 partes, \u00d3rgano)<\/td>\n<td>Mendelssohn, F\u00e9lix<\/td>\n<td>Mercurio<\/td>\n<td>PD<\/td>\n<\/tr>\n<tr>\n<td>Cordero de Dios (SATB)<\/td>\n<td>Arr. Christiansen, F. Melius<\/td>\n<td>Augsburgo (9780800652593)<\/td>\n<td>GRAMO<\/td>\n<\/tr>\n<tr>\n<td>Cordero de Dios, a ti miro (Un\u00edsono, teclado)<\/td>\n<td>Bengson, W.<\/td>\n<td>HW gris<\/td>\n<td>GRAMO<\/td>\n<\/tr>\n<tr>\n<td>Que toda la tierra te adore (SATB, \u00d3rgano)<\/td>\n<td>Kreutz, Robert E.<\/td>\n<td>GIA (2165)<\/td>\n<td>mi<\/td>\n<\/tr>\n<tr>\n<td>Se\u00f1or Es Mi Pastor El (SAT, SAB o SATB, Piano)<\/td>\n<td>Pote, Allen C.<\/td>\n<td>Gremio de Coristas (CGA 551)<\/td>\n<td>C<\/td>\n<\/tr>\n<tr>\n<td>Se\u00f1or, hazme conocer tus caminos (SATB, \u00f3rgano)<\/td>\n<td>Byrd, William\/Lovelace, Austin arr.<\/td>\n<td>Concordia (98-2935)<\/td>\n<td>1<\/td>\n<\/tr>\n<tr>\n<td>Se\u00f1or, h\u00e1blame (SATB, \u00d3rgano)<\/td>\n<td>Rickard, Jeffrey K.<\/td>\n<td>Prensa de M\u00fasica Sacra (10\/1248S)<\/td>\n<td>GRAMO<\/td>\n<\/tr>\n<tr>\n<td>Haz un ruido alegre (SATB, \u00f3rgano, teclado)<\/td>\n<td>Fetler, Pablo<\/td>\n<td>Augsburgo<\/td>\n<td>mi<\/td>\n<\/tr>\n<tr>\n<td>Haz un ruido alegre para Dios (SATB, tenor solo, teclado)<\/td>\n<td>Beethoven, Ludwig van<\/td>\n<td>Carl Fischer (CM 146) *<\/td>\n<td>mi<\/td>\n<\/tr>\n<tr>\n<td>Ninguno Otro Cordero (SATB)<\/td>\n<td>Stover, Harold<\/td>\n<td>CE Schirmer (4959)<\/td>\n<td>GRAMO<\/td>\n<\/tr>\n<tr>\n<td>Oh, s\u00e9 alegre (2 partes, teclado)<\/td>\n<td>Rogers, Benjam\u00edn<\/td>\n<td>Augsburgo<\/td>\n<td>mi<\/td>\n<\/tr>\n<tr>\n<td>Oh, estad gozosos en Dios (SATB, \u00d3rgano)<\/td>\n<td>Milner, Arturo<\/td>\n<td>Novello (NOV290290)<\/td>\n<td>mi<\/td>\n<\/tr>\n<tr>\n<td>Oh Cristo, que llamaste a los Doce (SAB, \u00d3rgano)<\/td>\n<td>Carlson, J. Bert<\/td>\n<td>Concordia (98-3591)<\/td>\n<td>GRAMO<\/td>\n<\/tr>\n<tr>\n<td>One Faith, One Hope, One Lord (SATB, \u00f3rgano\/teclado, opcional trompeta solista o quinteto de metales)<\/td>\n<td>Courtney, Craig<\/td>\n<td>Lorenzo (10\/3873L)<\/td>\n<td>GRAMO<\/td>\n<\/tr>\n<tr>\n<td>Oraci\u00f3n del Venerable Beda (SATB, Alto Solo)<\/td>\n<td>Proulx, Richard<\/td>\n<td>GIA (2539)<\/td>\n<td>GRAMO<\/td>\n<\/tr>\n<tr>\n<td>Salmo 40 (SATB, \u00d3rgano\/Teclado)<\/td>\n<td>Adler, Samuel<\/td>\n<td>Oxford<\/td>\n<td>PD<\/td>\n<\/tr>\n<tr>\n<td>Canta adelante (SATB, \u00f3rgano)<\/td>\n<td>Mueller, Carl F.<\/td>\n<td>Carl Fischer<\/td>\n<td>mi<\/td>\n<\/tr>\n<tr>\n<td>Templos de Dios (2 partes, \u00f3rgano)<\/td>\n<td>NelsonRoland A.<\/td>\n<td>Augsburgo<\/td>\n<td>2<\/td>\n<\/tr>\n<tr>\n<td>Estos son los que siguen al Cordero (SATB, \u00d3rgano)<\/td>\n<td>Goss, Juan<\/td>\n<td>Oxford (9780193532144) en &quot;Anthems for Choirs 1&quot;<\/td>\n<td>GRAMO<\/td>\n<\/tr>\n<tr>\n<td>Camina en amor (SATB, \u00d3rgano)<\/td>\n<td>Siton, Michael<\/td>\n<td>Trinitas (4539)<\/td>\n<td>GRAMO<\/td>\n<\/tr>\n<tr>\n<td>Tu Voz, Dios m\u00edo, me llama por mi nombre (SATB, \u00d3rgano)<\/td>\n<td>Routley, Erik<\/td>\n<td>GIA (2275)<\/td>\n<td>1<\/td>\n<\/tr>\n<\/tbody>\n<\/table>","protected":false},"excerpt":{"rendered":"<p>Choral Anthems Title (Voicing) Composer\/Arranger Publisher (Item #) Usage Agnus Dei (SATB) Morely, Thomas Kjos (KJO 21) G Amazing Grace (SATB, C Instrument, Organ) White, David Ashley Selah (420-733) 1,PS,G Amazing Grace (SATB, Flute) arr. Proulx, Richard GIA (6389) 1,PS,G Be Thou My Vision (SATB, Organ) arr. Young, Gordon McAfee 2 Behold the Lamb of [&hellip;]<\/p>\n","protected":false},"author":6628,"featured_media":0,"parent":0,"menu_order":0,"comment_status":"closed","ping_status":"closed","template":"","meta":{"_acf_changed":false,"footnotes":""},"class_list":["post-3943","page","type-page","status-publish","hentry"],"acf":[],"_links":{"self":[{"href":"https:\/\/npm.org\/es\/wp-json\/wp\/v2\/pages\/3943"}],"collection":[{"href":"https:\/\/npm.org\/es\/wp-json\/wp\/v2\/pages"}],"about":[{"href":"https:\/\/npm.org\/es\/wp-json\/wp\/v2\/types\/page"}],"author":[{"embeddable":true,"href":"https:\/\/npm.org\/es\/wp-json\/wp\/v2\/users\/6628"}],"replies":[{"embeddable":true,"href":"https:\/\/npm.org\/es\/wp-json\/wp\/v2\/comments?post=3943"}],"version-history":[{"count":0,"href":"https:\/\/npm.org\/es\/wp-json\/wp\/v2\/pages\/3943\/revisions"}],"wp:attachment":[{"href":"https:\/\/npm.org\/es\/wp-json\/wp\/v2\/media?parent=3943"}],"curies":[{"name":"gracias","href":"https:\/\/api.w.org\/{rel}","templated":true}]}}