{"id":3889,"date":"2017-09-21T04:00:41","date_gmt":"2017-09-21T04:00:41","guid":{"rendered":"https:\/\/npm.org\/?page_id=3889"},"modified":"2020-06-18T17:34:51","modified_gmt":"2020-06-18T17:34:51","slug":"choral-anthems-baptism-of-the-lord-lectionary-21b","status":"publish","type":"page","link":"https:\/\/npm.org\/es\/choral-anthems-baptism-of-the-lord-lectionary-21b\/","title":{"rendered":"Himnos corales - Bautismo del Se\u00f1or (B)"},"content":{"rendered":"<p><strong>Himnos corales<\/strong><\/p>\n<table style=\"width: 100%;\" border=\"1\" width=\"100%\">\n<tbody>\n<tr>\n<td width=\"456\"><strong>T\u00edtulo (Voicing)<\/strong><\/td>\n<td width=\"187\"><strong>Compositor \/ Arreglista<\/strong><\/td>\n<td width=\"187\"><strong>Editor (art\u00edculo #)<\/strong><\/td>\n<td width=\"103\"><strong>Uso<\/strong><\/td>\n<\/tr>\n<tr>\n<td>Lev\u00e1ntate, brilla, porque viene tu luz (SAB, Teclado)<\/td>\n<td>PowellRobert J.<\/td>\n<td>Sela (405-331)<\/td>\n<td>GRAMO<\/td>\n<\/tr>\n<tr>\n<td>Me asperja (SATB)<\/td>\n<td>Casciolini, Claudio<\/td>\n<td>CPDL<\/td>\n<td>GRAMO<\/td>\n<\/tr>\n<tr>\n<td>Bautismo Carol, The (SATB, Teclado)<\/td>\n<td>Busarow, Donald<\/td>\n<td>Concordia (98-3223)<\/td>\n<td>GRAMO<\/td>\n<\/tr>\n<tr>\n<td>Bautismo de Cristo, El (SATB)<\/td>\n<td>Bedford, Michael<\/td>\n<td>St. James Press<\/td>\n<td>GRAMO<\/td>\n<\/tr>\n<tr>\n<td>Bautismo de Cristo, El (SATB)<\/td>\n<td>marzo, andr\u00e9s<\/td>\n<td>St. James Press<\/td>\n<td>GRAMO<\/td>\n<\/tr>\n<tr>\n<td>Bautismo de Cristo, El (SATB, Solo)<\/td>\n<td>Hallock, Pedro<\/td>\n<td>GIA (2331)<\/td>\n<td>GRAMO<\/td>\n<\/tr>\n<tr>\n<td>Bautismo de Jes\u00fas, El (SATB, \u00d3rgano)<\/td>\n<td>Hallstrom, Henry<\/td>\n<td>Abingd\u00f3n (APM-581) *<\/td>\n<td>P.EJ<\/td>\n<\/tr>\n<tr>\n<td>El bautismo de Jes\u00fas, El (2 partes, \u00f3rgano)<\/td>\n<td>Mitchell-Wallace, Sue<\/td>\n<td>GIA (3382)<\/td>\n<td>P.EJ<\/td>\n<\/tr>\n<tr>\n<td>Bautismo de Jes\u00fas, El (SATB, Teclado)<\/td>\n<td>Lovelace, Austin C.<\/td>\n<td>GIA (5313)<\/td>\n<td>GRAMO<\/td>\n<\/tr>\n<tr>\n<td>El Bautismo del Se\u00f1or (2 partes mixta, \u00d3rgano)<\/td>\n<td>Callahan, Carlos<\/td>\n<td>M\u00fasica Morningstar (50-2003)<\/td>\n<td>GRAMO<\/td>\n<\/tr>\n<tr>\n<td>Villancico del Bautismo (SAB o mixto a 2 partes, \u00d3rgano)<\/td>\n<td>Brandon, Jorge<\/td>\n<td>Concordia<\/td>\n<td>P.EJ<\/td>\n<\/tr>\n<tr>\n<td>Cristo, cuando fuiste bautizado por nosotros (SAB, teclado)<\/td>\n<td>Helman, Michael<\/td>\n<td>Augsburgo (9780800674052)<\/td>\n<td>GRAMO<\/td>\n<\/tr>\n<tr>\n<td>Dale a Jehov\u00e1 (Un\u00edsono, Teclado)<\/td>\n<td>Sch\u00fctz, Heinrich<\/td>\n<td>Concordia (97-4702) en \u201cUn libro del coro de Second Morning Star\u201d<\/td>\n<td>PD<\/td>\n<\/tr>\n<tr>\n<td>Dad al Se\u00f1or, oh poderosos (un\u00edsono y \u00f3rgano)<\/td>\n<td>Sch\u00fctz, Heinrich<\/td>\n<td>Abingdon<\/td>\n<td>PD<\/td>\n<\/tr>\n<tr>\n<td>Salve al Ungido del Se\u00f1or (SATB, \u00d3rgano)<\/td>\n<td>Lovelace, Austin C.<\/td>\n<td>CE Schirmer (7318)<\/td>\n<td>GRAMO<\/td>\n<\/tr>\n<tr>\n<td>Voy a cantar hasta que el esp\u00edritu se mueva en mi coraz\u00f3n (SATB)<\/td>\n<td>Hogan, Mois\u00e9s<\/td>\n<td>Hal Leonard (HL 08740284)<\/td>\n<td>GRAMO<\/td>\n<\/tr>\n<tr>\n<td>In dulce jubilo (SATB\/SATB)<\/td>\n<td>Pretorio, Jer\u00f3nimo<\/td>\n<td>GIA (2243)<\/td>\n<td>GRAMO<\/td>\n<\/tr>\n<tr>\n<td>Deja que Tu Santa Presencia (SATB)<\/td>\n<td>Chesnokov, Pavel<\/td>\n<td>Alfredo<\/td>\n<td>GRAMO<\/td>\n<\/tr>\n<tr>\n<td>Lone Wild Bird, The (SATB, teclado, guitarra)<\/td>\n<td>Haugen, Marty<\/td>\n<td>GIA (3538)<\/td>\n<td>GRAMO<\/td>\n<\/tr>\n<tr>\n<td>Del Amor del Padre Engendrado (SAB)<\/td>\n<td>Isele, David Clark<\/td>\n<td>Schirmer CE (7071)<\/td>\n<td>GRAMO<\/td>\n<\/tr>\n<tr>\n<td>Del Padre Amor Engendrado (SATB)<\/td>\n<td>joven, roberto h.<\/td>\n<td>Colla Voce (55-54122)<\/td>\n<td>GRAMO<\/td>\n<\/tr>\n<tr>\n<td>On Jordan&#039;s Bank (SATB, teclado, \u00f3rgano, flauta, oboe, instrumento en do, viol\u00edn)<\/td>\n<td>Ferris, William<\/td>\n<td>WLP (005701)<\/td>\n<td>GRAMO<\/td>\n<\/tr>\n<tr>\n<td>Esp\u00edritu de Dios, desciende sobre mi coraz\u00f3n (SAB, teclado)<\/td>\n<td>Thoburn, Crawford R.<\/td>\n<td>Prensa Shawnee (MF2138)<\/td>\n<td>GRAMO<\/td>\n<\/tr>\n<tr>\n<td>Esp\u00edritu de Dios, desciende sobre mi coraz\u00f3n (SATB, Solo)<\/td>\n<td>Jennings, Kenneth<\/td>\n<td>Augsburgo<\/td>\n<td>GRAMO<\/td>\n<\/tr>\n<tr>\n<td>Este regalo es gratis (Sop Solo, SATB)<\/td>\n<td>Gramann, Fred<\/td>\n<td>ECSchirmer (7501)<\/td>\n<td>1<\/td>\n<\/tr>\n<tr>\n<td>A Jordania vino (SATB)<\/td>\n<td>Copes, V. Earl<\/td>\n<td>Sela (405-337)<\/td>\n<td>GRAMO<\/td>\n<\/tr>\n<tr>\n<td>Ma\u00f1ana ser\u00e1 mi d\u00eda de baile (SATB, \u00f3rgano, percusi\u00f3n)<\/td>\n<td>Gardner, Juan<\/td>\n<td>Oxford (9780193531567)<\/td>\n<td>GRAMO<\/td>\n<\/tr>\n<tr>\n<td>Ma\u00f1ana ser\u00e1 mi d\u00eda de baile (SATB)<\/td>\n<td>Shaw, Robert y Parker, Alice<\/td>\n<td>Lawson-Gould (LG00731)<\/td>\n<td>GRAMO<\/td>\n<\/tr>\n<tr>\n<td>Tribus miraculis (SATB)<\/td>\n<td>Marenzio, Lucas<\/td>\n<td>CPDL<\/td>\n<td>GRAMO<\/td>\n<\/tr>\n<tr>\n<td>Tribus miraculis (SATB)<\/td>\n<td>Palestrina, Giovanni Pierluigi da<\/td>\n<td>Oxford (9780193533943)<\/td>\n<td>GRAMO<\/td>\n<\/tr>\n<tr>\n<td>Cuando Jes\u00fas vino a Jordania (SATB, teclado, instrumento C)<\/td>\n<td>Trapp, Lynn M.<\/td>\n<td>GIA (5266)<\/td>\n<td>GRAMO<\/td>\n<\/tr>\n<tr>\n<td>Paloma Blanca, The (Sop Soli, SATB, \u00d3rgano)<\/td>\n<td>Healey, Derek<\/td>\n<td>CE Schirmer (6314)<\/td>\n<td>GRAMO<\/td>\n<\/tr>\n<\/tbody>\n<\/table>\n<p>*\u00a0<em>agotado<\/em><\/p>","protected":false},"excerpt":{"rendered":"<p>Choral Anthems Title (Voicing) Composer\/Arranger Publisher (Item #) Usage Arise, Shine, For Your Light is Come (SAB, Keyboard) Powell, Robert J. Selah (405-331) G Asperges me (SATB) Casciolini, Claudio CPDL G Baptism Carol, The\u00a0(SATB, Keyboard) Busarow, Donald Concordia\u00a0(98-3223) G Baptism of Christ, The (SATB) Bedford, Michael St. James Press G Baptism of Christ, The (SATB) [&hellip;]<\/p>\n","protected":false},"author":6628,"featured_media":0,"parent":0,"menu_order":0,"comment_status":"closed","ping_status":"closed","template":"","meta":{"_acf_changed":false,"footnotes":""},"class_list":["post-3889","page","type-page","status-publish","hentry"],"acf":[],"_links":{"self":[{"href":"https:\/\/npm.org\/es\/wp-json\/wp\/v2\/pages\/3889"}],"collection":[{"href":"https:\/\/npm.org\/es\/wp-json\/wp\/v2\/pages"}],"about":[{"href":"https:\/\/npm.org\/es\/wp-json\/wp\/v2\/types\/page"}],"author":[{"embeddable":true,"href":"https:\/\/npm.org\/es\/wp-json\/wp\/v2\/users\/6628"}],"replies":[{"embeddable":true,"href":"https:\/\/npm.org\/es\/wp-json\/wp\/v2\/comments?post=3889"}],"version-history":[{"count":0,"href":"https:\/\/npm.org\/es\/wp-json\/wp\/v2\/pages\/3889\/revisions"}],"wp:attachment":[{"href":"https:\/\/npm.org\/es\/wp-json\/wp\/v2\/media?parent=3889"}],"curies":[{"name":"gracias","href":"https:\/\/api.w.org\/{rel}","templated":true}]}}