{"id":3883,"date":"2017-09-21T03:57:49","date_gmt":"2017-09-21T03:57:49","guid":{"rendered":"https:\/\/npm.org\/?page_id=3883"},"modified":"2020-06-18T21:54:32","modified_gmt":"2020-06-18T21:54:32","slug":"choral-anthems-january-1-solemnity-of-mary-mother-of-god-a-b-c-lectionary-18","status":"publish","type":"page","link":"https:\/\/npm.org\/es\/choral-anthems-january-1-solemnity-of-mary-mother-of-god-a-b-c-lectionary-18\/","title":{"rendered":"Himnos corales - Solemnidad de Mar\u00eda, Madre de Dios (B)"},"content":{"rendered":"<p><strong>Himnos corales<\/strong><\/p>\n<table style=\"width: 100%;\" border=\"1\" width=\"100%\">\n<tbody>\n<tr>\n<td width=\"456\"><strong>T\u00edtulo (Voicing)<\/strong><\/td>\n<td width=\"187\"><strong>Compositor \/ Arreglista<\/strong><\/td>\n<td width=\"187\"><strong>Editor (art\u00edculo #)<\/strong><\/td>\n<td width=\"103\"><strong>Uso<\/strong><\/td>\n<\/tr>\n<tr>\n<td>Bendici\u00f3n Aar\u00f3nica, La (SATB)<\/td>\n<td>Willan, Healley<\/td>\n<td>cf peters<\/td>\n<td>1<\/td>\n<\/tr>\n<tr>\n<td>Dios todopoderoso, que me has tra\u00eddo (SATB)<\/td>\n<td>Ford, Tom\u00e1s<\/td>\n<td>CPDL<\/td>\n<td>GRAMO<\/td>\n<\/tr>\n<tr>\n<td>Ave Mar\u00eda (SATB)<\/td>\n<td>Biery, James<\/td>\n<td>M\u00fasica MorningStar (80-076)<\/td>\n<td>GRAMO<\/td>\n<\/tr>\n<tr>\n<td>Ave Mar\u00eda (SATB)<\/td>\n<td>Refice, Licinio<\/td>\n<td>CPDL<\/td>\n<td>GRAMO<\/td>\n<\/tr>\n<tr>\n<td>Ave Mar\u00eda (SATB, \u00d3rgano)<\/td>\n<td>Busto, Javier<\/td>\n<td>Walton (WGK-122)<\/td>\n<td>GRAMO<\/td>\n<\/tr>\n<tr>\n<td>Ave Mar\u00eda (SSAATTBB)<\/td>\n<td>Rachmaninoff, Sergei<\/td>\n<td>Alfredo (GRAC00006)<\/td>\n<td>GRAMO<\/td>\n<\/tr>\n<tr>\n<td>Ave Mar\u00eda (SSATTB)<\/td>\n<td>Kingsley, Douglas<\/td>\n<td>Trinitas (4547)<\/td>\n<td>GRAMO<\/td>\n<\/tr>\n<tr>\n<td>Awake, My Glory (SATB, \u00f3rgano, guitarra opcional)<\/td>\n<td>Diemer, Emma Lou<\/td>\n<td>Esperanza (APM-962) *<\/td>\n<td>PD<\/td>\n<\/tr>\n<tr>\n<td>Babe Is Born in Bethlehem, A (SATB, \u00d3rgano)<\/td>\n<td>Van Dyke, Paul C.<\/td>\n<td>lanzallamas<\/td>\n<td>mi<\/td>\n<\/tr>\n<tr>\n<td>He aqu\u00ed una rosa m\u00edstica (SATB, \u00f3rgano, cuarteto de cuerdas optativo)<\/td>\n<td>Latona, Pedro<\/td>\n<td>M\u00fasica MorningStar (50-0031)<\/td>\n<td>GRAMO<\/td>\n<\/tr>\n<tr>\n<td>Bendici\u00f3n, La (SATB)<\/td>\n<td>Nystedt, Knut<\/td>\n<td>Asociado<\/td>\n<td>1<\/td>\n<\/tr>\n<tr>\n<td>Ni\u00f1o nace en Bel\u00e9n, A (SAB, 5 campanillas)<\/td>\n<td>Proulx, Richard<\/td>\n<td>GIA (4156)<\/td>\n<td>mi<\/td>\n<\/tr>\n<tr>\n<td>Ni\u00f1o nace en Bel\u00e9n, A (SATB, 8 campanillas)<\/td>\n<td>arreglo Batastini, Roberto<\/td>\n<td>GIA (2309)<\/td>\n<td>mi<\/td>\n<\/tr>\n<tr>\n<td>Nace un ni\u00f1o, A (SATB, \u00f3rgano)<\/td>\n<td>N\u00e9stor, Le\u00f3n<\/td>\n<td>Schirmer CE (4389)<\/td>\n<td>mi<\/td>\n<\/tr>\n<tr>\n<td>Cristianos, Despertad Saludad a la Feliz Ma\u00f1ana (SATB)<\/td>\n<td>Wainwright, J. Carlos<\/td>\n<td>Novello (HL.14035468)<\/td>\n<td>GRAMO<\/td>\n<\/tr>\n<tr>\n<td>Deus, misereatur nostri (SATB)<\/td>\n<td>Sch\u00fctz, Heinrich<\/td>\n<td>G. Schirmer (50318360)<\/td>\n<td>GRAMO<\/td>\n<\/tr>\n<tr>\n<td>Ecce Concipes (SATB)<\/td>\n<td>Handel, Jacob<\/td>\n<td>Arista (AE 243)<\/td>\n<td>mi<\/td>\n<\/tr>\n<tr>\n<td>Ecce Concipes (SATB)<\/td>\n<td>Handel, Jacob<\/td>\n<td>CPDL<\/td>\n<td>GRAMO<\/td>\n<\/tr>\n<tr>\n<td>Ecce Concipies (SATB)<\/td>\n<td>Handel, Jacob<\/td>\n<td>Concordia<\/td>\n<td>mi<\/td>\n<\/tr>\n<tr>\n<td>Salmo festivo (SATB, \u00f3rgano)<\/td>\n<td>Arnatt, Ronald<\/td>\n<td>HW gris<\/td>\n<td>PD<\/td>\n<\/tr>\n<tr>\n<td>Porque a nosotros nos ha nacido un ni\u00f1o (SATB, SAB)<\/td>\n<td>Handel, George F.<\/td>\n<td>Varios<\/td>\n<td>mi<\/td>\n<\/tr>\n<tr>\n<td>For Unto Us A Child Is Born (SAB, soprano, alto, bajo solo, 2 violines, continuo, ingl\u00e9s\/alem\u00e1n)<\/td>\n<td>Krieger, JP<\/td>\n<td>Concordia<\/td>\n<td>mi<\/td>\n<\/tr>\n<tr>\n<td>Dios sea misericordioso (SATB)<\/td>\n<td>Chesnokoff, Paul<\/td>\n<td>Summy-abedul<\/td>\n<td>PD<\/td>\n<\/tr>\n<tr>\n<td>Dios tenga misericordia de nosotros (SATB, \u00f3rgano)<\/td>\n<td>Ast\u00f3n, Pedro<\/td>\n<td>Novello (HL.14012842)<\/td>\n<td>PD<\/td>\n<\/tr>\n<tr>\n<td>Dios tenga misericordia de nosotros y nos bendiga (SSA, teclado)<\/td>\n<td>Willan, Healley<\/td>\n<td>Concordia (97-7610) en \u201cTe alabamos, Parte II\u201d<\/td>\n<td>PD<\/td>\n<\/tr>\n<tr>\n<td>Dios sea misericordioso (SS o SA, \u00f3rgano)<\/td>\n<td>Bouman, Paul<\/td>\n<td>Concordia<\/td>\n<td>PD<\/td>\n<\/tr>\n<tr>\n<td>Dios envi\u00f3 a su Hijo (SATB, \u00f3rgano\/teclado)<\/td>\n<td>Gibbs, Allen Orton<\/td>\n<td>Theodore Presser<\/td>\n<td>2<\/td>\n<\/tr>\n<tr>\n<td>In dulce jubilo (SATB\/SATB)<\/td>\n<td>Pretorio, Jer\u00f3nimo<\/td>\n<td>GIA (2243)<\/td>\n<td>GRAMO<\/td>\n<\/tr>\n<tr>\n<td>Que todos los pueblos te alaben, oh Dios (SATB, \u00f3rgano)<\/td>\n<td>Shaw, Mart\u00edn<\/td>\n<td>Novello (290484 NOV)<\/td>\n<td>PD<\/td>\n<\/tr>\n<tr>\n<td>Que todos los pueblos te alaben (SA, \u00d3rgano)<\/td>\n<td>PowellRobert J.<\/td>\n<td>Concordia<\/td>\n<td>PD<\/td>\n<\/tr>\n<tr>\n<td>Que el pueblo te alabe, oh Dios (SATB, 2 Trompetas)<\/td>\n<td>Berger, Jean<\/td>\n<td>tetra<\/td>\n<td>PD<\/td>\n<\/tr>\n<tr>\n<td>Que el pueblo te alabe, oh Dios (SATB, \u00d3rgano)<\/td>\n<td>Mathias, Guillermo H.<\/td>\n<td>Oxford (9780193503724)<\/td>\n<td>PD<\/td>\n<\/tr>\n<tr>\n<td>Que el pueblo te alabe, oh Dios (Al un\u00edsono, 2 violines, Continuo)<\/td>\n<td>Hammerschmidt, Andreas<\/td>\n<td>Concordia<\/td>\n<td>PD<\/td>\n<\/tr>\n<tr>\n<td>Que el pueblo te alabe, oh Dios (SATB, \u00d3rgano)<\/td>\n<td>Firth, Michael<\/td>\n<td>RSMC en \u201cFestival Anthem Book #8\u201d<\/td>\n<td>PD<\/td>\n<\/tr>\n<tr>\n<td>Se\u00f1or te bendiga y te guarde, El (SATB)<\/td>\n<td>Lutkin, Peter C.<\/td>\n<td>M\u00fasica de Boston (14019406)<\/td>\n<td>1<\/td>\n<\/tr>\n<tr>\n<td>Se\u00f1or te bendiga y te guarde, El (SATB)<\/td>\n<td>Lutkin, Peter C.<\/td>\n<td>Concordia (97-6320) en \u201cThe Church Choir Book\u201d<\/td>\n<td>1<\/td>\n<\/tr>\n<tr>\n<td>Se\u00f1or te bendiga y te guarde, The (SATB, \u00f3rgano)<\/td>\n<td>Rutter, Juan<\/td>\n<td>Hinshaw (HMC 570)<\/td>\n<td>1<\/td>\n<\/tr>\n<tr>\n<td>Se\u00f1or te bendiga, El (SATB)<\/td>\n<td>Mueller, Carl F.<\/td>\n<td>G. Schirmer<\/td>\n<td>1<\/td>\n<\/tr>\n<tr>\n<td>Que Dios Tenga Piedad De Nosotros (Un\u00edsono, \u00d3rgano)<\/td>\n<td>SchoenFrank A.<\/td>\n<td>GIA (1711)<\/td>\n<td>PD<\/td>\n<\/tr>\n<tr>\n<td>Que el pueblo te alabe, oh Dios (2 partes, teclado)<\/td>\n<td>GiesekeRichard W.<\/td>\n<td>Concordia (98-2929)<\/td>\n<td>PD<\/td>\n<\/tr>\n<tr>\n<td>Oh Dios, s\u00e9 misericordioso (SATB, teclado\/\u00f3rgano)<\/td>\n<td>Tye, Christopher<\/td>\n<td>Oxford (9780193534070) en \u201cUn himno del siglo XVI\u201d<\/td>\n<td>PD<\/td>\n<\/tr>\n<tr>\n<td>Del Padre Amor Engendrado<\/td>\n<td>Grotenhuis, Dale<\/td>\n<td>Theodore Presser<\/td>\n<td>2<\/td>\n<\/tr>\n<tr>\n<td>Del Padre Amor Engendrado (SAB, \u00d3rgano)<\/td>\n<td>Isele, David Clark<\/td>\n<td>Schirmer CE (7071)<\/td>\n<td>2<\/td>\n<\/tr>\n<tr>\n<td>Del Padre Amor Engendrado (SATB)<\/td>\n<td>PelzWalter L.<\/td>\n<td>Augsburgo<\/td>\n<td>2<\/td>\n<\/tr>\n<tr>\n<td>Del Padre Amor Engendrado (SATB)<\/td>\n<td>joven, roberto h.<\/td>\n<td>Colla Voce (55-54122)<\/td>\n<td>2<\/td>\n<\/tr>\n<tr>\n<td>Of Woman Born (2 partes, coro de ni\u00f1os, flauta, oboe, fagot, teclado)<\/td>\n<td>O&#039;Brien, Francis Patrick<\/td>\n<td>GIA (5916)<\/td>\n<td>GRAMO<\/td>\n<\/tr>\n<tr>\n<td>Gente que andaba en tinieblas, La (SAB)<\/td>\n<td>GiesekeRichard W.<\/td>\n<td>Concordia<\/td>\n<td>mi<\/td>\n<\/tr>\n<tr>\n<td>Salmo 67 (Unison\/SATB, opt. Flauta, Handbells)<\/td>\n<td>Horman, John D.<\/td>\n<td>Gremio de coristas (CGA 589)<\/td>\n<td>PD<\/td>\n<\/tr>\n<tr>\n<td>Salmo 67 (SAB, \u00d3rgano)<\/td>\n<td>Madera, Dale<\/td>\n<td>Augsburgo<\/td>\n<td>PD<\/td>\n<\/tr>\n<tr>\n<td>Salmo 67 (SATB, Glockenspiel, Contrabajo, \u00d3rgano)<\/td>\n<td>Zimmermann, Heinz Werner<\/td>\n<td>Carl Fischer<\/td>\n<td>PD<\/td>\n<\/tr>\n<tr>\n<td>Puer Natus Est Nobis (SAB)<\/td>\n<td>Morales, Crist\u00f3bal<\/td>\n<td>GIA (4154)<\/td>\n<td>mi<\/td>\n<\/tr>\n<tr>\n<td>Puer Natus en Bel\u00e9n (SATB, Instrumento en Do, Continuo)<\/td>\n<td>Werner, Gregor<\/td>\n<td>GIA (3034)<\/td>\n<td>mi<\/td>\n<\/tr>\n<tr>\n<td>Canto de Mar\u00eda, Pura y Humilde (SATB, teclado)<\/td>\n<td>Armstrong, Mateo<\/td>\n<td>Concordia (98-3366)<\/td>\n<td>GRAMO<\/td>\n<\/tr>\n<tr>\n<td>Salmo 67 (SATB)<\/td>\n<td>Ives, Carlos<\/td>\n<td>Asociado (50229320)<\/td>\n<td>PD<\/td>\n<\/tr>\n<tr>\n<td>Tres motetes, op. 259: Se\u00f1or, ten misericordia de nosotros (SATB)<\/td>\n<td>Hovhaness, Alan<\/td>\n<td>Hermanos Broude (BB-RM3526) *<\/td>\n<td>PD<\/td>\n<\/tr>\n<tr>\n<td>A nosotros nos ha nacido un ni\u00f1o (SATB, \u00f3rgano)<\/td>\n<td>Sch\u00fctz, Heinrich<\/td>\n<td>Concordia<\/td>\n<td>mi<\/td>\n<\/tr>\n<tr>\n<td>Dos himnos en modo d\u00f3rico: Oh Mar\u00eda de todas las mujeres (SATB)<\/td>\n<td>arreglo Jenkins, Joseph Wilcox<\/td>\n<td>WLP (D-e01681)<\/td>\n<td>GRAMO<\/td>\n<\/tr>\n<tr>\n<td>Nos ha nacido un ni\u00f1o (SATB, Continuo)<\/td>\n<td>Franck, Melchor<\/td>\n<td>Carus-Verlag (CA.131100)<\/td>\n<td>mi<\/td>\n<\/tr>\n<tr>\n<td>Nos ha nacido un ni\u00f1o (SSA, teclado)<\/td>\n<td>Willan, Healley<\/td>\n<td>Concordia (97-7564) en \u201cTe alabamos, Parte I\u201d<\/td>\n<td>mi<\/td>\n<\/tr>\n<tr>\n<td>Virga Jesse (SATB)<\/td>\n<td>Bruckner, Ant\u00f3n<\/td>\n<td>CPDL<\/td>\n<td>GRAMO<\/td>\n<\/tr>\n<tr>\n<td>Virgin Born Nos inclinamos ante ti (SATB)<\/td>\n<td>ChepponisJames J.<\/td>\n<td>GIA (3296)<\/td>\n<td>GRAMO<\/td>\n<\/tr>\n<tr>\n<td>Virgin Mary Had a Baby Boy, The (SATB, teclado, trompeta opcional)<\/td>\n<td>Trapp, Lynn M.<\/td>\n<td>M\u00fasica MorningStar (50-1701)<\/td>\n<td>GRAMO<\/td>\n<\/tr>\n<tr>\n<td>What Child Is This (SAB, guitarra, flauta, teclado)<\/td>\n<td>arreglo Batastini, Roberto<\/td>\n<td>GIA (5364)<\/td>\n<td>GRAMO<\/td>\n<\/tr>\n<tr>\n<td>\u00bfQue ni\u00f1o es este? (SATB)<\/td>\n<td>arreglo tierra de guerra, dale<\/td>\n<td>Hal Leonard (08595510)<\/td>\n<td>GRAMO<\/td>\n<\/tr>\n<tr>\n<td>\u00bfQue ni\u00f1o es este? (SATB)<\/td>\n<td>Lehman, Roberto<\/td>\n<td>Bossey y Hawkes<\/td>\n<td>GRAMO<\/td>\n<\/tr>\n<tr>\n<td>\u00bfQue ni\u00f1o es este? (SATB, teclado)<\/td>\n<td>arreglo Isele, David Clark<\/td>\n<td>GIA (3547)<\/td>\n<td>GRAMO<\/td>\n<\/tr>\n<tr>\n<td>\u00bfQue ni\u00f1o es este? (SATB, \u00d3rgano, Cuerdas)<\/td>\n<td>arreglo PowellRobert J.<\/td>\n<td>GIA (2446)<\/td>\n<td>GRAMO<\/td>\n<\/tr>\n<\/tbody>\n<\/table>\n<p>*\u00a0<em>agotado<\/em><\/p>","protected":false},"excerpt":{"rendered":"<p>Choral Anthems Title (Voicing) Composer\/Arranger Publisher (Item #) Usage Aaronic\u00a0Blessing, The\u00a0 (SATB) Willan, Healey C. F. Peters 1 Almighty God, Which Hast Me Brought (SATB) Ford, Thomas CPDL G Ave Maria (SATB) Biery, James MorningStar Music (80-076) G Ave Maria (SATB) Refice, Licinio CPDL G Ave Maria (SATB, Organ) Busto, Javier Walton (WGK-122) G Ave [&hellip;]<\/p>\n","protected":false},"author":6628,"featured_media":0,"parent":0,"menu_order":0,"comment_status":"closed","ping_status":"closed","template":"","meta":{"_acf_changed":false,"footnotes":""},"class_list":["post-3883","page","type-page","status-publish","hentry"],"acf":[],"_links":{"self":[{"href":"https:\/\/npm.org\/es\/wp-json\/wp\/v2\/pages\/3883"}],"collection":[{"href":"https:\/\/npm.org\/es\/wp-json\/wp\/v2\/pages"}],"about":[{"href":"https:\/\/npm.org\/es\/wp-json\/wp\/v2\/types\/page"}],"author":[{"embeddable":true,"href":"https:\/\/npm.org\/es\/wp-json\/wp\/v2\/users\/6628"}],"replies":[{"embeddable":true,"href":"https:\/\/npm.org\/es\/wp-json\/wp\/v2\/comments?post=3883"}],"version-history":[{"count":0,"href":"https:\/\/npm.org\/es\/wp-json\/wp\/v2\/pages\/3883\/revisions"}],"wp:attachment":[{"href":"https:\/\/npm.org\/es\/wp-json\/wp\/v2\/media?parent=3883"}],"curies":[{"name":"gracias","href":"https:\/\/api.w.org\/{rel}","templated":true}]}}