{"id":3876,"date":"2017-09-21T03:52:37","date_gmt":"2017-09-21T03:52:37","guid":{"rendered":"https:\/\/npm.org\/?page_id=3876"},"modified":"2024-01-17T11:02:40","modified_gmt":"2024-01-17T16:02:40","slug":"choral-anthems-holy-family-b-lectionary-17b","status":"publish","type":"page","link":"https:\/\/npm.org\/es\/choral-anthems-holy-family-b-lectionary-17b\/","title":{"rendered":"Himnos corales - Sagrada Familia (B)"},"content":{"rendered":"<p><strong>Himnos corales<\/strong><\/p>\n<table style=\"width: 100%;\" border=\"1\" width=\"100%\">\n<tbody>\n<tr>\n<td width=\"456\"><strong>T\u00edtulo (Voicing)<\/strong><\/td>\n<td width=\"187\"><strong>Compositor \/ Arreglista<\/strong><\/td>\n<td width=\"187\"><strong>Editor (art\u00edculo #)<\/strong><\/td>\n<td width=\"103\"><strong>Uso<\/strong><\/td>\n<\/tr>\n<tr>\n<td>Toda sabidur\u00eda viene del Se\u00f1or, op. 62 (SA, \u00d3rgano)<\/td>\n<td>Joubert, Juan<\/td>\n<td>Novello (NOV290345)<\/td>\n<td>1<\/td>\n<\/tr>\n<tr>\n<td>Y Jes\u00fas creci\u00f3 en sabidur\u00eda (SAB)<\/td>\n<td>Hahn, Harvey E.<\/td>\n<td>Concordia<\/td>\n<td>GRAMO<\/td>\n<\/tr>\n<tr>\n<td>C\u00e1ntico de confraternidad (SATB, teclado)<\/td>\n<td>Courtney, Craig<\/td>\n<td>Beckenhorst (BP 1349A)<\/td>\n<td>2<\/td>\n<\/tr>\n<tr>\n<td>Nunc Dimittis (SATB, \u00d3rgano)<\/td>\n<td>Helvey, Howard<\/td>\n<td>Trinidad (3012227)<\/td>\n<td>GRAMO<\/td>\n<\/tr>\n<tr>\n<td>Pastores loquebantur (SSATBB)<\/td>\n<td>Victoria, Tom\u00e1s Luis de<\/td>\n<td>Par\u00e1clito (PPM00826)<\/td>\n<td>mi<\/td>\n<\/tr>\n<tr>\n<td>Cantando con gracia en tu coraz\u00f3n (Alto, SATB, Piano\/\u00d3rgano)<\/td>\n<td>Mueller, Carl F.<\/td>\n<td>Carl Fischer<\/td>\n<td>2<\/td>\n<\/tr>\n<tr>\n<td>Ustedes son el pueblo de Dios (Uni\u00f3n)<\/td>\n<td>Becker, Juan<\/td>\n<td>Concordia<\/td>\n<td>2<\/td>\n<\/tr>\n<\/tbody>\n<\/table>\n<p><em>*agotado<\/em><\/p>","protected":false},"excerpt":{"rendered":"<p>Choral Anthems Title (Voicing) Composer\/Arranger Publisher (Item #) Usage All Wisdom Cometh from the Lord, Op. 62\u00a0 (SA, Organ) Joubert, John Novello (NOV290345) 1 And Jesus Increased in Wisdom\u00a0 (SAB) Hahn, Harvey E. Concordia G Canticle of Fellowship\u00a0 (SATB, Keyboard) Courtney, Craig Beckenhorst (BP 1349A) 2 Nunc Dimittis (SATB, Organ) Helvey, Howard Trinity (3012227) G [&hellip;]<\/p>\n","protected":false},"author":6628,"featured_media":0,"parent":0,"menu_order":0,"comment_status":"closed","ping_status":"closed","template":"","meta":{"_acf_changed":false,"footnotes":""},"class_list":["post-3876","page","type-page","status-publish","hentry"],"acf":[],"_links":{"self":[{"href":"https:\/\/npm.org\/es\/wp-json\/wp\/v2\/pages\/3876"}],"collection":[{"href":"https:\/\/npm.org\/es\/wp-json\/wp\/v2\/pages"}],"about":[{"href":"https:\/\/npm.org\/es\/wp-json\/wp\/v2\/types\/page"}],"author":[{"embeddable":true,"href":"https:\/\/npm.org\/es\/wp-json\/wp\/v2\/users\/6628"}],"replies":[{"embeddable":true,"href":"https:\/\/npm.org\/es\/wp-json\/wp\/v2\/comments?post=3876"}],"version-history":[{"count":1,"href":"https:\/\/npm.org\/es\/wp-json\/wp\/v2\/pages\/3876\/revisions"}],"predecessor-version":[{"id":22639,"href":"https:\/\/npm.org\/es\/wp-json\/wp\/v2\/pages\/3876\/revisions\/22639"}],"wp:attachment":[{"href":"https:\/\/npm.org\/es\/wp-json\/wp\/v2\/media?parent=3876"}],"curies":[{"name":"gracias","href":"https:\/\/api.w.org\/{rel}","templated":true}]}}