{"id":3873,"date":"2017-09-21T03:49:54","date_gmt":"2017-09-21T03:49:54","guid":{"rendered":"https:\/\/npm.org\/?page_id=3873"},"modified":"2020-06-18T17:46:36","modified_gmt":"2020-06-18T17:46:36","slug":"choral-anthems-december-24-vigil-of-christmas-lectionary-13","status":"publish","type":"page","link":"https:\/\/npm.org\/es\/choral-anthems-december-24-vigil-of-christmas-lectionary-13\/","title":{"rendered":"Himnos corales - Vigilia de la Natividad (B)"},"content":{"rendered":"<p><strong>Himnos corales<\/strong><\/p>\n<table style=\"width: 100%;\" border=\"1\" width=\"100%\">\n<tbody>\n<tr>\n<td width=\"456\"><strong>T\u00edtulo (Voicing)<\/strong><\/td>\n<td width=\"187\"><strong>Compositor \/ Arreglista<\/strong><\/td>\n<td width=\"187\"><strong>Editor (art\u00edculo #)<\/strong><\/td>\n<td width=\"103\"><strong>Uso<\/strong><\/td>\n<\/tr>\n<tr>\n<td>Todo mi coraz\u00f3n se regocija de nuevo (SAB, teclado, flauta)<\/td>\n<td>Tucker, Sondra<\/td>\n<td>Concordia (98-4062)<\/td>\n<td>GRAMO<\/td>\n<\/tr>\n<tr>\n<td>Desde Nazaret (SATB, \u00d3rgano)<\/td>\n<td>Van Hulse, Camil<\/td>\n<td>Lorenz (AM199)<\/td>\n<td>GRAMO<\/td>\n<\/tr>\n<tr>\n<td>Dios todopoderoso, que me has tra\u00eddo (SATB)<\/td>\n<td>Ford, Tom\u00e1s<\/td>\n<td>CPDL<\/td>\n<td>GRAMO<\/td>\n<\/tr>\n<tr>\n<td>Y la Gloria del Se\u00f1or desde \u201cMes\u00edas\u201d (SAB, SATB, Teclado u Orquesta)<\/td>\n<td>Handel, George F.<\/td>\n<td>Varios<\/td>\n<td>C<\/td>\n<\/tr>\n<tr>\n<td>Antes de la maravilla de esta noche (SATB, \u00f3rgano)<\/td>\n<td>Schalk, Carl<\/td>\n<td>Augsburgo (11-2005)<\/td>\n<td>GRAMO<\/td>\n<\/tr>\n<tr>\n<td>\u00a1Mirad! Una Virgen Concebir\u00e1 (SATB)<\/td>\n<td>LaMontaine, John<\/td>\n<td>Gris claro (CMR-2374)<\/td>\n<td>GRAMO<\/td>\n<\/tr>\n<tr>\n<td>He aqu\u00ed, os traigo buenas noticias (SSATTB)<\/td>\n<td>Victoria, Tom\u00e1s Luis de<\/td>\n<td>Novello (400090 NOV)<\/td>\n<td>GRAMO<\/td>\n<\/tr>\n<tr>\n<td>Bendito el Pueblo (SATB)<\/td>\n<td>Wiscomb, Jeff<\/td>\n<td>M\u00fasica de Boston (13935)<\/td>\n<td>PD<\/td>\n<\/tr>\n<tr>\n<td>Boy Was Born, A (SATB, \u00f3rgano)<\/td>\n<td>Britten, Benjam\u00edn<\/td>\n<td>M\u00fasica de Chester (CH76549)<\/td>\n<td>GRAMO<\/td>\n<\/tr>\n<tr>\n<td>Navidad (Unison, Narration, Orff Instruments, Speech Choir)<\/td>\n<td>Maeker, Nancy<\/td>\n<td>Augsburgo<\/td>\n<td>GRAMO<\/td>\n<\/tr>\n<tr>\n<td>Nochebuena (S\u00c1B)<\/td>\n<td>Rutter, Juan<\/td>\n<td>Oxford (84.316)<\/td>\n<td>GRAMO<\/td>\n<\/tr>\n<tr>\n<td>Procesi\u00f3n de Navidad (mixto en 2 partes, campanillas)<\/td>\n<td>Proulx, Richard<\/td>\n<td>GIA (1708)<\/td>\n<td>GRAMO<\/td>\n<\/tr>\n<tr>\n<td>Christmas Story, The (SATB, Narrador, Teclado)<\/td>\n<td>Billings, Guillermo<\/td>\n<td>Concordia<\/td>\n<td>GRAMO<\/td>\n<\/tr>\n<tr>\n<td>Desde el cielo (SSB, \u00f3rgano)<\/td>\n<td>Schein, Johann H.<\/td>\n<td>GIA (3008)<\/td>\n<td>GRAMO<\/td>\n<\/tr>\n<tr>\n<td>Desde el Cielo Arriba de \u201cChristmas Oratorio\u201d (SATB, Teclado)<\/td>\n<td>Bach, Juan Sebasti\u00e1n<\/td>\n<td>B\u00e4renreiter (BA 5014.90)<\/td>\n<td>GRAMO<\/td>\n<\/tr>\n<tr>\n<td>Del cielo a la tierra vengo (S(S)ATB, Solo, 2 instrumentos agudos, cuerdas opcionales, teclado)<\/td>\n<td>Bach, Johann Sebastian\/Burkhardt, Michael arr.<\/td>\n<td>M\u00fasica MorningStar (50-1040)<\/td>\n<td>GRAMO<\/td>\n<\/tr>\n<tr>\n<td>Del Cielo Arriba a la Tierra Vengo (SSATB, Teclado)<\/td>\n<td>Bach, Juan Sebasti\u00e1n<\/td>\n<td>Augsburgo (080065854X) en \u201cBach para todas las estaciones\u201d<\/td>\n<td>GRAMO<\/td>\n<\/tr>\n<tr>\n<td>Ve a contarlo en la monta\u00f1a (SATB)<\/td>\n<td>arreglo Sj\u00f6lund, Paul<\/td>\n<td>Hinshaw (HMC 1078)<\/td>\n<td>GRAMO<\/td>\n<\/tr>\n<tr>\n<td>Dios envi\u00f3 a su Hijo (SATB, \u00f3rgano)<\/td>\n<td>Gibbs, Allen Orton<\/td>\n<td>Abingdon<\/td>\n<td>2, G<\/td>\n<\/tr>\n<tr>\n<td>Los buenos amigos cristianos se regocijan (SATB\/divisi)<\/td>\n<td>Bedford, Michael<\/td>\n<td>St. James Press<\/td>\n<td>GRAMO<\/td>\n<\/tr>\n<tr>\n<td>En todo lugar se ofrecer\u00e1 incienso (SATB, \u00f3rgano)<\/td>\n<td>Oeste, John E.<\/td>\n<td>Novello<\/td>\n<td>1<\/td>\n<\/tr>\n<tr>\n<td>Lleg\u00f3 al claro de medianoche (SAB, Cong., \u00d3rgano, Trompeta)<\/td>\n<td>Willis, Richard S.\/Proulx, Richard arr.<\/td>\n<td>GIA (4323)<\/td>\n<td>GRAMO<\/td>\n<\/tr>\n<tr>\n<td>It Came Upon the Midnight Clear (SATB, Cong., Cuarteto de cuerda, \u00d3rgano)<\/td>\n<td>Willis, Richard S.\/Powell, Robert J. arr.<\/td>\n<td>GIA (2534)<\/td>\n<td>GRAMO<\/td>\n<\/tr>\n<tr>\n<td>Jes\u00fas, t\u00fa, la Virgen nacida de 4 villancicos ingleses antiguos #3 (SATB)<\/td>\n<td>Holst, Gustav<\/td>\n<td>CPDL<\/td>\n<td>GRAMO<\/td>\n<\/tr>\n<tr>\n<td>Laetentur Caeli (TTBB)<\/td>\n<td>Hassler, Hans Leo<\/td>\n<td>Novello (380136NOV)<\/td>\n<td>PD<\/td>\n<\/tr>\n<tr>\n<td>Mira, c\u00f3mo una rosa (SATB)<\/td>\n<td>Neswick, Bruce<\/td>\n<td>St. James Press<\/td>\n<td>GRAMO<\/td>\n<\/tr>\n<tr>\n<td>Mira, c\u00f3mo una rosa (SATB)<\/td>\n<td>von Herzogenberger, Heinrich<\/td>\n<td>St. James Press<\/td>\n<td>GRAMO<\/td>\n<\/tr>\n<tr>\n<td>El Se\u00f1or me dijo, El (SATB, \u00d3rgano, 2 Trompetas, 2 Trombones y Timbales)<\/td>\n<td>Ferris, William<\/td>\n<td>GIA (1389)<\/td>\n<td>mi<\/td>\n<\/tr>\n<tr>\n<td>Ni\u00f1o Precioso, Ni\u00f1o Santo (SATB, \u00d3rgano)<\/td>\n<td>Arr. Johnson, David N.<\/td>\n<td>Augsburgo (9780800645243)<\/td>\n<td>GRAMO<\/td>\n<\/tr>\n<tr>\n<td>Personas que caminaron en la oscuridad, (SAB)<\/td>\n<td>GiesekeRichard W.<\/td>\n<td>Concordia<\/td>\n<td>1<\/td>\n<\/tr>\n<tr>\n<td>\u00a1Prepara el camino! (SAB o SATB, \u00d3rgano)<\/td>\n<td>Brandon, Jorge<\/td>\n<td>Concordia<\/td>\n<td>1<\/td>\n<\/tr>\n<tr>\n<td>Ha nacido el Salvador del mundo, de \u201c4 viejos villancicos ingleses #4\u201d (SATB)<\/td>\n<td>Holst, Gustav<\/td>\n<td>CPDL<\/td>\n<td>GRAMO<\/td>\n<\/tr>\n<tr>\n<td>Tres Motetes: Laetentur caeli (SSA)<\/td>\n<td>Pinkham, Daniel<\/td>\n<td>CF Peters (P66709)<\/td>\n<td>PD<\/td>\n<\/tr>\n<tr>\n<td>Toda La Tierra\/All Earth Is Waiting (SSA, Piano)<\/td>\n<td>Gunderson, Jerry<\/td>\n<td>Concordia (98-3233)<\/td>\n<td>C<\/td>\n<\/tr>\n<tr>\n<td>Tu amor, oh Se\u00f1or, por siempre cantar\u00e9 (SATB, \u00d3rgano)<\/td>\n<td>Hallock, Pedro<\/td>\n<td>GIA (2078)<\/td>\n<td>PD<\/td>\n<\/tr>\n<\/tbody>\n<\/table>\n<p><em>*agotado<\/em><\/p>","protected":false},"excerpt":{"rendered":"<p>Choral Anthems Title (Voicing) Composer\/Arranger Publisher (Item #) Usage All My Heart Again Rejoices (SAB, Keyboard, Flute) Tucker, Sondra Concordia (98-4062) G All the Way from Nazareth (SATB, Organ) Van Hulse, Camil Lorenz (AM199) G Almighty God, Which Hast Me Brought (SATB) Ford, Thomas CPDL G And the Glory of the Lord from \u201cMessiah\u201d (SAB, [&hellip;]<\/p>\n","protected":false},"author":6628,"featured_media":0,"parent":0,"menu_order":0,"comment_status":"closed","ping_status":"closed","template":"","meta":{"_acf_changed":false,"footnotes":""},"class_list":["post-3873","page","type-page","status-publish","hentry"],"acf":[],"_links":{"self":[{"href":"https:\/\/npm.org\/es\/wp-json\/wp\/v2\/pages\/3873"}],"collection":[{"href":"https:\/\/npm.org\/es\/wp-json\/wp\/v2\/pages"}],"about":[{"href":"https:\/\/npm.org\/es\/wp-json\/wp\/v2\/types\/page"}],"author":[{"embeddable":true,"href":"https:\/\/npm.org\/es\/wp-json\/wp\/v2\/users\/6628"}],"replies":[{"embeddable":true,"href":"https:\/\/npm.org\/es\/wp-json\/wp\/v2\/comments?post=3873"}],"version-history":[{"count":0,"href":"https:\/\/npm.org\/es\/wp-json\/wp\/v2\/pages\/3873\/revisions"}],"wp:attachment":[{"href":"https:\/\/npm.org\/es\/wp-json\/wp\/v2\/media?parent=3873"}],"curies":[{"name":"gracias","href":"https:\/\/api.w.org\/{rel}","templated":true}]}}