{"id":3870,"date":"2017-09-21T03:47:47","date_gmt":"2017-09-21T03:47:47","guid":{"rendered":"https:\/\/npm.org\/?page_id=3870"},"modified":"2024-01-17T10:59:06","modified_gmt":"2024-01-17T15:59:06","slug":"choral-anthems-fourth-sunday-of-advent-b-lectionary-11","status":"publish","type":"page","link":"https:\/\/npm.org\/es\/choral-anthems-fourth-sunday-of-advent-b-lectionary-11\/","title":{"rendered":"Himnos corales - Cuarto domingo de Adviento (B)"},"content":{"rendered":"<p><strong>Himnos corales<\/strong><\/p>\n<table style=\"width: 100%;\" border=\"1\" width=\"100%\">\n<tbody>\n<tr>\n<td width=\"456\"><strong>T\u00edtulo (Voicing)<\/strong><\/td>\n<td width=\"187\"><strong>Compositor \/ Arreglista<\/strong><\/td>\n<td width=\"187\"><strong>Editor (art\u00edculo #)<\/strong><\/td>\n<td width=\"103\"><strong>Uso<\/strong><\/td>\n<\/tr>\n<tr>\n<td>Un rodaje tierno (SATB)<\/td>\n<td>Goldschmidt, Otto<\/td>\n<td>CPDL<\/td>\n<td>GRAMO<\/td>\n<\/tr>\n<tr>\n<td>Villancico de Adviento (SATB)<\/td>\n<td>Madera, Dale<\/td>\n<td>AARMI (AM.119)<\/td>\n<td>mi<\/td>\n<\/tr>\n<tr>\n<td>Prosa de Adviento, La (SATB)<\/td>\n<td>Arr. blanco, nicol\u00e1s<\/td>\n<td>OCP (4589)<\/td>\n<td>mi<\/td>\n<\/tr>\n<tr>\n<td>S\u00faplica de Adviento (SATB)<\/td>\n<td>Hopson, Hal H.<\/td>\n<td>MorningStar Music (50-0033)<\/td>\n<td>GRAMO<\/td>\n<\/tr>\n<tr>\n<td>Una procesi\u00f3n de Adviento (2 puntos, campanillas)<\/td>\n<td>Hurd, David<\/td>\n<td>GIA (G-4067)<\/td>\n<td>mi<\/td>\n<\/tr>\n<tr>\n<td>Angel Gabriel, El Villancico Vasco (SATB, Flauta y Oboe, opt. 2 Violines, Fagot)<\/td>\n<td>Arr. Schroeder, Hermann<\/td>\n<td>Concordia<\/td>\n<td>GRAMO<\/td>\n<\/tr>\n<tr>\n<td>Ave Mar\u00eda (SATB)<\/td>\n<td>Aquilanti, Giancarlo<\/td>\n<td>Publicaci\u00f3n de m\u00fasica de Santa B\u00e1rbara (SBMP 630)<\/td>\n<td>GRAMO<\/td>\n<\/tr>\n<tr>\n<td>Ave Mar\u00eda (SATB)<\/td>\n<td>Conte, David<\/td>\n<td>CE Schurmer (4729)<\/td>\n<td>GRAMO<\/td>\n<\/tr>\n<tr>\n<td>Ave Mar\u00eda (SATB)<\/td>\n<td>Witt, Francisco Javier<\/td>\n<td>CPDL<\/td>\n<td>GRAMO<\/td>\n<\/tr>\n<tr>\n<td>Ave Mar\u00eda (SATB)<\/td>\n<td>Arcadelt, Jacob<\/td>\n<td>GIA (1528)<\/td>\n<td>GRAMO<\/td>\n<\/tr>\n<tr>\n<td>Ave Mar\u00eda (SATB)<\/td>\n<td>Biebl, Franz<\/td>\n<td>Hinshaw (HMC 1255)<\/td>\n<td>GRAMO<\/td>\n<\/tr>\n<tr>\n<td>Ave Mar\u00eda (SATB)<\/td>\n<td>Biery, James<\/td>\n<td>M\u00fasica MorningStar (80-076)<\/td>\n<td>GRAMO<\/td>\n<\/tr>\n<tr>\n<td>Ave Mar\u00eda (SATB)<\/td>\n<td>Busto, Javier<\/td>\n<td>Walton (WGK122)<\/td>\n<td>GRAMO<\/td>\n<\/tr>\n<tr>\n<td>Ave Mar\u00eda (SSAATTBB)<\/td>\n<td>Rachmaninoff, Sergei<\/td>\n<td>Prensa Theodore (332-14564)<\/td>\n<td>GRAMO<\/td>\n<\/tr>\n<tr>\n<td>Ave Mar\u00eda (SSATTB)<\/td>\n<td>Kingsley, Douglas<\/td>\n<td>Trinitas (4547)<\/td>\n<td>GRAMO<\/td>\n<\/tr>\n<tr>\n<td>Ave Mar\u00eda (Un\u00edsono, Teclado)<\/td>\n<td>Caccini, Julio<\/td>\n<td>GIA (6169)<\/td>\n<td>GRAMO<\/td>\n<\/tr>\n<tr>\n<td>Ave Mar\u00eda Estela (SATB)<\/td>\n<td>Thompson, J. Michael<\/td>\n<td>GIA (7697)<\/td>\n<td>GRAMO<\/td>\n<\/tr>\n<tr>\n<td>Ave Maris Stella (3 partes)<\/td>\n<td>Victoria, Tom\u00e1s Luis de<\/td>\n<td>GIA (6008)<\/td>\n<td>GRAMO<\/td>\n<\/tr>\n<tr>\n<td>He aqu\u00ed una rosa m\u00edstica (SATB, \u00f3rgano, cuarteto de cuerdas optativo)<\/td>\n<td>Latona, Pedro<\/td>\n<td>M\u00fasica MorningStar (50-0031)<\/td>\n<td>GRAMO<\/td>\n<\/tr>\n<tr>\n<td>Bendito el Pueblo (SATB)<\/td>\n<td>Wiscomb, Jeff<\/td>\n<td>M\u00fasica de Boston (13935)<\/td>\n<td>PD<\/td>\n<\/tr>\n<tr>\n<td>Creador Alme Siderum (SATB)<\/td>\n<td>Pretorio, Miguel<\/td>\n<td>GIA (2903)<\/td>\n<td>GRAMO<\/td>\n<\/tr>\n<tr>\n<td>Creador de las estrellas de la noche (SATB)<\/td>\n<td>Fielding, Thomas<\/td>\n<td>CE Schirmer (6240)<\/td>\n<td>GRAMO<\/td>\n<\/tr>\n<tr>\n<td>Creador de las estrellas de la noche (SATB)<\/td>\n<td>Larkin, Michael<\/td>\n<td>MorningStar Music (50-0430)<\/td>\n<td>GRAMO<\/td>\n<\/tr>\n<tr>\n<td>Creador de las estrellas de la noche (SB)<\/td>\n<td>Ferris, William<\/td>\n<td>WLP (005703)<\/td>\n<td>GRAMO<\/td>\n<\/tr>\n<tr>\n<td>Creador de las estrellas de la noche (Unison)<\/td>\n<td>Madera, Dale<\/td>\n<td>HW gris<\/td>\n<td>GRAMO<\/td>\n<\/tr>\n<tr>\n<td>Creador de las estrellas de la noche (Unison \/ Handbells)<\/td>\n<td>Bukhardt, Michael<\/td>\n<td>MorningStar Music (50-0402)<\/td>\n<td>GRAMO<\/td>\n<\/tr>\n<tr>\n<td>Difusa est gratia (SATB)<\/td>\n<td>Nanino, Giovanni Mar\u00eda<\/td>\n<td>CPDL<\/td>\n<td>GRAMO<\/td>\n<\/tr>\n<tr>\n<td>Dixit Mar\u00eda (SATB)<\/td>\n<td>Hassler, Hans Leo<\/td>\n<td>CPDL<\/td>\n<td>GRAMO<\/td>\n<\/tr>\n<tr>\n<td>Dixit Mar\u00eda (SATB)<\/td>\n<td>Hassler, Hans Leo<\/td>\n<td>Arista (AE 288)<\/td>\n<td>GRAMO<\/td>\n<\/tr>\n<tr>\n<td>Dixit Mar\u00eda (SATB)<\/td>\n<td>Hassler, Hans Leo<\/td>\n<td>Molinos Belwin (9679-4)<\/td>\n<td>GRAMO<\/td>\n<\/tr>\n<tr>\n<td>Dixit Mar\u00eda ad Angelum (SATB)<\/td>\n<td>Hassler, Hans Leo<\/td>\n<td>WLP (005791)<\/td>\n<td>GRAMO<\/td>\n<\/tr>\n<tr>\n<td>Paloma vol\u00f3 del cielo, A (SATB)<\/td>\n<td>Brahms, Johannes<\/td>\n<td>Oxford<\/td>\n<td>GRAMO<\/td>\n<\/tr>\n<tr>\n<td>Roc\u00edo desplegable (SAB)<\/td>\n<td>Lindusky<\/td>\n<td>OCP<\/td>\n<td>mi<\/td>\n<\/tr>\n<tr>\n<td>Drop Down Dew, O Heavens (Sop &amp; Bari Solos, SATB, \u00d3rgano)<\/td>\n<td>Twynham, Robert<\/td>\n<td>Trinitas (30101357)<\/td>\n<td>mi<\/td>\n<\/tr>\n<tr>\n<td>Caed, cielos, desde arriba (SATB)<\/td>\n<td>Cassler, G. Winston<\/td>\n<td>Augsburgo<\/td>\n<td>mi<\/td>\n<\/tr>\n<tr>\n<td>Drop Down, Ye Heaven (2 partes, \u00f3rgano)<\/td>\n<td>Statham, Heathcote<\/td>\n<td>Oxford (9780193533219) en &quot;The Oxford Easy Anthem Book&quot;<\/td>\n<td>mi<\/td>\n<\/tr>\n<tr>\n<td>Dejen caer su roc\u00edo, oh nubes del cielo (SAB)<\/td>\n<td>arr. Clemens, James E.<\/td>\n<td>WLP (005839)<\/td>\n<td>mi<\/td>\n<\/tr>\n<tr>\n<td>Ecce Concipes (SATB)<\/td>\n<td>Handel, Jacob<\/td>\n<td>CPDL<\/td>\n<td>GRAMO<\/td>\n<\/tr>\n<tr>\n<td>Festival Magnificat (SATB, \u00d3rgano, Metales)<\/td>\n<td>Proulx, Richard<\/td>\n<td>Sela (410-866)<\/td>\n<td>GRAMO<\/td>\n<\/tr>\n<tr>\n<td>El mensaje de Gabriel (SATB, \u00d3rgano)<\/td>\n<td>Grogan, Roberto<\/td>\n<td>CE Schirmer (5659)<\/td>\n<td>GRAMO<\/td>\n<\/tr>\n<tr>\n<td>Dios envi\u00f3 a su Hijo (SATB)<\/td>\n<td>Gibbs, Allen Orton<\/td>\n<td>Abingdon<\/td>\n<td>GRAMO<\/td>\n<\/tr>\n<tr>\n<td>\u00a1Hodie! \u00a1Emmanuel! \u00a1Gloria! (SATB, Percusi\u00f3n)<\/td>\n<td>Precio, Milburn<\/td>\n<td>Hinshaw (HMC 157)<\/td>\n<td>GRAMO<\/td>\n<\/tr>\n<tr>\n<td>Himno a la Reina del Cielo (SATB)<\/td>\n<td>Healey, Derek<\/td>\n<td>Schirmer CE (7840)<\/td>\n<td>GRAMO<\/td>\n<\/tr>\n<tr>\n<td>Que toda carne mortal (SATB)<\/td>\n<td>Scott, K. Lee<\/td>\n<td>M\u00fasica MorningStar (50-1159)<\/td>\n<td>GRAMO<\/td>\n<\/tr>\n<tr>\n<td>Que toda carne mortal (SATB)<\/td>\n<td>Arr. Davis, Katherine K.<\/td>\n<td>Molinos Belwin (64176)<\/td>\n<td>GRAMO<\/td>\n<\/tr>\n<tr>\n<td>Que toda carne mortal (SATB)<\/td>\n<td>Holst, Gustav<\/td>\n<td>Galaxia (1.5019)<\/td>\n<td>GRAMO<\/td>\n<\/tr>\n<tr>\n<td>Let All Mortal Flesh (SATB, \u00f3rgano opcional)<\/td>\n<td>Arr. Somary, Johannes<\/td>\n<td>GIA (1614)<\/td>\n<td>GRAMO<\/td>\n<\/tr>\n<tr>\n<td>Dejad que las nubes (Cuatro ant\u00edfonas de entrada) (SATB)<\/td>\n<td>Chiusano, Gerard<\/td>\n<td>Trinitas (4593)<\/td>\n<td>mi<\/td>\n<\/tr>\n<tr>\n<td>Lo, c\u00f3mo florece una rosa (SATB)<\/td>\n<td>Distler, Hugo<\/td>\n<td>Augsburg (9780800657772) en &quot;Chantry Choirbook&quot;<\/td>\n<td>1<\/td>\n<\/tr>\n<tr>\n<td>Lo, c\u00f3mo florece una rosa (SATB)<\/td>\n<td>Distler, Hugo<\/td>\n<td>Arista (AE 109)<\/td>\n<td>1<\/td>\n<\/tr>\n<tr>\n<td>Lo, c\u00f3mo florece una rosa (SATB)<\/td>\n<td>Neswick, Bruce<\/td>\n<td>St. James Press<\/td>\n<td>1<\/td>\n<\/tr>\n<tr>\n<td>Lo, c\u00f3mo florece una rosa (SATB)<\/td>\n<td>Pretorio, Michael \/ Overby arr.<\/td>\n<td>Augsburgo<\/td>\n<td>1<\/td>\n<\/tr>\n<tr>\n<td>Lo, c\u00f3mo florece una rosa (SATB)<\/td>\n<td>Saylor, Bruce<\/td>\n<td>Par\u00e1clito (PPM00220)<\/td>\n<td>1<\/td>\n<\/tr>\n<tr>\n<td>Lo, c\u00f3mo florece una rosa (SATB)<\/td>\n<td>von Herzogenberger, Heinrich<\/td>\n<td>St. James Press<\/td>\n<td>1<\/td>\n<\/tr>\n<tr>\n<td>Lo, How a Rose E&#039;er Blooming (SATB, Organ)<\/td>\n<td>Adelmann, Dale<\/td>\n<td>Trinitas (4541)<\/td>\n<td>1<\/td>\n<\/tr>\n<tr>\n<td>Lo, How A Rose E&#039;er Blooming (SATB, Piano, Flauta)<\/td>\n<td>Rentz, Earlene<\/td>\n<td>Oxford (9780193868915)<\/td>\n<td>1<\/td>\n<\/tr>\n<tr>\n<td>Lo, How A Rose E&#039;er Blooming (SATB, SAB)<\/td>\n<td>Pretorio, Michael \/ Houkom arr.<\/td>\n<td>Concordia<\/td>\n<td>1<\/td>\n<\/tr>\n<tr>\n<td>Magnificat (SATB\/SATB, \u00d3rgano)<\/td>\n<td>Pachelbel, Charles Theodore<\/td>\n<td>Edici\u00f3n Peters (EP6087)<\/td>\n<td>GRAMO<\/td>\n<\/tr>\n<tr>\n<td>Magnificat (Sop Solo, SSA, Teclado)<\/td>\n<td>Thompson, Randall\/Seitz, David A. arr.<\/td>\n<td>Schirmer CE (7741)<\/td>\n<td>GRAMO<\/td>\n<\/tr>\n<tr>\n<td>Magnificat (Sop Solo, SSAA, Oboe, Maracas)<\/td>\n<td>Ellingboe, Bradley<\/td>\n<td>Kjos (6274)<\/td>\n<td>GRAMO<\/td>\n<\/tr>\n<tr>\n<td>Mary subi\u00f3 a Hill Country (SATB, \u00f3rgano)<\/td>\n<td>Schalk, Carl<\/td>\n<td>Concordia (98-3172)<\/td>\n<td>GRAMO<\/td>\n<\/tr>\n<tr>\n<td>Magnificat de Mar\u00eda (SATB)<\/td>\n<td>Carter, Andr\u00e9s<\/td>\n<td>Oxford (9780193530836)<\/td>\n<td>GRAMO<\/td>\n<\/tr>\n<tr>\n<td>Saludo de Mar\u00eda (SSATB)<\/td>\n<td>Eccard, Johannes<\/td>\n<td>Oxford (9780193530836)<\/td>\n<td>GRAMO<\/td>\n<\/tr>\n<tr>\n<td>Mi alma exalta tu nombre, oh Se\u00f1or (SATB, teclado)<\/td>\n<td>Sch\u00fctz, Heinrich<\/td>\n<td>Augsburgo<\/td>\n<td>GRAMO<\/td>\n<\/tr>\n<tr>\n<td>Mi Alma Da Gloria al Se\u00f1or (SATB, Teclado, Ni\u00f1os, opt. Flauta o Campanillas)<\/td>\n<td>Schalk, Carl<\/td>\n<td>M\u00fasica MorningStar (50-1058)<\/td>\n<td>GRAMO<\/td>\n<\/tr>\n<tr>\n<td>Ne Timeas Maria (SATB)<\/td>\n<td>Victoria, Tom\u00e1s Luis de<\/td>\n<td>CPDL<\/td>\n<td>GRAMO<\/td>\n<\/tr>\n<tr>\n<td>O Emmanuel (SATB)<\/td>\n<td>Stainer, Juan<\/td>\n<td>CPDL<\/td>\n<td>C<\/td>\n<\/tr>\n<tr>\n<td>O Sanctissima (SATB, piano\/\u00f3rgano, cuarteto de cuerdas optativo)<\/td>\n<td>Beethoven, Ludwig van\/Thatcher, Charles arr.<\/td>\n<td>M\u00fasica MorningStar (50-1130)<\/td>\n<td>GRAMO<\/td>\n<\/tr>\n<tr>\n<td>Sobre las colinas, la joven Mary Hastes (SSATB)<\/td>\n<td>Eccard, Johannes<\/td>\n<td>M\u00fasica MorningStar (50-1704)<\/td>\n<td>GRAMO<\/td>\n<\/tr>\n<tr>\n<td>\u00a1Preparar! (2 partes, teclado)<\/td>\n<td>Pote, Allen C.<\/td>\n<td>Gremio de Coristas (CGA 705)<\/td>\n<td>GRAMO<\/td>\n<\/tr>\n<tr>\n<td>Rorando oeli (SATB\/SATB)<\/td>\n<td>Blahnik, Joel<\/td>\n<td>Publicaciones musicales de la Alianza (AMP 2119)<\/td>\n<td>mi<\/td>\n<\/tr>\n<tr>\n<td>Rorate caeli (SSAATTBB)<\/td>\n<td>Joncas, J. Michael<\/td>\n<td>Trinitas (4627)<\/td>\n<td>mi<\/td>\n<\/tr>\n<tr>\n<td>Rorate caeli desuper (SATB\/divisi)<\/td>\n<td>N\u00e9stor, Le\u00f3n<\/td>\n<td>CE Schirmer (5159)<\/td>\n<td>mi<\/td>\n<\/tr>\n<tr>\n<td>Rorate caeli desuper (SSAATTBB)<\/td>\n<td>N\u00e9stor, Le\u00f3n<\/td>\n<td>CE Schirmer (5159)<\/td>\n<td>mi<\/td>\n<\/tr>\n<tr>\n<td>Rorate Coeli (SATB)<\/td>\n<td>Proulx, Richard<\/td>\n<td>Par\u00e1clito (PPM09215)<\/td>\n<td>mi<\/td>\n<\/tr>\n<tr>\n<td>Rorate Coeli (SATB)<\/td>\n<td>Rheinberger, Josef<\/td>\n<td>CPDL<\/td>\n<td>mi<\/td>\n<\/tr>\n<tr>\n<td>RoratecCoeli (SATB\/divisi)<\/td>\n<td>Farrell, Neil<\/td>\n<td>Publicaci\u00f3n de arbustos verdes (C1003)<\/td>\n<td>mi<\/td>\n<\/tr>\n<tr>\n<td>Siete Alegr\u00edas de Mar\u00eda, Las (SATB)<\/td>\n<td>Rey, Esteban<\/td>\n<td>Oxford<\/td>\n<td>GRAMO<\/td>\n<\/tr>\n<tr>\n<td>Seis villancicos a cappella: Lo, How A Rose E&#039;er Blooming (SATB)<\/td>\n<td>Proulx, Richard<\/td>\n<td>GIA (6463)<\/td>\n<td>1<\/td>\n<\/tr>\n<tr>\n<td>Canci\u00f3n de Mar\u00eda (Anunciaci\u00f3n) (SATB)<\/td>\n<td>Brahms, Johannes<\/td>\n<td>Edici\u00f3n Peters (EP6897)<\/td>\n<td>GRAMO<\/td>\n<\/tr>\n<tr>\n<td>Virgen nacida, nos inclinamos ante ti (SATB)<\/td>\n<td>ChepponisJames J.<\/td>\n<td>GIA (3296)<\/td>\n<td>GRAMO<\/td>\n<\/tr>\n<tr>\n<td>Paloma Blanca, La (SATB)<\/td>\n<td>Brahms, Johannes<\/td>\n<td>CPDL<\/td>\n<td>GRAMO<\/td>\n<\/tr>\n<tr>\n<td>Tu amor, oh Se\u00f1or, por siempre cantar\u00e9 (SATB, \u00d3rgano)<\/td>\n<td>Hallock, Pedro<\/td>\n<td>GIA (2078)<\/td>\n<td>PD<\/td>\n<\/tr>\n<\/tbody>\n<\/table>\n<p align=\"left\"><em>* Agotado<\/em><\/p>","protected":false},"excerpt":{"rendered":"<p>Choral Anthems Title (Voicing) Composer\/Arranger Publisher (Item #) Usage A Tender Shoot (SATB) Goldschmidt, Otto CPDL G Advent Carol (SATB) Wood, Dale AMSI (AM.119) E Advent Prose, The (SATB) arr. White, Nicholas OCP (4589) E Advent Supplication (SATB) Hopson, Hal H. MorningStar Music (50-0033) G An Advent Processional (2pt, Handbells) Hurd, David GIA (G-4067) E [&hellip;]<\/p>\n","protected":false},"author":6628,"featured_media":0,"parent":0,"menu_order":0,"comment_status":"closed","ping_status":"closed","template":"","meta":{"_acf_changed":false,"footnotes":""},"class_list":["post-3870","page","type-page","status-publish","hentry"],"acf":[],"_links":{"self":[{"href":"https:\/\/npm.org\/es\/wp-json\/wp\/v2\/pages\/3870"}],"collection":[{"href":"https:\/\/npm.org\/es\/wp-json\/wp\/v2\/pages"}],"about":[{"href":"https:\/\/npm.org\/es\/wp-json\/wp\/v2\/types\/page"}],"author":[{"embeddable":true,"href":"https:\/\/npm.org\/es\/wp-json\/wp\/v2\/users\/6628"}],"replies":[{"embeddable":true,"href":"https:\/\/npm.org\/es\/wp-json\/wp\/v2\/comments?post=3870"}],"version-history":[{"count":3,"href":"https:\/\/npm.org\/es\/wp-json\/wp\/v2\/pages\/3870\/revisions"}],"predecessor-version":[{"id":22636,"href":"https:\/\/npm.org\/es\/wp-json\/wp\/v2\/pages\/3870\/revisions\/22636"}],"wp:attachment":[{"href":"https:\/\/npm.org\/es\/wp-json\/wp\/v2\/media?parent=3870"}],"curies":[{"name":"gracias","href":"https:\/\/api.w.org\/{rel}","templated":true}]}}