{"id":3861,"date":"2017-09-21T03:44:01","date_gmt":"2017-09-21T03:44:01","guid":{"rendered":"https:\/\/npm.org\/?page_id=3861"},"modified":"2024-01-17T10:44:41","modified_gmt":"2024-01-17T15:44:41","slug":"choral-anthems-second-sunday-of-advent-b-lectionary-5","status":"publish","type":"page","link":"https:\/\/npm.org\/es\/choral-anthems-second-sunday-of-advent-b-lectionary-5\/","title":{"rendered":"Himnos corales - Segundo domingo de Adviento (B)"},"content":{"rendered":"<p><strong>Himnos corales<\/strong><\/p>\n<table style=\"width: 100%;\" border=\"1\" width=\"100%\">\n<tbody>\n<tr>\n<td width=\"456\"><strong>T\u00edtulo (Voicing)<\/strong><\/td>\n<td width=\"187\"><strong>Compositor \/ Arreglista<\/strong><\/td>\n<td width=\"187\"><strong>Editor (art\u00edculo #)<\/strong><\/td>\n<td width=\"103\"><strong>Uso<\/strong><\/td>\n<\/tr>\n<tr>\n<td>Himno de Adviento (SATB)<\/td>\n<td>Juan, Mart\u00edn<\/td>\n<td>Augsburgo (0800656628)<\/td>\n<td>1<\/td>\n<\/tr>\n<tr>\n<td>Mensaje de Adviento (Un\u00edsono, 2 partes)<\/td>\n<td>\u00bfC\u00f3mo, Mart\u00edn?<\/td>\n<td>Boosey y Hawkes (OCTW0161)<\/td>\n<td>GRAMO<\/td>\n<\/tr>\n<tr>\n<td>Y la Gloria del Se\u00f1or (SAB, \u00d3rgano)<\/td>\n<td>H\u00e4ndel, George F.\/Hopson, Hal H. arr<\/td>\n<td>Esperanza (C6167)<\/td>\n<td>1<\/td>\n<\/tr>\n<tr>\n<td>Y la Gloria del Se\u00f1or (SATB, Teclado, Instrumentos)<\/td>\n<td>Handel, George F.<\/td>\n<td>Varios<\/td>\n<td>1, G<\/td>\n<\/tr>\n<tr>\n<td>Confort, Confort (SATB, instrumentos opcionales)<\/td>\n<td>Arr. Ferguson, Juan<\/td>\n<td>Augsburgo (9780800646356)<\/td>\n<td>1, G<\/td>\n<\/tr>\n<tr>\n<td>Confort, Confort (SATB, \u00d3rgano\/Teclado)<\/td>\n<td>Faur\u00e9, Gabriel\/Hopson, Hal H. arr.<\/td>\n<td>Carl Fischer<\/td>\n<td>1, G<\/td>\n<\/tr>\n<tr>\n<td>Comodidad, Consuelo Ahora Mi Pueblo (SAB, Platillos de Dedo, Pandereta)<\/td>\n<td>Proulx, Richard<\/td>\n<td>M\u00fasica MorningStar (AE110)<\/td>\n<td>1<\/td>\n<\/tr>\n<tr>\n<td>Conforta, consuela a esta mi gente (SATB, instrumento C, teclado)<\/td>\n<td>Armstrong, Mateo<\/td>\n<td>Concordia (98-3155)<\/td>\n<td>1, G<\/td>\n<\/tr>\n<tr>\n<td>Consolad, consolad, pueblo m\u00edo (SATB)<\/td>\n<td>Bunjes, Pablo<\/td>\n<td>Concordia<\/td>\n<td>1<\/td>\n<\/tr>\n<tr>\n<td>Comfort, Comfort Ye My People (SATB, Alto solo, Cuerdas, Oboe, Continuo)<\/td>\n<td>Bach, Juan Sebasti\u00e1n<\/td>\n<td>Concordia (98-2045)<\/td>\n<td>1<\/td>\n<\/tr>\n<tr>\n<td>Hija de Si\u00f3n (SATB, Teclado)<\/td>\n<td>Clokey, Joseph W.<\/td>\n<td>Theodore Presser (312-21295)<\/td>\n<td>mi<\/td>\n<\/tr>\n<tr>\n<td>As\u00ed que, Se\u00f1or Jes\u00fas, ven pronto (SATB)<\/td>\n<td>Manz, Paul<\/td>\n<td>MorningStar Music (50-0001)<\/td>\n<td>GRAMO<\/td>\n<\/tr>\n<tr>\n<td>Incluso as\u00ed, Se\u00f1or Jes\u00fas, ven pronto (SSAA)<\/td>\n<td>Manz, Paul<\/td>\n<td>MorningStar Music (50-0450)<\/td>\n<td>GRAMO<\/td>\n<\/tr>\n<tr>\n<td>As\u00ed que, Se\u00f1or Jes\u00fas, ven pronto (TTBB)<\/td>\n<td>Manz, Paul<\/td>\n<td>MorningStar Music (50-0900)<\/td>\n<td>GRAMO<\/td>\n<\/tr>\n<tr>\n<td>Cada Valle (SATB)<\/td>\n<td>Beck, John Ness<\/td>\n<td>Beckenhorst (BP 1040)<\/td>\n<td>1<\/td>\n<\/tr>\n<tr>\n<td>Cuatro ant\u00edfonas de Adviento: Pueblo de Si\u00f3n (SATB)<\/td>\n<td>Chiusano, Gerard<\/td>\n<td>Trinitas (4593)<\/td>\n<td>mi<\/td>\n<\/tr>\n<tr>\n<td>\u00c9l alimentar\u00e1 a su reba\u00f1o de \u201cMes\u00edas\u201d (SATB, teclado)<\/td>\n<td>Handel, George F.<\/td>\n<td>Varios<\/td>\n<td>1<\/td>\n<\/tr>\n<tr>\n<td>Escuche a los corderos (SATB)<\/td>\n<td>Dett, R. Nathaniel<\/td>\n<td>G. Schirmer (8010)<\/td>\n<td>1<\/td>\n<\/tr>\n<tr>\n<td>Lord Will Soon Appear, The (SATB, \u00d3rgano\/Teclado)<\/td>\n<td>Bach, Johann Sebastian\/Hopson, Hal H. arr.<\/td>\n<td>Augsburgo<\/td>\n<td>1, G<\/td>\n<\/tr>\n<tr>\n<td>La misericordia y la verdad se encuentran juntas (SATB)<\/td>\n<td>Sullivan, Arturo<\/td>\n<td>CPDL<\/td>\n<td>PD<\/td>\n<\/tr>\n<tr>\n<td>O Si\u00f3n Heraldo de las Buenas Nuevas (SATB, \u00d3rgano\/teclado)<\/td>\n<td>H\u00e4ndel, George F.\/Hopson, Hal H. arr<\/td>\n<td>Gremio de coristas<\/td>\n<td>1<\/td>\n<\/tr>\n<tr>\n<td>En el banco de Jordania (SATB, teclado)<\/td>\n<td>Arr. Connolly, Michael<\/td>\n<td>GIA (5376)<\/td>\n<td>GRAMO<\/td>\n<\/tr>\n<tr>\n<td>En la orilla del Jord\u00e1n, el grito del Bautista (SAB, teclado, instrumentos C)<\/td>\n<td>Monteverdi, Claudio<\/td>\n<td>GIA (2834)<\/td>\n<td>GRAMO<\/td>\n<\/tr>\n<tr>\n<td>En la orilla del Jord\u00e1n El grito del Bautista (SAB, \u00d3rgano, Oboe)<\/td>\n<td>Arr. Busarow, Donald<\/td>\n<td>Concordia (98-2639)<\/td>\n<td>GRAMO<\/td>\n<\/tr>\n<tr>\n<td>On Jordan&#039;s Banks (SATB, \u00f3rgano, opt. Lat\u00f3n, campanillas, timbales)<\/td>\n<td>Cherwien, David<\/td>\n<td>AARMI (2020)<\/td>\n<td>GRAMO<\/td>\n<\/tr>\n<tr>\n<td>Preparar el Camino Real (SATB, Piano)<\/td>\n<td>Arr. Shaw, Timoteo<\/td>\n<td>Augsburgo (9781451485929)<\/td>\n<td>GRAMO<\/td>\n<\/tr>\n<tr>\n<td>Preparad el Camino del Se\u00f1or (SATB o 2 Partes, \u00d3rgano)<\/td>\n<td>Rowan, Guillermo<\/td>\n<td>Esperanza (A 596)<\/td>\n<td>GRAMO<\/td>\n<\/tr>\n<tr>\n<td>Prepara el camino, oh Si\u00f3n (SATB)<\/td>\n<td>Arr. Lau, Robert C.<\/td>\n<td>Par\u00e1clito (PPM01353)<\/td>\n<td>1<\/td>\n<\/tr>\n<tr>\n<td>Prepara el camino, oh Si\u00f3n (Un\u00edsono, Piano)<\/td>\n<td>McClure, Carol<\/td>\n<td>St. James Press<\/td>\n<td>1, G<\/td>\n<\/tr>\n<tr>\n<td>Preparad el camino (SATB)<\/td>\n<td>Mart\u00edn, Jos\u00e9 M.<\/td>\n<td>M\u00fasica Trina (10\/1226T)<\/td>\n<td>GRAMO<\/td>\n<\/tr>\n<tr>\n<td>Preparad el camino (al un\u00edsono o en 2 partes)<\/td>\n<td>Hopson, Hal H.<\/td>\n<td>Augsburgo<\/td>\n<td>GRAMO<\/td>\n<\/tr>\n<tr>\n<td>\u00a1Preparar! (2 partes, teclado)<\/td>\n<td>Pote, Allen C.<\/td>\n<td>Gremio de Coristas (CGA 705)<\/td>\n<td>GRAMO<\/td>\n<\/tr>\n<tr>\n<td>Alegraos, mundos brillantes en las alturas (SATB, teclado)<\/td>\n<td>Billings, Guillermo<\/td>\n<td>Concordia<\/td>\n<td>mi,1<\/td>\n<\/tr>\n<tr>\n<td>Alma, Adornate de Alegr\u00eda (SATB)<\/td>\n<td>Ellingboe, Bradley<\/td>\n<td>Augsburgo<\/td>\n<td>GRAMO<\/td>\n<\/tr>\n<tr>\n<td>Hay una voz en el desierto (2 partes, piano, opt. oboe)<\/td>\n<td>\u00d3rgano, Anne Krentz<\/td>\n<td>Augsburgo (9780800676537)<\/td>\n<td>GRAMO<\/td>\n<\/tr>\n<tr>\n<td>Hay una voz en el desierto llorando (SATB, teclado)<\/td>\n<td>Larkin, Michael<\/td>\n<td>M\u00fasica MorningStar (MSM-50-0011)<\/td>\n<td>1<\/td>\n<\/tr>\n<tr>\n<td>Voz en el desierto, A (SATB, \u00d3rgano)<\/td>\n<td>Heins, Francis D.\/Lovelace, Austin arreglo.<\/td>\n<td>GIA (5794)<\/td>\n<td>GRAMO<\/td>\n<\/tr>\n<tr>\n<td>Vox dicentis clama (SATB\/SATB)<\/td>\n<td>Naylor, Eduardo<\/td>\n<td>CPDL<\/td>\n<td>2<\/td>\n<\/tr>\n<\/tbody>\n<\/table>\n<p align=\"left\">*\u00a0<em>Agotado<\/em><\/p>","protected":false},"excerpt":{"rendered":"<p>Choral Anthems Title (Voicing) Composer\/Arranger Publisher (Item #) Usage Advent Hymn (SATB) Jean, Martin Augsburg (0800656628) 1 Advent Message (Unison, 2-part) How, Martin Boosey &amp; Hawkes (OCTW0161) G And the Glory of the Lord (SAB, Organ) Handel, George F.\/Hopson, Hal H. arr Hope (C6167) 1 And the Glory of the Lord (SATB, Keyboard, Instruments) Handel, [&hellip;]<\/p>\n","protected":false},"author":6628,"featured_media":0,"parent":0,"menu_order":0,"comment_status":"closed","ping_status":"closed","template":"","meta":{"_acf_changed":false,"footnotes":""},"class_list":["post-3861","page","type-page","status-publish","hentry"],"acf":[],"_links":{"self":[{"href":"https:\/\/npm.org\/es\/wp-json\/wp\/v2\/pages\/3861"}],"collection":[{"href":"https:\/\/npm.org\/es\/wp-json\/wp\/v2\/pages"}],"about":[{"href":"https:\/\/npm.org\/es\/wp-json\/wp\/v2\/types\/page"}],"author":[{"embeddable":true,"href":"https:\/\/npm.org\/es\/wp-json\/wp\/v2\/users\/6628"}],"replies":[{"embeddable":true,"href":"https:\/\/npm.org\/es\/wp-json\/wp\/v2\/comments?post=3861"}],"version-history":[{"count":2,"href":"https:\/\/npm.org\/es\/wp-json\/wp\/v2\/pages\/3861\/revisions"}],"predecessor-version":[{"id":22630,"href":"https:\/\/npm.org\/es\/wp-json\/wp\/v2\/pages\/3861\/revisions\/22630"}],"wp:attachment":[{"href":"https:\/\/npm.org\/es\/wp-json\/wp\/v2\/media?parent=3861"}],"curies":[{"name":"gracias","href":"https:\/\/api.w.org\/{rel}","templated":true}]}}