{"id":3632,"date":"2017-09-11T04:44:25","date_gmt":"2017-09-11T04:44:25","guid":{"rendered":"https:\/\/npm.org\/?page_id=3632"},"modified":"2021-03-23T04:45:44","modified_gmt":"2021-03-23T04:45:44","slug":"chapters","status":"publish","type":"page","link":"https:\/\/npm.org\/es\/chapters\/","title":{"rendered":"Divisiones"},"content":{"rendered":"<div data-elementor-type=\"wp-page\" data-elementor-id=\"3632\" class=\"elementor elementor-3632\" data-elementor-post-type=\"page\">\n\t\t\t\t\t\t<section class=\"elementor-section elementor-top-section elementor-element elementor-element-739010b0 elementor-section-boxed elementor-section-height-default elementor-section-height-default\" data-id=\"739010b0\" data-element_type=\"section\" data-e-type=\"section\">\n\t\t\t\t\t\t<div class=\"elementor-container elementor-column-gap-default\">\n\t\t\t\t\t<div class=\"elementor-column elementor-col-100 elementor-top-column elementor-element elementor-element-50ced974\" data-id=\"50ced974\" data-element_type=\"column\" data-e-type=\"column\">\n\t\t\t<div class=\"elementor-widget-wrap elementor-element-populated\">\n\t\t\t\t\t\t<div class=\"elementor-element elementor-element-7a8c0f2c elementor-widget__width-initial elementor-widget elementor-widget-text-editor\" data-id=\"7a8c0f2c\" data-element_type=\"widget\" data-e-type=\"widget\" data-widget_type=\"text-editor.default\">\n\t\t\t\t<div class=\"elementor-widget-container\">\n\t\t\t\t\t\t\t\t\t\n<p><span style=\"font-size: 14pt;\">A partir de 2021, todos los miembros de NPM est\u00e1n asignados a una divisi\u00f3n local que brinda oportunidades de formaci\u00f3n y creaci\u00f3n de redes \u00fanicas para las necesidades de su \u00e1rea local. La participaci\u00f3n en una divisi\u00f3n local proporciona camarader\u00eda, asistencia y ministerio durante todo el a\u00f1o a todos los miembros del NPM. Si ejerce en el ministerio a nivel local, \u00a1pertenece a una divisi\u00f3n de la NPM!<\/span><\/p>\n\t\t\t\t\t\t\t\t<\/div>\n\t\t\t\t<\/div>\n\t\t\t\t\t<\/div>\n\t\t<\/div>\n\t\t\t\t\t<\/div>\n\t\t<\/section>\n\t\t\t\t<section class=\"elementor-section elementor-top-section elementor-element elementor-element-0fe2a89 elementor-section-boxed elementor-section-height-default elementor-section-height-default\" data-id=\"0fe2a89\" data-element_type=\"section\" data-e-type=\"section\">\n\t\t\t\t\t\t<div class=\"elementor-container elementor-column-gap-default\">\n\t\t\t\t\t<div class=\"elementor-column elementor-col-50 elementor-top-column elementor-element elementor-element-f49b3fc\" data-id=\"f49b3fc\" data-element_type=\"column\" data-e-type=\"column\">\n\t\t\t<div class=\"elementor-widget-wrap elementor-element-populated\">\n\t\t\t\t\t\t<div class=\"elementor-element elementor-element-a02561d elementor-widget elementor-widget-image\" data-id=\"a02561d\" data-element_type=\"widget\" data-e-type=\"widget\" data-widget_type=\"image.default\">\n\t\t\t\t<div class=\"elementor-widget-container\">\n\t\t\t\t\t\t\t\t\t\t\t\t\t\t\t\t<a href=\"https:\/\/npm.org\/es\/chapter-locations\/\">\n\t\t\t\t\t\t\t<img fetchpriority=\"high\" decoding=\"async\" width=\"768\" height=\"768\" src=\"https:\/\/npm.org\/wp-content\/uploads\/Connect-to-a-Chapter-button_2-Spanish-2.png\" class=\"attachment-medium_large size-medium_large wp-image-15061\" alt=\"Connect to a Chapter\" srcset=\"https:\/\/npm.org\/wp-content\/uploads\/Connect-to-a-Chapter-button_2-Spanish-2.png 1080w, https:\/\/npm.org\/wp-content\/uploads\/Connect-to-a-Chapter-button_2-Spanish-2-300x300.png 300w, https:\/\/npm.org\/wp-content\/uploads\/Connect-to-a-Chapter-button_2-Spanish-2-1024x1024.png 1024w, https:\/\/npm.org\/wp-content\/uploads\/Connect-to-a-Chapter-button_2-Spanish-2-150x150.png 150w, https:\/\/npm.org\/wp-content\/uploads\/Connect-to-a-Chapter-button_2-Spanish-2-768x768.png 768w, https:\/\/npm.org\/wp-content\/uploads\/Connect-to-a-Chapter-button_2-Spanish-2-12x12.png 12w, https:\/\/npm.org\/wp-content\/uploads\/Connect-to-a-Chapter-button_2-Spanish-2-260x260.png 260w\" sizes=\"(max-width: 768px) 100vw, 768px\" \/>\t\t\t\t\t\t\t\t<\/a>\n\t\t\t\t\t\t\t\t\t\t\t\t\t\t\t<\/div>\n\t\t\t\t<\/div>\n\t\t\t\t\t<\/div>\n\t\t<\/div>\n\t\t\t\t<div class=\"elementor-column elementor-col-50 elementor-top-column elementor-element elementor-element-167353d\" data-id=\"167353d\" data-element_type=\"column\" data-e-type=\"column\">\n\t\t\t<div class=\"elementor-widget-wrap elementor-element-populated\">\n\t\t\t\t\t\t<div class=\"elementor-element elementor-element-38ceebb elementor-widget elementor-widget-image\" data-id=\"38ceebb\" data-element_type=\"widget\" data-e-type=\"widget\" data-widget_type=\"image.default\">\n\t\t\t\t<div class=\"elementor-widget-container\">\n\t\t\t\t\t\t\t\t\t\t\t\t\t\t\t\t<a href=\"https:\/\/npm.org\/es\/chapters-in-action\/\">\n\t\t\t\t\t\t\t<img decoding=\"async\" width=\"768\" height=\"768\" src=\"https:\/\/npm.org\/wp-content\/uploads\/Chapters-in-Action-button_2-Spanish-1.png\" class=\"attachment-medium_large size-medium_large wp-image-15062\" alt=\"Chatpers in Action\" srcset=\"https:\/\/npm.org\/wp-content\/uploads\/Chapters-in-Action-button_2-Spanish-1.png 1080w, https:\/\/npm.org\/wp-content\/uploads\/Chapters-in-Action-button_2-Spanish-1-300x300.png 300w, https:\/\/npm.org\/wp-content\/uploads\/Chapters-in-Action-button_2-Spanish-1-1024x1024.png 1024w, https:\/\/npm.org\/wp-content\/uploads\/Chapters-in-Action-button_2-Spanish-1-150x150.png 150w, https:\/\/npm.org\/wp-content\/uploads\/Chapters-in-Action-button_2-Spanish-1-768x768.png 768w, https:\/\/npm.org\/wp-content\/uploads\/Chapters-in-Action-button_2-Spanish-1-12x12.png 12w, https:\/\/npm.org\/wp-content\/uploads\/Chapters-in-Action-button_2-Spanish-1-260x260.png 260w\" sizes=\"(max-width: 768px) 100vw, 768px\" \/>\t\t\t\t\t\t\t\t<\/a>\n\t\t\t\t\t\t\t\t\t\t\t\t\t\t\t<\/div>\n\t\t\t\t<\/div>\n\t\t\t\t\t<\/div>\n\t\t<\/div>\n\t\t\t\t\t<\/div>\n\t\t<\/section>\n\t\t\t\t<\/div>","protected":false},"excerpt":{"rendered":"","protected":false},"author":6628,"featured_media":0,"parent":0,"menu_order":0,"comment_status":"closed","ping_status":"closed","template":"","meta":{"_acf_changed":false,"footnotes":""},"class_list":["post-3632","page","type-page","status-publish","hentry"],"acf":[],"_links":{"self":[{"href":"https:\/\/npm.org\/es\/wp-json\/wp\/v2\/pages\/3632"}],"collection":[{"href":"https:\/\/npm.org\/es\/wp-json\/wp\/v2\/pages"}],"about":[{"href":"https:\/\/npm.org\/es\/wp-json\/wp\/v2\/types\/page"}],"author":[{"embeddable":true,"href":"https:\/\/npm.org\/es\/wp-json\/wp\/v2\/users\/6628"}],"replies":[{"embeddable":true,"href":"https:\/\/npm.org\/es\/wp-json\/wp\/v2\/comments?post=3632"}],"version-history":[{"count":0,"href":"https:\/\/npm.org\/es\/wp-json\/wp\/v2\/pages\/3632\/revisions"}],"wp:attachment":[{"href":"https:\/\/npm.org\/es\/wp-json\/wp\/v2\/media?parent=3632"}],"curies":[{"name":"gracias","href":"https:\/\/api.w.org\/{rel}","templated":true}]}}