{"id":3466,"date":"2017-08-24T18:47:10","date_gmt":"2017-08-24T18:47:10","guid":{"rendered":"https:\/\/npm.org\/?page_id=3466"},"modified":"2021-04-06T04:38:43","modified_gmt":"2021-04-06T04:38:43","slug":"nuptial-blessings","status":"publish","type":"page","link":"https:\/\/npm.org\/es\/formation\/chants-of-the-roman-missal\/nuptial-blessings\/","title":{"rendered":"Bendiciones nupciales"},"content":{"rendered":"<div data-elementor-type=\"wp-page\" data-elementor-id=\"3466\" class=\"elementor elementor-3466\" data-elementor-post-type=\"page\">\n\t\t\t\t\t\t<section class=\"elementor-section elementor-top-section elementor-element elementor-element-fda747b elementor-section-boxed elementor-section-height-default elementor-section-height-default\" data-id=\"fda747b\" data-element_type=\"section\" data-e-type=\"section\">\n\t\t\t\t\t\t<div class=\"elementor-container elementor-column-gap-default\">\n\t\t\t\t\t<div class=\"elementor-column elementor-col-66 elementor-top-column elementor-element elementor-element-253831f\" data-id=\"253831f\" data-element_type=\"column\" data-e-type=\"column\">\n\t\t\t<div class=\"elementor-widget-wrap elementor-element-populated\">\n\t\t\t\t\t\t<div class=\"elementor-element elementor-element-2ff05f5d elementor-widget elementor-widget-text-editor\" data-id=\"2ff05f5d\" data-element_type=\"widget\" data-e-type=\"widget\" data-widget_type=\"text-editor.default\">\n\t\t\t\t<div class=\"elementor-widget-container\">\n\t\t\t\t\t\t\t\t\t<h2>Cantos para las bendiciones nupciales<\/h2><p><span style=\"font-size: 14pt;\"><b>Bendiciones nupciales (<a href=\"https:\/\/npm.org\/wp-content\/uploads\/2017\/08\/MBlessing.mp3\">Archivo de audio<\/a>) <\/b><\/span><\/p><p><span style=\"font-size: 14pt;\"><strong><a href=\"https:\/\/npm.org\/wp-content\/uploads\/2017\/08\/Nuptial%20Blessing%20A.pdf\">La celebraci\u00f3n del matrimonio A<\/a>\u00a0(<a href=\"https:\/\/npm.org\/wp-content\/uploads\/2017\/08\/MRiteA.mp3\">Archivo de audio<\/a>)\u00a0<\/strong><\/span><\/p><p><span style=\"font-size: 14pt;\"><strong><a href=\"https:\/\/npm.org\/wp-content\/uploads\/2017\/08\/Nuptial%20Blessing%20B.pdf\">La celebraci\u00f3n del matrimonio B<\/a>\u00a0(<a href=\"https:\/\/npm.org\/wp-content\/uploads\/2017\/08\/MRiteB.mp3\">Archivo de audio<\/a>)\u00a0<\/strong><\/span><\/p><p><span style=\"font-size: 14pt;\"><strong><a href=\"https:\/\/npm.org\/wp-content\/uploads\/2017\/08\/Nuptial%20Blessing%20C.pdf\">La celebraci\u00f3n del matrimonio C<\/a>\u00a0(<a href=\"https:\/\/npm.org\/wp-content\/uploads\/2017\/08\/MRiteC.mp3\">Archivo de audio<\/a>)\u00a0<\/strong><\/span><\/p>\t\t\t\t\t\t\t\t<\/div>\n\t\t\t\t<\/div>\n\t\t\t\t\t<\/div>\n\t\t<\/div>\n\t\t\t\t<div class=\"elementor-column elementor-col-33 elementor-top-column elementor-element elementor-element-7afa7b4\" data-id=\"7afa7b4\" data-element_type=\"column\" data-e-type=\"column\">\n\t\t\t<div class=\"elementor-widget-wrap elementor-element-populated\">\n\t\t\t\t\t\t<div class=\"elementor-element elementor-element-d24ab9f elementor-nav-menu--dropdown-tablet elementor-nav-menu__text-align-aside elementor-nav-menu--toggle elementor-nav-menu--burger elementor-widget elementor-widget-nav-menu\" data-id=\"d24ab9f\" data-element_type=\"widget\" data-e-type=\"widget\" data-settings=\"{&quot;layout&quot;:&quot;vertical&quot;,&quot;submenu_icon&quot;:{&quot;value&quot;:&quot;&lt;i class=\\&quot;fas fa-caret-down\\&quot; aria-hidden=\\&quot;true\\&quot;&gt;&lt;\\\/i&gt;&quot;,&quot;library&quot;:&quot;fa-solid&quot;},&quot;toggle&quot;:&quot;burger&quot;}\" data-widget_type=\"nav-menu.default\">\n\t\t\t\t<div class=\"elementor-widget-container\">\n\t\t\t\t\t\t\t\t<nav aria-label=\"Men\u00fa\" class=\"elementor-nav-menu--main elementor-nav-menu__container elementor-nav-menu--layout-vertical e--pointer-none\">\n\t\t\t\t<ul id=\"menu-1-d24ab9f\" class=\"elementor-nav-menu sm-vertical\"><li class=\"menu-item menu-item-type-post_type menu-item-object-page menu-item-3212\"><a href=\"https:\/\/npm.org\/es\/formation\/chants-of-the-roman-missal\/appendix-to-the-order-of-mass\/appendix-1-other-chants\/\" class=\"elementor-item\">Ap\u00e9ndice 1: Otros c\u00e1nticos<\/a><\/li>\n<li class=\"menu-item menu-item-type-post_type menu-item-object-page menu-item-3178\"><a href=\"https:\/\/npm.org\/es\/formation\/chants-of-the-roman-missal\/appendix-to-the-order-of-mass\/\" class=\"elementor-item\">Ap\u00e9ndice al orden de la misa<\/a><\/li>\n<li class=\"menu-item menu-item-type-post_type menu-item-object-page menu-item-15337\"><a href=\"https:\/\/npm.org\/es\/formation\/chants-of-the-roman-missal\/chant-directory-of-book-and-resources\/\" class=\"elementor-item\">Chant - Directorio de libros y recursos<\/a><\/li>\n<li class=\"menu-item menu-item-type-post_type menu-item-object-page menu-item-15338\"><a href=\"https:\/\/npm.org\/es\/formation\/chants-of-the-roman-missal\/chant-faq\/\" class=\"elementor-item\">Preguntas frecuentes sobre el canto<\/a><\/li>\n<li class=\"menu-item menu-item-type-post_type menu-item-object-page menu-item-15339\"><a href=\"https:\/\/npm.org\/es\/formation\/chants-of-the-roman-missal\/chant-helpful-handouts-and-resources\/\" class=\"elementor-item\">Canto: folletos y recursos \u00fatiles<\/a><\/li>\n<li class=\"menu-item menu-item-type-post_type menu-item-object-page menu-item-3179\"><a href=\"https:\/\/npm.org\/es\/formation\/chants-of-the-roman-missal\/chants-for-the-eucharistic-prayer\/\" class=\"elementor-item\">Cantos para la Plegaria Eucar\u00edstica<\/a><\/li>\n<li class=\"menu-item menu-item-type-post_type menu-item-object-page menu-item-15340\"><a href=\"https:\/\/npm.org\/es\/formation\/chants-of-the-roman-missal\/\" class=\"elementor-item\">Cantos del Misal Romano<\/a><\/li>\n<li class=\"menu-item menu-item-type-post_type menu-item-object-page menu-item-3176\"><a href=\"https:\/\/npm.org\/es\/formation\/chants-of-the-roman-missal\/commons\/\" class=\"elementor-item\">Los comunes<\/a><\/li>\n<li class=\"menu-item menu-item-type-post_type menu-item-object-page menu-item-15341\"><a href=\"https:\/\/npm.org\/es\/formation\/chants-of-the-roman-missal\/directory-of-chant-books-and-resources\/\" class=\"elementor-item\">Directorio de libros de canto y recursos<\/a><\/li>\n<li class=\"menu-item menu-item-type-post_type menu-item-object-page menu-item-3470\"><a href=\"https:\/\/npm.org\/es\/formation\/chants-of-the-roman-missal\/nuptial-blessings\/\" class=\"elementor-item\">Bendiciones nupciales<\/a><\/li>\n<li class=\"menu-item menu-item-type-post_type menu-item-object-page menu-item-2651\"><a href=\"https:\/\/npm.org\/es\/formation\/chants-of-the-roman-missal\/roman-missal-settings\/\" class=\"elementor-item\">Ajustes masivos<\/a><\/li>\n<li class=\"menu-item menu-item-type-post_type menu-item-object-page menu-item-3174\"><a href=\"https:\/\/npm.org\/es\/formation\/chants-of-the-roman-missal\/masses-and-prayers-for-various-needs-and-occasions\/\" class=\"elementor-item\">Misas y oraciones para diversas necesidades y ocasiones<\/a><\/li>\n<li class=\"menu-item menu-item-type-post_type menu-item-object-page menu-item-3181\"><a href=\"https:\/\/npm.org\/es\/formation\/chants-of-the-roman-missal\/the-order-of-mass\/\" class=\"elementor-item\">El orden de la misa<\/a><\/li>\n<li class=\"menu-item menu-item-type-post_type menu-item-object-page menu-item-3180\"><a href=\"https:\/\/npm.org\/es\/formation\/chants-of-the-roman-missal\/prefaces-in-the-order-of-mass\/\" class=\"elementor-item\">Prefacios en el orden de la misa<\/a><\/li>\n<li class=\"menu-item menu-item-type-post_type menu-item-object-page menu-item-3177\"><a href=\"https:\/\/npm.org\/es\/formation\/chants-of-the-roman-missal\/proper-of-saints\/\" class=\"elementor-item\">Propio de los santos<\/a><\/li>\n<li class=\"menu-item menu-item-type-post_type menu-item-object-page menu-item-3182\"><a href=\"https:\/\/npm.org\/es\/formation\/chants-of-the-roman-missal\/the-proper-of-time\/\" class=\"elementor-item\">El propio del tiempo<\/a><\/li>\n<li class=\"menu-item menu-item-type-post_type menu-item-object-page menu-item-3173\"><a href=\"https:\/\/npm.org\/es\/formation\/chants-of-the-roman-missal\/votive-masses\/\" class=\"elementor-item\">Misas votivas<\/a><\/li>\n<li class=\"menu-item menu-item-type-post_type menu-item-object-page menu-item-3175\"><a href=\"https:\/\/npm.org\/es\/formation\/chants-of-the-roman-missal\/ritual-masses\/\" class=\"elementor-item\">Misas rituales<\/a><\/li>\n<\/ul>\t\t\t<\/nav>\n\t\t\t\t\t<div class=\"elementor-menu-toggle\" role=\"button\" tabindex=\"0\" aria-label=\"Men\u00fa Alternar\" aria-expanded=\"false\">\n\t\t\t<i aria-hidden=\"true\" role=\"presentation\" class=\"elementor-menu-toggle__icon--open eicon-menu-bar\"><\/i><i aria-hidden=\"true\" role=\"presentation\" class=\"elementor-menu-toggle__icon--close eicon-close\"><\/i>\t\t<\/div>\n\t\t\t\t\t<nav class=\"elementor-nav-menu--dropdown elementor-nav-menu__container\" aria-hidden=\"true\">\n\t\t\t\t<ul id=\"menu-2-d24ab9f\" class=\"elementor-nav-menu sm-vertical\"><li class=\"menu-item menu-item-type-post_type menu-item-object-page menu-item-3212\"><a href=\"https:\/\/npm.org\/es\/formation\/chants-of-the-roman-missal\/appendix-to-the-order-of-mass\/appendix-1-other-chants\/\" class=\"elementor-item\" tabindex=\"-1\">Ap\u00e9ndice 1: Otros c\u00e1nticos<\/a><\/li>\n<li class=\"menu-item menu-item-type-post_type menu-item-object-page menu-item-3178\"><a href=\"https:\/\/npm.org\/es\/formation\/chants-of-the-roman-missal\/appendix-to-the-order-of-mass\/\" class=\"elementor-item\" tabindex=\"-1\">Ap\u00e9ndice al orden de la misa<\/a><\/li>\n<li class=\"menu-item menu-item-type-post_type menu-item-object-page menu-item-15337\"><a href=\"https:\/\/npm.org\/es\/formation\/chants-of-the-roman-missal\/chant-directory-of-book-and-resources\/\" class=\"elementor-item\" tabindex=\"-1\">Chant - Directorio de libros y recursos<\/a><\/li>\n<li class=\"menu-item menu-item-type-post_type menu-item-object-page menu-item-15338\"><a href=\"https:\/\/npm.org\/es\/formation\/chants-of-the-roman-missal\/chant-faq\/\" class=\"elementor-item\" tabindex=\"-1\">Preguntas frecuentes sobre el canto<\/a><\/li>\n<li class=\"menu-item menu-item-type-post_type menu-item-object-page menu-item-15339\"><a href=\"https:\/\/npm.org\/es\/formation\/chants-of-the-roman-missal\/chant-helpful-handouts-and-resources\/\" class=\"elementor-item\" tabindex=\"-1\">Canto: folletos y recursos \u00fatiles<\/a><\/li>\n<li class=\"menu-item menu-item-type-post_type menu-item-object-page menu-item-3179\"><a href=\"https:\/\/npm.org\/es\/formation\/chants-of-the-roman-missal\/chants-for-the-eucharistic-prayer\/\" class=\"elementor-item\" tabindex=\"-1\">Cantos para la Plegaria Eucar\u00edstica<\/a><\/li>\n<li class=\"menu-item menu-item-type-post_type menu-item-object-page menu-item-15340\"><a href=\"https:\/\/npm.org\/es\/formation\/chants-of-the-roman-missal\/\" class=\"elementor-item\" tabindex=\"-1\">Cantos del Misal Romano<\/a><\/li>\n<li class=\"menu-item menu-item-type-post_type menu-item-object-page menu-item-3176\"><a href=\"https:\/\/npm.org\/es\/formation\/chants-of-the-roman-missal\/commons\/\" class=\"elementor-item\" tabindex=\"-1\">Los comunes<\/a><\/li>\n<li class=\"menu-item menu-item-type-post_type menu-item-object-page menu-item-15341\"><a href=\"https:\/\/npm.org\/es\/formation\/chants-of-the-roman-missal\/directory-of-chant-books-and-resources\/\" class=\"elementor-item\" tabindex=\"-1\">Directorio de libros de canto y recursos<\/a><\/li>\n<li class=\"menu-item menu-item-type-post_type menu-item-object-page menu-item-3470\"><a href=\"https:\/\/npm.org\/es\/formation\/chants-of-the-roman-missal\/nuptial-blessings\/\" class=\"elementor-item\" tabindex=\"-1\">Bendiciones nupciales<\/a><\/li>\n<li class=\"menu-item menu-item-type-post_type menu-item-object-page menu-item-2651\"><a href=\"https:\/\/npm.org\/es\/formation\/chants-of-the-roman-missal\/roman-missal-settings\/\" class=\"elementor-item\" tabindex=\"-1\">Ajustes masivos<\/a><\/li>\n<li class=\"menu-item menu-item-type-post_type menu-item-object-page menu-item-3174\"><a href=\"https:\/\/npm.org\/es\/formation\/chants-of-the-roman-missal\/masses-and-prayers-for-various-needs-and-occasions\/\" class=\"elementor-item\" tabindex=\"-1\">Misas y oraciones para diversas necesidades y ocasiones<\/a><\/li>\n<li class=\"menu-item menu-item-type-post_type menu-item-object-page menu-item-3181\"><a href=\"https:\/\/npm.org\/es\/formation\/chants-of-the-roman-missal\/the-order-of-mass\/\" class=\"elementor-item\" tabindex=\"-1\">El orden de la misa<\/a><\/li>\n<li class=\"menu-item menu-item-type-post_type menu-item-object-page menu-item-3180\"><a href=\"https:\/\/npm.org\/es\/formation\/chants-of-the-roman-missal\/prefaces-in-the-order-of-mass\/\" class=\"elementor-item\" tabindex=\"-1\">Prefacios en el orden de la misa<\/a><\/li>\n<li class=\"menu-item menu-item-type-post_type menu-item-object-page menu-item-3177\"><a href=\"https:\/\/npm.org\/es\/formation\/chants-of-the-roman-missal\/proper-of-saints\/\" class=\"elementor-item\" tabindex=\"-1\">Propio de los santos<\/a><\/li>\n<li class=\"menu-item menu-item-type-post_type menu-item-object-page menu-item-3182\"><a href=\"https:\/\/npm.org\/es\/formation\/chants-of-the-roman-missal\/the-proper-of-time\/\" class=\"elementor-item\" tabindex=\"-1\">El propio del tiempo<\/a><\/li>\n<li class=\"menu-item menu-item-type-post_type menu-item-object-page menu-item-3173\"><a href=\"https:\/\/npm.org\/es\/formation\/chants-of-the-roman-missal\/votive-masses\/\" class=\"elementor-item\" tabindex=\"-1\">Misas votivas<\/a><\/li>\n<li class=\"menu-item menu-item-type-post_type menu-item-object-page menu-item-3175\"><a href=\"https:\/\/npm.org\/es\/formation\/chants-of-the-roman-missal\/ritual-masses\/\" class=\"elementor-item\" tabindex=\"-1\">Misas rituales<\/a><\/li>\n<\/ul>\t\t\t<\/nav>\n\t\t\t\t\t\t<\/div>\n\t\t\t\t<\/div>\n\t\t\t\t\t<\/div>\n\t\t<\/div>\n\t\t\t\t\t<\/div>\n\t\t<\/section>\n\t\t\t\t<section class=\"elementor-section elementor-top-section elementor-element elementor-element-1148e3f9 elementor-section-boxed elementor-section-height-default elementor-section-height-default\" data-id=\"1148e3f9\" data-element_type=\"section\" data-e-type=\"section\">\n\t\t\t\t\t\t<div class=\"elementor-container elementor-column-gap-default\">\n\t\t\t\t\t<div class=\"elementor-column elementor-col-100 elementor-top-column elementor-element elementor-element-5c9a38a5\" data-id=\"5c9a38a5\" data-element_type=\"column\" data-e-type=\"column\">\n\t\t\t<div class=\"elementor-widget-wrap\">\n\t\t\t\t\t\t\t<\/div>\n\t\t<\/div>\n\t\t\t\t\t<\/div>\n\t\t<\/section>\n\t\t\t\t<\/div>","protected":false},"excerpt":{"rendered":"<p>Cantos para las bendiciones nupciales Bendiciones nupciales (archivo de audio) La celebraci\u00f3n del matrimonio A (archivo de audio) La celebraci\u00f3n del matrimonio B (archivo de audio) La celebraci\u00f3n del matrimonio C (archivo de audio)\u00a0<\/p>","protected":false},"author":6628,"featured_media":0,"parent":2652,"menu_order":0,"comment_status":"closed","ping_status":"closed","template":"","meta":{"_acf_changed":false,"footnotes":""},"class_list":["post-3466","page","type-page","status-publish","hentry"],"acf":[],"_links":{"self":[{"href":"https:\/\/npm.org\/es\/wp-json\/wp\/v2\/pages\/3466"}],"collection":[{"href":"https:\/\/npm.org\/es\/wp-json\/wp\/v2\/pages"}],"about":[{"href":"https:\/\/npm.org\/es\/wp-json\/wp\/v2\/types\/page"}],"author":[{"embeddable":true,"href":"https:\/\/npm.org\/es\/wp-json\/wp\/v2\/users\/6628"}],"replies":[{"embeddable":true,"href":"https:\/\/npm.org\/es\/wp-json\/wp\/v2\/comments?post=3466"}],"version-history":[{"count":0,"href":"https:\/\/npm.org\/es\/wp-json\/wp\/v2\/pages\/3466\/revisions"}],"up":[{"embeddable":true,"href":"https:\/\/npm.org\/es\/wp-json\/wp\/v2\/pages\/2652"}],"wp:attachment":[{"href":"https:\/\/npm.org\/es\/wp-json\/wp\/v2\/media?parent=3466"}],"curies":[{"name":"gracias","href":"https:\/\/api.w.org\/{rel}","templated":true}]}}