{"id":286,"date":"2017-06-14T02:05:40","date_gmt":"2017-06-14T02:05:40","guid":{"rendered":"https:\/\/npm.org\/?page_id=286"},"modified":"2023-05-23T15:49:07","modified_gmt":"2023-05-23T19:49:07","slug":"join","status":"publish","type":"page","link":"https:\/\/npm.org\/es\/join\/","title":{"rendered":"\u00danete a NPM"},"content":{"rendered":"<div data-elementor-type=\"wp-page\" data-elementor-id=\"286\" class=\"elementor elementor-286\" data-elementor-post-type=\"page\">\n\t\t\t\t\t\t<section class=\"elementor-section elementor-top-section elementor-element elementor-element-fd28cb0 elementor-section-boxed elementor-section-height-default elementor-section-height-default\" data-id=\"fd28cb0\" data-element_type=\"section\" data-e-type=\"section\">\n\t\t\t\t\t\t<div class=\"elementor-container elementor-column-gap-default\">\n\t\t\t\t\t<div class=\"elementor-column elementor-col-100 elementor-top-column elementor-element elementor-element-4ab9c0b\" data-id=\"4ab9c0b\" data-element_type=\"column\" data-e-type=\"column\">\n\t\t\t<div class=\"elementor-widget-wrap elementor-element-populated\">\n\t\t\t\t\t\t<div class=\"elementor-element elementor-element-8474d46 elementor-widget elementor-widget-image\" data-id=\"8474d46\" data-element_type=\"widget\" data-e-type=\"widget\" data-widget_type=\"image.default\">\n\t\t\t\t<div class=\"elementor-widget-container\">\n\t\t\t\t\t\t\t\t\t\t\t\t\t\t\t<img fetchpriority=\"high\" decoding=\"async\" width=\"860\" height=\"202\" src=\"https:\/\/npm.org\/wp-content\/uploads\/NPM-Join-banner-1024x241.png\" class=\"attachment-large size-large wp-image-18261\" alt=\"\" srcset=\"https:\/\/npm.org\/wp-content\/uploads\/NPM-Join-banner-1024x241.png 1024w, https:\/\/npm.org\/wp-content\/uploads\/NPM-Join-banner-300x71.png 300w, https:\/\/npm.org\/wp-content\/uploads\/NPM-Join-banner-768x181.png 768w, https:\/\/npm.org\/wp-content\/uploads\/NPM-Join-banner-1536x362.png 1536w, https:\/\/npm.org\/wp-content\/uploads\/NPM-Join-banner-18x4.png 18w, https:\/\/npm.org\/wp-content\/uploads\/NPM-Join-banner-260x61.png 260w, https:\/\/npm.org\/wp-content\/uploads\/NPM-Join-banner.png 2000w\" sizes=\"(max-width: 860px) 100vw, 860px\" \/>\t\t\t\t\t\t\t\t\t\t\t\t\t\t\t<\/div>\n\t\t\t\t<\/div>\n\t\t\t\t\t<\/div>\n\t\t<\/div>\n\t\t\t\t\t<\/div>\n\t\t<\/section>\n\t\t\t\t<section class=\"elementor-section elementor-top-section elementor-element elementor-element-60238ad elementor-section-boxed elementor-section-height-default elementor-section-height-default\" data-id=\"60238ad\" data-element_type=\"section\" data-e-type=\"section\">\n\t\t\t\t\t\t<div class=\"elementor-container elementor-column-gap-default\">\n\t\t\t\t\t<div class=\"elementor-column elementor-col-100 elementor-top-column elementor-element elementor-element-c41906e\" data-id=\"c41906e\" data-element_type=\"column\" data-e-type=\"column\">\n\t\t\t<div class=\"elementor-widget-wrap elementor-element-populated\">\n\t\t\t\t\t\t<div class=\"elementor-element elementor-element-0ecb355 elementor-widget elementor-widget-testimonial\" data-id=\"0ecb355\" data-element_type=\"widget\" data-e-type=\"widget\" data-widget_type=\"testimonial.default\">\n\t\t\t\t<div class=\"elementor-widget-container\">\n\t\t\t\t\t\t\t<div class=\"elementor-testimonial-wrapper\">\n\t\t\t\t\t\t\t<div class=\"elementor-testimonial-content\">&quot;NPM me ha ayudado a crecer no solo como m\u00fasico sino como persona de fe... Como miembro de NPM, he hecho amigos, cerca y lejos, con quienes puedo compartir &#039;historias de ser un ministro de m\u00fasica .&#039; Es bueno saber que no tienes que resolver las cosas por tu cuenta. Sobre todo, me encanta que la Asociaci\u00f3n haya seguido creciendo y evolucionando, al igual que la Iglesia y sus miembros crecen y evolucionan&quot;.<\/div>\n\t\t\t\n\t\t\t\t\t\t<div class=\"elementor-testimonial-meta elementor-has-image elementor-testimonial-image-position-aside\">\n\t\t\t\t<div class=\"elementor-testimonial-meta-inner\">\n\t\t\t\t\t\t\t\t\t\t\t<div class=\"elementor-testimonial-image\">\n\t\t\t\t\t\t\t<img decoding=\"async\" width=\"1280\" height=\"1280\" src=\"https:\/\/npm.org\/wp-content\/uploads\/music-1085655_1280.png\" class=\"attachment-full size-full wp-image-17667\" alt=\"\" srcset=\"https:\/\/npm.org\/wp-content\/uploads\/music-1085655_1280.png 1280w, https:\/\/npm.org\/wp-content\/uploads\/music-1085655_1280-300x300.png 300w, https:\/\/npm.org\/wp-content\/uploads\/music-1085655_1280-1024x1024.png 1024w, https:\/\/npm.org\/wp-content\/uploads\/music-1085655_1280-150x150.png 150w, https:\/\/npm.org\/wp-content\/uploads\/music-1085655_1280-768x768.png 768w, https:\/\/npm.org\/wp-content\/uploads\/music-1085655_1280-12x12.png 12w, https:\/\/npm.org\/wp-content\/uploads\/music-1085655_1280-260x260.png 260w\" sizes=\"(max-width: 1280px) 100vw, 1280px\" \/>\t\t\t\t\t\t<\/div>\n\t\t\t\t\t\n\t\t\t\t\t\t\t\t\t\t<div class=\"elementor-testimonial-details\">\n\t\t\t\t\t\t\t\t\t\t\t\t\t\t<div class=\"elementor-testimonial-name\">Arlala S.<\/div>\n\t\t\t\t\t\t\t\t\t\t\t\t\t\t\t\t\t\t\t\t\t\t<div class=\"elementor-testimonial-job\">Monterrey, California<\/div>\n\t\t\t\t\t\t\t\t\t\t\t\t\t<\/div>\n\t\t\t\t\t\t\t\t\t<\/div>\n\t\t\t<\/div>\n\t\t\t\t\t<\/div>\n\t\t\t\t\t\t<\/div>\n\t\t\t\t<\/div>\n\t\t\t\t\t<\/div>\n\t\t<\/div>\n\t\t\t\t\t<\/div>\n\t\t<\/section>\n\t\t\t\t<section class=\"elementor-section elementor-top-section elementor-element elementor-element-3f876f21 elementor-section-boxed elementor-section-height-default elementor-section-height-default\" data-id=\"3f876f21\" data-element_type=\"section\" data-e-type=\"section\">\n\t\t\t\t\t\t<div class=\"elementor-container elementor-column-gap-default\">\n\t\t\t\t\t<div class=\"elementor-column elementor-col-100 elementor-top-column elementor-element elementor-element-4785494f\" data-id=\"4785494f\" data-element_type=\"column\" data-e-type=\"column\">\n\t\t\t<div class=\"elementor-widget-wrap elementor-element-populated\">\n\t\t\t\t\t\t<div class=\"elementor-element elementor-element-6faaeb8d elementor-widget elementor-widget-text-editor\" data-id=\"6faaeb8d\" data-element_type=\"widget\" data-e-type=\"widget\" data-widget_type=\"text-editor.default\">\n\t\t\t\t<div class=\"elementor-widget-container\">\n\t\t\t\t\t\t\t\t\t<p>\u00a0<\/p>\n\n<p style=\"text-align: center;\">NPM es una Asociaci\u00f3n que apoya a los m\u00fasicos pastorales en la Iglesia de hoy. <br \/>Al unirse a NPM, recibir\u00e1 oportunidades educativas, contactos y recursos incomparables para fortalecer a\u00fan m\u00e1s su ministerio musical.\u00a0<\/p>\n<p style=\"text-align: center;\"><span style=\"text-decoration: underline; font-size: 18pt;\"><strong>Unirse a NPM: Preguntas frecuentes<\/strong><\/span><\/p>\n<p style=\"text-align: center;\"><span style=\"font-size: 18pt;\"><strong>\u00bfQu\u00e9 es NPM?<br \/><\/strong><\/span>La Asociaci\u00f3n Nacional de M\u00fasicos Pastorales (NPM) es una organizaci\u00f3n sin fines de lucro para profesionales, voluntarios y cualquier persona que se preocupe por la vida lit\u00fargica de la Iglesia.<\/p>\n<p>\u00a0<\/p>\n<p style=\"text-align: center;\"><span style=\"font-size: 18pt;\"><strong>\u00bfQui\u00e9n puede unirse a NPM?<br \/><\/strong><\/span>Cualquiera que se preocupe por la vida lit\u00fargica de su comunidad de fe, incluidos m\u00fasicos y ministros en todas las formas del ministerio de la iglesia: organistas, pianistas, cantores, directores de coro, ministros universitarios, ministros de j\u00f3venes y cl\u00e9rigos (solo por nombrar algunos).<\/p>\n<p>\u00a0<\/p>\n<p style=\"text-align: center;\"><span style=\"font-size: 18pt;\"><strong>\u00bfC\u00f3mo puedo unirme a NPM?<br \/><\/strong><\/span><a href=\"https:\/\/npm.org\/es\/membership\/\"><strong><u>haga clic aqu\u00ed<\/u><\/strong><\/a> para unirse y encontrar precios, descuentos y opciones de membres\u00eda que se ajusten a su presupuesto.<\/p>\n<p>\u00a0<\/p>\n<p style=\"text-align: center;\"><span style=\"font-size: 18pt;\"><strong>\u00bfPor qu\u00e9 deber\u00eda unirme?<br \/><\/strong><\/span>Convertirse en miembro de la Asociaci\u00f3n Nacional de M\u00fasicos Pastorales es r\u00e1pido, f\u00e1cil y brinda una gran cantidad de beneficios a sus miembros. Hay tres niveles de membres\u00eda, hechos a medida para adaptarse a cualquier nivel de ministerio musical al que se sienta llamado. Obtenga m\u00e1s informaci\u00f3n sobre los niveles de membres\u00eda aqu\u00ed y encuentre cu\u00e1l es el adecuado para usted.<\/p>\n\t\t\t\t\t\t\t\t<\/div>\n\t\t\t\t<\/div>\n\t\t\t\t\t<\/div>\n\t\t<\/div>\n\t\t\t\t\t<\/div>\n\t\t<\/section>\n\t\t\t\t<section class=\"elementor-section elementor-top-section elementor-element elementor-element-bfbbbfb elementor-section-boxed elementor-section-height-default elementor-section-height-default\" data-id=\"bfbbbfb\" data-element_type=\"section\" data-e-type=\"section\">\n\t\t\t\t\t\t<div class=\"elementor-container elementor-column-gap-default\">\n\t\t\t\t\t<div class=\"elementor-column elementor-col-100 elementor-top-column elementor-element elementor-element-ff79e28\" data-id=\"ff79e28\" data-element_type=\"column\" data-e-type=\"column\">\n\t\t\t<div class=\"elementor-widget-wrap elementor-element-populated\">\n\t\t\t\t\t\t<div class=\"elementor-element elementor-element-4733b93 elementor-widget elementor-widget-heading\" data-id=\"4733b93\" data-element_type=\"widget\" data-e-type=\"widget\" data-widget_type=\"heading.default\">\n\t\t\t\t<div class=\"elementor-widget-container\">\n\t\t\t\t\t<h2 class=\"elementor-heading-title elementor-size-default\">Pruebe NPM gratis<\/h2>\t\t\t\t<\/div>\n\t\t\t\t<\/div>\n\t\t\t\t\t<\/div>\n\t\t<\/div>\n\t\t\t\t\t<\/div>\n\t\t<\/section>\n\t\t\t\t<section class=\"elementor-section elementor-top-section elementor-element elementor-element-8b1a11c elementor-section-boxed elementor-section-height-default elementor-section-height-default\" data-id=\"8b1a11c\" data-element_type=\"section\" data-e-type=\"section\">\n\t\t\t\t\t\t<div class=\"elementor-container elementor-column-gap-default\">\n\t\t\t\t\t<div class=\"elementor-column elementor-col-100 elementor-top-column elementor-element elementor-element-206d51d\" data-id=\"206d51d\" data-element_type=\"column\" data-e-type=\"column\">\n\t\t\t<div class=\"elementor-widget-wrap elementor-element-populated\">\n\t\t\t\t\t\t<div class=\"elementor-element elementor-element-2640b75 elementor-widget elementor-widget-text-editor\" data-id=\"2640b75\" data-element_type=\"widget\" data-e-type=\"widget\" data-widget_type=\"text-editor.default\">\n\t\t\t\t<div class=\"elementor-widget-container\">\n\t\t\t\t\t\t\t\t\t<p style=\"text-align: center;\">Pruebe NPM durante 30 d\u00edas, sin riesgos, utilizando el c\u00f3digo TRYNPM23. \u00a1Obtenga m\u00e1s informaci\u00f3n sobre los niveles de membres\u00eda de NPM utilizando los enlaces a continuaci\u00f3n y \u00fanase a NPM hoy!\u00a0<\/p>\t\t\t\t\t\t\t\t<\/div>\n\t\t\t\t<\/div>\n\t\t\t\t\t<\/div>\n\t\t<\/div>\n\t\t\t\t\t<\/div>\n\t\t<\/section>\n\t\t\t\t<section class=\"elementor-section elementor-top-section elementor-element elementor-element-27d098e elementor-section-boxed elementor-section-height-default elementor-section-height-default\" data-id=\"27d098e\" data-element_type=\"section\" data-e-type=\"section\">\n\t\t\t\t\t\t<div class=\"elementor-container elementor-column-gap-default\">\n\t\t\t\t\t<div class=\"elementor-column elementor-col-50 elementor-top-column elementor-element elementor-element-27bba77\" data-id=\"27bba77\" data-element_type=\"column\" data-e-type=\"column\">\n\t\t\t<div class=\"elementor-widget-wrap elementor-element-populated\">\n\t\t\t\t\t\t<div class=\"elementor-element elementor-element-5164068 elementor-align-center elementor-widget elementor-widget-button\" data-id=\"5164068\" data-element_type=\"widget\" data-e-type=\"widget\" data-widget_type=\"button.default\">\n\t\t\t\t<div class=\"elementor-widget-container\">\n\t\t\t\t\t\t\t\t\t<div class=\"elementor-button-wrapper\">\n\t\t\t\t\t<a class=\"elementor-button elementor-button-link elementor-size-lg\" href=\"https:\/\/npm.org\/es\/membership\/\" target=\"_blank\">\n\t\t\t\t\t\t<span class=\"elementor-button-content-wrapper\">\n\t\t\t\t\t\t\t\t\t<span class=\"elementor-button-text\">Niveles de membres\u00eda de NPM<\/span>\n\t\t\t\t\t<\/span>\n\t\t\t\t\t<\/a>\n\t\t\t\t<\/div>\n\t\t\t\t\t\t\t\t<\/div>\n\t\t\t\t<\/div>\n\t\t\t\t\t<\/div>\n\t\t<\/div>\n\t\t\t\t<div class=\"elementor-column elementor-col-50 elementor-top-column elementor-element elementor-element-ed357d3\" data-id=\"ed357d3\" data-element_type=\"column\" data-e-type=\"column\">\n\t\t\t<div class=\"elementor-widget-wrap elementor-element-populated\">\n\t\t\t\t\t\t<div class=\"elementor-element elementor-element-cf210da elementor-align-center elementor-widget elementor-widget-button\" data-id=\"cf210da\" data-element_type=\"widget\" data-e-type=\"widget\" data-widget_type=\"button.default\">\n\t\t\t\t<div class=\"elementor-widget-container\">\n\t\t\t\t\t\t\t\t\t<div class=\"elementor-button-wrapper\">\n\t\t\t\t\t<a class=\"elementor-button elementor-button-link elementor-size-lg\" href=\"https:\/\/npm.site-ym.com\/general\/register_member_type.asp?\" target=\"_blank\">\n\t\t\t\t\t\t<span class=\"elementor-button-content-wrapper\">\n\t\t\t\t\t\t\t\t\t<span class=\"elementor-button-text\">\u00danase a NPM hoy<\/span>\n\t\t\t\t\t<\/span>\n\t\t\t\t\t<\/a>\n\t\t\t\t<\/div>\n\t\t\t\t\t\t\t\t<\/div>\n\t\t\t\t<\/div>\n\t\t\t\t\t<\/div>\n\t\t<\/div>\n\t\t\t\t\t<\/div>\n\t\t<\/section>\n\t\t\t\t<\/div>","protected":false},"excerpt":{"rendered":"<p>&#8220;NPM has helped me to grow not only as a musician but as a person of faith&#8230;.As a member of NPM, I&#8217;ve made friends, near and far, with whom I can share &#8216;stories of being a music minister.&#8217; It&#8217;s nice to know that you don&#8217;t have to figure out things on your own. Most of [&hellip;]<\/p>\n","protected":false},"author":6628,"featured_media":0,"parent":0,"menu_order":0,"comment_status":"closed","ping_status":"closed","template":"","meta":{"_acf_changed":false,"footnotes":""},"class_list":["post-286","page","type-page","status-publish","hentry"],"acf":[],"_links":{"self":[{"href":"https:\/\/npm.org\/es\/wp-json\/wp\/v2\/pages\/286"}],"collection":[{"href":"https:\/\/npm.org\/es\/wp-json\/wp\/v2\/pages"}],"about":[{"href":"https:\/\/npm.org\/es\/wp-json\/wp\/v2\/types\/page"}],"author":[{"embeddable":true,"href":"https:\/\/npm.org\/es\/wp-json\/wp\/v2\/users\/6628"}],"replies":[{"embeddable":true,"href":"https:\/\/npm.org\/es\/wp-json\/wp\/v2\/comments?post=286"}],"version-history":[{"count":21,"href":"https:\/\/npm.org\/es\/wp-json\/wp\/v2\/pages\/286\/revisions"}],"predecessor-version":[{"id":21724,"href":"https:\/\/npm.org\/es\/wp-json\/wp\/v2\/pages\/286\/revisions\/21724"}],"wp:attachment":[{"href":"https:\/\/npm.org\/es\/wp-json\/wp\/v2\/media?parent=286"}],"curies":[{"name":"gracias","href":"https:\/\/api.w.org\/{rel}","templated":true}]}}