{"id":2652,"date":"2017-08-06T20:05:05","date_gmt":"2017-08-06T20:05:05","guid":{"rendered":"https:\/\/npm.org\/?page_id=2652"},"modified":"2024-08-06T09:46:03","modified_gmt":"2024-08-06T13:46:03","slug":"chants-of-the-roman-missal","status":"publish","type":"page","link":"https:\/\/npm.org\/es\/formation\/chants-of-the-roman-missal\/","title":{"rendered":"Cantos del Misal Romano"},"content":{"rendered":"<div data-elementor-type=\"wp-page\" data-elementor-id=\"2652\" class=\"elementor elementor-2652\" data-elementor-post-type=\"page\">\n\t\t\t\t\t\t<section class=\"elementor-section elementor-top-section elementor-element elementor-element-6f559f85 elementor-section-boxed elementor-section-height-default elementor-section-height-default\" data-id=\"6f559f85\" data-element_type=\"section\" data-e-type=\"section\">\n\t\t\t\t\t\t<div class=\"elementor-container elementor-column-gap-default\">\n\t\t\t\t\t<div class=\"elementor-column elementor-col-100 elementor-top-column elementor-element elementor-element-46364cfd\" data-id=\"46364cfd\" data-element_type=\"column\" data-e-type=\"column\">\n\t\t\t<div class=\"elementor-widget-wrap elementor-element-populated\">\n\t\t\t\t\t\t<div class=\"elementor-element elementor-element-74c3adb8 elementor-widget elementor-widget-text-editor\" data-id=\"74c3adb8\" data-element_type=\"widget\" data-e-type=\"widget\" data-widget_type=\"text-editor.default\">\n\t\t\t\t<div class=\"elementor-widget-container\">\n\t\t\t\t\t\t\t\t\t<p><\/p>\n<p>Los escenarios musicales de los textos lit\u00fargicos en&nbsp;<em>El misal romano<\/em>&nbsp;fueron preparados por el Comit\u00e9 Internacional del Ingl\u00e9s en la Liturgia (ICEL). Las \u00fanicas excepciones para los Estados Unidos son la Proclamaci\u00f3n de Navidad y el escenario del Padre Nuestro de Robert Snow, que aparecer\u00e1 en la edici\u00f3n estadounidense del Misal como la versi\u00f3n principal junto con los escenarios de ICEL. ICEL ha preparado un&nbsp;<a href=\"http:\/\/www.icelweb.org\/ICELMusicIntroductionRev809.pdf\" target=\"_blank\" rel=\"noopener noreferrer\"><strong>introducci\u00f3n a la m\u00fasica del Misal<\/strong><\/a>&nbsp;que explica los principios que se utilizaron en la preparaci\u00f3n de estos escenarios.<\/p>\n<p>Muchas de las grabaciones que se encuentran en estas p\u00e1ginas fueron preparadas bajo la direcci\u00f3n del Padre Anthony Ruff, OSB. Los cantantes que escuchar\u00e1 incluyen a la Sra. Verena Anders, el Sr. CJ Capen, la Sra. Barbara Ilacqua, la Sra. Trudy Maher, el Sr. David Mathers y el Sr. Thomas Stehle. El personal de la Secretar\u00eda de ICEL ha sido de extraordinaria ayuda y apoyo para hacer posible este proyecto, incluido Mons. Andrew Wadsworth, Mons. Bruce Harbert, el Sr. Peter Finn y el Dr. Jason McFarland. Gracias a la parroquia de Saint John Neumann en Reston, Virginia, donde se realizaron las grabaciones.<\/p>\n<p>Las grabaciones de m\u00fasica de NPM para&nbsp;<em>El misal romano<\/em>&nbsp;han sido posibles en parte gracias a una generosa subvenci\u00f3n de una importante fundaci\u00f3n cat\u00f3lica y las contribuciones de los miembros del MNP. Tambi\u00e9n recibimos apoyo para este proyecto de GIA Publications, Inc., The Liturgical Press, OCP y WLP\/JS Paluch Co. Estamos agradecidos por la generosidad que ha permitido a NPM hacer que estos recursos est\u00e9n disponibles gratuitamente.<\/p>\n<p>Extractos de la traducci\u00f3n al ingl\u00e9s y c\u00e1nticos de&nbsp;<em>El Misal Romano \u00a9&nbsp;<\/em>2010, Comisi\u00f3n Internacional de Ingl\u00e9s en la Liturgy Corporation. Reservados todos los derechos.<\/p>\n<p>Grabaciones de c\u00e1nticos de&nbsp;<em>El misal romano<\/em>&nbsp;\u00a9 2010, Asociaci\u00f3n Nacional de M\u00fasicos Pastorales (NPM). Reservados todos los derechos.<\/p>\n<p>M\u00fasica y grabaciones para los c\u00e1nticos de&nbsp;<em>El misal romano<\/em><\/p>\n<p>Esta colecci\u00f3n de c\u00e1nticos est\u00e1 organizada seg\u00fan el esquema de&nbsp;<em>El Misal Romano.&nbsp;&nbsp;<\/em>Haga clic en cada secci\u00f3n a continuaci\u00f3n para encontrar la m\u00fasica y las grabaciones:<\/p>\n<ul>\n<li><a href=\"https:\/\/npm.org\/es\/chants-of-the-roman-missal\/the-proper-of-time\/\">El propio del tiempo<\/a><\/li>\n<li><a href=\"https:\/\/npm.org\/es\/chants-of-the-roman-missal\/the-order-of-mass\/\">El orden de la misa<\/a><\/li>\n<li><a href=\"https:\/\/npm.org\/es\/chants-of-the-roman-missal\/prefaces-in-the-order-of-mass\/\">Prefacios de la Plegaria Eucar\u00edstica<\/a><\/li>\n<li><a href=\"https:\/\/npm.org\/es\/chants-of-the-roman-missal\/chants-for-the-eucharistic-prayer\/\">Cantos para la Plegaria Eucar\u00edstica<\/a><\/li>\n<li><a href=\"https:\/\/npm.org\/es\/chants-of-the-roman-missal\/appendix-to-the-order-of-mass\/\">Ap\u00e9ndice al orden de la misa<\/a><\/li>\n<li><a href=\"https:\/\/npm.org\/es\/chants-of-the-roman-missal\/proper-of-saints\/\">Propio de los santos<\/a><\/li>\n<li><a href=\"https:\/\/npm.org\/es\/chants-of-the-roman-missal\/commons\/\">Los comunes<\/a><\/li>\n<li><a href=\"https:\/\/npm.org\/es\/chants-of-the-roman-missal\/ritual-masses\/\">Misas rituales<\/a><\/li>\n<li><a href=\"https:\/\/npm.org\/es\/chants-of-the-roman-missal\/masses-and-prayers-for-various-needs-and-occasions\/\">Varias necesidades y ocasiones<\/a><\/li>\n<li><a href=\"https:\/\/npm.org\/es\/chants-of-the-roman-missal\/votive-masses\/\">Misas votivas<\/a><\/li>\n<li><a href=\"https:\/\/npm.org\/es\/appendix-1-other-chants\/\">Ap\u00e9ndice I: Otros c\u00e1nticos<\/a><\/li>\n<\/ul>\n<p><\/p>\t\t\t\t\t\t\t\t<\/div>\n\t\t\t\t<\/div>\n\t\t\t\t\t<\/div>\n\t\t<\/div>\n\t\t\t\t\t<\/div>\n\t\t<\/section>\n\t\t\t\t<section class=\"elementor-section elementor-top-section elementor-element elementor-element-16c231c elementor-section-boxed elementor-section-height-default elementor-section-height-default\" data-id=\"16c231c\" data-element_type=\"section\" data-e-type=\"section\">\n\t\t\t\t\t\t<div class=\"elementor-container elementor-column-gap-default\">\n\t\t\t\t\t<div class=\"elementor-column elementor-col-100 elementor-top-column elementor-element elementor-element-e09fcfe\" data-id=\"e09fcfe\" data-element_type=\"column\" data-e-type=\"column\">\n\t\t\t<div class=\"elementor-widget-wrap elementor-element-populated\">\n\t\t\t\t\t\t<div class=\"elementor-element elementor-element-3fbcf7c elementor-widget elementor-widget-text-editor\" data-id=\"3fbcf7c\" data-element_type=\"widget\" data-e-type=\"widget\" data-widget_type=\"text-editor.default\">\n\t\t\t\t<div class=\"elementor-widget-container\">\n\t\t\t\t\t\t\t\t\t<p style=\"text-align: center;\"><span style=\"font-size: 14pt;\"><em>Las grabaciones de los Cantos del Misal Romano est\u00e1n actualmente disponibles, de forma gratuita, para todos los ministros que sirven a la Iglesia en la actualidad. Si estas grabaciones le resultan \u00fatiles, le animamos a que <a href=\"https:\/\/npm.org\/es\/membership\/\">\u00fanete al MNP<\/a> como miembro o <a href=\"https:\/\/npmsecure.org\/donations\/index.php?appeal=OneNPM\">Haz una donaci\u00f3n<\/a> a la Asociaci\u00f3n. \u00a1Gracias por tu apoyo!\u00a0<\/em><\/span><\/p>\t\t\t\t\t\t\t\t<\/div>\n\t\t\t\t<\/div>\n\t\t\t\t\t<\/div>\n\t\t<\/div>\n\t\t\t\t\t<\/div>\n\t\t<\/section>\n\t\t\t\t<\/div>","protected":false},"excerpt":{"rendered":"<p>Las grabaciones de los Cantos del Misal Romano est\u00e1n actualmente disponibles, de forma gratuita, para todos los ministros que sirven a la Iglesia hoy. Si estas grabaciones le resultan \u00fatiles, le recomendamos que se una a NPM como miembro o haga una donaci\u00f3n a la Asociaci\u00f3n. \u00a1Gracias por tu apoyo!\u00a0<\/p>","protected":false},"author":6628,"featured_media":0,"parent":15232,"menu_order":0,"comment_status":"closed","ping_status":"closed","template":"","meta":{"_acf_changed":false,"footnotes":""},"class_list":["post-2652","page","type-page","status-publish","hentry"],"acf":[],"_links":{"self":[{"href":"https:\/\/npm.org\/es\/wp-json\/wp\/v2\/pages\/2652"}],"collection":[{"href":"https:\/\/npm.org\/es\/wp-json\/wp\/v2\/pages"}],"about":[{"href":"https:\/\/npm.org\/es\/wp-json\/wp\/v2\/types\/page"}],"author":[{"embeddable":true,"href":"https:\/\/npm.org\/es\/wp-json\/wp\/v2\/users\/6628"}],"replies":[{"embeddable":true,"href":"https:\/\/npm.org\/es\/wp-json\/wp\/v2\/comments?post=2652"}],"version-history":[{"count":7,"href":"https:\/\/npm.org\/es\/wp-json\/wp\/v2\/pages\/2652\/revisions"}],"predecessor-version":[{"id":23517,"href":"https:\/\/npm.org\/es\/wp-json\/wp\/v2\/pages\/2652\/revisions\/23517"}],"up":[{"embeddable":true,"href":"https:\/\/npm.org\/es\/wp-json\/wp\/v2\/pages\/15232"}],"wp:attachment":[{"href":"https:\/\/npm.org\/es\/wp-json\/wp\/v2\/media?parent=2652"}],"curies":[{"name":"gracias","href":"https:\/\/api.w.org\/{rel}","templated":true}]}}