{"id":25606,"date":"2025-12-15T15:57:56","date_gmt":"2025-12-15T20:57:56","guid":{"rendered":"https:\/\/npm.org\/?page_id=25606"},"modified":"2026-02-01T09:52:56","modified_gmt":"2026-02-01T14:52:56","slug":"2026-convention-virtual-convention-information","status":"publish","type":"page","link":"https:\/\/npm.org\/es\/2026-convention-virtual-convention-information\/","title":{"rendered":"Convenci\u00f3n 2026: Informaci\u00f3n sobre la Convenci\u00f3n Virtual"},"content":{"rendered":"<div data-elementor-type=\"wp-page\" data-elementor-id=\"25606\" class=\"elementor elementor-25606\" data-elementor-post-type=\"page\">\n\t\t\t\t\t\t<section class=\"elementor-section elementor-top-section elementor-element elementor-element-79e2562 elementor-section-boxed elementor-section-height-default elementor-section-height-default\" data-id=\"79e2562\" data-element_type=\"section\" data-e-type=\"section\">\n\t\t\t\t\t\t<div class=\"elementor-container elementor-column-gap-default\">\n\t\t\t\t\t<div class=\"elementor-column elementor-col-100 elementor-top-column elementor-element elementor-element-e7a30f8\" data-id=\"e7a30f8\" data-element_type=\"column\" data-e-type=\"column\">\n\t\t\t<div class=\"elementor-widget-wrap elementor-element-populated\">\n\t\t\t\t\t\t<div class=\"elementor-element elementor-element-abb3df7 elementor-widget elementor-widget-image\" data-id=\"abb3df7\" data-element_type=\"widget\" data-e-type=\"widget\" data-widget_type=\"image.default\">\n\t\t\t\t<div class=\"elementor-widget-container\">\n\t\t\t\t\t\t\t\t\t\t\t\t\t\t\t<img fetchpriority=\"high\" decoding=\"async\" width=\"860\" height=\"197\" src=\"https:\/\/npm.org\/wp-content\/uploads\/NPM-2026-Convention_live-and-recorded-sessions-information-web-banner-1024x235.png\" class=\"attachment-large size-large wp-image-25665\" alt=\"\" srcset=\"https:\/\/npm.org\/wp-content\/uploads\/NPM-2026-Convention_live-and-recorded-sessions-information-web-banner-1024x235.png 1024w, https:\/\/npm.org\/wp-content\/uploads\/NPM-2026-Convention_live-and-recorded-sessions-information-web-banner-300x69.png 300w, https:\/\/npm.org\/wp-content\/uploads\/NPM-2026-Convention_live-and-recorded-sessions-information-web-banner-768x176.png 768w, https:\/\/npm.org\/wp-content\/uploads\/NPM-2026-Convention_live-and-recorded-sessions-information-web-banner-1536x352.png 1536w, https:\/\/npm.org\/wp-content\/uploads\/NPM-2026-Convention_live-and-recorded-sessions-information-web-banner-2048x469.png 2048w, https:\/\/npm.org\/wp-content\/uploads\/NPM-2026-Convention_live-and-recorded-sessions-information-web-banner-18x4.png 18w, https:\/\/npm.org\/wp-content\/uploads\/NPM-2026-Convention_live-and-recorded-sessions-information-web-banner-260x60.png 260w\" sizes=\"(max-width: 860px) 100vw, 860px\" \/>\t\t\t\t\t\t\t\t\t\t\t\t\t\t\t<\/div>\n\t\t\t\t<\/div>\n\t\t\t\t\t<\/div>\n\t\t<\/div>\n\t\t\t\t\t<\/div>\n\t\t<\/section>\n\t\t\t\t<section class=\"elementor-section elementor-top-section elementor-element elementor-element-302d39c elementor-section-boxed elementor-section-height-default elementor-section-height-default\" data-id=\"302d39c\" data-element_type=\"section\" data-e-type=\"section\">\n\t\t\t\t\t\t<div class=\"elementor-container elementor-column-gap-default\">\n\t\t\t\t\t<div class=\"elementor-column elementor-col-100 elementor-top-column elementor-element elementor-element-c65a8ad\" data-id=\"c65a8ad\" data-element_type=\"column\" data-e-type=\"column\">\n\t\t\t<div class=\"elementor-widget-wrap elementor-element-populated\">\n\t\t\t\t\t\t<div class=\"elementor-element elementor-element-119d7f9 elementor-widget elementor-widget-heading\" data-id=\"119d7f9\" data-element_type=\"widget\" data-e-type=\"widget\" data-widget_type=\"heading.default\">\n\t\t\t\t<div class=\"elementor-widget-container\">\n\t\t\t\t\t<h2 class=\"elementor-heading-title elementor-size-default\">Acerca de las sesiones en vivo y grabadas de la Convenci\u00f3n 2026<\/h2>\t\t\t\t<\/div>\n\t\t\t\t<\/div>\n\t\t\t\t\t<\/div>\n\t\t<\/div>\n\t\t\t\t\t<\/div>\n\t\t<\/section>\n\t\t\t\t<section class=\"elementor-section elementor-top-section elementor-element elementor-element-ef7615a elementor-section-boxed elementor-section-height-default elementor-section-height-default\" data-id=\"ef7615a\" data-element_type=\"section\" data-e-type=\"section\">\n\t\t\t\t\t\t<div class=\"elementor-container elementor-column-gap-default\">\n\t\t\t\t\t<div class=\"elementor-column elementor-col-100 elementor-top-column elementor-element elementor-element-14d9220\" data-id=\"14d9220\" data-element_type=\"column\" data-e-type=\"column\">\n\t\t\t<div class=\"elementor-widget-wrap elementor-element-populated\">\n\t\t\t\t\t\t<div class=\"elementor-element elementor-element-1f79d85 elementor-widget elementor-widget-text-editor\" data-id=\"1f79d85\" data-element_type=\"widget\" data-e-type=\"widget\" data-widget_type=\"text-editor.default\">\n\t\t\t\t<div class=\"elementor-widget-container\">\n\t\t\t\t\t\t\t\t\t<p><span style=\"font-weight: 400; font-size: 14pt;\">La Convenci\u00f3n de 2026 tambi\u00e9n ofrecer\u00e1 una opci\u00f3n virtual para quienes no puedan asistir presencialmente. Este a\u00f1o, se transmitir\u00e1n en vivo los principales eventos, lo que permitir\u00e1 a los inscritos unirse a nosotros en tiempo real:\u00a0<\/span><\/p><ul><li style=\"font-weight: 400;\" aria-level=\"1\"><span style=\"font-weight: 400; font-size: 14pt;\">Ceremonia de apertura<\/span><\/li><li style=\"font-weight: 400;\" aria-level=\"1\"><span style=\"font-weight: 400; font-size: 14pt;\">Todos los discursos del Pleno<\/span><\/li><li style=\"font-weight: 400;\" aria-level=\"1\"><span style=\"font-weight: 400; font-size: 14pt;\">Todos los eventos de presentaci\u00f3n<\/span><\/li><li style=\"font-weight: 400;\" aria-level=\"1\"><span style=\"font-weight: 400; font-size: 14pt;\">La Asamblea de Socios\u00a0<\/span><\/li><\/ul><p><span style=\"font-weight: 400; font-size: 14pt;\">Adem\u00e1s, la Convenci\u00f3n tendr\u00e1 una gran cantidad de sesiones individuales grabadas para verlas a su propio ritmo hasta el 30 de septiembre de 2026.<\/span><span style=\"font-weight: 400; font-size: 14pt;\">El precio del paquete de sesiones en vivo y grabadas es el siguiente:\u00a0<\/span><\/p><ul><li style=\"font-weight: 400;\" aria-level=\"1\"><span style=\"font-weight: 400; font-size: 14pt;\">No miembro: $249<\/span><\/li><li style=\"font-weight: 400;\" aria-level=\"1\"><span style=\"font-weight: 400; font-size: 14pt;\">Seleccionar nivel (anteriormente B\u00e1sico): $199\u00a0<\/span><\/li><li style=\"font-weight: 400;\" aria-level=\"1\"><span style=\"font-weight: 400; font-size: 14pt;\">Seleccionar Plus: $190<\/span><\/li><li style=\"font-weight: 400;\" aria-level=\"1\"><span style=\"font-weight: 400; font-size: 14pt;\">Est\u00e1ndar: $180<\/span><\/li><li style=\"font-weight: 400;\" aria-level=\"1\"><span style=\"font-weight: 400; font-size: 14pt;\">Prima: $170<\/span><\/li><\/ul>\t\t\t\t\t\t\t\t<\/div>\n\t\t\t\t<\/div>\n\t\t\t\t\t<\/div>\n\t\t<\/div>\n\t\t\t\t\t<\/div>\n\t\t<\/section>\n\t\t\t\t<section class=\"elementor-section elementor-top-section elementor-element elementor-element-08ea4db elementor-section-boxed elementor-section-height-default elementor-section-height-default\" data-id=\"08ea4db\" data-element_type=\"section\" data-e-type=\"section\">\n\t\t\t\t\t\t<div class=\"elementor-container elementor-column-gap-default\">\n\t\t\t\t\t<div class=\"elementor-column elementor-col-100 elementor-top-column elementor-element elementor-element-69d47b2\" data-id=\"69d47b2\" data-element_type=\"column\" data-e-type=\"column\">\n\t\t\t<div class=\"elementor-widget-wrap elementor-element-populated\">\n\t\t\t\t\t\t<div class=\"elementor-element elementor-element-248e86d elementor-align-center elementor-widget elementor-widget-button\" data-id=\"248e86d\" data-element_type=\"widget\" data-e-type=\"widget\" data-widget_type=\"button.default\">\n\t\t\t\t<div class=\"elementor-widget-container\">\n\t\t\t\t\t\t\t\t\t<div class=\"elementor-button-wrapper\">\n\t\t\t\t\t<a class=\"elementor-button elementor-button-link elementor-size-sm\" href=\"https:\/\/npm.site-ym.com\/event\/2026ConventionRecordings\">\n\t\t\t\t\t\t<span class=\"elementor-button-content-wrapper\">\n\t\t\t\t\t\t\t\t\t<span class=\"elementor-button-text\">Reg\u00edstrese para las sesiones en vivo\/grabadas de la Convenci\u00f3n 2026 SOLAMENTE<\/span>\n\t\t\t\t\t<\/span>\n\t\t\t\t\t<\/a>\n\t\t\t\t<\/div>\n\t\t\t\t\t\t\t\t<\/div>\n\t\t\t\t<\/div>\n\t\t\t\t\t<\/div>\n\t\t<\/div>\n\t\t\t\t\t<\/div>\n\t\t<\/section>\n\t\t\t\t<section class=\"elementor-section elementor-top-section elementor-element elementor-element-37629da elementor-section-boxed elementor-section-height-default elementor-section-height-default\" data-id=\"37629da\" data-element_type=\"section\" data-e-type=\"section\">\n\t\t\t\t\t\t<div class=\"elementor-container elementor-column-gap-default\">\n\t\t\t\t\t<div class=\"elementor-column elementor-col-100 elementor-top-column elementor-element elementor-element-c6ee0fd\" data-id=\"c6ee0fd\" data-element_type=\"column\" data-e-type=\"column\">\n\t\t\t<div class=\"elementor-widget-wrap elementor-element-populated\">\n\t\t\t\t\t\t<div class=\"elementor-element elementor-element-22e7e23 elementor-widget-divider--view-line elementor-widget elementor-widget-divider\" data-id=\"22e7e23\" data-element_type=\"widget\" data-e-type=\"widget\" data-widget_type=\"divider.default\">\n\t\t\t\t<div class=\"elementor-widget-container\">\n\t\t\t\t\t\t\t<div class=\"elementor-divider\">\n\t\t\t<span class=\"elementor-divider-separator\">\n\t\t\t\t\t\t<\/span>\n\t\t<\/div>\n\t\t\t\t\t\t<\/div>\n\t\t\t\t<\/div>\n\t\t\t\t\t<\/div>\n\t\t<\/div>\n\t\t\t\t\t<\/div>\n\t\t<\/section>\n\t\t\t\t<section class=\"elementor-section elementor-top-section elementor-element elementor-element-87ce60c elementor-section-boxed elementor-section-height-default elementor-section-height-default\" data-id=\"87ce60c\" data-element_type=\"section\" data-e-type=\"section\">\n\t\t\t\t\t\t<div class=\"elementor-container elementor-column-gap-default\">\n\t\t\t\t\t<div class=\"elementor-column elementor-col-100 elementor-top-column elementor-element elementor-element-07f86b5\" data-id=\"07f86b5\" data-element_type=\"column\" data-e-type=\"column\">\n\t\t\t<div class=\"elementor-widget-wrap elementor-element-populated\">\n\t\t\t\t\t\t<div class=\"elementor-element elementor-element-fd25b66 elementor-widget elementor-widget-text-editor\" data-id=\"fd25b66\" data-element_type=\"widget\" data-e-type=\"widget\" data-widget_type=\"text-editor.default\">\n\t\t\t\t<div class=\"elementor-widget-container\">\n\t\t\t\t\t\t\t\t\t<p style=\"text-align: center;\"><span style=\"font-size: 18pt;\"><strong>Sesiones transmitidas en vivo incluidas:<\/strong> <\/span><br \/><span style=\"font-size: 14pt;\"><em>(Disponible para visualizaci\u00f3n en vivo a trav\u00e9s de la plataforma web durante la Convenci\u00f3n 2026) <\/em><\/span><\/p>\t\t\t\t\t\t\t\t<\/div>\n\t\t\t\t<\/div>\n\t\t\t\t\t<\/div>\n\t\t<\/div>\n\t\t\t\t\t<\/div>\n\t\t<\/section>\n\t\t\t\t<section class=\"elementor-section elementor-top-section elementor-element elementor-element-a51cc9f elementor-section-boxed elementor-section-height-default elementor-section-height-default\" data-id=\"a51cc9f\" data-element_type=\"section\" data-e-type=\"section\">\n\t\t\t\t\t\t<div class=\"elementor-container elementor-column-gap-default\">\n\t\t\t\t\t<div class=\"elementor-column elementor-col-100 elementor-top-column elementor-element elementor-element-53fe74d\" data-id=\"53fe74d\" data-element_type=\"column\" data-e-type=\"column\">\n\t\t\t<div class=\"elementor-widget-wrap elementor-element-populated\">\n\t\t\t\t\t\t<div class=\"elementor-element elementor-element-e2adca9 elementor-widget elementor-widget-text-editor\" data-id=\"e2adca9\" data-element_type=\"widget\" data-e-type=\"widget\" data-widget_type=\"text-editor.default\">\n\t\t\t\t<div class=\"elementor-widget-container\">\n\t\t\t\t\t\t\t\t\t<ul><li><span style=\"font-size: 14pt;\">Ceremonia de apertura<\/span><\/li><li><span style=\"font-size: 14pt;\">Pleno 1: Cantar\u00e9 por siempre: Reflexi\u00f3n sobre cincuenta a\u00f1os de NPM y ministerio (P. Richard Fragomeni)\u00a0<\/span><\/li><li><span style=\"font-size: 14pt;\">Pleno 2: \u00a1Canta el amor! \u00a1Incre\u00edble! El poder an\u00f3nimo de la m\u00fasica pastoral (Dr. Steven Janco)<\/span><\/li><li><span style=\"font-size: 14pt;\">Pleno 3: Camino de belleza: El poder evangelizador de la m\u00fasica en la liturgia (Dr. Jem Sullivan)\u00a0<\/span><\/li><li><span style=\"font-size: 14pt;\">Los 3 eventos de presentaci\u00f3n (GIA Publications, Inc; OCP; Source &amp; Summit)\u00a0<\/span><\/li><li><span style=\"font-size: 14pt;\">Reuni\u00f3n de socios (mi\u00e9rcoles 22 de julio)\u00a0<\/span><\/li><\/ul>\t\t\t\t\t\t\t\t<\/div>\n\t\t\t\t<\/div>\n\t\t\t\t\t<\/div>\n\t\t<\/div>\n\t\t\t\t\t<\/div>\n\t\t<\/section>\n\t\t\t\t<section class=\"elementor-section elementor-top-section elementor-element elementor-element-396024e elementor-section-boxed elementor-section-height-default elementor-section-height-default\" data-id=\"396024e\" data-element_type=\"section\" data-e-type=\"section\">\n\t\t\t\t\t\t<div class=\"elementor-container elementor-column-gap-default\">\n\t\t\t\t\t<div class=\"elementor-column elementor-col-100 elementor-top-column elementor-element elementor-element-fb57c60\" data-id=\"fb57c60\" data-element_type=\"column\" data-e-type=\"column\">\n\t\t\t<div class=\"elementor-widget-wrap elementor-element-populated\">\n\t\t\t\t\t\t<div class=\"elementor-element elementor-element-1f929b7 elementor-widget elementor-widget-text-editor\" data-id=\"1f929b7\" data-element_type=\"widget\" data-e-type=\"widget\" data-widget_type=\"text-editor.default\">\n\t\t\t\t<div class=\"elementor-widget-container\">\n\t\t\t\t\t\t\t\t\t<p style=\"text-align: center;\"><strong><span style=\"font-size: 18pt;\">Sesiones de trabajo grabadas incluidas:<\/span><br \/><\/strong><span style=\"font-size: 14pt;\"><em>(Disponible para ver del 28 de julio al 30 de septiembre de 2026)<\/em><\/span><\/p>\t\t\t\t\t\t\t\t<\/div>\n\t\t\t\t<\/div>\n\t\t\t\t\t<\/div>\n\t\t<\/div>\n\t\t\t\t\t<\/div>\n\t\t<\/section>\n\t\t\t\t<section class=\"elementor-section elementor-top-section elementor-element elementor-element-12c3935 elementor-section-boxed elementor-section-height-default elementor-section-height-default\" data-id=\"12c3935\" data-element_type=\"section\" data-e-type=\"section\">\n\t\t\t\t\t\t<div class=\"elementor-container elementor-column-gap-default\">\n\t\t\t\t\t<div class=\"elementor-column elementor-col-100 elementor-top-column elementor-element elementor-element-2eb1171\" data-id=\"2eb1171\" data-element_type=\"column\" data-e-type=\"column\">\n\t\t\t<div class=\"elementor-widget-wrap elementor-element-populated\">\n\t\t\t\t\t\t<div class=\"elementor-element elementor-element-fdd5f36 elementor-widget elementor-widget-text-editor\" data-id=\"fdd5f36\" data-element_type=\"widget\" data-e-type=\"widget\" data-widget_type=\"text-editor.default\">\n\t\t\t\t<div class=\"elementor-widget-container\">\n\t\t\t\t\t\t\t\t\t<ul><li><span style=\"font-size: 14pt;\" data-sheets-root=\"1\">Breakout A \u2013 Chant: El (inesperado) plato m\u00e1s caliente (Laurence Rosania)\u00a0<\/span><\/li><li><span style=\"font-size: 14pt;\" data-sheets-root=\"1\">Breakout A \u2013 Una direcci\u00f3n de piano eficaz (no solo un acompa\u00f1amiento) en todo el espectro musical (Peter Kolar)\u00a0<\/span><\/li><li><span style=\"font-size: 14pt;\" data-sheets-root=\"1\">Breakout A \u2013 Un enfoque vocal para el ensayo coral (Peter Kadeli)\u00a0<\/span><\/li><li><span style=\"font-size: 14pt;\" data-sheets-root=\"1\">Sesi\u00f3n A: Obst\u00e1culos para la participaci\u00f3n plena, consciente y activa (Tony Alonso)\u00a0<\/span><\/li><\/ul><ul><li><span style=\"font-size: 14pt;\" data-sheets-root=\"1\">Sesi\u00f3n B \u2013 C\u00f3mo lograr que los estudiantes canten: C\u00f3mo planificar una misa escolar (Theresa Slott)\u00a0<\/span><\/li><li><span style=\"font-size: 14pt;\" data-sheets-root=\"1\"><span data-sheets-root=\"1\">Sesi\u00f3n B \u2013 La verdadera inculturaci\u00f3n de la liturgia (John Flaherty)<\/span><\/span><\/li><li><span style=\"font-size: 14pt;\" data-sheets-root=\"1\">Sesiones B y C: Inteligencia artificial para la liturgia: De los principios a la pr\u00e1ctica (Sesi\u00f3n de dos partes) (P. Ricky Manalo)<\/span><\/li><li><span style=\"font-size: 14pt;\" data-sheets-root=\"1\">Sesi\u00f3n B \u2013 Soluci\u00f3n de problemas vocales: Ciencia y pedagog\u00eda vocal pr\u00e1ctica para m\u00fasicos de iglesia (Erin Taylor)\u00a0<\/span><\/li><\/ul><ul><li><span style=\"font-size: 14pt;\">Breakout C \u2013 Mejorar la musicalidad de conjunto en tu parroquia (Jaime Cortez, Bobby Fisher y Steve Petrunak)\u00a0<\/span><\/li><li><span style=\"font-size: 14pt;\">Sesi\u00f3n C \u2013 \u201cQue la palabra de Cristo more en abundancia en ustedes\u201d (Col 3,16): C\u00f3mo los Salmos pueden impulsar la misi\u00f3n de evangelizaci\u00f3n y catequesis de la Iglesia (Anthony Fortunato)\u00a0<\/span><\/li><li><span style=\"font-size: 14pt;\">Sesi\u00f3n C \u2013 El arte de celebrar: Preparando liturgias sacramentales vibrantes (Michael Ruzicki)\u00a0<\/span><\/li><\/ul><ul><li><span style=\"font-size: 14pt;\">Breakout D \u2013 Ministerio Musical Z: Estrategias para involucrar a los j\u00f3venes adultos (Jeremy Kiolbassa)\u00a0<\/span><\/li><li><span style=\"font-size: 14pt;\" data-sheets-root=\"1\">Sesi\u00f3n D: \u00bfEst\u00e1n cambiando la liturgia de nuevo? (Rev. Dustin Dought \/ Mary Sperry, USCCB)\u00a0<\/span><\/li><li><span style=\"font-size: 14pt;\" data-sheets-root=\"1\">Breakout D y E \u2013 Presentamos la m\u00fasica biling\u00fce: un breakout en dos partes (Estela Garc\u00eda-L\u00f3pez y Rodolfo L\u00f3pez)\u00a0<\/span><\/li><li><span style=\"font-size: 14pt;\" data-sheets-root=\"1\">Sesi\u00f3n D: \u00bfEs tu catolicidad verdaderamente cat\u00f3lica? (Dr. M. Roger Holland II)\u00a0<\/span><\/li><\/ul><ul><li><span style=\"font-size: 14pt;\">Breakout E \u2013 Construyendo puentes ministeriales entre coros anglosajones e hispanos (Peter Kolar)\u00a0<\/span><\/li><li><span style=\"font-size: 14pt;\">Sesi\u00f3n E \u2013 Cantaremos por siempre: El don del Evangelio en la liturgia cat\u00f3lica: interculturaci\u00f3n y la tradici\u00f3n viva de la fe (Richard Cherie, Aaron Matthews y W. Clifford Petty)\u00a0<\/span><\/li><li><span style=\"font-size: 14pt;\">Breakout E \u2013 Vivir y profundizar en el poeta y artista lit\u00fargico en el trabajo y la adoraci\u00f3n (John Flaherty)\u00a0<\/span><\/li><\/ul>\t\t\t\t\t\t\t\t<\/div>\n\t\t\t\t<\/div>\n\t\t\t\t\t<\/div>\n\t\t<\/div>\n\t\t\t\t\t<\/div>\n\t\t<\/section>\n\t\t\t\t<section class=\"elementor-section elementor-top-section elementor-element elementor-element-1f82eee elementor-section-boxed elementor-section-height-default elementor-section-height-default\" data-id=\"1f82eee\" data-element_type=\"section\" data-e-type=\"section\">\n\t\t\t\t\t\t<div class=\"elementor-container elementor-column-gap-default\">\n\t\t\t\t\t<div class=\"elementor-column elementor-col-100 elementor-top-column elementor-element elementor-element-9efcca5\" data-id=\"9efcca5\" data-element_type=\"column\" data-e-type=\"column\">\n\t\t\t<div class=\"elementor-widget-wrap elementor-element-populated\">\n\t\t\t\t\t\t<div class=\"elementor-element elementor-element-4f32c1f elementor-align-center elementor-widget elementor-widget-button\" data-id=\"4f32c1f\" data-element_type=\"widget\" data-e-type=\"widget\" data-widget_type=\"button.default\">\n\t\t\t\t<div class=\"elementor-widget-container\">\n\t\t\t\t\t\t\t\t\t<div class=\"elementor-button-wrapper\">\n\t\t\t\t\t<a class=\"elementor-button elementor-button-link elementor-size-sm\" href=\"https:\/\/npm.site-ym.com\/event\/2026ConventionRecordings\">\n\t\t\t\t\t\t<span class=\"elementor-button-content-wrapper\">\n\t\t\t\t\t\t\t\t\t<span class=\"elementor-button-text\">Reg\u00edstrese para las sesiones en vivo\/grabadas de la Convenci\u00f3n 2026 SOLAMENTE<\/span>\n\t\t\t\t\t<\/span>\n\t\t\t\t\t<\/a>\n\t\t\t\t<\/div>\n\t\t\t\t\t\t\t\t<\/div>\n\t\t\t\t<\/div>\n\t\t\t\t\t<\/div>\n\t\t<\/div>\n\t\t\t\t\t<\/div>\n\t\t<\/section>\n\t\t\t\t<\/div>","protected":false},"excerpt":{"rendered":"<p>About the 2026 Convention Live and Recorded Sessions The 2026 Convention will also offer a virtual option for those who cannot attend in person. This year\u2019s Convention will offer a livestream of major events, allowing registrants to join us in real time:\u00a0 Opening Ceremony All Plenum Addresses All Showcase Events The Members\u2019 Meeting\u00a0 Additionally, the [&hellip;]<\/p>\n","protected":false},"author":6372,"featured_media":0,"parent":0,"menu_order":0,"comment_status":"closed","ping_status":"closed","template":"","meta":{"_acf_changed":false,"footnotes":""},"class_list":["post-25606","page","type-page","status-publish","hentry"],"acf":[],"_links":{"self":[{"href":"https:\/\/npm.org\/es\/wp-json\/wp\/v2\/pages\/25606"}],"collection":[{"href":"https:\/\/npm.org\/es\/wp-json\/wp\/v2\/pages"}],"about":[{"href":"https:\/\/npm.org\/es\/wp-json\/wp\/v2\/types\/page"}],"author":[{"embeddable":true,"href":"https:\/\/npm.org\/es\/wp-json\/wp\/v2\/users\/6372"}],"replies":[{"embeddable":true,"href":"https:\/\/npm.org\/es\/wp-json\/wp\/v2\/comments?post=25606"}],"version-history":[{"count":24,"href":"https:\/\/npm.org\/es\/wp-json\/wp\/v2\/pages\/25606\/revisions"}],"predecessor-version":[{"id":25842,"href":"https:\/\/npm.org\/es\/wp-json\/wp\/v2\/pages\/25606\/revisions\/25842"}],"wp:attachment":[{"href":"https:\/\/npm.org\/es\/wp-json\/wp\/v2\/media?parent=25606"}],"curies":[{"name":"gracias","href":"https:\/\/api.w.org\/{rel}","templated":true}]}}