{"id":25541,"date":"2025-12-15T12:56:57","date_gmt":"2025-12-15T17:56:57","guid":{"rendered":"https:\/\/npm.org\/?page_id=25541"},"modified":"2026-02-01T09:07:17","modified_gmt":"2026-02-01T14:07:17","slug":"2026-convention-continuing-the-convention","status":"publish","type":"page","link":"https:\/\/npm.org\/es\/2026-convention-continuing-the-convention\/","title":{"rendered":"Convenci\u00f3n 2026: Continuaci\u00f3n de la Convenci\u00f3n"},"content":{"rendered":"<div data-elementor-type=\"wp-page\" data-elementor-id=\"25541\" class=\"elementor elementor-25541\" data-elementor-post-type=\"page\">\n\t\t\t\t\t\t<section class=\"elementor-section elementor-top-section elementor-element elementor-element-e6cd4b0 elementor-section-boxed elementor-section-height-default elementor-section-height-default\" data-id=\"e6cd4b0\" data-element_type=\"section\" data-e-type=\"section\">\n\t\t\t\t\t\t<div class=\"elementor-container elementor-column-gap-default\">\n\t\t\t\t\t<div class=\"elementor-column elementor-col-100 elementor-top-column elementor-element elementor-element-178f3e9\" data-id=\"178f3e9\" data-element_type=\"column\" data-e-type=\"column\">\n\t\t\t<div class=\"elementor-widget-wrap elementor-element-populated\">\n\t\t\t\t\t\t<div class=\"elementor-element elementor-element-4da2914 elementor-widget elementor-widget-image\" data-id=\"4da2914\" data-element_type=\"widget\" data-e-type=\"widget\" data-widget_type=\"image.default\">\n\t\t\t\t<div class=\"elementor-widget-container\">\n\t\t\t\t\t\t\t\t\t\t\t\t\t\t\t<img fetchpriority=\"high\" decoding=\"async\" width=\"860\" height=\"197\" src=\"https:\/\/npm.org\/wp-content\/uploads\/NPM-2026-Convention_continuing-the-convention-web-banner-1-1024x235.png\" class=\"attachment-large size-large wp-image-25661\" alt=\"\" srcset=\"https:\/\/npm.org\/wp-content\/uploads\/NPM-2026-Convention_continuing-the-convention-web-banner-1-1024x235.png 1024w, https:\/\/npm.org\/wp-content\/uploads\/NPM-2026-Convention_continuing-the-convention-web-banner-1-300x69.png 300w, https:\/\/npm.org\/wp-content\/uploads\/NPM-2026-Convention_continuing-the-convention-web-banner-1-768x176.png 768w, https:\/\/npm.org\/wp-content\/uploads\/NPM-2026-Convention_continuing-the-convention-web-banner-1-1536x352.png 1536w, https:\/\/npm.org\/wp-content\/uploads\/NPM-2026-Convention_continuing-the-convention-web-banner-1-2048x469.png 2048w, https:\/\/npm.org\/wp-content\/uploads\/NPM-2026-Convention_continuing-the-convention-web-banner-1-18x4.png 18w, https:\/\/npm.org\/wp-content\/uploads\/NPM-2026-Convention_continuing-the-convention-web-banner-1-260x60.png 260w\" sizes=\"(max-width: 860px) 100vw, 860px\" \/>\t\t\t\t\t\t\t\t\t\t\t\t\t\t\t<\/div>\n\t\t\t\t<\/div>\n\t\t\t\t\t<\/div>\n\t\t<\/div>\n\t\t\t\t\t<\/div>\n\t\t<\/section>\n\t\t\t\t<section class=\"elementor-section elementor-top-section elementor-element elementor-element-73a54e1 elementor-section-boxed elementor-section-height-default elementor-section-height-default\" data-id=\"73a54e1\" data-element_type=\"section\" data-e-type=\"section\">\n\t\t\t\t\t\t<div class=\"elementor-container elementor-column-gap-default\">\n\t\t\t\t\t<div class=\"elementor-column elementor-col-100 elementor-top-column elementor-element elementor-element-dc75e0d\" data-id=\"dc75e0d\" data-element_type=\"column\" data-e-type=\"column\">\n\t\t\t<div class=\"elementor-widget-wrap elementor-element-populated\">\n\t\t\t\t\t\t<div class=\"elementor-element elementor-element-007e155 elementor-widget elementor-widget-text-editor\" data-id=\"007e155\" data-element_type=\"widget\" data-e-type=\"widget\" data-widget_type=\"text-editor.default\">\n\t\t\t\t<div class=\"elementor-widget-container\">\n\t\t\t\t\t\t\t\t\t<p style=\"text-align: center;\"><span style=\"font-size: 14pt;\">Todos los inscritos a la convenci\u00f3n en persona tendr\u00e1n acceso a las sesiones grabadas de la Convenci\u00f3n 2026 del martes 28 de julio al 30 de septiembre de 2026. <strong><a href=\"https:\/\/npm.org\/es\/2026-convention-virtual-convention-information\/\">Haga clic aqu\u00ed para obtener m\u00e1s informaci\u00f3n.\u00a0<\/a><\/strong><\/span><\/p><p style=\"text-align: center;\"><span style=\"font-size: 14pt;\">\u00a1NPM tambi\u00e9n ofrece un paquete de sesiones en vivo y grabadas para la Convenci\u00f3n de 2026! Haga clic en los enlaces a continuaci\u00f3n para obtener m\u00e1s informaci\u00f3n:\u00a0<\/span><\/p><p style=\"text-align: center;\"><strong><a href=\"https:\/\/npm.org\/es\/2026-convention-virtual-convention-information\/\"><span style=\"font-size: 14pt;\">Informaci\u00f3n sobre sesiones en vivo y grabadas (npm.org)<\/span><\/a><\/strong><\/p><p style=\"text-align: center;\"><strong><a href=\"https:\/\/npm.site-ym.com\/event\/2026ConventionRecordings\"><span style=\"font-size: 14pt;\">Reg\u00edstrate ahora: SOLO grabaciones de la convenci\u00f3n\u00a0<\/span><\/a><\/strong><\/p>\t\t\t\t\t\t\t\t<\/div>\n\t\t\t\t<\/div>\n\t\t\t\t\t<\/div>\n\t\t<\/div>\n\t\t\t\t\t<\/div>\n\t\t<\/section>\n\t\t\t\t<\/div>","protected":false},"excerpt":{"rendered":"<p>All in-person convention registrants will have access to the 2026 Convention recorded sessions from Tuesday, July 28-September 30, 2026. Click here for more information.\u00a0 NPM also offers a Live and Recorded Sessions package for the 2026 Convention! Click the links below to learn more:\u00a0 Live and Recorded Sessions Information (npm.org) Register now: Convention recordings ONLY\u00a0<\/p>","protected":false},"author":6372,"featured_media":0,"parent":0,"menu_order":0,"comment_status":"closed","ping_status":"closed","template":"","meta":{"_acf_changed":false,"footnotes":""},"class_list":["post-25541","page","type-page","status-publish","hentry"],"acf":[],"_links":{"self":[{"href":"https:\/\/npm.org\/es\/wp-json\/wp\/v2\/pages\/25541"}],"collection":[{"href":"https:\/\/npm.org\/es\/wp-json\/wp\/v2\/pages"}],"about":[{"href":"https:\/\/npm.org\/es\/wp-json\/wp\/v2\/types\/page"}],"author":[{"embeddable":true,"href":"https:\/\/npm.org\/es\/wp-json\/wp\/v2\/users\/6372"}],"replies":[{"embeddable":true,"href":"https:\/\/npm.org\/es\/wp-json\/wp\/v2\/comments?post=25541"}],"version-history":[{"count":10,"href":"https:\/\/npm.org\/es\/wp-json\/wp\/v2\/pages\/25541\/revisions"}],"predecessor-version":[{"id":25830,"href":"https:\/\/npm.org\/es\/wp-json\/wp\/v2\/pages\/25541\/revisions\/25830"}],"wp:attachment":[{"href":"https:\/\/npm.org\/es\/wp-json\/wp\/v2\/media?parent=25541"}],"curies":[{"name":"gracias","href":"https:\/\/api.w.org\/{rel}","templated":true}]}}