{"id":25537,"date":"2025-12-15T12:55:47","date_gmt":"2025-12-15T17:55:47","guid":{"rendered":"https:\/\/npm.org\/?page_id=25537"},"modified":"2026-02-01T09:01:57","modified_gmt":"2026-02-01T14:01:57","slug":"2026-convention-convention-cancellation-policy","status":"publish","type":"page","link":"https:\/\/npm.org\/es\/2026-convention-convention-cancellation-policy\/","title":{"rendered":"Convenci\u00f3n 2026: Pol\u00edtica de cancelaci\u00f3n de la convenci\u00f3n"},"content":{"rendered":"<div data-elementor-type=\"wp-page\" data-elementor-id=\"25537\" class=\"elementor elementor-25537\" data-elementor-post-type=\"page\">\n\t\t\t\t\t\t<section class=\"elementor-section elementor-top-section elementor-element elementor-element-735f5ae elementor-section-boxed elementor-section-height-default elementor-section-height-default\" data-id=\"735f5ae\" data-element_type=\"section\" data-e-type=\"section\">\n\t\t\t\t\t\t<div class=\"elementor-container elementor-column-gap-default\">\n\t\t\t\t\t<div class=\"elementor-column elementor-col-100 elementor-top-column elementor-element elementor-element-c410f5f\" data-id=\"c410f5f\" data-element_type=\"column\" data-e-type=\"column\">\n\t\t\t<div class=\"elementor-widget-wrap elementor-element-populated\">\n\t\t\t\t\t\t<div class=\"elementor-element elementor-element-ad7cb9d elementor-widget elementor-widget-image\" data-id=\"ad7cb9d\" data-element_type=\"widget\" data-e-type=\"widget\" data-widget_type=\"image.default\">\n\t\t\t\t<div class=\"elementor-widget-container\">\n\t\t\t\t\t\t\t\t\t\t\t\t\t\t\t<img fetchpriority=\"high\" decoding=\"async\" width=\"860\" height=\"197\" src=\"https:\/\/npm.org\/wp-content\/uploads\/NPM-2026-Convention_convention-cancellation-policy-web-banner-1-1024x235.png\" class=\"attachment-large size-large wp-image-25662\" alt=\"\" srcset=\"https:\/\/npm.org\/wp-content\/uploads\/NPM-2026-Convention_convention-cancellation-policy-web-banner-1-1024x235.png 1024w, https:\/\/npm.org\/wp-content\/uploads\/NPM-2026-Convention_convention-cancellation-policy-web-banner-1-300x69.png 300w, https:\/\/npm.org\/wp-content\/uploads\/NPM-2026-Convention_convention-cancellation-policy-web-banner-1-768x176.png 768w, https:\/\/npm.org\/wp-content\/uploads\/NPM-2026-Convention_convention-cancellation-policy-web-banner-1-1536x352.png 1536w, https:\/\/npm.org\/wp-content\/uploads\/NPM-2026-Convention_convention-cancellation-policy-web-banner-1-2048x469.png 2048w, https:\/\/npm.org\/wp-content\/uploads\/NPM-2026-Convention_convention-cancellation-policy-web-banner-1-18x4.png 18w, https:\/\/npm.org\/wp-content\/uploads\/NPM-2026-Convention_convention-cancellation-policy-web-banner-1-260x60.png 260w\" sizes=\"(max-width: 860px) 100vw, 860px\" \/>\t\t\t\t\t\t\t\t\t\t\t\t\t\t\t<\/div>\n\t\t\t\t<\/div>\n\t\t\t\t\t<\/div>\n\t\t<\/div>\n\t\t\t\t\t<\/div>\n\t\t<\/section>\n\t\t\t\t<section class=\"elementor-section elementor-top-section elementor-element elementor-element-1edfed9 elementor-section-boxed elementor-section-height-default elementor-section-height-default\" data-id=\"1edfed9\" data-element_type=\"section\" data-e-type=\"section\">\n\t\t\t\t\t\t<div class=\"elementor-container elementor-column-gap-default\">\n\t\t\t\t\t<div class=\"elementor-column elementor-col-100 elementor-top-column elementor-element elementor-element-32484c9\" data-id=\"32484c9\" data-element_type=\"column\" data-e-type=\"column\">\n\t\t\t<div class=\"elementor-widget-wrap elementor-element-populated\">\n\t\t\t\t\t\t<div class=\"elementor-element elementor-element-fa3f65f elementor-widget elementor-widget-heading\" data-id=\"fa3f65f\" data-element_type=\"widget\" data-e-type=\"widget\" data-widget_type=\"heading.default\">\n\t\t\t\t<div class=\"elementor-widget-container\">\n\t\t\t\t\t<h2 class=\"elementor-heading-title elementor-size-default\">Pol\u00edtica de cancelaci\u00f3n de la Convenci\u00f3n de 2026<\/h2>\t\t\t\t<\/div>\n\t\t\t\t<\/div>\n\t\t\t\t\t<\/div>\n\t\t<\/div>\n\t\t\t\t\t<\/div>\n\t\t<\/section>\n\t\t\t\t<section class=\"elementor-section elementor-top-section elementor-element elementor-element-dc9722a elementor-section-boxed elementor-section-height-default elementor-section-height-default\" data-id=\"dc9722a\" data-element_type=\"section\" data-e-type=\"section\">\n\t\t\t\t\t\t<div class=\"elementor-container elementor-column-gap-default\">\n\t\t\t\t\t<div class=\"elementor-column elementor-col-100 elementor-top-column elementor-element elementor-element-06bb11d\" data-id=\"06bb11d\" data-element_type=\"column\" data-e-type=\"column\">\n\t\t\t<div class=\"elementor-widget-wrap elementor-element-populated\">\n\t\t\t\t\t\t<div class=\"elementor-element elementor-element-4ad0205 elementor-widget elementor-widget-text-editor\" data-id=\"4ad0205\" data-element_type=\"widget\" data-e-type=\"widget\" data-widget_type=\"text-editor.default\">\n\t\t\t\t<div class=\"elementor-widget-container\">\n\t\t\t\t\t\t\t\t\t<p style=\"text-align: center;\"><span style=\"font-size: 14pt;\">Las cancelaciones para la Convenci\u00f3n de 2026 deben solicitarse antes del 19 de junio de 2026, con un cargo de procesamiento de $100 en ese momento. Los reembolsos se procesar\u00e1n antes del 14 de agosto.<\/span><em style=\"font-size: 14pt;\">\u00a0<\/em><\/p><p style=\"text-align: center;\">\u00a0<\/p>\t\t\t\t\t\t\t\t<\/div>\n\t\t\t\t<\/div>\n\t\t\t\t\t<\/div>\n\t\t<\/div>\n\t\t\t\t\t<\/div>\n\t\t<\/section>\n\t\t\t\t<section class=\"elementor-section elementor-top-section elementor-element elementor-element-040dac9 elementor-section-boxed elementor-section-height-default elementor-section-height-default\" data-id=\"040dac9\" data-element_type=\"section\" data-e-type=\"section\">\n\t\t\t\t\t\t<div class=\"elementor-container elementor-column-gap-default\">\n\t\t\t\t\t<div class=\"elementor-column elementor-col-100 elementor-top-column elementor-element elementor-element-f25054e\" data-id=\"f25054e\" data-element_type=\"column\" data-e-type=\"column\">\n\t\t\t<div class=\"elementor-widget-wrap elementor-element-populated\">\n\t\t\t\t\t\t<div class=\"elementor-element elementor-element-3ce2464 elementor-align-center elementor-widget elementor-widget-button\" data-id=\"3ce2464\" data-element_type=\"widget\" data-e-type=\"widget\" data-widget_type=\"button.default\">\n\t\t\t\t<div class=\"elementor-widget-container\">\n\t\t\t\t\t\t\t\t\t<div class=\"elementor-button-wrapper\">\n\t\t\t\t\t<a class=\"elementor-button elementor-button-link elementor-size-sm\" href=\"https:\/\/npm.site-ym.com\/event\/2026NPMNationalConvention\">\n\t\t\t\t\t\t<span class=\"elementor-button-content-wrapper\">\n\t\t\t\t\t\t\t\t\t<span class=\"elementor-button-text\">Reg\u00edstrate ahora: 48\u00aa Convenci\u00f3n Nacional del MNP<\/span>\n\t\t\t\t\t<\/span>\n\t\t\t\t\t<\/a>\n\t\t\t\t<\/div>\n\t\t\t\t\t\t\t\t<\/div>\n\t\t\t\t<\/div>\n\t\t\t\t\t<\/div>\n\t\t<\/div>\n\t\t\t\t\t<\/div>\n\t\t<\/section>\n\t\t\t\t<\/div>","protected":false},"excerpt":{"rendered":"<p>2026 Convention Cancellation Policy Cancellations for the 2026 Convention must be requested by June 19, 2026 with a $100 processing fee at that time. Refunds will be processed by August 14.\u00a0 \u00a0 Register Now: 48th NPM National Convention<\/p>","protected":false},"author":6372,"featured_media":0,"parent":0,"menu_order":0,"comment_status":"closed","ping_status":"closed","template":"","meta":{"_acf_changed":false,"footnotes":""},"class_list":["post-25537","page","type-page","status-publish","hentry"],"acf":[],"_links":{"self":[{"href":"https:\/\/npm.org\/es\/wp-json\/wp\/v2\/pages\/25537"}],"collection":[{"href":"https:\/\/npm.org\/es\/wp-json\/wp\/v2\/pages"}],"about":[{"href":"https:\/\/npm.org\/es\/wp-json\/wp\/v2\/types\/page"}],"author":[{"embeddable":true,"href":"https:\/\/npm.org\/es\/wp-json\/wp\/v2\/users\/6372"}],"replies":[{"embeddable":true,"href":"https:\/\/npm.org\/es\/wp-json\/wp\/v2\/comments?post=25537"}],"version-history":[{"count":13,"href":"https:\/\/npm.org\/es\/wp-json\/wp\/v2\/pages\/25537\/revisions"}],"predecessor-version":[{"id":25827,"href":"https:\/\/npm.org\/es\/wp-json\/wp\/v2\/pages\/25537\/revisions\/25827"}],"wp:attachment":[{"href":"https:\/\/npm.org\/es\/wp-json\/wp\/v2\/media?parent=25537"}],"curies":[{"name":"gracias","href":"https:\/\/api.w.org\/{rel}","templated":true}]}}