{"id":25533,"date":"2025-12-15T12:54:15","date_gmt":"2025-12-15T17:54:15","guid":{"rendered":"https:\/\/npm.org\/?page_id=25533"},"modified":"2026-02-01T09:01:09","modified_gmt":"2026-02-01T14:01:09","slug":"2026-convention-housing-information","status":"publish","type":"page","link":"https:\/\/npm.org\/es\/2026-convention-housing-information\/","title":{"rendered":"Convenci\u00f3n 2026: Informaci\u00f3n sobre Vivienda"},"content":{"rendered":"<div data-elementor-type=\"wp-page\" data-elementor-id=\"25533\" class=\"elementor elementor-25533\" data-elementor-post-type=\"page\">\n\t\t\t\t\t\t<section class=\"elementor-section elementor-top-section elementor-element elementor-element-9ef6f5c elementor-section-boxed elementor-section-height-default elementor-section-height-default\" data-id=\"9ef6f5c\" data-element_type=\"section\" data-e-type=\"section\">\n\t\t\t\t\t\t<div class=\"elementor-container elementor-column-gap-default\">\n\t\t\t\t\t<div class=\"elementor-column elementor-col-100 elementor-top-column elementor-element elementor-element-dd4efb8\" data-id=\"dd4efb8\" data-element_type=\"column\" data-e-type=\"column\">\n\t\t\t<div class=\"elementor-widget-wrap elementor-element-populated\">\n\t\t\t\t\t\t<div class=\"elementor-element elementor-element-385c25b elementor-widget elementor-widget-image\" data-id=\"385c25b\" data-element_type=\"widget\" data-e-type=\"widget\" data-widget_type=\"image.default\">\n\t\t\t\t<div class=\"elementor-widget-container\">\n\t\t\t\t\t\t\t\t\t\t\t\t\t\t\t<img fetchpriority=\"high\" decoding=\"async\" width=\"860\" height=\"197\" src=\"https:\/\/npm.org\/wp-content\/uploads\/NPM-2026-Convention_housing-information-web-banner-1-1024x235.png\" class=\"attachment-large size-large wp-image-25664\" alt=\"\" srcset=\"https:\/\/npm.org\/wp-content\/uploads\/NPM-2026-Convention_housing-information-web-banner-1-1024x235.png 1024w, https:\/\/npm.org\/wp-content\/uploads\/NPM-2026-Convention_housing-information-web-banner-1-300x69.png 300w, https:\/\/npm.org\/wp-content\/uploads\/NPM-2026-Convention_housing-information-web-banner-1-768x176.png 768w, https:\/\/npm.org\/wp-content\/uploads\/NPM-2026-Convention_housing-information-web-banner-1-1536x352.png 1536w, https:\/\/npm.org\/wp-content\/uploads\/NPM-2026-Convention_housing-information-web-banner-1-2048x469.png 2048w, https:\/\/npm.org\/wp-content\/uploads\/NPM-2026-Convention_housing-information-web-banner-1-18x4.png 18w, https:\/\/npm.org\/wp-content\/uploads\/NPM-2026-Convention_housing-information-web-banner-1-260x60.png 260w\" sizes=\"(max-width: 860px) 100vw, 860px\" \/>\t\t\t\t\t\t\t\t\t\t\t\t\t\t\t<\/div>\n\t\t\t\t<\/div>\n\t\t\t\t\t<\/div>\n\t\t<\/div>\n\t\t\t\t\t<\/div>\n\t\t<\/section>\n\t\t\t\t<section class=\"elementor-section elementor-top-section elementor-element elementor-element-1ac3f9e elementor-section-boxed elementor-section-height-default elementor-section-height-default\" data-id=\"1ac3f9e\" data-element_type=\"section\" data-e-type=\"section\">\n\t\t\t\t\t\t<div class=\"elementor-container elementor-column-gap-default\">\n\t\t\t\t\t<div class=\"elementor-column elementor-col-100 elementor-top-column elementor-element elementor-element-bcfb5c4\" data-id=\"bcfb5c4\" data-element_type=\"column\" data-e-type=\"column\">\n\t\t\t<div class=\"elementor-widget-wrap elementor-element-populated\">\n\t\t\t\t\t\t<div class=\"elementor-element elementor-element-ec97750 elementor-widget elementor-widget-heading\" data-id=\"ec97750\" data-element_type=\"widget\" data-e-type=\"widget\" data-widget_type=\"heading.default\">\n\t\t\t\t<div class=\"elementor-widget-container\">\n\t\t\t\t\t<h2 class=\"elementor-heading-title elementor-size-default\">Detalles de alojamiento para la Convenci\u00f3n de 2026<\/h2>\t\t\t\t<\/div>\n\t\t\t\t<\/div>\n\t\t\t\t\t<\/div>\n\t\t<\/div>\n\t\t\t\t\t<\/div>\n\t\t<\/section>\n\t\t\t\t<section class=\"elementor-section elementor-top-section elementor-element elementor-element-4378da6 elementor-section-boxed elementor-section-height-default elementor-section-height-default\" data-id=\"4378da6\" data-element_type=\"section\" data-e-type=\"section\">\n\t\t\t\t\t\t<div class=\"elementor-container elementor-column-gap-default\">\n\t\t\t\t\t<div class=\"elementor-column elementor-col-100 elementor-top-column elementor-element elementor-element-c0e5026\" data-id=\"c0e5026\" data-element_type=\"column\" data-e-type=\"column\">\n\t\t\t<div class=\"elementor-widget-wrap elementor-element-populated\">\n\t\t\t\t\t\t<div class=\"elementor-element elementor-element-c095abf elementor-widget elementor-widget-text-editor\" data-id=\"c095abf\" data-element_type=\"widget\" data-e-type=\"widget\" data-widget_type=\"text-editor.default\">\n\t\t\t\t<div class=\"elementor-widget-container\">\n\t\t\t\t\t\t\t\t\t<p style=\"text-align: center;\"><span style=\"font-weight: 400;\">Para la Convenci\u00f3n de 2026, habr\u00e1 alojamiento disponible tanto dentro como fuera del campus. Adem\u00e1s, todos los inscritos podr\u00e1n disfrutar de un paquete de comidas durante una semana, lo que facilita comer entre las sesiones de la convenci\u00f3n. A continuaci\u00f3n, encontrar\u00e1 m\u00e1s informaci\u00f3n sobre alojamiento y planes de comidas. <\/span><\/p>\t\t\t\t\t\t\t\t<\/div>\n\t\t\t\t<\/div>\n\t\t\t\t\t<\/div>\n\t\t<\/div>\n\t\t\t\t\t<\/div>\n\t\t<\/section>\n\t\t\t\t<section class=\"elementor-section elementor-top-section elementor-element elementor-element-15d8ff5 elementor-section-boxed elementor-section-height-default elementor-section-height-default\" data-id=\"15d8ff5\" data-element_type=\"section\" data-e-type=\"section\">\n\t\t\t\t\t\t<div class=\"elementor-container elementor-column-gap-default\">\n\t\t\t\t\t<div class=\"elementor-column elementor-col-100 elementor-top-column elementor-element elementor-element-c97eba7\" data-id=\"c97eba7\" data-element_type=\"column\" data-e-type=\"column\">\n\t\t\t<div class=\"elementor-widget-wrap elementor-element-populated\">\n\t\t\t\t\t\t<div class=\"elementor-element elementor-element-fc2f91e elementor-widget elementor-widget-heading\" data-id=\"fc2f91e\" data-element_type=\"widget\" data-e-type=\"widget\" data-widget_type=\"heading.default\">\n\t\t\t\t<div class=\"elementor-widget-container\">\n\t\t\t\t\t<h2 class=\"elementor-heading-title elementor-size-default\">Alojamiento en el campus<\/h2>\t\t\t\t<\/div>\n\t\t\t\t<\/div>\n\t\t\t\t\t<\/div>\n\t\t<\/div>\n\t\t\t\t\t<\/div>\n\t\t<\/section>\n\t\t\t\t<section class=\"elementor-section elementor-top-section elementor-element elementor-element-6ea4598 elementor-section-boxed elementor-section-height-default elementor-section-height-default\" data-id=\"6ea4598\" data-element_type=\"section\" data-e-type=\"section\">\n\t\t\t\t\t\t<div class=\"elementor-container elementor-column-gap-default\">\n\t\t\t\t\t<div class=\"elementor-column elementor-col-50 elementor-top-column elementor-element elementor-element-206e9e2\" data-id=\"206e9e2\" data-element_type=\"column\" data-e-type=\"column\">\n\t\t\t<div class=\"elementor-widget-wrap elementor-element-populated\">\n\t\t\t\t\t\t<div class=\"elementor-element elementor-element-efdb598 elementor-widget elementor-widget-text-editor\" data-id=\"efdb598\" data-element_type=\"widget\" data-e-type=\"widget\" data-widget_type=\"text-editor.default\">\n\t\t\t\t<div class=\"elementor-widget-container\">\n\t\t\t\t\t\t\t\t\t<p style=\"text-align: center;\"><span style=\"font-weight: 400; font-size: 14pt;\">Hay alojamiento disponible en la Universidad Cat\u00f3lica del domingo 19 de julio al viernes 24 de julio por $90\/noche por persona. Esta tarifa incluye una habitaci\u00f3n individual con ba\u00f1o privado, ropa de cama (almohadas, s\u00e1banas, toalla, manta), wifi y desayuno. <br>No incluye aparcamiento ($10\/d\u00eda) ni otros art\u00edculos de aseo, como secador de pelo. Las solicitudes de compa\u00f1eros de habitaci\u00f3n pueden indicarse al registrarse.<\/span><\/p>\t\t\t\t\t\t\t\t<\/div>\n\t\t\t\t<\/div>\n\t\t\t\t\t<\/div>\n\t\t<\/div>\n\t\t\t\t<div class=\"elementor-column elementor-col-50 elementor-top-column elementor-element elementor-element-890d45a\" data-id=\"890d45a\" data-element_type=\"column\" data-e-type=\"column\">\n\t\t\t<div class=\"elementor-widget-wrap elementor-element-populated\">\n\t\t\t\t\t\t<div class=\"elementor-element elementor-element-9fead51 elementor-widget elementor-widget-text-editor\" data-id=\"9fead51\" data-element_type=\"widget\" data-e-type=\"widget\" data-widget_type=\"text-editor.default\">\n\t\t\t\t<div class=\"elementor-widget-container\">\n\t\t\t\t\t\t\t\t\t<p style=\"text-align: center;\"><span style=\"font-weight: 400; font-size: 14pt;\">El alojamiento en el campus solo est\u00e1 disponible para su compra en bloques de domingo a viernes o de lunes a viernes. <br \/><\/span><span style=\"font-size: 14pt;\"><b>La inscripci\u00f3n para alojamiento en el campus se abre el 1 de febrero.<\/b><\/span><\/p>\t\t\t\t\t\t\t\t<\/div>\n\t\t\t\t<\/div>\n\t\t\t\t\t<\/div>\n\t\t<\/div>\n\t\t\t\t\t<\/div>\n\t\t<\/section>\n\t\t\t\t<section class=\"elementor-section elementor-top-section elementor-element elementor-element-ff0fab9 elementor-section-boxed elementor-section-height-default elementor-section-height-default\" data-id=\"ff0fab9\" data-element_type=\"section\" data-e-type=\"section\">\n\t\t\t\t\t\t<div class=\"elementor-container elementor-column-gap-default\">\n\t\t\t\t\t<div class=\"elementor-column elementor-col-100 elementor-top-column elementor-element elementor-element-4a9950e\" data-id=\"4a9950e\" data-element_type=\"column\" data-e-type=\"column\">\n\t\t\t<div class=\"elementor-widget-wrap elementor-element-populated\">\n\t\t\t\t\t\t<div class=\"elementor-element elementor-element-74d68fe elementor-widget elementor-widget-heading\" data-id=\"74d68fe\" data-element_type=\"widget\" data-e-type=\"widget\" data-widget_type=\"heading.default\">\n\t\t\t\t<div class=\"elementor-widget-container\">\n\t\t\t\t\t<h2 class=\"elementor-heading-title elementor-size-default\">Alojamiento fuera del campus<\/h2>\t\t\t\t<\/div>\n\t\t\t\t<\/div>\n\t\t\t\t\t<\/div>\n\t\t<\/div>\n\t\t\t\t\t<\/div>\n\t\t<\/section>\n\t\t\t\t<section class=\"elementor-section elementor-top-section elementor-element elementor-element-f30f63c elementor-section-boxed elementor-section-height-default elementor-section-height-default\" data-id=\"f30f63c\" data-element_type=\"section\" data-e-type=\"section\">\n\t\t\t\t\t\t<div class=\"elementor-container elementor-column-gap-default\">\n\t\t\t\t\t<div class=\"elementor-column elementor-col-50 elementor-top-column elementor-element elementor-element-6f3ff85\" data-id=\"6f3ff85\" data-element_type=\"column\" data-e-type=\"column\">\n\t\t\t<div class=\"elementor-widget-wrap elementor-element-populated\">\n\t\t\t\t\t\t<div class=\"elementor-element elementor-element-ba7ced3 elementor-widget elementor-widget-text-editor\" data-id=\"ba7ced3\" data-element_type=\"widget\" data-e-type=\"widget\" data-widget_type=\"text-editor.default\">\n\t\t\t\t<div class=\"elementor-widget-container\">\n\t\t\t\t\t\t\t\t\t<p style=\"text-align: center;\"><span style=\"font-size: 14pt;\">El NPM ha reservado un bloque de habitaciones en el Royal Sonesta Washington DC Dupont Circle. El Royal Sonesta Hotel se encuentra a 5 minutos a pie de la parada Dupont Circle de la L\u00ednea Roja del Metro de Washington D. C. y a 8 paradas de la parada Brookland\/CUA, donde se encuentra la Universidad Cat\u00f3lica.&nbsp;<\/span><\/p>\t\t\t\t\t\t\t\t<\/div>\n\t\t\t\t<\/div>\n\t\t\t\t\t<\/div>\n\t\t<\/div>\n\t\t\t\t<div class=\"elementor-column elementor-col-50 elementor-top-column elementor-element elementor-element-51d0883\" data-id=\"51d0883\" data-element_type=\"column\" data-e-type=\"column\">\n\t\t\t<div class=\"elementor-widget-wrap elementor-element-populated\">\n\t\t\t\t\t\t<div class=\"elementor-element elementor-element-85b02b9 elementor-widget elementor-widget-text-editor\" data-id=\"85b02b9\" data-element_type=\"widget\" data-e-type=\"widget\" data-widget_type=\"text-editor.default\">\n\t\t\t\t<div class=\"elementor-widget-container\">\n\t\t\t\t\t\t\t\t\t<p style=\"text-align: center;\"><span style=\"font-size: 14pt;\"><span style=\"font-weight: 400;\"><strong>Direcci\u00f3n del hotel:<\/strong> <br><\/span><span style=\"font-weight: 400;\">El Royal Sonesta Washington DC Dupont Circle<\/span><span style=\"font-weight: 400;\"><br><\/span><span style=\"font-weight: 400;\">2121 P St NW, Washington, DC 20037<\/span><\/span><\/p>\n<p style=\"text-align: center;\"><span style=\"font-size: 14pt;\"><span style=\"font-weight: 400;\">Tarifa diaria: $209\/noche; ocupaci\u00f3n individual y doble disponible.&nbsp;<\/span><\/span><\/p>\n<p style=\"text-align: center;\"><span style=\"font-size: 18.6667px;\">Reserva de habitaciones disponible del domingo 19\/07\/2026 al viernes 24\/07\/2026. Pueden aplicarse impuestos y cargos adicionales. Todas las inscripciones deben reservarse antes del 25 de junio de 2026 para obtener el descuento especial por reserva de habitaciones.<\/span><\/p>\n<p style=\"text-align: center;\"><em><span style=\"font-size: 14pt;\"><span style=\"font-weight: 400;\">Nota: El hotel cobra una tarifa de estacionamiento de $71,98 por d\u00eda, con privilegios de entrada y salida.<\/span><\/span><\/em><\/p>\t\t\t\t\t\t\t\t<\/div>\n\t\t\t\t<\/div>\n\t\t\t\t<div class=\"elementor-element elementor-element-9886f6d elementor-widget elementor-widget-button\" data-id=\"9886f6d\" data-element_type=\"widget\" data-e-type=\"widget\" data-widget_type=\"button.default\">\n\t\t\t\t<div class=\"elementor-widget-container\">\n\t\t\t\t\t\t\t\t\t<div class=\"elementor-button-wrapper\">\n\t\t\t\t\t<a class=\"elementor-button elementor-button-link elementor-size-sm\" href=\"https:\/\/www.sonesta.com\/royal-sonesta\/dc\/washington\/royal-sonesta-washington-dc-dupont-circle?isGroupCode=true&#038;groupCode=G071926NPMR&#038;checkin=2026-07-20&#038;checkout=2026-07-24\">\n\t\t\t\t\t\t<span class=\"elementor-button-content-wrapper\">\n\t\t\t\t\t\t\t\t\t<span class=\"elementor-button-text\">Reserva ahora: The Royal Sonesta Dupont Circle<\/span>\n\t\t\t\t\t<\/span>\n\t\t\t\t\t<\/a>\n\t\t\t\t<\/div>\n\t\t\t\t\t\t\t\t<\/div>\n\t\t\t\t<\/div>\n\t\t\t\t\t<\/div>\n\t\t<\/div>\n\t\t\t\t\t<\/div>\n\t\t<\/section>\n\t\t\t\t<section class=\"elementor-section elementor-top-section elementor-element elementor-element-11fbced elementor-section-boxed elementor-section-height-default elementor-section-height-default\" data-id=\"11fbced\" data-element_type=\"section\" data-e-type=\"section\">\n\t\t\t\t\t\t<div class=\"elementor-container elementor-column-gap-default\">\n\t\t\t\t\t<div class=\"elementor-column elementor-col-100 elementor-top-column elementor-element elementor-element-0a551b6\" data-id=\"0a551b6\" data-element_type=\"column\" data-e-type=\"column\">\n\t\t\t<div class=\"elementor-widget-wrap elementor-element-populated\">\n\t\t\t\t\t\t<div class=\"elementor-element elementor-element-b01888c elementor-widget-divider--view-line elementor-widget elementor-widget-divider\" data-id=\"b01888c\" data-element_type=\"widget\" data-e-type=\"widget\" data-widget_type=\"divider.default\">\n\t\t\t\t<div class=\"elementor-widget-container\">\n\t\t\t\t\t\t\t<div class=\"elementor-divider\">\n\t\t\t<span class=\"elementor-divider-separator\">\n\t\t\t\t\t\t<\/span>\n\t\t<\/div>\n\t\t\t\t\t\t<\/div>\n\t\t\t\t<\/div>\n\t\t\t\t\t<\/div>\n\t\t<\/div>\n\t\t\t\t\t<\/div>\n\t\t<\/section>\n\t\t\t\t<section class=\"elementor-section elementor-top-section elementor-element elementor-element-71f18d1 elementor-section-boxed elementor-section-height-default elementor-section-height-default\" data-id=\"71f18d1\" data-element_type=\"section\" data-e-type=\"section\">\n\t\t\t\t\t\t<div class=\"elementor-container elementor-column-gap-default\">\n\t\t\t\t\t<div class=\"elementor-column elementor-col-100 elementor-top-column elementor-element elementor-element-eef5fe7\" data-id=\"eef5fe7\" data-element_type=\"column\" data-e-type=\"column\">\n\t\t\t<div class=\"elementor-widget-wrap elementor-element-populated\">\n\t\t\t\t\t\t<div class=\"elementor-element elementor-element-bb6a7d1 elementor-widget elementor-widget-heading\" data-id=\"bb6a7d1\" data-element_type=\"widget\" data-e-type=\"widget\" data-widget_type=\"heading.default\">\n\t\t\t\t<div class=\"elementor-widget-container\">\n\t\t\t\t\t<h2 class=\"elementor-heading-title elementor-size-default\">Plan de comidas en el campus<\/h2>\t\t\t\t<\/div>\n\t\t\t\t<\/div>\n\t\t\t\t\t<\/div>\n\t\t<\/div>\n\t\t\t\t\t<\/div>\n\t\t<\/section>\n\t\t\t\t<section class=\"elementor-section elementor-top-section elementor-element elementor-element-a3e4c63 elementor-section-boxed elementor-section-height-default elementor-section-height-default\" data-id=\"a3e4c63\" data-element_type=\"section\" data-e-type=\"section\">\n\t\t\t\t\t\t<div class=\"elementor-container elementor-column-gap-default\">\n\t\t\t\t\t<div class=\"elementor-column elementor-col-100 elementor-top-column elementor-element elementor-element-5153cd7\" data-id=\"5153cd7\" data-element_type=\"column\" data-e-type=\"column\">\n\t\t\t<div class=\"elementor-widget-wrap elementor-element-populated\">\n\t\t\t\t\t\t<div class=\"elementor-element elementor-element-c96a25a elementor-widget elementor-widget-text-editor\" data-id=\"c96a25a\" data-element_type=\"widget\" data-e-type=\"widget\" data-widget_type=\"text-editor.default\">\n\t\t\t\t<div class=\"elementor-widget-container\">\n\t\t\t\t\t\t\t\t\t<p style=\"text-align: center;\"><span style=\"font-size: 14pt;\"><i><span style=\"font-weight: 400;\">\u00a1Disponible tanto para asistentes dentro como fuera del campus! <br \/><\/span><\/i><span style=\"font-weight: 400;\">Disfrute de la comodidad y el valor durante la semana de la Convenci\u00f3n con nuestro Plan de Comidas en el Campus. Por una tarifa fija, tendr\u00e1 acceso a desayuno, almuerzo y cena estilo buffet en el comedor del campus. Con una variedad de opciones y una ubicaci\u00f3n a pasos de sus sesiones, este plan de comidas le permite mantenerse nutrido, con energ\u00eda y plenamente presente en todas las actividades de la convenci\u00f3n. <\/span><\/span><\/p><p style=\"text-align: center;\"><span style=\"font-size: 14pt;\"><i><span style=\"font-weight: 400;\">Tenga en cuenta: opciones de compra disponibles de domingo a jueves o de lunes a viernes.<br \/><strong>Planes de comidas <\/strong><\/span><\/i><strong><i>debe<\/i><i> Se deben comprar con anticipaci\u00f3n; no habr\u00e1 planes de comidas disponibles para comprar en el sitio.\u00a0<\/i><\/strong><\/span><\/p>\t\t\t\t\t\t\t\t<\/div>\n\t\t\t\t<\/div>\n\t\t\t\t\t<\/div>\n\t\t<\/div>\n\t\t\t\t\t<\/div>\n\t\t<\/section>\n\t\t\t\t<section class=\"elementor-section elementor-top-section elementor-element elementor-element-cf96774 elementor-section-boxed elementor-section-height-default elementor-section-height-default\" data-id=\"cf96774\" data-element_type=\"section\" data-e-type=\"section\">\n\t\t\t\t\t\t<div class=\"elementor-container elementor-column-gap-default\">\n\t\t\t\t\t<div class=\"elementor-column elementor-col-50 elementor-top-column elementor-element elementor-element-7a8c052\" data-id=\"7a8c052\" data-element_type=\"column\" data-e-type=\"column\">\n\t\t\t<div class=\"elementor-widget-wrap elementor-element-populated\">\n\t\t\t\t\t\t<div class=\"elementor-element elementor-element-1d2a97d elementor-widget elementor-widget-text-editor\" data-id=\"1d2a97d\" data-element_type=\"widget\" data-e-type=\"widget\" data-widget_type=\"text-editor.default\">\n\t\t\t\t<div class=\"elementor-widget-container\">\n\t\t\t\t\t\t\t\t\t<p style=\"text-align: center;\"><span style=\"font-size: 14pt;\"><b>Costo del plan de comidas para quienes se alojan en el campus: $140-$180<br><\/b><em>(El precio var\u00eda dependiendo de la llegada si es domingo o lunes)<\/em><\/span><\/p>\n<p style=\"text-align: center;\"><span style=\"font-size: 14pt;\"><b>Costo del plan de comidas para aquellos <\/b><b>no<\/b><b> permanecer en el campus: $180 <\/b><b><br><\/b><i><span style=\"font-weight: 400;\">(Cubre todas las comidas desde el lunes por la noche hasta el jueves por la noche)<\/span><\/i><\/span><\/p>\t\t\t\t\t\t\t\t<\/div>\n\t\t\t\t<\/div>\n\t\t\t\t\t<\/div>\n\t\t<\/div>\n\t\t\t\t<div class=\"elementor-column elementor-col-50 elementor-top-column elementor-element elementor-element-1635848\" data-id=\"1635848\" data-element_type=\"column\" data-e-type=\"column\">\n\t\t\t<div class=\"elementor-widget-wrap elementor-element-populated\">\n\t\t\t\t\t\t<div class=\"elementor-element elementor-element-a7b1041 elementor-widget elementor-widget-text-editor\" data-id=\"a7b1041\" data-element_type=\"widget\" data-e-type=\"widget\" data-widget_type=\"text-editor.default\">\n\t\t\t\t<div class=\"elementor-widget-container\">\n\t\t\t\t\t\t\t\t\t<p style=\"text-align: center;\"><span style=\"font-size: 14pt;\"><strong>Horario de comidas:\u00a0<br \/><\/strong><span style=\"font-weight: 400;\">Desayuno: 7:30-9:00 am<br \/><\/span><span style=\"font-weight: 400;\">Almuerzo: 11:30 am \u2013 1:30 pm<br \/><\/span><span style=\"font-weight: 400;\">Cena: 17:00-19:00 horas<\/span><\/span><\/p>\t\t\t\t\t\t\t\t<\/div>\n\t\t\t\t<\/div>\n\t\t\t\t\t<\/div>\n\t\t<\/div>\n\t\t\t\t\t<\/div>\n\t\t<\/section>\n\t\t\t\t<section class=\"elementor-section elementor-top-section elementor-element elementor-element-90f0b27 elementor-section-boxed elementor-section-height-default elementor-section-height-default\" data-id=\"90f0b27\" data-element_type=\"section\" data-e-type=\"section\">\n\t\t\t\t\t\t<div class=\"elementor-container elementor-column-gap-default\">\n\t\t\t\t\t<div class=\"elementor-column elementor-col-100 elementor-top-column elementor-element elementor-element-8a2f1bc\" data-id=\"8a2f1bc\" data-element_type=\"column\" data-e-type=\"column\">\n\t\t\t<div class=\"elementor-widget-wrap elementor-element-populated\">\n\t\t\t\t\t\t<div class=\"elementor-element elementor-element-5ccd864 elementor-align-center elementor-widget elementor-widget-button\" data-id=\"5ccd864\" data-element_type=\"widget\" data-e-type=\"widget\" data-widget_type=\"button.default\">\n\t\t\t\t<div class=\"elementor-widget-container\">\n\t\t\t\t\t\t\t\t\t<div class=\"elementor-button-wrapper\">\n\t\t\t\t\t<a class=\"elementor-button elementor-button-link elementor-size-sm\" href=\"https:\/\/npm.site-ym.com\/event\/2026NPMNationalConvention\">\n\t\t\t\t\t\t<span class=\"elementor-button-content-wrapper\">\n\t\t\t\t\t\t\t\t\t<span class=\"elementor-button-text\">Reg\u00edstrate ahora: 48\u00aa Convenci\u00f3n Nacional del MNP<\/span>\n\t\t\t\t\t<\/span>\n\t\t\t\t\t<\/a>\n\t\t\t\t<\/div>\n\t\t\t\t\t\t\t\t<\/div>\n\t\t\t\t<\/div>\n\t\t\t\t\t<\/div>\n\t\t<\/div>\n\t\t\t\t\t<\/div>\n\t\t<\/section>\n\t\t\t\t<\/div>","protected":false},"excerpt":{"rendered":"<p>2026 Convention Housing Details Both on-campus and off-campus housing will be available for the 2026 Convention. Additionally, a week-long campus meal package is available for all registrants, making it easy to grab a meal in between convention sessions. More details about housing and meal plans can be found below. On-Campus Housing Housing is available at [&hellip;]<\/p>\n","protected":false},"author":6372,"featured_media":0,"parent":0,"menu_order":0,"comment_status":"closed","ping_status":"closed","template":"","meta":{"_acf_changed":false,"footnotes":""},"class_list":["post-25533","page","type-page","status-publish","hentry"],"acf":[],"_links":{"self":[{"href":"https:\/\/npm.org\/es\/wp-json\/wp\/v2\/pages\/25533"}],"collection":[{"href":"https:\/\/npm.org\/es\/wp-json\/wp\/v2\/pages"}],"about":[{"href":"https:\/\/npm.org\/es\/wp-json\/wp\/v2\/types\/page"}],"author":[{"embeddable":true,"href":"https:\/\/npm.org\/es\/wp-json\/wp\/v2\/users\/6372"}],"replies":[{"embeddable":true,"href":"https:\/\/npm.org\/es\/wp-json\/wp\/v2\/comments?post=25533"}],"version-history":[{"count":40,"href":"https:\/\/npm.org\/es\/wp-json\/wp\/v2\/pages\/25533\/revisions"}],"predecessor-version":[{"id":25824,"href":"https:\/\/npm.org\/es\/wp-json\/wp\/v2\/pages\/25533\/revisions\/25824"}],"wp:attachment":[{"href":"https:\/\/npm.org\/es\/wp-json\/wp\/v2\/media?parent=25533"}],"curies":[{"name":"gracias","href":"https:\/\/api.w.org\/{rel}","templated":true}]}}