{"id":25527,"date":"2025-12-15T12:52:50","date_gmt":"2025-12-15T17:52:50","guid":{"rendered":"https:\/\/npm.org\/?page_id=25527"},"modified":"2026-02-01T08:59:25","modified_gmt":"2026-02-01T13:59:25","slug":"2026-convention-schedule-of-events","status":"publish","type":"page","link":"https:\/\/npm.org\/es\/2026-convention-schedule-of-events\/","title":{"rendered":"Convenci\u00f3n 2026: Calendario de eventos"},"content":{"rendered":"<div data-elementor-type=\"wp-page\" data-elementor-id=\"25527\" class=\"elementor elementor-25527\" data-elementor-post-type=\"page\">\n\t\t\t\t\t\t<section class=\"elementor-section elementor-top-section elementor-element elementor-element-7042d95 elementor-section-boxed elementor-section-height-default elementor-section-height-default\" data-id=\"7042d95\" data-element_type=\"section\" data-e-type=\"section\">\n\t\t\t\t\t\t<div class=\"elementor-container elementor-column-gap-default\">\n\t\t\t\t\t<div class=\"elementor-column elementor-col-100 elementor-top-column elementor-element elementor-element-93a43b2\" data-id=\"93a43b2\" data-element_type=\"column\" data-e-type=\"column\">\n\t\t\t<div class=\"elementor-widget-wrap elementor-element-populated\">\n\t\t\t\t\t\t<div class=\"elementor-element elementor-element-1af433d elementor-widget elementor-widget-image\" data-id=\"1af433d\" data-element_type=\"widget\" data-e-type=\"widget\" data-widget_type=\"image.default\">\n\t\t\t\t<div class=\"elementor-widget-container\">\n\t\t\t\t\t\t\t\t\t\t\t\t\t\t\t<img fetchpriority=\"high\" decoding=\"async\" width=\"860\" height=\"197\" src=\"https:\/\/npm.org\/wp-content\/uploads\/NPM-2026-Convention_schedule-of-events-web-banner-1024x235.png\" class=\"attachment-large size-large wp-image-25667\" alt=\"\" srcset=\"https:\/\/npm.org\/wp-content\/uploads\/NPM-2026-Convention_schedule-of-events-web-banner-1024x235.png 1024w, https:\/\/npm.org\/wp-content\/uploads\/NPM-2026-Convention_schedule-of-events-web-banner-300x69.png 300w, https:\/\/npm.org\/wp-content\/uploads\/NPM-2026-Convention_schedule-of-events-web-banner-768x176.png 768w, https:\/\/npm.org\/wp-content\/uploads\/NPM-2026-Convention_schedule-of-events-web-banner-1536x352.png 1536w, https:\/\/npm.org\/wp-content\/uploads\/NPM-2026-Convention_schedule-of-events-web-banner-2048x469.png 2048w, https:\/\/npm.org\/wp-content\/uploads\/NPM-2026-Convention_schedule-of-events-web-banner-18x4.png 18w, https:\/\/npm.org\/wp-content\/uploads\/NPM-2026-Convention_schedule-of-events-web-banner-260x60.png 260w\" sizes=\"(max-width: 860px) 100vw, 860px\" \/>\t\t\t\t\t\t\t\t\t\t\t\t\t\t\t<\/div>\n\t\t\t\t<\/div>\n\t\t\t\t\t<\/div>\n\t\t<\/div>\n\t\t\t\t\t<\/div>\n\t\t<\/section>\n\t\t\t\t<section class=\"elementor-section elementor-top-section elementor-element elementor-element-9b16e96 elementor-section-boxed elementor-section-height-default elementor-section-height-default\" data-id=\"9b16e96\" data-element_type=\"section\" data-e-type=\"section\">\n\t\t\t\t\t\t<div class=\"elementor-container elementor-column-gap-default\">\n\t\t\t\t\t<div class=\"elementor-column elementor-col-100 elementor-top-column elementor-element elementor-element-8aad787\" data-id=\"8aad787\" data-element_type=\"column\" data-e-type=\"column\">\n\t\t\t<div class=\"elementor-widget-wrap elementor-element-populated\">\n\t\t\t\t\t\t<div class=\"elementor-element elementor-element-2bd14f8 elementor-widget elementor-widget-heading\" data-id=\"2bd14f8\" data-element_type=\"widget\" data-e-type=\"widget\" data-widget_type=\"heading.default\">\n\t\t\t\t<div class=\"elementor-widget-container\">\n\t\t\t\t\t<h2 class=\"elementor-heading-title elementor-size-default\">Informaci\u00f3n del calendario de la convenci\u00f3n<\/h2>\t\t\t\t<\/div>\n\t\t\t\t<\/div>\n\t\t\t\t\t<\/div>\n\t\t<\/div>\n\t\t\t\t\t<\/div>\n\t\t<\/section>\n\t\t\t\t<section class=\"elementor-section elementor-top-section elementor-element elementor-element-cd8f22f elementor-section-boxed elementor-section-height-default elementor-section-height-default\" data-id=\"cd8f22f\" data-element_type=\"section\" data-e-type=\"section\">\n\t\t\t\t\t\t<div class=\"elementor-container elementor-column-gap-default\">\n\t\t\t\t\t<div class=\"elementor-column elementor-col-100 elementor-top-column elementor-element elementor-element-4c5a88b\" data-id=\"4c5a88b\" data-element_type=\"column\" data-e-type=\"column\">\n\t\t\t<div class=\"elementor-widget-wrap elementor-element-populated\">\n\t\t\t\t\t\t<div class=\"elementor-element elementor-element-36529bc elementor-widget elementor-widget-text-editor\" data-id=\"36529bc\" data-element_type=\"widget\" data-e-type=\"widget\" data-widget_type=\"text-editor.default\">\n\t\t\t\t<div class=\"elementor-widget-container\">\n\t\t\t\t\t\t\t\t\t<p style=\"text-align: center;\"><span style=\"font-size: 14pt;\">El calendario completo de la Convenci\u00f3n Nacional se publicar\u00e1 en la edici\u00f3n de enero de <em>M\u00fasica pastoral<\/em> Revista. Mientras tanto, \u00a1nos complace compartir informaci\u00f3n sobre los eventos de la Preconvenci\u00f3n de 2026!<\/span><\/p><p style=\"text-align: center;\"><span style=\"font-size: 14pt;\">NOTA: La Convenci\u00f3n Nacional de 2026 se llevar\u00e1 a cabo desde la noche del 20 de julio hasta la noche del 23 de julio.\u00a0<\/span><\/p>\t\t\t\t\t\t\t\t<\/div>\n\t\t\t\t<\/div>\n\t\t\t\t\t<\/div>\n\t\t<\/div>\n\t\t\t\t\t<\/div>\n\t\t<\/section>\n\t\t\t\t<section class=\"elementor-section elementor-top-section elementor-element elementor-element-8b0c2e3 elementor-section-boxed elementor-section-height-default elementor-section-height-default\" data-id=\"8b0c2e3\" data-element_type=\"section\" data-e-type=\"section\">\n\t\t\t\t\t\t<div class=\"elementor-container elementor-column-gap-default\">\n\t\t\t\t\t<div class=\"elementor-column elementor-col-100 elementor-top-column elementor-element elementor-element-52a6f54\" data-id=\"52a6f54\" data-element_type=\"column\" data-e-type=\"column\">\n\t\t\t<div class=\"elementor-widget-wrap elementor-element-populated\">\n\t\t\t\t\t\t<div class=\"elementor-element elementor-element-57c8761 elementor-align-center elementor-widget elementor-widget-button\" data-id=\"57c8761\" data-element_type=\"widget\" data-e-type=\"widget\" data-widget_type=\"button.default\">\n\t\t\t\t<div class=\"elementor-widget-container\">\n\t\t\t\t\t\t\t\t\t<div class=\"elementor-button-wrapper\">\n\t\t\t\t\t<a class=\"elementor-button elementor-button-link elementor-size-sm\" href=\"https:\/\/npm.site-ym.com\/event\/2026NPMNationalConvention\">\n\t\t\t\t\t\t<span class=\"elementor-button-content-wrapper\">\n\t\t\t\t\t\t\t\t\t<span class=\"elementor-button-text\">Reg\u00edstrate ahora: 48\u00aa Convenci\u00f3n Nacional del MNP<\/span>\n\t\t\t\t\t<\/span>\n\t\t\t\t\t<\/a>\n\t\t\t\t<\/div>\n\t\t\t\t\t\t\t\t<\/div>\n\t\t\t\t<\/div>\n\t\t\t\t\t<\/div>\n\t\t<\/div>\n\t\t\t\t\t<\/div>\n\t\t<\/section>\n\t\t\t\t<section class=\"elementor-section elementor-top-section elementor-element elementor-element-37f5974 elementor-section-boxed elementor-section-height-default elementor-section-height-default\" data-id=\"37f5974\" data-element_type=\"section\" data-e-type=\"section\">\n\t\t\t\t\t\t<div class=\"elementor-container elementor-column-gap-default\">\n\t\t\t\t\t<div class=\"elementor-column elementor-col-100 elementor-top-column elementor-element elementor-element-a8ef5ba\" data-id=\"a8ef5ba\" data-element_type=\"column\" data-e-type=\"column\">\n\t\t\t<div class=\"elementor-widget-wrap elementor-element-populated\">\n\t\t\t\t\t\t<div class=\"elementor-element elementor-element-62282e2 elementor-widget elementor-widget-heading\" data-id=\"62282e2\" data-element_type=\"widget\" data-e-type=\"widget\" data-widget_type=\"heading.default\">\n\t\t\t\t<div class=\"elementor-widget-container\">\n\t\t\t\t\t<h2 class=\"elementor-heading-title elementor-size-default\">Eventos previos a la convenci\u00f3n<\/h2>\t\t\t\t<\/div>\n\t\t\t\t<\/div>\n\t\t\t\t\t<\/div>\n\t\t<\/div>\n\t\t\t\t\t<\/div>\n\t\t<\/section>\n\t\t\t\t<section class=\"elementor-section elementor-top-section elementor-element elementor-element-8465945 elementor-section-boxed elementor-section-height-default elementor-section-height-default\" data-id=\"8465945\" data-element_type=\"section\" data-e-type=\"section\">\n\t\t\t\t\t\t<div class=\"elementor-container elementor-column-gap-default\">\n\t\t\t\t\t<div class=\"elementor-column elementor-col-100 elementor-top-column elementor-element elementor-element-c179842\" data-id=\"c179842\" data-element_type=\"column\" data-e-type=\"column\">\n\t\t\t<div class=\"elementor-widget-wrap elementor-element-populated\">\n\t\t\t\t\t\t<div class=\"elementor-element elementor-element-1c096da elementor-widget elementor-widget-text-editor\" data-id=\"1c096da\" data-element_type=\"widget\" data-e-type=\"widget\" data-widget_type=\"text-editor.default\">\n\t\t\t\t<div class=\"elementor-widget-container\">\n\t\t\t\t\t\t\t\t\t<p><span style=\"font-size: 14pt;\"><b>Recorrido nocturno por los monumentos de DC<br \/><\/b><\/span><span style=\"font-weight: 400; font-size: 14pt;\">Domingo 19 de julio: 19:30-22:30 horas\u00a0<br \/><\/span><span style=\"font-size: 14pt;\"><span style=\"font-weight: 400;\">Lugar de inicio\/fin: Universidad Cat\u00f3lica<\/span><span style=\"font-weight: 400;\"><br \/><\/span><span style=\"font-weight: 400;\">Costo: $60<br \/><\/span><\/span><span style=\"font-weight: 400; font-size: 14pt;\">Experimente Washington, D. C. en su m\u00e1xima expresi\u00f3n con el Tour Nocturno de Monumentos Preconvenci\u00f3n del NPM. Esta excursi\u00f3n de 3 horas, con salida y regreso a la Universidad Cat\u00f3lica, ofrece un relajante paseo nocturno por las \u00e1reas del Capitolio, la Explanada Nacional y la Casa Blanca. El recorrido ofrece impresionantes vistas del Capitolio, el Monumento a Washington, el Monumento a Jefferson, el Monumento a la Segunda Guerra Mundial y m\u00e1s, todo iluminado contra el cielo nocturno. Los visitantes disfrutar\u00e1n de tres paradas memorables: el Monumento a Lincoln (con acceso a los Monumentos de las Guerras de Vietnam y Corea), el Monumento a Roosevelt (junto al Monumento a Martin Luther King) y el ic\u00f3nico Monumento a Iwo Jima, que solo se visita en los tours nocturnos. Una forma hermosa e inspiradora de comenzar la semana de la convenci\u00f3n.<\/span><\/p><p><span style=\"font-size: 14pt;\"><b>corriente continua <\/b><b>Recorrido por los \u00f3rganos<\/b><a href=\"https:\/\/docs.google.com\/document\/u\/0\/d\/1MbfwBohR8CMZEBXulW6ox4v-QUlIiQBPlaRk8VPbUZc\/edit\"><span style=\"font-weight: 400;\"><br \/><\/span><\/a><span style=\"font-weight: 400;\">Lunes 20 de julio: 8:45 a. m. a 3:00 p. m.<br \/><\/span><\/span><span style=\"font-weight: 400; font-size: 14pt;\">Lugar de inicio\/fin: Bas\u00edlica del Santuario Nacional de la Inmaculada Concepci\u00f3n<br \/><\/span><span style=\"font-weight: 400; font-size: 14pt;\">Costo: $125<br \/><\/span><span style=\"font-size: 14pt;\"><span style=\"font-weight: 400;\">\u00danase a sus compa\u00f1eros asistentes a la conferencia en un recorrido pr\u00e1ctico por algunos de los mejores \u00f3rganos de Washington, D.C. Guiado por John Henderson, este recorrido de un d\u00eda completo destaca algunos de los instrumentos y espacios sagrados m\u00e1s notables de Washington, D.C. Entre los espacios sagrados se incluyen la Iglesia Superior de la Bas\u00edlica, la Catedral de San Mateo, la calle K de San Pablo, Santo Domingo, San Pedro en la Colina y San Jos\u00e9 en la Colina. Los participantes disfrutar\u00e1n de demostraciones seleccionadas en cada parada, dirigidas por expertos y anfitriones locales. El recorrido concluye con el regreso a la CUA a las 3:00 p. m., un inicio enriquecedor e inspirador para la semana de la convenci\u00f3n. La tarifa del evento previo a la convenci\u00f3n incluye transporte, almuerzo y donaciones a todas las iglesias visitadas.<\/span><\/span><\/p><p><span style=\"font-size: 14pt;\"><b>Instituto Cantor\u00a0<br \/><\/b><\/span><span style=\"font-weight: 400; font-size: 14pt;\">Lunes 20 de julio: 9:00 a. m. a 3:00 p. m.<br \/><\/span><span style=\"font-weight: 400; font-size: 14pt;\">Ubicaci\u00f3n: Campus CUA<br \/><\/span><span style=\"font-weight: 400; font-size: 14pt;\">Costo: $125<br \/><\/span><span style=\"font-size: 14pt;\"><span style=\"font-weight: 400;\">\u00danase a NPM este verano en nuestro taller integral de un d\u00eda para cantores y aspirantes a cantores. A trav\u00e9s de conferencias a fondo y sesiones interactivas con el Dr. Peter Kadeli, los participantes explorar\u00e1n la m\u00fasica como ministerio y algunas de las mejores pr\u00e1cticas para cantores, incluyendo pedagog\u00eda vocal, dicci\u00f3n para idiomas distintos del ingl\u00e9s, oraci\u00f3n a trav\u00e9s del canto y otros temas. El Dr. Peter Kadeli es Director de M\u00fasica Sacra y Director de Actividades Corales en la Universidad Cat\u00f3lica de Am\u00e9rica. El Dr. Kadeli cuenta con m\u00e1s de quince a\u00f1os de experiencia como director profesional, m\u00fasico lit\u00fargico y experto coral. Es Director Asociado del Coro de Washington, dos veces ganador del Grammy, y obtuvo el segundo lugar a nivel nacional en el Premio Americano de Direcci\u00f3n Coral 2025.<\/span><span style=\"font-weight: 400;\"><br \/><\/span><\/span><\/p><p><span style=\"font-size: 14pt;\"><b>Festival Nacional de Campanas Cat\u00f3licas<br \/><\/b><\/span><span style=\"font-weight: 400; font-size: 14pt;\">Lunes 20 de julio: 9:00 a. m. a 4:30 p. m.; concierto a las 6:00 p. m.<br \/><\/span><span style=\"font-weight: 400; font-size: 14pt;\">Ubicaci\u00f3n: Campus CUA<br \/><\/span><span style=\"font-weight: 400; font-size: 14pt;\">Costo: $100<br \/><\/span><span style=\"font-weight: 400; font-size: 14pt;\">\u00a1Les invitamos a unirse al Festival Nacional de Campanas Cat\u00f3licas de 2026! Se aceptan grupos de campaneros o solistas para este evento en la Universidad Cat\u00f3lica de Am\u00e9rica el 20 de julio de 2026. Nuestra coordinadora ser\u00e1 Kathy Ebling Shaw, vicepresidenta de Malmark Bells, Inc. El festival concluir\u00e1 con un concierto en el marco de la Convenci\u00f3n Nacional de la Asociaci\u00f3n Nacional de M\u00fasicos Pastorales (NPM). La cuota previa a la convenci\u00f3n incluye los honorarios de los coordinadores, el almuerzo y los refrigerios proporcionados antes del concierto. <strong><a href=\"https:\/\/npm.site-ym.com\/event\/2026NationalCatholicHandbellFestival\">Haga clic aqu\u00ed para registrarse S\u00d3LO para el Festival Nacional de Campanas Cat\u00f3licas.\u00a0<\/a><\/strong><\/span><\/p><p><span style=\"font-size: 14pt;\"><b>Visita al Monasterio Franciscano<br \/><\/b><\/span><span style=\"font-weight: 400; font-size: 14pt;\">Lunes 20 de julio: 9:00 a. m. a 12:00 p. m.<br \/><\/span><span style=\"font-weight: 400; font-size: 14pt;\">Ubicaci\u00f3n: Monasterio Franciscano de Tierra Santa en Am\u00e9rica<br \/><\/span><span style=\"font-weight: 400; font-size: 14pt;\">Costo: $25<br \/><\/span><span style=\"font-weight: 400; font-size: 14pt;\">Emb\u00e1rcate en una visita guiada a este lugar de peregrinaci\u00f3n \u00fanico en el coraz\u00f3n de Washington, DC. Sirviendo como un lugar de peregrinaci\u00f3n para aquellos que no pueden viajar a Tierra Santa, el monasterio incluye 42 acres de jardines centenarios, r\u00e9plicas de tama\u00f1o real de santuarios de Tierra Santa, arte y arquitectura impresionantes y un magn\u00edfico \u00f3rgano Lively-Fulcher.<\/span><\/p><p><span style=\"font-size: 14pt;\"><b>Foro de Compositores Lit\u00fargicos<br \/><\/b><\/span><span style=\"font-weight: 400; font-size: 14pt;\">Lunes 20 de julio: 13:00 \u2013 15:00 horas<br \/><\/span><span style=\"font-weight: 400; font-size: 14pt;\">Ubicaci\u00f3n: Campus CUA<br \/><\/span><span style=\"font-weight: 400; font-size: 14pt;\"><em>Gratuito, pero se requiere inscripci\u00f3n previa.<\/em><br \/><\/span><span style=\"font-weight: 400; font-size: 14pt;\">El Foro de Compositores Lit\u00fargicos (fundado en 1998) ofrecer\u00e1 una &quot;Rese\u00f1a de M\u00fasica Nueva&quot; abierta como evento previo a la Convenci\u00f3n el lunes 20 de julio, de 13:00 a 15:00 h. (La ubicaci\u00f3n en el campus de la CUA se determinar\u00e1 por separado). Se invita a los aspirantes a compositores lit\u00fargicos a presentar una pieza lit\u00fargica bien desarrollada y escrita con claridad para su consideraci\u00f3n. En la sesi\u00f3n, despu\u00e9s de interpretar cada obra, un panel de compositores con experiencia y publicaciones ofrecer\u00e1 una cr\u00edtica constructiva, consejos creativos y un di\u00e1logo con el objetivo de ayudar al compositor y a todos los asistentes en el arte de la composici\u00f3n lit\u00fargica. Es imprescindible registrarse en este evento durante la convenci\u00f3n para poder presentar una obra. Para enviar una obra, visite liturgicalcomposers.net\/npm2026, donde encontrar\u00e1 las directrices de env\u00edo (\u00a1por favor, l\u00e9alas!) y un enlace para subirla.<\/span><\/p><p><span style=\"font-size: 14pt;\"><b>Proyecto de servicio<br \/><\/b><\/span><span style=\"font-weight: 400; font-size: 14pt;\">Lunes 20 de julio: 13:00 \u2013 15:00 horas<br \/><\/span><span style=\"font-weight: 400; font-size: 14pt;\">Ubicaci\u00f3n: Campus CUA\u00a0<br \/><\/span><span style=\"font-weight: 400; font-size: 14pt;\">Costo: $10<br \/><\/span><span style=\"font-weight: 400; font-size: 14pt;\">\u00danase a los dem\u00e1s asistentes a la convenci\u00f3n para una tarde de servicio. El proyecto de servicio, en colaboraci\u00f3n con la Oficina de Ministerio Universitario de la CUA, es una excelente manera de comenzar su experiencia en la convenci\u00f3n. Tenga en cuenta que se les comunicar\u00e1 la oportunidad espec\u00edfica a los inscritos. La cuota de $10 financia el programa.\u00a0<\/span><\/p>\t\t\t\t\t\t\t\t<\/div>\n\t\t\t\t<\/div>\n\t\t\t\t\t<\/div>\n\t\t<\/div>\n\t\t\t\t\t<\/div>\n\t\t<\/section>\n\t\t\t\t<section class=\"elementor-section elementor-top-section elementor-element elementor-element-6fb5e58 elementor-section-boxed elementor-section-height-default elementor-section-height-default\" data-id=\"6fb5e58\" data-element_type=\"section\" data-e-type=\"section\">\n\t\t\t\t\t\t<div class=\"elementor-container elementor-column-gap-default\">\n\t\t\t\t\t<div class=\"elementor-column elementor-col-100 elementor-top-column elementor-element elementor-element-94bac11\" data-id=\"94bac11\" data-element_type=\"column\" data-e-type=\"column\">\n\t\t\t<div class=\"elementor-widget-wrap elementor-element-populated\">\n\t\t\t\t\t\t<div class=\"elementor-element elementor-element-5e09f93 elementor-widget elementor-widget-heading\" data-id=\"5e09f93\" data-element_type=\"widget\" data-e-type=\"widget\" data-widget_type=\"heading.default\">\n\t\t\t\t<div class=\"elementor-widget-container\">\n\t\t\t\t\t<h2 class=\"elementor-heading-title elementor-size-default\">Eventos posteriores a la convenci\u00f3n<\/h2>\t\t\t\t<\/div>\n\t\t\t\t<\/div>\n\t\t\t\t\t<\/div>\n\t\t<\/div>\n\t\t\t\t\t<\/div>\n\t\t<\/section>\n\t\t\t\t<section class=\"elementor-section elementor-top-section elementor-element elementor-element-395eed3 elementor-section-boxed elementor-section-height-default elementor-section-height-default\" data-id=\"395eed3\" data-element_type=\"section\" data-e-type=\"section\">\n\t\t\t\t\t\t<div class=\"elementor-container elementor-column-gap-default\">\n\t\t\t\t\t<div class=\"elementor-column elementor-col-100 elementor-top-column elementor-element elementor-element-880cb57\" data-id=\"880cb57\" data-element_type=\"column\" data-e-type=\"column\">\n\t\t\t<div class=\"elementor-widget-wrap elementor-element-populated\">\n\t\t\t\t\t\t<div class=\"elementor-element elementor-element-a8ecc93 elementor-widget elementor-widget-text-editor\" data-id=\"a8ecc93\" data-element_type=\"widget\" data-e-type=\"widget\" data-widget_type=\"text-editor.default\">\n\t\t\t\t<div class=\"elementor-widget-container\">\n\t\t\t\t\t\t\t\t\t<p><span style=\"font-size: 14pt;\"><b>NPM <\/b><b>Retiro<br \/><\/b><\/span><span style=\"font-weight: 400; font-size: 14pt;\">Viernes 24 de julio: 9:00 a. m. a 12:00 p. m.<br \/><\/span><span style=\"font-weight: 400; font-size: 14pt;\">Ubicaci\u00f3n: Abad\u00eda de San Anselmo<br \/><\/span><span style=\"font-weight: 400; font-size: 14pt;\">Costo: $40<br \/><\/span><span style=\"font-weight: 400; font-size: 14pt;\">Disfrute de una ma\u00f1ana de oraci\u00f3n, reflexi\u00f3n y renovaci\u00f3n en la Abad\u00eda Benedictina de San Anselmo. Dirigido por el organista, pianista y compositor P. Ignacio Gonz\u00e1lez, este retiro ofrecer\u00e1 a los asistentes la oportunidad de prepararse espiritualmente para compartir los frutos de la convenci\u00f3n con sus ministerios en sus pa\u00edses de origen. La entrada previa a la convenci\u00f3n incluye una donaci\u00f3n al Monasterio y un desayuno ligero.\u00a0<\/span><\/p><p><span style=\"font-size: 14pt;\"><b>Recorrido diurno por los monumentos de DC<br \/><\/b><\/span><span style=\"font-weight: 400; font-size: 14pt;\">Viernes 24 de julio: 9:00 a. m. a 12:00 p. m.\u00a0<br \/><\/span><span style=\"font-weight: 400; font-size: 14pt;\">Lugar de inicio\/fin: Campus CUA\u00a0<br \/><\/span><span style=\"font-weight: 400; font-size: 14pt;\">Costo: $60<br \/><\/span><span style=\"font-weight: 400; font-size: 14pt;\">Qu\u00e9dese un d\u00eda m\u00e1s para unirse a otros asistentes a la convenci\u00f3n del NPM y disfrutar de la belleza y la maravilla de los monumentos m\u00e1s conmovedores de nuestro pa\u00eds durante el d\u00eda. Nuestro tranv\u00eda nos recoger\u00e1 en la Universidad Cat\u00f3lica a las 9:00 a. m. para explorar los lugares m\u00e1s famosos de la ciudad. El recorrido de 2,5 horas con gu\u00eda profesional nos llevar\u00e1 por el National Mall, con paradas en los monumentos a Franklin D. Roosevelt, Lincoln, los veteranos de Vietnam, la Guerra de Corea y Martin Luther King. A lo largo del recorrido, veremos otros monumentos y lugares famosos mientras escuchamos relatos y an\u00e9cdotas sobre la fascinante historia de la ciudad.<\/span><\/p>\t\t\t\t\t\t\t\t<\/div>\n\t\t\t\t<\/div>\n\t\t\t\t\t<\/div>\n\t\t<\/div>\n\t\t\t\t\t<\/div>\n\t\t<\/section>\n\t\t\t\t<section class=\"elementor-section elementor-top-section elementor-element elementor-element-9923c16 elementor-section-boxed elementor-section-height-default elementor-section-height-default\" data-id=\"9923c16\" data-element_type=\"section\" data-e-type=\"section\">\n\t\t\t\t\t\t<div class=\"elementor-container elementor-column-gap-default\">\n\t\t\t\t\t<div class=\"elementor-column elementor-col-100 elementor-top-column elementor-element elementor-element-ecfae6b\" data-id=\"ecfae6b\" data-element_type=\"column\" data-e-type=\"column\">\n\t\t\t<div class=\"elementor-widget-wrap elementor-element-populated\">\n\t\t\t\t\t\t<div class=\"elementor-element elementor-element-685c57a elementor-align-center elementor-widget elementor-widget-button\" data-id=\"685c57a\" data-element_type=\"widget\" data-e-type=\"widget\" data-widget_type=\"button.default\">\n\t\t\t\t<div class=\"elementor-widget-container\">\n\t\t\t\t\t\t\t\t\t<div class=\"elementor-button-wrapper\">\n\t\t\t\t\t<a class=\"elementor-button elementor-button-link elementor-size-sm\" href=\"https:\/\/npm.site-ym.com\/event\/2026NPMNationalConvention\">\n\t\t\t\t\t\t<span class=\"elementor-button-content-wrapper\">\n\t\t\t\t\t\t\t\t\t<span class=\"elementor-button-text\">Reg\u00edstrate ahora: 48\u00aa Convenci\u00f3n Nacional del MNP<\/span>\n\t\t\t\t\t<\/span>\n\t\t\t\t\t<\/a>\n\t\t\t\t<\/div>\n\t\t\t\t\t\t\t\t<\/div>\n\t\t\t\t<\/div>\n\t\t\t\t\t<\/div>\n\t\t<\/div>\n\t\t\t\t\t<\/div>\n\t\t<\/section>\n\t\t\t\t<\/div>","protected":false},"excerpt":{"rendered":"<p>Convention Schedule Information The full National Convention schedule will be released in the January edition of Pastoral Music magazine. In the meantime, we&#8217;re pleased to share information about the 2026 Pre-Convention events! NOTE: The 2026 National Convention will take place from the evening of July 20 through the evening of July 23.\u00a0 Register Now: 48th [&hellip;]<\/p>\n","protected":false},"author":6372,"featured_media":0,"parent":0,"menu_order":0,"comment_status":"closed","ping_status":"closed","template":"","meta":{"_acf_changed":false,"footnotes":""},"class_list":["post-25527","page","type-page","status-publish","hentry"],"acf":[],"_links":{"self":[{"href":"https:\/\/npm.org\/es\/wp-json\/wp\/v2\/pages\/25527"}],"collection":[{"href":"https:\/\/npm.org\/es\/wp-json\/wp\/v2\/pages"}],"about":[{"href":"https:\/\/npm.org\/es\/wp-json\/wp\/v2\/types\/page"}],"author":[{"embeddable":true,"href":"https:\/\/npm.org\/es\/wp-json\/wp\/v2\/users\/6372"}],"replies":[{"embeddable":true,"href":"https:\/\/npm.org\/es\/wp-json\/wp\/v2\/comments?post=25527"}],"version-history":[{"count":19,"href":"https:\/\/npm.org\/es\/wp-json\/wp\/v2\/pages\/25527\/revisions"}],"predecessor-version":[{"id":25818,"href":"https:\/\/npm.org\/es\/wp-json\/wp\/v2\/pages\/25527\/revisions\/25818"}],"wp:attachment":[{"href":"https:\/\/npm.org\/es\/wp-json\/wp\/v2\/media?parent=25527"}],"curies":[{"name":"gracias","href":"https:\/\/api.w.org\/{rel}","templated":true}]}}