{"id":2486,"date":"2017-07-31T03:50:34","date_gmt":"2017-07-31T03:50:34","guid":{"rendered":"https:\/\/npm.org\/?page_id=2486"},"modified":"2019-08-25T03:54:11","modified_gmt":"2019-08-25T03:54:11","slug":"bulletin-inserts","status":"publish","type":"page","link":"https:\/\/npm.org\/es\/bulletin-inserts\/","title":{"rendered":"Inserciones de boletines"},"content":{"rendered":"<p><strong><a href=\"https:\/\/npm.org\/wp-content\/uploads\/2017\/07\/May16-1.pdf\">Muchas iglesias, una sola iglesia (ingl\u00e9s)<\/a><\/strong><\/p>\n<p><a href=\"https:\/\/npm.org\/wp-content\/uploads\/2017\/07\/May16Spanish-1.pdf\"><strong>Muchas iglesias, una sola Iglesia (espa\u00f1ol)<\/strong><\/a><\/p>\n<hr \/>\n<p><strong><a href=\"https:\/\/npm.org\/wp-content\/uploads\/2017\/07\/March16-1.pdf\">Una iglesia que luce y suena a piedad (ingl\u00e9s)<\/a><\/strong><\/p>\n<p><a href=\"https:\/\/npm.org\/wp-content\/uploads\/2017\/07\/March16Spanish-1.pdf\"><strong>Una Iglesia de apariencia similar a la misericordia (espa\u00f1ol)<\/strong><\/a><\/p>\n<hr \/>\n<p><strong><a href=\"https:\/\/npm.org\/wp-content\/uploads\/2017\/07\/Jan16-1.pdf\">Matrimonio cristiano: un matrimonio de muchas culturas con fe (ingl\u00e9s)<\/a><\/strong><\/p>\n<p><strong><a href=\"https:\/\/npm.org\/wp-content\/uploads\/2017\/07\/Jan16Spanish-1.pdf\">Matrimonio: Un v\u00ednculo de muchas culturas con fe (espa\u00f1ol)<\/a><\/strong><\/p>\n<hr \/>\n<p><strong><a href=\"https:\/\/npm.org\/wp-content\/uploads\/2017\/07\/March14-1.pdf\">Responsabilidad de los obispos: buena liturgia (ingl\u00e9s)<\/a><\/strong><\/p>\n<p><strong><a href=\"https:\/\/npm.org\/wp-content\/uploads\/2017\/07\/March14Spanish-1.pdf\">Responsabilidad de los obispos: Una buena liturgia (espa\u00f1ol)<\/a><\/strong><\/p>\n<hr \/>\n<p><strong><a href=\"https:\/\/npm.org\/wp-content\/uploads\/2017\/07\/Jan14-1.pdf\">Catecumenado: formaci\u00f3n b\u00e1sica en la vida cristiana (ingl\u00e9s)<\/a><\/strong><\/p>\n<p><strong>Catecumenado: Formaci\u00f3n b\u00e1sica sobre la vida cristiana (espa\u00f1ol)<\/strong><\/p>\n<hr \/>\n<p><strong><a href=\"https:\/\/npm.org\/wp-content\/uploads\/2017\/07\/May13-1.pdf\">Aprender a cantar lamento (ingl\u00e9s)<\/a><\/strong><\/p>\n<p><a href=\"https:\/\/npm.org\/wp-content\/uploads\/2017\/07\/May13Spanish-1.pdf\"><strong>Hay que aprender a cantar un lamento (espa\u00f1ol)<\/strong><\/a><\/p>\n<hr \/>\n<p><strong><a href=\"https:\/\/npm.org\/wp-content\/uploads\/2017\/07\/March13English-1.pdf\">\u201cThey Sing a New Song\u201d (ingl\u00e9s)<\/a><\/strong><\/p>\n<p><a href=\"https:\/\/npm.org\/wp-content\/uploads\/2017\/07\/March13Spanish-1.pdf\"><strong>\u201cCantan un canto nuevo\u201d (espa\u00f1ol)<\/strong><\/a><\/p>\n<hr \/>\n<p><strong><a href=\"https:\/\/npm.org\/wp-content\/uploads\/2017\/07\/March12-1.pdf\">&quot;Cuando en Roma . . . &quot; (Ingl\u00e9s)<\/a><\/strong><\/p>\n<p><a href=\"https:\/\/npm.org\/wp-content\/uploads\/2017\/07\/March12Spanish-1.pdf\"><strong>\u201cA donde fueres. . . &quot; (Espa\u00f1ol)<\/strong><\/a><\/p>\n<hr \/>\n<p><strong><a href=\"https:\/\/npm.org\/wp-content\/uploads\/2017\/07\/Sept11-1.pdf\">Actualizaci\u00f3n de la renovaci\u00f3n posconciliar (ingl\u00e9s)<\/a><\/strong><\/p>\n<p><a href=\"https:\/\/npm.org\/wp-content\/uploads\/2017\/07\/Sept11Spanish-1.pdf\"><strong>Actualizaci\u00f3n de la renovaci\u00f3n postconciliar (espa\u00f1ol)<\/strong><\/a><\/p>\n<hr \/>\n<p><strong><a href=\"https:\/\/npm.org\/wp-content\/uploads\/2017\/07\/May11-1.pdf\">Ven y mira. . . y escuchar. . . and Sing (ingl\u00e9s)<\/a><\/strong><\/p>\n<p><strong><a href=\"https:\/\/npm.org\/wp-content\/uploads\/2017\/07\/May11Spanish-1.pdf\">Vengan y vean. . . y escuchen. . . y canten (espa\u00f1ol)<\/a><\/strong><\/p>\n<hr \/>\n<p><strong><a href=\"https:\/\/npm.org\/wp-content\/uploads\/2017\/07\/March11-1.pdf\">En la unidad del Esp\u00edritu Santo (ingl\u00e9s)<\/a><\/strong><\/p>\n<p><a href=\"https:\/\/npm.org\/wp-content\/uploads\/2017\/07\/March11Spanish-1.pdf\"><strong>En la unidad del Esp\u00edritu Santo (espa\u00f1ol)<\/strong><\/a><\/p>\n<hr \/>\n<p><strong><a href=\"https:\/\/npm.org\/wp-content\/uploads\/2017\/07\/Jan11-1.pdf\">Canto: Older than Church, New as Tomorrow (ingl\u00e9s)<\/a><\/strong><\/p>\n<p><a href=\"https:\/\/npm.org\/wp-content\/uploads\/2017\/07\/Jan11Spanish-1.pdf\"><strong>El Canto: Tan antiguo como la Iglesia; tan nuevo como ma\u00f1ana (espa\u00f1ol)<\/strong><\/a><\/p>\n<hr \/>\n<p><strong><a href=\"https:\/\/npm.org\/wp-content\/uploads\/2017\/07\/May10English-1.pdf\">Adoraci\u00f3n en la \u201ctradici\u00f3n continua e inquebrantable\u201d (ingl\u00e9s)<\/a><\/strong><\/p>\n<p><strong><a href=\"https:\/\/npm.org\/wp-content\/uploads\/2017\/07\/May10Spanish-1.pdf\">Rendir Culto en una \u201ctradici\u00f3n continua e intacta\u201d (espa\u00f1ol)<\/a><\/strong><\/p>\n<hr \/>\n<p><a href=\"https:\/\/npm.org\/wp-content\/uploads\/2017\/07\/March10-1.pdf\"><strong>With Joyful Song (Ingl\u00e9s)<\/strong><\/a><\/p>\n<p><a href=\"https:\/\/npm.org\/wp-content\/uploads\/2017\/07\/March10Spanish-1.pdf\"><strong>Con canto alegre (espa\u00f1ol)<\/strong><\/a><\/p>\n<hr \/>\n<p><a href=\"https:\/\/npm.org\/wp-content\/uploads\/2017\/07\/Jan10-1.pdf\"><strong>Sirviendo la liturgia donde sirven los militares (ingl\u00e9s)<\/strong><\/a><\/p>\n<p><a href=\"https:\/\/npm.org\/wp-content\/uploads\/2017\/07\/Jan10Spanish-1.pdf\"><strong>Sirviendo la liturgia donde sirven los militares (espa\u00f1ol)<\/strong><\/a><\/p>\n<hr \/>\n<p><a href=\"https:\/\/npm.org\/wp-content\/uploads\/2017\/07\/June09English-1.pdf\"><strong>Compositores y m\u00fasica para la adoraci\u00f3n (ingl\u00e9s)<\/strong><\/a><\/p>\n<p><a href=\"https:\/\/npm.org\/wp-content\/uploads\/2017\/07\/June09Spanish-1.pdf\"><strong>Los compositores y la m\u00fasica para el culto (espa\u00f1ol)<\/strong><\/a><\/p>\n<hr \/>\n<p><a href=\"https:\/\/npm.org\/wp-content\/uploads\/2017\/07\/Dec08English-1.pdf\"><strong>Un Se\u00f1or, Una Fe, Un Bautismo. . . One Song (ingl\u00e9s)<\/strong><\/a><\/p>\n<p><strong><a href=\"https:\/\/npm.org\/wp-content\/uploads\/2017\/07\/Dec08Spanish-1.pdf\">Un S\u00f3lo Se\u00f1or, Una Sola Fe, Un S\u00f3lo Bautismo. . . Una Sola Canci\u00f3n (espa\u00f1ol)<\/a><\/strong><\/p>\n<hr \/>\n<p><a href=\"https:\/\/npm.org\/wp-content\/uploads\/2017\/07\/Aug-Sep-08-insert.pdf\"><strong>Conjuntos lit\u00fargicos<\/strong><\/a><\/p>\n<hr \/>\n<p><a href=\"https:\/\/npm.org\/wp-content\/uploads\/2017\/07\/Jun-Jul-08-insert.pdf\"><strong>El canto gregoriano hoy<\/strong><\/a><\/p>\n<hr \/>\n<p><strong><a href=\"https:\/\/npm.org\/wp-content\/uploads\/2017\/07\/Apr-May-08-insert.pdf\">Canta al Se\u00f1or: Pautas para la adoraci\u00f3n cantada<\/a><\/strong><\/p>\n<hr \/>\n<p><strong><a href=\"https:\/\/npm.org\/wp-content\/uploads\/2017\/07\/Feb-Mar-08-Insert.pdf\">Mentor\u00eda de j\u00f3venes en el ministerio musical<\/a><\/strong><\/p>\n<hr \/>\n<p><a href=\"https:\/\/npm.org\/wp-content\/uploads\/2017\/07\/DJ-08-Bulletin-Insert.pdf\"><strong>Cu\u00e1n firmes son los cimientos: principios b\u00e1sicos de la liturgia<\/strong><\/a><\/p>\n<hr \/>\n<p><a href=\"https:\/\/npm.org\/wp-content\/uploads\/2017\/07\/AS-07-Bulletin-Insert.pdf\"><strong>Cantar canciones de expectativa<\/strong><\/a><\/p>\n<hr \/>\n<p><strong>Palabra y m\u00fasica en la adoraci\u00f3n: una combinaci\u00f3n poderosa<\/strong><\/p>\n<hr \/>\n<p><a href=\"https:\/\/npm.org\/wp-content\/uploads\/2017\/07\/AM-07-Bulletin-Insert.pdf\"><strong>Estudiantes, maestros, peregrinos: cantantes<\/strong><\/a><\/p>\n<hr \/>\n<p><a href=\"https:\/\/npm.org\/wp-content\/uploads\/2017\/07\/FM-07-Bulletin-Insert.pdf\"><strong>Una iglesia multicultural en adoraci\u00f3n: promesa y desaf\u00edo<\/strong><\/a><\/p>\n<hr \/>\n<p><a href=\"https:\/\/npm.org\/wp-content\/uploads\/2017\/07\/DJ-07-Bulletin-Insert.pdf\"><strong>Sacerdote, liturgia, canci\u00f3n: Haciendo conexiones<\/strong><\/a><\/p>\n<hr \/>\n<p><a href=\"https:\/\/npm.org\/wp-content\/uploads\/2017\/07\/AS-06-Bulletin-Insert.pdf\"><strong>Cantando juntos en la vi\u00f1a del Se\u00f1or<\/strong><\/a><\/p>\n<hr \/>\n<p><a href=\"https:\/\/npm.org\/wp-content\/uploads\/2017\/07\/Insert-JJ-06-Bulletin.pdf\"><strong>Adoraci\u00f3n accesible<\/strong><\/a><\/p>\n<hr \/>\n<p><a href=\"https:\/\/npm.org\/wp-content\/uploads\/2017\/07\/Insert-The-Church-Prepares.pdf\"><strong>La iglesia se prepara para la adoraci\u00f3n<\/strong><\/a><\/p>\n<hr \/>\n<p><a href=\"https:\/\/npm.org\/wp-content\/uploads\/2017\/07\/Insert-Threshold-Rites.pdf\"><strong>Un lugar de cambio y esperanza<\/strong><\/a><\/p>\n<hr \/>\n<p><a href=\"https:\/\/npm.org\/wp-content\/uploads\/2017\/07\/Choir-Insert.pdf\"><strong>Ministros de la adoraci\u00f3n cantada: el coro<\/strong><\/a><\/p>","protected":false},"excerpt":{"rendered":"<p>Many Churches, One Church (English) Muchas iglesias, una sola Iglesia (Spanish) A Church That Looks and Sounds Like Mercy (English) Una Iglesia de apariencia similar a la misericordia (Spanish) Christian Matrimony: A Marriage of Many Cultures with Faith (English) Matrimonio: Un v\u00ednculo de muchas culturas con fe (Spanish) Bishops\u2019 Responsibility: Good Liturgy (English) Responsabilidad de [&hellip;]<\/p>\n","protected":false},"author":6628,"featured_media":0,"parent":0,"menu_order":0,"comment_status":"closed","ping_status":"closed","template":"","meta":{"_acf_changed":false,"footnotes":""},"class_list":["post-2486","page","type-page","status-publish","hentry"],"acf":[],"_links":{"self":[{"href":"https:\/\/npm.org\/es\/wp-json\/wp\/v2\/pages\/2486"}],"collection":[{"href":"https:\/\/npm.org\/es\/wp-json\/wp\/v2\/pages"}],"about":[{"href":"https:\/\/npm.org\/es\/wp-json\/wp\/v2\/types\/page"}],"author":[{"embeddable":true,"href":"https:\/\/npm.org\/es\/wp-json\/wp\/v2\/users\/6628"}],"replies":[{"embeddable":true,"href":"https:\/\/npm.org\/es\/wp-json\/wp\/v2\/comments?post=2486"}],"version-history":[{"count":0,"href":"https:\/\/npm.org\/es\/wp-json\/wp\/v2\/pages\/2486\/revisions"}],"wp:attachment":[{"href":"https:\/\/npm.org\/es\/wp-json\/wp\/v2\/media?parent=2486"}],"curies":[{"name":"gracias","href":"https:\/\/api.w.org\/{rel}","templated":true}]}}