{"id":24149,"date":"2025-01-23T11:11:02","date_gmt":"2025-01-23T16:11:02","guid":{"rendered":"https:\/\/npm.org\/?page_id=24149"},"modified":"2026-02-05T13:31:44","modified_gmt":"2026-02-05T18:31:44","slug":"hiring-a-director-of-music-ministries-a-handbook-and-guide-2025-edition","status":"publish","type":"page","link":"https:\/\/npm.org\/es\/hiring-a-director-of-music-ministries-a-handbook-and-guide-2025-edition\/","title":{"rendered":"C\u00f3mo contratar a un director de ministerios musicales: manual y gu\u00eda (edici\u00f3n 2025)"},"content":{"rendered":"<div data-elementor-type=\"wp-page\" data-elementor-id=\"24149\" class=\"elementor elementor-24149\" data-elementor-post-type=\"page\">\n\t\t\t\t\t\t<section class=\"elementor-section elementor-top-section elementor-element elementor-element-487353c elementor-section-boxed elementor-section-height-default elementor-section-height-default\" data-id=\"487353c\" data-element_type=\"section\" data-e-type=\"section\">\n\t\t\t\t\t\t<div class=\"elementor-container elementor-column-gap-default\">\n\t\t\t\t\t<div class=\"elementor-column elementor-col-100 elementor-top-column elementor-element elementor-element-91088f5\" data-id=\"91088f5\" data-element_type=\"column\" data-e-type=\"column\">\n\t\t\t<div class=\"elementor-widget-wrap elementor-element-populated\">\n\t\t\t\t\t\t<div class=\"elementor-element elementor-element-f048acb elementor-widget elementor-widget-heading\" data-id=\"f048acb\" data-element_type=\"widget\" data-e-type=\"widget\" data-widget_type=\"heading.default\">\n\t\t\t\t<div class=\"elementor-widget-container\">\n\t\t\t\t\t<h2 class=\"elementor-heading-title elementor-size-default\">La Gu\u00eda de contrataci\u00f3n revisada para directores de ministerios de m\u00fasica ya est\u00e1 disponible en NPM<\/h2>\t\t\t\t<\/div>\n\t\t\t\t<\/div>\n\t\t\t\t\t<\/div>\n\t\t<\/div>\n\t\t\t\t\t<\/div>\n\t\t<\/section>\n\t\t\t\t<section class=\"elementor-section elementor-top-section elementor-element elementor-element-bee160d elementor-section-boxed elementor-section-height-default elementor-section-height-default\" data-id=\"bee160d\" data-element_type=\"section\" data-e-type=\"section\">\n\t\t\t\t\t\t<div class=\"elementor-container elementor-column-gap-default\">\n\t\t\t\t\t<div class=\"elementor-column elementor-col-100 elementor-top-column elementor-element elementor-element-ba6069b\" data-id=\"ba6069b\" data-element_type=\"column\" data-e-type=\"column\">\n\t\t\t<div class=\"elementor-widget-wrap elementor-element-populated\">\n\t\t\t\t\t\t<div class=\"elementor-element elementor-element-713511c elementor-widget elementor-widget-text-editor\" data-id=\"713511c\" data-element_type=\"widget\" data-e-type=\"widget\" data-widget_type=\"text-editor.default\">\n\t\t\t\t<div class=\"elementor-widget-container\">\n\t\t\t\t\t\t\t\t\t<p>El Foro de Directores de Ministerios de M\u00fasica (DMM) ha preparado una versi\u00f3n revisada del recurso de NPM, \u201cC\u00f3mo contratar a un director de m\u00fasica: manual y gu\u00eda\u201d, publicado por primera vez en 1991 y revisado posteriormente en 2006.<\/p><p>El documento es una gu\u00eda para pastores (y l\u00edderes clericales equivalentes) y comit\u00e9s de b\u00fasqueda para la contrataci\u00f3n de un Director de Ministerios de M\u00fasica. Este recurso recorre paso a paso el proceso, brindando informaci\u00f3n \u00fatil sobre c\u00f3mo formar un comit\u00e9 de b\u00fasqueda, redactar una descripci\u00f3n del puesto, anunciar el puesto, entrevistar y hacer audiciones a los candidatos y hacer la selecci\u00f3n final para un Director de Ministerios de M\u00fasica. Un prop\u00f3sito subyacente importante de esta gu\u00eda es educar al clero y a los laicos sobre las muchas responsabilidades que comprende un puesto de Director de Ministerios de M\u00fasica y las cualidades de un Director de Ministerios de M\u00fasica eficaz, para que puedan seleccionar a la mejor persona para su puesto en particular y tambi\u00e9n pedirle a esa persona una carga de trabajo justa y al mismo tiempo brindarle una remuneraci\u00f3n justa.<\/p><p>Este recurso estar\u00e1 disponible p\u00fablicamente en el sitio web de NPM y todos est\u00e1n invitados a usarlo como recurso. \u00a1Agradecemos al Foro DMM por su trabajo en este documento!<\/p>\t\t\t\t\t\t\t\t<\/div>\n\t\t\t\t<\/div>\n\t\t\t\t\t<\/div>\n\t\t<\/div>\n\t\t\t\t\t<\/div>\n\t\t<\/section>\n\t\t\t\t<section class=\"elementor-section elementor-top-section elementor-element elementor-element-e2e1d77 elementor-section-boxed elementor-section-height-default elementor-section-height-default\" data-id=\"e2e1d77\" data-element_type=\"section\" data-e-type=\"section\">\n\t\t\t\t\t\t<div class=\"elementor-container elementor-column-gap-default\">\n\t\t\t\t\t<div class=\"elementor-column elementor-col-100 elementor-top-column elementor-element elementor-element-6ecac6c\" data-id=\"6ecac6c\" data-element_type=\"column\" data-e-type=\"column\">\n\t\t\t<div class=\"elementor-widget-wrap elementor-element-populated\">\n\t\t\t\t\t\t<div class=\"elementor-element elementor-element-0c3bdd6 elementor-align-center elementor-widget elementor-widget-button\" data-id=\"0c3bdd6\" data-element_type=\"widget\" data-e-type=\"widget\" data-widget_type=\"button.default\">\n\t\t\t\t<div class=\"elementor-widget-container\">\n\t\t\t\t\t\t\t\t\t<div class=\"elementor-button-wrapper\">\n\t\t\t\t\t<a class=\"elementor-button elementor-button-link elementor-size-sm\" href=\"https:\/\/npm.org\/wp-content\/uploads\/NPM-Hiring-a-Director-of-Music-Ministries-A-Handbook-and-Guide-2025-Edition-.pdf\">\n\t\t\t\t\t\t<span class=\"elementor-button-content-wrapper\">\n\t\t\t\t\t\t\t\t\t<span class=\"elementor-button-text\">C\u00f3mo contratar a un director de ministerios musicales: manual y gu\u00eda (edici\u00f3n 2025) (PDF)<\/span>\n\t\t\t\t\t<\/span>\n\t\t\t\t\t<\/a>\n\t\t\t\t<\/div>\n\t\t\t\t\t\t\t\t<\/div>\n\t\t\t\t<\/div>\n\t\t\t\t\t<\/div>\n\t\t<\/div>\n\t\t\t\t\t<\/div>\n\t\t<\/section>\n\t\t\t\t<section class=\"elementor-section elementor-top-section elementor-element elementor-element-bb500d1 elementor-section-boxed elementor-section-height-default elementor-section-height-default\" data-id=\"bb500d1\" data-element_type=\"section\" data-e-type=\"section\">\n\t\t\t\t\t\t<div class=\"elementor-container elementor-column-gap-default\">\n\t\t\t\t\t<div class=\"elementor-column elementor-col-100 elementor-top-column elementor-element elementor-element-c998b4b\" data-id=\"c998b4b\" data-element_type=\"column\" data-e-type=\"column\">\n\t\t\t<div class=\"elementor-widget-wrap elementor-element-populated\">\n\t\t\t\t\t\t<div class=\"elementor-element elementor-element-b065143 elementor-widget-divider--view-line elementor-widget elementor-widget-divider\" data-id=\"b065143\" data-element_type=\"widget\" data-e-type=\"widget\" data-widget_type=\"divider.default\">\n\t\t\t\t<div class=\"elementor-widget-container\">\n\t\t\t\t\t\t\t<div class=\"elementor-divider\">\n\t\t\t<span class=\"elementor-divider-separator\">\n\t\t\t\t\t\t<\/span>\n\t\t<\/div>\n\t\t\t\t\t\t<\/div>\n\t\t\t\t<\/div>\n\t\t\t\t\t<\/div>\n\t\t<\/div>\n\t\t\t\t\t<\/div>\n\t\t<\/section>\n\t\t\t\t<section class=\"elementor-section elementor-top-section elementor-element elementor-element-d3c26e4 elementor-section-boxed elementor-section-height-default elementor-section-height-default\" data-id=\"d3c26e4\" data-element_type=\"section\" data-e-type=\"section\">\n\t\t\t\t\t\t<div class=\"elementor-container elementor-column-gap-default\">\n\t\t\t\t\t<div class=\"elementor-column elementor-col-100 elementor-top-column elementor-element elementor-element-927f105\" data-id=\"927f105\" data-element_type=\"column\" data-e-type=\"column\">\n\t\t\t<div class=\"elementor-widget-wrap elementor-element-populated\">\n\t\t\t\t\t\t<div class=\"elementor-element elementor-element-55367b1 elementor-align-center elementor-widget elementor-widget-button\" data-id=\"55367b1\" data-element_type=\"widget\" data-e-type=\"widget\" data-widget_type=\"button.default\">\n\t\t\t\t<div class=\"elementor-widget-container\">\n\t\t\t\t\t\t\t\t\t<div class=\"elementor-button-wrapper\">\n\t\t\t\t\t<a class=\"elementor-button elementor-button-link elementor-size-sm\" href=\"https:\/\/npm.org\/wp-content\/uploads\/Press-Release_Releases-Updated-Hiring-Guides-for-Parish-Musicians-Directors-of-Music_1-23-25.pdf\">\n\t\t\t\t\t\t<span class=\"elementor-button-content-wrapper\">\n\t\t\t\t\t\t\t\t\t<span class=\"elementor-button-text\">Nota de prensa: NPM publica gu\u00edas de contrataci\u00f3n actualizadas para m\u00fasicos parroquiales y directores de m\u00fasica (PDF)<\/span>\n\t\t\t\t\t<\/span>\n\t\t\t\t\t<\/a>\n\t\t\t\t<\/div>\n\t\t\t\t\t\t\t\t<\/div>\n\t\t\t\t<\/div>\n\t\t\t\t\t<\/div>\n\t\t<\/div>\n\t\t\t\t\t<\/div>\n\t\t<\/section>\n\t\t\t\t<\/div>","protected":false},"excerpt":{"rendered":"<p>Revised Hiring Guide for Director of Music Ministries Now Available from NPM The Director of Music Ministries (DMM) Forum has prepared a revised version of the NPM resource, \u201cHiring a Director of Music: A Handbook and Guide,\u201d first published in 1991 and later revised in 2006. The document is a guide for pastors (and equivalent [&hellip;]<\/p>\n","protected":false},"author":6372,"featured_media":0,"parent":0,"menu_order":0,"comment_status":"closed","ping_status":"closed","template":"","meta":{"_acf_changed":false,"footnotes":""},"class_list":["post-24149","page","type-page","status-publish","hentry"],"acf":[],"_links":{"self":[{"href":"https:\/\/npm.org\/es\/wp-json\/wp\/v2\/pages\/24149"}],"collection":[{"href":"https:\/\/npm.org\/es\/wp-json\/wp\/v2\/pages"}],"about":[{"href":"https:\/\/npm.org\/es\/wp-json\/wp\/v2\/types\/page"}],"author":[{"embeddable":true,"href":"https:\/\/npm.org\/es\/wp-json\/wp\/v2\/users\/6372"}],"replies":[{"embeddable":true,"href":"https:\/\/npm.org\/es\/wp-json\/wp\/v2\/comments?post=24149"}],"version-history":[{"count":16,"href":"https:\/\/npm.org\/es\/wp-json\/wp\/v2\/pages\/24149\/revisions"}],"predecessor-version":[{"id":25881,"href":"https:\/\/npm.org\/es\/wp-json\/wp\/v2\/pages\/24149\/revisions\/25881"}],"wp:attachment":[{"href":"https:\/\/npm.org\/es\/wp-json\/wp\/v2\/media?parent=24149"}],"curies":[{"name":"gracias","href":"https:\/\/api.w.org\/{rel}","templated":true}]}}