{"id":22864,"date":"2024-02-01T15:49:22","date_gmt":"2024-02-01T20:49:22","guid":{"rendered":"https:\/\/npm.org\/?page_id=22864"},"modified":"2024-02-01T17:12:38","modified_gmt":"2024-02-01T22:12:38","slug":"select-and-select-plus-memberships","status":"publish","type":"page","link":"https:\/\/npm.org\/es\/select-and-select-plus-memberships\/","title":{"rendered":"Membres\u00edas Select y Select Plus"},"content":{"rendered":"<div data-elementor-type=\"wp-page\" data-elementor-id=\"22864\" class=\"elementor elementor-22864\" data-elementor-post-type=\"page\">\n\t\t\t\t\t\t<section class=\"elementor-section elementor-top-section elementor-element elementor-element-b5d4d52 elementor-section-boxed elementor-section-height-default elementor-section-height-default\" data-id=\"b5d4d52\" data-element_type=\"section\" data-e-type=\"section\">\n\t\t\t\t\t\t<div class=\"elementor-container elementor-column-gap-default\">\n\t\t\t\t\t<div class=\"elementor-column elementor-col-100 elementor-top-column elementor-element elementor-element-ccdd1e9\" data-id=\"ccdd1e9\" data-element_type=\"column\" data-e-type=\"column\">\n\t\t\t<div class=\"elementor-widget-wrap elementor-element-populated\">\n\t\t\t\t\t\t<div class=\"elementor-element elementor-element-e0a875d elementor-widget elementor-widget-text-editor\" data-id=\"e0a875d\" data-element_type=\"widget\" data-e-type=\"widget\" data-widget_type=\"text-editor.default\">\n\t\t\t\t<div class=\"elementor-widget-container\">\n\t\t\t\t\t\t\t\t\t<p style=\"text-align: center;\"><span style=\"font-size: 18pt;\"><strong>Acerca de las membres\u00edas seleccionadas<\/strong><\/span><\/p><p style=\"text-align: center;\"><span style=\"font-size: 14pt;\">Un nivel de membres\u00eda Select NPM brinda apoyo educativo y de networking tanto a nivel local como nacional. Perfecto para cl\u00e9rigos, cantores, miembros de coros y conjuntos y todos los que participan en el canto lit\u00fargico y el ministerio pastoral. Una manera excelente y econ\u00f3mica de familiarizarse con la asociaci\u00f3n.<\/span><\/p><p style=\"text-align: center;\"><span style=\"font-size: 14pt;\"><em>Cuota de membres\u00eda anual selecta (a partir del 1 de febrero de 2024): $49<\/em><\/span><\/p><p style=\"text-align: center;\"><span style=\"font-size: 18pt;\"><strong>Acerca de las membres\u00edas Select Plus<\/strong><\/span><\/p><p style=\"text-align: center;\"><span style=\"font-size: 14pt;\">Una membres\u00eda Select Plus incluye beneficios de nivel Select, as\u00ed como una suscripci\u00f3n a\u00a0<em>M\u00fasica pastoral<\/em> revista (impresa y digital) y un descuento de 5% en toda la programaci\u00f3n de eventos de NPM. Esta es una opci\u00f3n perfecta para aquellos que tambi\u00e9n quieren mantenerse conectados a trav\u00e9s de la revista de NPM.\u00a0<\/span><\/p><p style=\"text-align: center;\"><span style=\"font-size: 14pt;\"><em>Cuota anual de membres\u00eda Select Plus (a partir del 1 de febrero de 2024): $89<\/em><\/span><\/p><p style=\"text-align: center;\"><span style=\"font-size: 18pt;\"><strong>Beneficio para miembros nuevos: descuento de membres\u00eda del Instituto de M\u00fasica de la Iglesia<\/strong><\/span><\/p><p style=\"text-align: center;\"><span style=\"font-size: 14pt;\">Todos los miembros del NPM pueden convertirse en miembros de <a href=\"https:\/\/www.churchmusicinstitute.org\/\" target=\"_blank\" rel=\"noopener\">el Instituto de M\u00fasica de la Iglesia (CMI)<\/a>\u00a0por solo $43\/a\u00f1o (ahorrando a los miembros de NPM $32 cada a\u00f1o).<\/span><\/p><p style=\"text-align: center;\"><span style=\"font-size: 14pt;\">La membres\u00eda de CMI incluye acceso a su l\u00ednea\u00a0<a href=\"https:\/\/www.churchmusicinstitute.org\/sacred-music-library\/overview\/\" target=\"_blank\" rel=\"noopener\">Biblioteca de M\u00fasica Sacra<\/a>\u00a0con m\u00e1s de 21.000 selecciones corales y m\u00e1s de 16.000 composiciones para \u00f3rgano.<\/span><\/p><p style=\"text-align: center;\"><span style=\"font-size: 14pt;\">Comun\u00edquese con la Oficina Nacional del MNP al\u00a0<strong><a href=\"mailto:npmsing@npm.org\" target=\"_blank\" rel=\"noopener\">npmsing@npm.org<\/a><\/strong>\u00a0o 240-247-3000 para comenzar.<\/span><\/p>\t\t\t\t\t\t\t\t<\/div>\n\t\t\t\t<\/div>\n\t\t\t\t\t<\/div>\n\t\t<\/div>\n\t\t\t\t\t<\/div>\n\t\t<\/section>\n\t\t\t\t<section class=\"elementor-section elementor-top-section elementor-element elementor-element-7291756 elementor-section-boxed elementor-section-height-default elementor-section-height-default\" data-id=\"7291756\" data-element_type=\"section\" data-e-type=\"section\">\n\t\t\t\t\t\t<div class=\"elementor-container elementor-column-gap-default\">\n\t\t\t\t\t<div class=\"elementor-column elementor-col-100 elementor-top-column elementor-element elementor-element-b7babd1\" data-id=\"b7babd1\" data-element_type=\"column\" data-e-type=\"column\">\n\t\t\t<div class=\"elementor-widget-wrap elementor-element-populated\">\n\t\t\t\t\t\t<div class=\"elementor-element elementor-element-2511c93 elementor-widget elementor-widget-heading\" data-id=\"2511c93\" data-element_type=\"widget\" data-e-type=\"widget\" data-widget_type=\"heading.default\">\n\t\t\t\t<div class=\"elementor-widget-container\">\n\t\t\t\t\t<h2 class=\"elementor-heading-title elementor-size-default\">Explore cada tipo de membres\u00eda<\/h2>\t\t\t\t<\/div>\n\t\t\t\t<\/div>\n\t\t\t\t\t<\/div>\n\t\t<\/div>\n\t\t\t\t\t<\/div>\n\t\t<\/section>\n\t\t\t\t<section class=\"elementor-section elementor-top-section elementor-element elementor-element-0fc7c2b elementor-section-boxed elementor-section-height-default elementor-section-height-default\" data-id=\"0fc7c2b\" data-element_type=\"section\" data-e-type=\"section\">\n\t\t\t\t\t\t<div class=\"elementor-container elementor-column-gap-default\">\n\t\t\t\t\t<div class=\"elementor-column elementor-col-25 elementor-top-column elementor-element elementor-element-0e3d332\" data-id=\"0e3d332\" data-element_type=\"column\" data-e-type=\"column\">\n\t\t\t<div class=\"elementor-widget-wrap elementor-element-populated\">\n\t\t\t\t\t\t<div class=\"elementor-element elementor-element-2d78eef elementor-cta--skin-classic elementor-animated-content elementor-bg-transform elementor-bg-transform-zoom-in elementor-widget elementor-widget-call-to-action\" data-id=\"2d78eef\" data-element_type=\"widget\" data-e-type=\"widget\" data-widget_type=\"call-to-action.default\">\n\t\t\t\t<div class=\"elementor-widget-container\">\n\t\t\t\t\t\t\t<div class=\"elementor-cta\">\n\t\t\t\t\t<div class=\"elementor-cta__bg-wrapper\">\n\t\t\t\t<div class=\"elementor-cta__bg elementor-bg\" style=\"background-image: url(https:\/\/npm.org\/wp-content\/uploads\/Basic-Membership-no-wording.png);\" role=\"img\" aria-label=\"Membres\u00eda b\u00e1sica sin texto\"><\/div>\n\t\t\t\t<div class=\"elementor-cta__bg-overlay\"><\/div>\n\t\t\t<\/div>\n\t\t\t\t\t\t\t<div class=\"elementor-cta__content\">\n\t\t\t\t\n\t\t\t\t\t\t\t\t\t<h2 class=\"elementor-cta__title elementor-cta__content-item elementor-content-item\">\n\t\t\t\t\t\tNiveles Select y Select Plus (anteriormente b\u00e1sico)\t\t\t\t\t<\/h2>\n\t\t\t\t\n\t\t\t\t\t\t\t\t\t<div class=\"elementor-cta__description elementor-cta__content-item elementor-content-item\">\n\t\t\t\t\t\tPara cantores, miembros de coros y m\u00e1s\t\t\t\t\t<\/div>\n\t\t\t\t\n\t\t\t\t\t\t\t\t\t<div class=\"elementor-cta__button-wrapper elementor-cta__content-item elementor-content-item\">\n\t\t\t\t\t<a class=\"elementor-cta__button elementor-button elementor-size-\" href=\"https:\/\/npm.org\/es\/select-and-select-plus-memberships\/\">\n\t\t\t\t\t\tHaga clic aqu\u00ed\t\t\t\t\t<\/a>\n\t\t\t\t\t<\/div>\n\t\t\t\t\t\t\t<\/div>\n\t\t\t\t\t\t<\/div>\n\t\t\t\t\t\t<\/div>\n\t\t\t\t<\/div>\n\t\t\t\t\t<\/div>\n\t\t<\/div>\n\t\t\t\t<div class=\"elementor-column elementor-col-25 elementor-top-column elementor-element elementor-element-3c7cac1\" data-id=\"3c7cac1\" data-element_type=\"column\" data-e-type=\"column\">\n\t\t\t<div class=\"elementor-widget-wrap elementor-element-populated\">\n\t\t\t\t\t\t<div class=\"elementor-element elementor-element-8e3c27a elementor-cta--skin-classic elementor-animated-content elementor-bg-transform elementor-bg-transform-zoom-in elementor-widget elementor-widget-call-to-action\" data-id=\"8e3c27a\" data-element_type=\"widget\" data-e-type=\"widget\" data-widget_type=\"call-to-action.default\">\n\t\t\t\t<div class=\"elementor-widget-container\">\n\t\t\t\t\t\t\t<div class=\"elementor-cta\">\n\t\t\t\t\t<div class=\"elementor-cta__bg-wrapper\">\n\t\t\t\t<div class=\"elementor-cta__bg elementor-bg\" style=\"background-image: url(https:\/\/npm.org\/wp-content\/uploads\/Standard-Membership-no-wording.png);\" role=\"img\" aria-label=\"Membres\u00eda est\u00e1ndar sin texto\"><\/div>\n\t\t\t\t<div class=\"elementor-cta__bg-overlay\"><\/div>\n\t\t\t<\/div>\n\t\t\t\t\t\t\t<div class=\"elementor-cta__content\">\n\t\t\t\t\n\t\t\t\t\t\t\t\t\t<h2 class=\"elementor-cta__title elementor-cta__content-item elementor-content-item\">\n\t\t\t\t\t\tNivel estandar\t\t\t\t\t<\/h2>\n\t\t\t\t\n\t\t\t\t\t\t\t\t\t<div class=\"elementor-cta__description elementor-cta__content-item elementor-content-item\">\n\t\t\t\t\t\tPara organistas, pianistas, directores de coros y m\u00e1s\t\t\t\t\t<\/div>\n\t\t\t\t\n\t\t\t\t\t\t\t\t\t<div class=\"elementor-cta__button-wrapper elementor-cta__content-item elementor-content-item\">\n\t\t\t\t\t<a class=\"elementor-cta__button elementor-button elementor-size-\" href=\"https:\/\/npm.org\/es\/standard-membership\/\">\n\t\t\t\t\t\tHaga clic aqu\u00ed\t\t\t\t\t<\/a>\n\t\t\t\t\t<\/div>\n\t\t\t\t\t\t\t<\/div>\n\t\t\t\t\t\t<\/div>\n\t\t\t\t\t\t<\/div>\n\t\t\t\t<\/div>\n\t\t\t\t\t<\/div>\n\t\t<\/div>\n\t\t\t\t<div class=\"elementor-column elementor-col-25 elementor-top-column elementor-element elementor-element-1600b2b\" data-id=\"1600b2b\" data-element_type=\"column\" data-e-type=\"column\">\n\t\t\t<div class=\"elementor-widget-wrap elementor-element-populated\">\n\t\t\t\t\t\t<div class=\"elementor-element elementor-element-b2b602d elementor-cta--skin-classic elementor-animated-content elementor-bg-transform elementor-bg-transform-zoom-in elementor-widget elementor-widget-call-to-action\" data-id=\"b2b602d\" data-element_type=\"widget\" data-e-type=\"widget\" data-widget_type=\"call-to-action.default\">\n\t\t\t\t<div class=\"elementor-widget-container\">\n\t\t\t\t\t\t\t<div class=\"elementor-cta\">\n\t\t\t\t\t<div class=\"elementor-cta__bg-wrapper\">\n\t\t\t\t<div class=\"elementor-cta__bg elementor-bg\" style=\"background-image: url(https:\/\/npm.org\/wp-content\/uploads\/Premium-Membership-no-wording-2.png);\" role=\"img\" aria-label=\"Membres\u00eda Premium sin texto (2)\"><\/div>\n\t\t\t\t<div class=\"elementor-cta__bg-overlay\"><\/div>\n\t\t\t<\/div>\n\t\t\t\t\t\t\t<div class=\"elementor-cta__content\">\n\t\t\t\t\n\t\t\t\t\t\t\t\t\t<h2 class=\"elementor-cta__title elementor-cta__content-item elementor-content-item\">\n\t\t\t\t\t\tNivel Premium\t\t\t\t\t<\/h2>\n\t\t\t\t\n\t\t\t\t\t\t\t\t\t<div class=\"elementor-cta__description elementor-cta__content-item elementor-content-item\">\n\t\t\t\t\t\tPara directores musicales, directores diocesanos y liturgistas\t\t\t\t\t<\/div>\n\t\t\t\t\n\t\t\t\t\t\t\t\t\t<div class=\"elementor-cta__button-wrapper elementor-cta__content-item elementor-content-item\">\n\t\t\t\t\t<a class=\"elementor-cta__button elementor-button elementor-size-\" href=\"https:\/\/npm.org\/es\/premium-membership\/\">\n\t\t\t\t\t\tHaga clic aqu\u00ed\t\t\t\t\t<\/a>\n\t\t\t\t\t<\/div>\n\t\t\t\t\t\t\t<\/div>\n\t\t\t\t\t\t<\/div>\n\t\t\t\t\t\t<\/div>\n\t\t\t\t<\/div>\n\t\t\t\t\t<\/div>\n\t\t<\/div>\n\t\t\t\t<div class=\"elementor-column elementor-col-25 elementor-top-column elementor-element elementor-element-73dc79e\" data-id=\"73dc79e\" data-element_type=\"column\" data-e-type=\"column\">\n\t\t\t<div class=\"elementor-widget-wrap elementor-element-populated\">\n\t\t\t\t\t\t<div class=\"elementor-element elementor-element-3f6fbcc elementor-cta--skin-classic elementor-animated-content elementor-bg-transform elementor-bg-transform-zoom-in elementor-widget elementor-widget-call-to-action\" data-id=\"3f6fbcc\" data-element_type=\"widget\" data-e-type=\"widget\" data-widget_type=\"call-to-action.default\">\n\t\t\t\t<div class=\"elementor-widget-container\">\n\t\t\t\t\t\t\t<div class=\"elementor-cta\">\n\t\t\t\t\t<div class=\"elementor-cta__bg-wrapper\">\n\t\t\t\t<div class=\"elementor-cta__bg elementor-bg\" style=\"background-image: url(https:\/\/npm.org\/wp-content\/uploads\/4S8A5377-1-1024x683.jpg);\" role=\"img\" aria-label=\"4S8A5377 (1)\"><\/div>\n\t\t\t\t<div class=\"elementor-cta__bg-overlay\"><\/div>\n\t\t\t<\/div>\n\t\t\t\t\t\t\t<div class=\"elementor-cta__content\">\n\t\t\t\t\n\t\t\t\t\t\t\t\t\t<h2 class=\"elementor-cta__title elementor-cta__content-item elementor-content-item\">\n\t\t\t\t\t\tMembres\u00edas NPM con descuento\t\t\t\t\t<\/h2>\n\t\t\t\t\n\t\t\t\t\t\t\t\t\t<div class=\"elementor-cta__description elementor-cta__content-item elementor-content-item\">\n\t\t\t\t\t\tPara cl\u00e9rigos, jubilados\/em\u00e9ritos, estudiantes y religiosos\t\t\t\t\t<\/div>\n\t\t\t\t\n\t\t\t\t\t\t\t\t\t<div class=\"elementor-cta__button-wrapper elementor-cta__content-item elementor-content-item\">\n\t\t\t\t\t<a class=\"elementor-cta__button elementor-button elementor-size-\" href=\"https:\/\/npm.org\/es\/discounted-npm-memberships\/\">\n\t\t\t\t\t\tHaga clic aqu\u00ed\t\t\t\t\t<\/a>\n\t\t\t\t\t<\/div>\n\t\t\t\t\t\t\t<\/div>\n\t\t\t\t\t\t<\/div>\n\t\t\t\t\t\t<\/div>\n\t\t\t\t<\/div>\n\t\t\t\t\t<\/div>\n\t\t<\/div>\n\t\t\t\t\t<\/div>\n\t\t<\/section>\n\t\t\t\t<section class=\"elementor-section elementor-top-section elementor-element elementor-element-8d79866 elementor-section-boxed elementor-section-height-default elementor-section-height-default\" data-id=\"8d79866\" data-element_type=\"section\" data-e-type=\"section\">\n\t\t\t\t\t\t<div class=\"elementor-container elementor-column-gap-default\">\n\t\t\t\t\t<div class=\"elementor-column elementor-col-100 elementor-top-column elementor-element elementor-element-97771a0\" data-id=\"97771a0\" data-element_type=\"column\" data-e-type=\"column\">\n\t\t\t<div class=\"elementor-widget-wrap elementor-element-populated\">\n\t\t\t\t\t\t<div class=\"elementor-element elementor-element-5491a10 elementor-widget elementor-widget-image\" data-id=\"5491a10\" data-element_type=\"widget\" data-e-type=\"widget\" data-widget_type=\"image.default\">\n\t\t\t\t<div class=\"elementor-widget-container\">\n\t\t\t\t\t\t\t\t\t\t\t\t\t\t\t\t<a href=\"https:\/\/npm.site-ym.com\/general\/register_member_type.asp?\">\n\t\t\t\t\t\t\t<img fetchpriority=\"high\" decoding=\"async\" width=\"860\" height=\"112\" src=\"https:\/\/npm.org\/wp-content\/uploads\/Join-now-button-Spanish-1.png\" class=\"attachment-large size-large wp-image-15953\" alt=\"\" srcset=\"https:\/\/npm.org\/wp-content\/uploads\/Join-now-button-Spanish-1.png 1920w, https:\/\/npm.org\/wp-content\/uploads\/Join-now-button-Spanish-1-300x39.png 300w, https:\/\/npm.org\/wp-content\/uploads\/Join-now-button-Spanish-1-1024x133.png 1024w, https:\/\/npm.org\/wp-content\/uploads\/Join-now-button-Spanish-1-768x100.png 768w, https:\/\/npm.org\/wp-content\/uploads\/Join-now-button-Spanish-1-1536x200.png 1536w, https:\/\/npm.org\/wp-content\/uploads\/Join-now-button-Spanish-1-16x2.png 16w, https:\/\/npm.org\/wp-content\/uploads\/Join-now-button-Spanish-1-260x34.png 260w\" sizes=\"(max-width: 860px) 100vw, 860px\" \/>\t\t\t\t\t\t\t\t<\/a>\n\t\t\t\t\t\t\t\t\t\t\t\t\t\t\t<\/div>\n\t\t\t\t<\/div>\n\t\t\t\t\t<\/div>\n\t\t<\/div>\n\t\t\t\t\t<\/div>\n\t\t<\/section>\n\t\t\t\t<\/div>","protected":false},"excerpt":{"rendered":"<p>About Select Memberships A Select NPM membership level provides educational and networking support both locally and nationally.\u00a0 Perfect for clergy, cantors, choir and ensemble members and all who take part in liturgical song and pastoral ministry. A great and affordable way to get acquainted with the association. Annual Select Membership Fee (as of February 1, [&hellip;]<\/p>\n","protected":false},"author":6372,"featured_media":0,"parent":0,"menu_order":0,"comment_status":"closed","ping_status":"closed","template":"","meta":{"_acf_changed":false,"footnotes":""},"class_list":["post-22864","page","type-page","status-publish","hentry"],"acf":[],"_links":{"self":[{"href":"https:\/\/npm.org\/es\/wp-json\/wp\/v2\/pages\/22864"}],"collection":[{"href":"https:\/\/npm.org\/es\/wp-json\/wp\/v2\/pages"}],"about":[{"href":"https:\/\/npm.org\/es\/wp-json\/wp\/v2\/types\/page"}],"author":[{"embeddable":true,"href":"https:\/\/npm.org\/es\/wp-json\/wp\/v2\/users\/6372"}],"replies":[{"embeddable":true,"href":"https:\/\/npm.org\/es\/wp-json\/wp\/v2\/comments?post=22864"}],"version-history":[{"count":23,"href":"https:\/\/npm.org\/es\/wp-json\/wp\/v2\/pages\/22864\/revisions"}],"predecessor-version":[{"id":22928,"href":"https:\/\/npm.org\/es\/wp-json\/wp\/v2\/pages\/22864\/revisions\/22928"}],"wp:attachment":[{"href":"https:\/\/npm.org\/es\/wp-json\/wp\/v2\/media?parent=22864"}],"curies":[{"name":"gracias","href":"https:\/\/api.w.org\/{rel}","templated":true}]}}