{"id":21561,"date":"2023-04-13T13:24:25","date_gmt":"2023-04-13T17:24:25","guid":{"rendered":"https:\/\/npm.org\/?page_id=21561"},"modified":"2023-04-13T13:28:40","modified_gmt":"2023-04-13T17:28:40","slug":"my-npm-account","status":"publish","type":"page","link":"https:\/\/npm.org\/es\/my-npm-account\/","title":{"rendered":"Mi cuenta NPM"},"content":{"rendered":"<div data-elementor-type=\"wp-page\" data-elementor-id=\"21561\" class=\"elementor elementor-21561\" data-elementor-post-type=\"page\">\n\t\t\t\t\t\t<section class=\"elementor-section elementor-top-section elementor-element elementor-element-3367406 elementor-section-boxed elementor-section-height-default elementor-section-height-default\" data-id=\"3367406\" data-element_type=\"section\" data-e-type=\"section\">\n\t\t\t\t\t\t<div class=\"elementor-container elementor-column-gap-default\">\n\t\t\t\t\t<div class=\"elementor-column elementor-col-100 elementor-top-column elementor-element elementor-element-2f72874\" data-id=\"2f72874\" data-element_type=\"column\" data-e-type=\"column\">\n\t\t\t<div class=\"elementor-widget-wrap elementor-element-populated\">\n\t\t\t\t\t\t<div class=\"elementor-element elementor-element-c0ac7a7 elementor-widget elementor-widget-heading\" data-id=\"c0ac7a7\" data-element_type=\"widget\" data-e-type=\"widget\" data-widget_type=\"heading.default\">\n\t\t\t\t<div class=\"elementor-widget-container\">\n\t\t\t\t\t<h2 class=\"elementor-heading-title elementor-size-default\">Una membres\u00eda de NPM tiene mucho que ofrecer para el m\u00fasico pastoral de hoy.<\/h2>\t\t\t\t<\/div>\n\t\t\t\t<\/div>\n\t\t\t\t\t<\/div>\n\t\t<\/div>\n\t\t\t\t\t<\/div>\n\t\t<\/section>\n\t\t\t\t<section class=\"elementor-section elementor-top-section elementor-element elementor-element-1ebf578 elementor-section-boxed elementor-section-height-default elementor-section-height-default\" data-id=\"1ebf578\" data-element_type=\"section\" data-e-type=\"section\">\n\t\t\t\t\t\t<div class=\"elementor-container elementor-column-gap-default\">\n\t\t\t\t\t<div class=\"elementor-column elementor-col-100 elementor-top-column elementor-element elementor-element-b34cf6b\" data-id=\"b34cf6b\" data-element_type=\"column\" data-e-type=\"column\">\n\t\t\t<div class=\"elementor-widget-wrap elementor-element-populated\">\n\t\t\t\t\t\t<div class=\"elementor-element elementor-element-67a4f67 elementor-widget elementor-widget-text-editor\" data-id=\"67a4f67\" data-element_type=\"widget\" data-e-type=\"widget\" data-widget_type=\"text-editor.default\">\n\t\t\t\t<div class=\"elementor-widget-container\">\n\t\t\t\t\t\t\t\t\t<p style=\"text-align: center;\">Cada nivel de membres\u00eda tiene beneficios adecuados para apoyar a los m\u00fasicos pastorales en su etapa del ministerio musical. \u00a1Lea a continuaci\u00f3n para obtener m\u00e1s informaci\u00f3n y aprovechar todo lo que se incluye en su membres\u00eda hoy!\u00a0<\/p>\t\t\t\t\t\t\t\t<\/div>\n\t\t\t\t<\/div>\n\t\t\t\t\t<\/div>\n\t\t<\/div>\n\t\t\t\t\t<\/div>\n\t\t<\/section>\n\t\t\t\t<section class=\"elementor-section elementor-top-section elementor-element elementor-element-23d3de2 elementor-section-boxed elementor-section-height-default elementor-section-height-default\" data-id=\"23d3de2\" data-element_type=\"section\" data-e-type=\"section\">\n\t\t\t\t\t\t<div class=\"elementor-container elementor-column-gap-default\">\n\t\t\t\t\t<div class=\"elementor-column elementor-col-100 elementor-top-column elementor-element elementor-element-027cc93\" data-id=\"027cc93\" data-element_type=\"column\" data-e-type=\"column\">\n\t\t\t<div class=\"elementor-widget-wrap elementor-element-populated\">\n\t\t\t\t\t\t<div class=\"elementor-element elementor-element-29b1fb9 elementor-widget elementor-widget-image\" data-id=\"29b1fb9\" data-element_type=\"widget\" data-e-type=\"widget\" data-widget_type=\"image.default\">\n\t\t\t\t<div class=\"elementor-widget-container\">\n\t\t\t\t\t\t\t\t\t\t\t\t\t\t\t<img fetchpriority=\"high\" decoding=\"async\" width=\"860\" height=\"251\" src=\"https:\/\/npm.org\/wp-content\/uploads\/NPM-Music-Room-Banner_600-x-175-px-1024x299.png\" class=\"attachment-large size-large wp-image-21565\" alt=\"\" srcset=\"https:\/\/npm.org\/wp-content\/uploads\/NPM-Music-Room-Banner_600-x-175-px-1024x299.png 1024w, https:\/\/npm.org\/wp-content\/uploads\/NPM-Music-Room-Banner_600-x-175-px-300x88.png 300w, https:\/\/npm.org\/wp-content\/uploads\/NPM-Music-Room-Banner_600-x-175-px-768x224.png 768w, https:\/\/npm.org\/wp-content\/uploads\/NPM-Music-Room-Banner_600-x-175-px-18x5.png 18w, https:\/\/npm.org\/wp-content\/uploads\/NPM-Music-Room-Banner_600-x-175-px-260x76.png 260w, https:\/\/npm.org\/wp-content\/uploads\/NPM-Music-Room-Banner_600-x-175-px.png 1200w\" sizes=\"(max-width: 860px) 100vw, 860px\" \/>\t\t\t\t\t\t\t\t\t\t\t\t\t\t\t<\/div>\n\t\t\t\t<\/div>\n\t\t\t\t\t<\/div>\n\t\t<\/div>\n\t\t\t\t\t<\/div>\n\t\t<\/section>\n\t\t\t\t<section class=\"elementor-section elementor-top-section elementor-element elementor-element-7315382 elementor-section-boxed elementor-section-height-default elementor-section-height-default\" data-id=\"7315382\" data-element_type=\"section\" data-e-type=\"section\">\n\t\t\t\t\t\t<div class=\"elementor-container elementor-column-gap-default\">\n\t\t\t\t\t<div class=\"elementor-column elementor-col-100 elementor-top-column elementor-element elementor-element-a2e5e84\" data-id=\"a2e5e84\" data-element_type=\"column\" data-e-type=\"column\">\n\t\t\t<div class=\"elementor-widget-wrap elementor-element-populated\">\n\t\t\t\t\t\t<div class=\"elementor-element elementor-element-0680bd8 elementor-widget elementor-widget-text-editor\" data-id=\"0680bd8\" data-element_type=\"widget\" data-e-type=\"widget\" data-widget_type=\"text-editor.default\">\n\t\t\t\t<div class=\"elementor-widget-container\">\n\t\t\t\t\t\t\t\t\t<div style=\"text-align: center;\"><span style=\"font-size: 14pt;\">The Music Room (la nueva base de datos de NPM) le brinda un espacio para reunirse con sus compa\u00f1eros m\u00fasicos pastorales de todo el pa\u00eds. Algunos de sus beneficios incluyen:<\/span><\/div><ul><li>Buscar a otros miembros y enviarles mensajes directamente\u00a0<\/li><li>Publicar en su fuente de noticias e interactuar con otros miembros<\/li><li>Registrarse para eventos de forma r\u00e1pida y sencilla<\/li><li>Renovar su membres\u00eda m\u00e1s f\u00e1cilmente\u00a0<\/li><\/ul><p style=\"text-align: center;\"><span style=\"font-size: 14pt;\">Simplemente inicie sesi\u00f3n en The Music Room (anteriormente Cecilia) y acceda a algunos de los beneficios de su membres\u00eda a\u00fan m\u00e1s f\u00e1cilmente que antes.<\/span><\/p>\t\t\t\t\t\t\t\t<\/div>\n\t\t\t\t<\/div>\n\t\t\t\t\t<\/div>\n\t\t<\/div>\n\t\t\t\t\t<\/div>\n\t\t<\/section>\n\t\t\t\t<section class=\"elementor-section elementor-top-section elementor-element elementor-element-0091805 elementor-section-boxed elementor-section-height-default elementor-section-height-default\" data-id=\"0091805\" data-element_type=\"section\" data-e-type=\"section\">\n\t\t\t\t\t\t<div class=\"elementor-container elementor-column-gap-default\">\n\t\t\t\t\t<div class=\"elementor-column elementor-col-100 elementor-top-column elementor-element elementor-element-d4d9943\" data-id=\"d4d9943\" data-element_type=\"column\" data-e-type=\"column\">\n\t\t\t<div class=\"elementor-widget-wrap elementor-element-populated\">\n\t\t\t\t\t\t<div class=\"elementor-element elementor-element-6616dec elementor-align-center elementor-widget elementor-widget-button\" data-id=\"6616dec\" data-element_type=\"widget\" data-e-type=\"widget\" data-widget_type=\"button.default\">\n\t\t\t\t<div class=\"elementor-widget-container\">\n\t\t\t\t\t\t\t\t\t<div class=\"elementor-button-wrapper\">\n\t\t\t\t\t<a class=\"elementor-button elementor-button-link elementor-size-lg\" href=\"https:\/\/npm.site-ym.com\/\">\n\t\t\t\t\t\t<span class=\"elementor-button-content-wrapper\">\n\t\t\t\t\t\t\t\t\t<span class=\"elementor-button-text\">Sitio web: La sala de m\u00fasica<\/span>\n\t\t\t\t\t<\/span>\n\t\t\t\t\t<\/a>\n\t\t\t\t<\/div>\n\t\t\t\t\t\t\t\t<\/div>\n\t\t\t\t<\/div>\n\t\t\t\t\t<\/div>\n\t\t<\/div>\n\t\t\t\t\t<\/div>\n\t\t<\/section>\n\t\t\t\t<section class=\"elementor-section elementor-top-section elementor-element elementor-element-4bc7452 elementor-section-boxed elementor-section-height-default elementor-section-height-default\" data-id=\"4bc7452\" data-element_type=\"section\" data-e-type=\"section\">\n\t\t\t\t\t\t<div class=\"elementor-container elementor-column-gap-default\">\n\t\t\t\t\t<div class=\"elementor-column elementor-col-100 elementor-top-column elementor-element elementor-element-0ed195d\" data-id=\"0ed195d\" data-element_type=\"column\" data-e-type=\"column\">\n\t\t\t<div class=\"elementor-widget-wrap elementor-element-populated\">\n\t\t\t\t\t\t<div class=\"elementor-element elementor-element-c9f7bd5 elementor-widget elementor-widget-image\" data-id=\"c9f7bd5\" data-element_type=\"widget\" data-e-type=\"widget\" data-widget_type=\"image.default\">\n\t\t\t\t<div class=\"elementor-widget-container\">\n\t\t\t\t\t\t\t\t\t\t\t\t\t\t\t<img decoding=\"async\" width=\"860\" height=\"251\" src=\"https:\/\/npm.org\/wp-content\/uploads\/NPM-Members-Content-Banner_600-x-175-px-1-1024x299.png\" class=\"attachment-large size-large wp-image-21567\" alt=\"\" srcset=\"https:\/\/npm.org\/wp-content\/uploads\/NPM-Members-Content-Banner_600-x-175-px-1-1024x299.png 1024w, https:\/\/npm.org\/wp-content\/uploads\/NPM-Members-Content-Banner_600-x-175-px-1-300x88.png 300w, https:\/\/npm.org\/wp-content\/uploads\/NPM-Members-Content-Banner_600-x-175-px-1-768x224.png 768w, https:\/\/npm.org\/wp-content\/uploads\/NPM-Members-Content-Banner_600-x-175-px-1-18x5.png 18w, https:\/\/npm.org\/wp-content\/uploads\/NPM-Members-Content-Banner_600-x-175-px-1-260x76.png 260w, https:\/\/npm.org\/wp-content\/uploads\/NPM-Members-Content-Banner_600-x-175-px-1.png 1200w\" sizes=\"(max-width: 860px) 100vw, 860px\" \/>\t\t\t\t\t\t\t\t\t\t\t\t\t\t\t<\/div>\n\t\t\t\t<\/div>\n\t\t\t\t\t<\/div>\n\t\t<\/div>\n\t\t\t\t\t<\/div>\n\t\t<\/section>\n\t\t\t\t<section class=\"elementor-section elementor-top-section elementor-element elementor-element-8459e51 elementor-section-boxed elementor-section-height-default elementor-section-height-default\" data-id=\"8459e51\" data-element_type=\"section\" data-e-type=\"section\">\n\t\t\t\t\t\t<div class=\"elementor-container elementor-column-gap-default\">\n\t\t\t\t\t<div class=\"elementor-column elementor-col-100 elementor-top-column elementor-element elementor-element-644f91f\" data-id=\"644f91f\" data-element_type=\"column\" data-e-type=\"column\">\n\t\t\t<div class=\"elementor-widget-wrap elementor-element-populated\">\n\t\t\t\t\t\t<div class=\"elementor-element elementor-element-9b67df2 elementor-widget elementor-widget-text-editor\" data-id=\"9b67df2\" data-element_type=\"widget\" data-e-type=\"widget\" data-widget_type=\"text-editor.default\">\n\t\t\t\t<div class=\"elementor-widget-container\">\n\t\t\t\t\t\t\t\t\t<p><span style=\"font-size: 14pt;\">NPM se enorgullece de ofrecer videos exclusivos, descuentos y oportunidades de aprendizaje a los miembros de NPM de nivel Est\u00e1ndar y Premium. \u00c9stas incluyen:<\/span><\/p><ul><li>El calendario de planificaci\u00f3n de la ayuda lit\u00fargica\/NPM<\/li><li>Ediciones recientes y archivadas de\u00a0<i>M\u00fasica pastoral<\/i>\u00a0Revista<\/li><li>V\u00eddeos de habilidades musicales<\/li><li>De la Convenci\u00f3n: Grabaciones de discursos plenarios y sesiones de trabajo de las Convenciones Nacionales<\/li><li>Proyecto Himno Coral de NPM<\/li><li><strong><a href=\"https:\/\/npm.site-ym.com\/page\/NPMDiscounts\">NUEVO:<\/a><\/strong><strong><a href=\"https:\/\/npm.site-ym.com\/page\/NPMDiscounts\">\u00a0Descuentos para miembros de NPM: beneficios para miembros que ahorran dinero (descuentos en env\u00edos, seguros, viajes y m\u00e1s)<\/a><\/strong><\/li><\/ul><p><span style=\"font-size: 14pt;\">Estos beneficios para miembros se est\u00e1n migrando actualmente a The Music Room; los que se agregan tienen un hiperv\u00ednculo arriba. Mientras tanto, para acceder a los otros beneficios para miembros,\u00a0<a href=\"https:\/\/npm.org\/es\/premium-content\/\"><strong>haga clic aqu\u00ed<\/strong><\/a><strong>\u00a0<\/strong>para acceder a ellos en NPM.org.<\/span><\/p><p><span style=\"font-size: 14pt;\"><strong>Sus credenciales de inicio de sesi\u00f3n para NPM.org ahora son las mismas que las de The NPM Music Room.\u00a0<\/strong><\/span><\/p>\t\t\t\t\t\t\t\t<\/div>\n\t\t\t\t<\/div>\n\t\t\t\t\t<\/div>\n\t\t<\/div>\n\t\t\t\t\t<\/div>\n\t\t<\/section>\n\t\t\t\t<section class=\"elementor-section elementor-top-section elementor-element elementor-element-63c1438 elementor-section-boxed elementor-section-height-default elementor-section-height-default\" data-id=\"63c1438\" data-element_type=\"section\" data-e-type=\"section\">\n\t\t\t\t\t\t<div class=\"elementor-container elementor-column-gap-default\">\n\t\t\t\t\t<div class=\"elementor-column elementor-col-100 elementor-top-column elementor-element elementor-element-fd70246\" data-id=\"fd70246\" data-element_type=\"column\" data-e-type=\"column\">\n\t\t\t<div class=\"elementor-widget-wrap elementor-element-populated\">\n\t\t\t\t\t\t<div class=\"elementor-element elementor-element-2eda542 elementor-align-center elementor-widget elementor-widget-button\" data-id=\"2eda542\" data-element_type=\"widget\" data-e-type=\"widget\" data-widget_type=\"button.default\">\n\t\t\t\t<div class=\"elementor-widget-container\">\n\t\t\t\t\t\t\t\t\t<div class=\"elementor-button-wrapper\">\n\t\t\t\t\t<a class=\"elementor-button elementor-button-link elementor-size-lg\" href=\"https:\/\/npm.org\/es\/premium-content\/\">\n\t\t\t\t\t\t<span class=\"elementor-button-content-wrapper\">\n\t\t\t\t\t\t\t\t\t<span class=\"elementor-button-text\">Contenido de los miembros de NPM (Fuente: NPM.org)<\/span>\n\t\t\t\t\t<\/span>\n\t\t\t\t\t<\/a>\n\t\t\t\t<\/div>\n\t\t\t\t\t\t\t\t<\/div>\n\t\t\t\t<\/div>\n\t\t\t\t\t<\/div>\n\t\t<\/div>\n\t\t\t\t\t<\/div>\n\t\t<\/section>\n\t\t\t\t<\/div>","protected":false},"excerpt":{"rendered":"<p>An NPM membership has so much to offer for the pastoral musician today. Each level of membership has benefits suited to support pastoral musicians in their stage of music ministry. Read below to learn more and take advantage of everything included in your membership today!\u00a0 The Music Room (NPM&#8217;s new database) gives you a space [&hellip;]<\/p>\n","protected":false},"author":6372,"featured_media":0,"parent":0,"menu_order":0,"comment_status":"closed","ping_status":"closed","template":"","meta":{"_acf_changed":false,"footnotes":""},"class_list":["post-21561","page","type-page","status-publish","hentry"],"acf":[],"_links":{"self":[{"href":"https:\/\/npm.org\/es\/wp-json\/wp\/v2\/pages\/21561"}],"collection":[{"href":"https:\/\/npm.org\/es\/wp-json\/wp\/v2\/pages"}],"about":[{"href":"https:\/\/npm.org\/es\/wp-json\/wp\/v2\/types\/page"}],"author":[{"embeddable":true,"href":"https:\/\/npm.org\/es\/wp-json\/wp\/v2\/users\/6372"}],"replies":[{"embeddable":true,"href":"https:\/\/npm.org\/es\/wp-json\/wp\/v2\/comments?post=21561"}],"version-history":[{"count":6,"href":"https:\/\/npm.org\/es\/wp-json\/wp\/v2\/pages\/21561\/revisions"}],"predecessor-version":[{"id":21573,"href":"https:\/\/npm.org\/es\/wp-json\/wp\/v2\/pages\/21561\/revisions\/21573"}],"wp:attachment":[{"href":"https:\/\/npm.org\/es\/wp-json\/wp\/v2\/media?parent=21561"}],"curies":[{"name":"gracias","href":"https:\/\/api.w.org\/{rel}","templated":true}]}}