{"id":21101,"date":"2023-02-06T20:32:57","date_gmt":"2023-02-06T20:32:57","guid":{"rendered":"https:\/\/npm.org\/?page_id=21101"},"modified":"2023-03-10T12:24:26","modified_gmt":"2023-03-10T12:24:26","slug":"npm-history","status":"publish","type":"page","link":"https:\/\/npm.org\/es\/npm-history\/","title":{"rendered":"Historia del MNP"},"content":{"rendered":"<div data-elementor-type=\"wp-page\" data-elementor-id=\"21101\" class=\"elementor elementor-21101\" data-elementor-post-type=\"page\">\n\t\t\t\t\t\t<section class=\"elementor-section elementor-top-section elementor-element elementor-element-ad5d3b6 elementor-section-boxed elementor-section-height-default elementor-section-height-default\" data-id=\"ad5d3b6\" data-element_type=\"section\" data-e-type=\"section\">\n\t\t\t\t\t\t<div class=\"elementor-container elementor-column-gap-default\">\n\t\t\t\t\t<div class=\"elementor-column elementor-col-100 elementor-top-column elementor-element elementor-element-5116155\" data-id=\"5116155\" data-element_type=\"column\" data-e-type=\"column\">\n\t\t\t<div class=\"elementor-widget-wrap elementor-element-populated\">\n\t\t\t\t\t\t<div class=\"elementor-element elementor-element-022109e elementor-widget elementor-widget-image\" data-id=\"022109e\" data-element_type=\"widget\" data-e-type=\"widget\" data-widget_type=\"image.default\">\n\t\t\t\t<div class=\"elementor-widget-container\">\n\t\t\t\t\t\t\t\t\t\t\t\t\t\t\t<img fetchpriority=\"high\" decoding=\"async\" width=\"600\" height=\"150\" src=\"https:\/\/npm.org\/wp-content\/uploads\/NPM-banner_600-x-150-px.png\" class=\"attachment-large size-large wp-image-21102\" alt=\"\" srcset=\"https:\/\/npm.org\/wp-content\/uploads\/NPM-banner_600-x-150-px.png 600w, https:\/\/npm.org\/wp-content\/uploads\/NPM-banner_600-x-150-px-300x75.png 300w, https:\/\/npm.org\/wp-content\/uploads\/NPM-banner_600-x-150-px-18x5.png 18w, https:\/\/npm.org\/wp-content\/uploads\/NPM-banner_600-x-150-px-260x65.png 260w\" sizes=\"(max-width: 600px) 100vw, 600px\" \/>\t\t\t\t\t\t\t\t\t\t\t\t\t\t\t<\/div>\n\t\t\t\t<\/div>\n\t\t\t\t\t<\/div>\n\t\t<\/div>\n\t\t\t\t\t<\/div>\n\t\t<\/section>\n\t\t\t\t<section class=\"elementor-section elementor-top-section elementor-element elementor-element-248c4df elementor-section-boxed elementor-section-height-default elementor-section-height-default\" data-id=\"248c4df\" data-element_type=\"section\" data-e-type=\"section\">\n\t\t\t\t\t\t<div class=\"elementor-container elementor-column-gap-default\">\n\t\t\t\t\t<div class=\"elementor-column elementor-col-100 elementor-top-column elementor-element elementor-element-827ae11\" data-id=\"827ae11\" data-element_type=\"column\" data-e-type=\"column\">\n\t\t\t<div class=\"elementor-widget-wrap elementor-element-populated\">\n\t\t\t\t\t\t<div class=\"elementor-element elementor-element-d22ca7a elementor-widget elementor-widget-heading\" data-id=\"d22ca7a\" data-element_type=\"widget\" data-e-type=\"widget\" data-widget_type=\"heading.default\">\n\t\t\t\t<div class=\"elementor-widget-container\">\n\t\t\t\t\t<h2 class=\"elementor-heading-title elementor-size-default\">NPM: Una breve historia (preparado por Gordon Truitt) <\/h2>\t\t\t\t<\/div>\n\t\t\t\t<\/div>\n\t\t\t\t\t<\/div>\n\t\t<\/div>\n\t\t\t\t\t<\/div>\n\t\t<\/section>\n\t\t\t\t<section class=\"elementor-section elementor-top-section elementor-element elementor-element-a2d0623 elementor-section-boxed elementor-section-height-default elementor-section-height-default\" data-id=\"a2d0623\" data-element_type=\"section\" data-e-type=\"section\">\n\t\t\t\t\t\t<div class=\"elementor-container elementor-column-gap-default\">\n\t\t\t\t\t<div class=\"elementor-column elementor-col-100 elementor-top-column elementor-element elementor-element-c67dcac\" data-id=\"c67dcac\" data-element_type=\"column\" data-e-type=\"column\">\n\t\t\t<div class=\"elementor-widget-wrap elementor-element-populated\">\n\t\t\t\t\t\t<div class=\"elementor-element elementor-element-12d4ec4 elementor-widget elementor-widget-text-editor\" data-id=\"12d4ec4\" data-element_type=\"widget\" data-e-type=\"widget\" data-widget_type=\"text-editor.default\">\n\t\t\t\t<div class=\"elementor-widget-container\">\n\t\t\t\t\t\t\t\t\t<p>El Padre Virgil C. Funk, sacerdote de la Di\u00f3cesis de Richmond, Virginia, fund\u00f3 la Asociaci\u00f3n Nacional de M\u00fasicos Pastorales (NPM) en 1976. La nueva organizaci\u00f3n comenz\u00f3 sin miembros y con un personal de dos: el Padre Funk y la Hermana Jane Marie Perrot, DC, y su primera oficina estaba en el s\u00f3tano de St. Mark Parish, Hyattsville, Maryland. El padre Funk ofreci\u00f3 esta explicaci\u00f3n del prop\u00f3sito de la asociaci\u00f3n: \u201cNuestro enfoque estaba, y est\u00e1, en el m\u00fasico: los buenos m\u00fasicos hacen buena m\u00fasica. Decidimos trabajar para trabajar para motivar, alentar y apoyar a los m\u00fasicos pastorales y al clero y desarrollar habilidades y comprensi\u00f3n en las \u00e1reas de m\u00fasica, liturgia, preparaci\u00f3n para el culto, comunicaci\u00f3n y espiritualidad\u201d. Las solicitudes atrajeron a los primeros 1.700 miembros, y la asociaci\u00f3n estaba en camino.<\/p><p>La primera convenci\u00f3n de los miembros de NPM tuvo lugar en Scranton, Pensilvania, en marzo de 1978, con el tema \u201cLa liturgia musical es normativa\u201d. Para hacer realidad esa afirmaci\u00f3n y sue\u00f1o, la asociaci\u00f3n comenz\u00f3 a ampliar sus servicios para los socios. Una de las adiciones m\u00e1s utilizadas y m\u00e1s \u00fatiles en la pr\u00e1ctica al repertorio de servicios de NPM fueron sus escuelas e institutos de verano, programas que duraban de tres a cinco d\u00edas y se enfocaban en ministerios o ritos particulares. El primer programa de este tipo se ofreci\u00f3 en 1978; en los a\u00f1os siguientes, hubo escuelas e institutos de \u00e9xito repetido para cantores, directores de coro, organistas, m\u00fasicos de conjunto, canto gregoriano, educaci\u00f3n musical, directores de coros infantiles, iniciaci\u00f3n de adultos y m\u00e1s.<\/p><p>En 2001, la Asociaci\u00f3n Nacional de M\u00fasicos Pastorales lleg\u00f3 a su vig\u00e9simo quinto aniversario. El padre Funk se retir\u00f3 como presidente y director ejecutivo de NPM, y el Dr. J. Michael McMahon asumi\u00f3 esos roles. Bajo el liderazgo del Dr. McMahon, la asociaci\u00f3n alcanz\u00f3 su membres\u00eda m\u00e1s grande hasta el momento (casi 10,000 miembros) y estabiliz\u00f3 su programa de formaci\u00f3n. Hubo convenciones e institutos de verano, un programa de invierno, la revista\u00a0 <em>M\u00fasica pastoral <\/em>y otras publicaciones peri\u00f3dicas, un sitio web en desarrollo y reuniones locales de miembros en los Cap\u00edtulos del MNP. El Dr. McMahon tambi\u00e9n reafirm\u00f3 una estructura iniciada por el Padre Funk: una Junta Directiva s\u00f3lida y un Consejo de NPM para representar intereses particulares dentro de la asociaci\u00f3n y actuar como asesores de la Junta. Bajo el liderazgo de McMahon, un incipiente programa de certificaci\u00f3n se convirti\u00f3 en un completo programa para cantores, pianistas y organistas (este \u00faltimo desarrollado en cooperaci\u00f3n con el American Guild of Organists). Un cuarto programa de certificaci\u00f3n fue para directores de ministerios de m\u00fasica, una meta a largo plazo de la Divisi\u00f3n de Directores de Ministerios de M\u00fasica de NPM; luego fue aprobado por la Comisi\u00f3n de Certificaci\u00f3n y Acreditaci\u00f3n de la USCCB (ahora el Subcomit\u00e9 de Certificaci\u00f3n para el Ministerio y Servicio Eclesial de la Conferencia de Obispos Cat\u00f3licos de los Estados Unidos) como parte de una aprobaci\u00f3n m\u00e1s amplia de procesos para ministerios eclesiales laicos. Y en 2007, como indicaci\u00f3n de que el NPM hab\u00eda tenido \u00e9xito en su enfoque, se incorporaron las frases \u201cm\u00fasica pastoral\u201d, \u201cm\u00fasico pastoral\u201d y \u201cdirector de ministerios de m\u00fasica\u201d. <em>Cantad al Se\u00f1or: M\u00fasica en el Culto Divino, <\/em>una declaraci\u00f3n de pautas para la m\u00fasica lit\u00fargica aprobada por los miembros de la Iglesia Latina de la Conferencia de Obispos Cat\u00f3licos de los Estados Unidos.<\/p><p>Sin embargo, a pesar de estos avances, los acontecimientos que escapaban al control del NPM provocaron el caos en el desarrollo futuro, entre ellos la crisis mundial de abusos sexuales por parte del clero; la recesi\u00f3n de 2008 que redujo los presupuestos para los m\u00fasicos pastorales parroquiales y su desarrollo educativo; y el surgimiento del reconocimiento LGBTQ y la liberaci\u00f3n cultural, con sus desaf\u00edos a la moralidad cat\u00f3lica tradicional.<\/p><p>En 2013, el Dr. McMahon dej\u00f3 su puesto como presidente y director ejecutivo de NPM. En un per\u00edodo interino de liderazgo, dos miembros del personal, el Dr. Gordon E. Truitt y el Sr. Peter Maher compartieron el trabajo de presidente y director ejecutivo durante un a\u00f1o, hasta que el Rev. Mons. Rick Hilgartner, sacerdote de la Arquidi\u00f3cesis de Baltimore, asumi\u00f3 esos roles duales en 2014, mientras tambi\u00e9n se desempe\u00f1aba como p\u00e1rroco de una parroquia grande. La asociaci\u00f3n continu\u00f3 funcionando sin problemas, aunque su membres\u00eda fue cayendo lentamente bajo el peso de las diversas crisis de la primera d\u00e9cada del siglo XXI.<\/p><p>Para 2016, qued\u00f3 claro que Monse\u00f1or Hilgartner ten\u00eda que centrar toda su atenci\u00f3n en la parroquia a la que serv\u00eda, por lo que renunci\u00f3 como presidente\/CEO (aunque permaneci\u00f3 en la Junta como Director de Identidad y Misi\u00f3n Eclesial), para ser reemplazado por el Sr. Steve Petrunak en mayo de 2017. La membres\u00eda se hab\u00eda reducido a unas 6000 personas.<\/p><p>Bajo el Sr. Petrunak, el enfoque formativo de NPM continu\u00f3 ofreciendo programas y publicaciones tanto en liturgia como en m\u00fasica, al mismo tiempo que expand\u00eda la cooperaci\u00f3n de la asociaci\u00f3n con otras asociaciones y grupos. Tal cooperaci\u00f3n, parte de la vida de NPM desde el principio, se estaba convirtiendo en un aspecto clave de la programaci\u00f3n de la asociaci\u00f3n. Al mismo tiempo, NPM comenz\u00f3 a depender m\u00e1s de sus propios miembros, especialmente aquellos que eran sus directores de Cap\u00edtulo y aquellos en la Divisi\u00f3n de Ministerios de Directores de M\u00fasica, as\u00ed como el liderazgo de las Secciones de Inter\u00e9s y Comit\u00e9s Nacionales de NPM, para servicios que alguna vez hab\u00edan realizado por el personal de la Oficina Nacional.<\/p><p>Bajo la gu\u00eda de la Junta Directiva, presidida por Jeremy Helmes, se anunci\u00f3 e inici\u00f3 \u201cNPM 2.0\u201d en 2019, un plan para involucrar a los miembros m\u00e1s directamente en la programaci\u00f3n y los servicios de la asociaci\u00f3n. Justo cuando se afianz\u00f3 esa renovaci\u00f3n, la pandemia de COVID interrumpi\u00f3 la vida. NPM celebr\u00f3 su primera convenci\u00f3n &quot;virtual&quot; (en l\u00ednea) en 2020 y tuvo que abandonar cualquier programaci\u00f3n p\u00fablica que se hab\u00eda programado. A fines de 2020, Steve Petrunak se fue como la \u00faltima persona en ostentar el t\u00edtulo de &quot;Presidente de NPM&quot;, para ser reemplazado brevemente por el Dr. Bob McCarty, exdirector ejecutivo de la Federaci\u00f3n Nacional para el Ministerio Juvenil Cat\u00f3lico, como director ejecutivo interino.<\/p><p>A principios de 2021, Jennifer Kluge acept\u00f3 la tarea de ser la primera &quot;directora ejecutiva&quot; de tiempo completo de NPM, poniendo fin al t\u00edtulo original de &quot;presidenta&quot;, a medida que la asociaci\u00f3n continuaba reorganiz\u00e1ndose para servir a sus miembros y continuar sirviendo en el futuro.\u00a0<\/p>\t\t\t\t\t\t\t\t<\/div>\n\t\t\t\t<\/div>\n\t\t\t\t\t<\/div>\n\t\t<\/div>\n\t\t\t\t\t<\/div>\n\t\t<\/section>\n\t\t\t\t<section class=\"elementor-section elementor-top-section elementor-element elementor-element-8d41d0a elementor-section-boxed elementor-section-height-default elementor-section-height-default\" data-id=\"8d41d0a\" data-element_type=\"section\" data-e-type=\"section\">\n\t\t\t\t\t\t<div class=\"elementor-container elementor-column-gap-default\">\n\t\t\t\t\t<div class=\"elementor-column elementor-col-50 elementor-top-column elementor-element elementor-element-c445dbe\" data-id=\"c445dbe\" data-element_type=\"column\" data-e-type=\"column\">\n\t\t\t<div class=\"elementor-widget-wrap elementor-element-populated\">\n\t\t\t\t\t\t<div class=\"elementor-element elementor-element-7129da3 elementor-align-center elementor-widget elementor-widget-button\" data-id=\"7129da3\" data-element_type=\"widget\" data-e-type=\"widget\" data-widget_type=\"button.default\">\n\t\t\t\t<div class=\"elementor-widget-container\">\n\t\t\t\t\t\t\t\t\t<div class=\"elementor-button-wrapper\">\n\t\t\t\t\t<a class=\"elementor-button elementor-button-link elementor-size-md\" href=\"https:\/\/npm.org\/wp-content\/uploads\/NPM_the-Sound-of-a-Singing-Assembly-2023.pdf\">\n\t\t\t\t\t\t<span class=\"elementor-button-content-wrapper\">\n\t\t\t\t\t\t\t\t\t<span class=\"elementor-button-text\">Sonido de una asamblea de canto: una breve historia de la Asociaci\u00f3n Nacional de M\u00fasicos Pastorales<\/span>\n\t\t\t\t\t<\/span>\n\t\t\t\t\t<\/a>\n\t\t\t\t<\/div>\n\t\t\t\t\t\t\t\t<\/div>\n\t\t\t\t<\/div>\n\t\t\t\t\t<\/div>\n\t\t<\/div>\n\t\t\t\t<div class=\"elementor-column elementor-col-50 elementor-top-column elementor-element elementor-element-04f700d\" data-id=\"04f700d\" data-element_type=\"column\" data-e-type=\"column\">\n\t\t\t<div class=\"elementor-widget-wrap elementor-element-populated\">\n\t\t\t\t\t\t<div class=\"elementor-element elementor-element-9adae4e elementor-align-center elementor-widget elementor-widget-button\" data-id=\"9adae4e\" data-element_type=\"widget\" data-e-type=\"widget\" data-widget_type=\"button.default\">\n\t\t\t\t<div class=\"elementor-widget-container\">\n\t\t\t\t\t\t\t\t\t<div class=\"elementor-button-wrapper\">\n\t\t\t\t\t<a class=\"elementor-button elementor-button-link elementor-size-lg\" href=\"https:\/\/npm.org\/es\/bio-rev-virgil-c-funk\/\">\n\t\t\t\t\t\t<span class=\"elementor-button-content-wrapper\">\n\t\t\t\t\t\t\t\t\t<span class=\"elementor-button-text\">Biograf\u00eda de Virgilio Funk<\/span>\n\t\t\t\t\t<\/span>\n\t\t\t\t\t<\/a>\n\t\t\t\t<\/div>\n\t\t\t\t\t\t\t\t<\/div>\n\t\t\t\t<\/div>\n\t\t\t\t\t<\/div>\n\t\t<\/div>\n\t\t\t\t\t<\/div>\n\t\t<\/section>\n\t\t\t\t<\/div>","protected":false},"excerpt":{"rendered":"<p>NPM: A Short History (prepared by Gordon Truitt) Father Virgil C. Funk, a priest of the Diocese of Richmond, Virginia, founded the National Association of Pastoral Musicians (NPM) in 1976. The new organization began with no members and a staff of two\u2014Father Funk and Sister Jane Marie Perrot, DC, and their first office was in [&hellip;]<\/p>\n","protected":false},"author":3640,"featured_media":0,"parent":0,"menu_order":0,"comment_status":"closed","ping_status":"closed","template":"","meta":{"_acf_changed":false,"footnotes":""},"class_list":["post-21101","page","type-page","status-publish","hentry"],"acf":[],"_links":{"self":[{"href":"https:\/\/npm.org\/es\/wp-json\/wp\/v2\/pages\/21101"}],"collection":[{"href":"https:\/\/npm.org\/es\/wp-json\/wp\/v2\/pages"}],"about":[{"href":"https:\/\/npm.org\/es\/wp-json\/wp\/v2\/types\/page"}],"author":[{"embeddable":true,"href":"https:\/\/npm.org\/es\/wp-json\/wp\/v2\/users\/3640"}],"replies":[{"embeddable":true,"href":"https:\/\/npm.org\/es\/wp-json\/wp\/v2\/comments?post=21101"}],"version-history":[{"count":15,"href":"https:\/\/npm.org\/es\/wp-json\/wp\/v2\/pages\/21101\/revisions"}],"predecessor-version":[{"id":21369,"href":"https:\/\/npm.org\/es\/wp-json\/wp\/v2\/pages\/21101\/revisions\/21369"}],"wp:attachment":[{"href":"https:\/\/npm.org\/es\/wp-json\/wp\/v2\/media?parent=21101"}],"curies":[{"name":"gracias","href":"https:\/\/api.w.org\/{rel}","templated":true}]}}