{"id":19013,"date":"2022-02-17T17:46:16","date_gmt":"2022-02-17T17:46:16","guid":{"rendered":"https:\/\/npm.org\/?page_id=19013"},"modified":"2022-02-17T17:55:19","modified_gmt":"2022-02-17T17:55:19","slug":"2022-2023-academic-scholarship-application-open","status":"publish","type":"page","link":"https:\/\/npm.org\/es\/2022-2023-academic-scholarship-application-open\/","title":{"rendered":"Solicitud de beca acad\u00e9mica 2022-2023 abierta"},"content":{"rendered":"<div data-elementor-type=\"wp-page\" data-elementor-id=\"19013\" class=\"elementor elementor-19013\" data-elementor-post-type=\"page\">\n\t\t\t\t\t\t<section class=\"elementor-section elementor-top-section elementor-element elementor-element-7218bf4 elementor-section-boxed elementor-section-height-default elementor-section-height-default\" data-id=\"7218bf4\" data-element_type=\"section\" data-e-type=\"section\">\n\t\t\t\t\t\t<div class=\"elementor-container elementor-column-gap-default\">\n\t\t\t\t\t<div class=\"elementor-column elementor-col-100 elementor-top-column elementor-element elementor-element-2870818\" data-id=\"2870818\" data-element_type=\"column\" data-e-type=\"column\">\n\t\t\t<div class=\"elementor-widget-wrap elementor-element-populated\">\n\t\t\t\t\t\t<div class=\"elementor-element elementor-element-77f3165 elementor-widget elementor-widget-text-editor\" data-id=\"77f3165\" data-element_type=\"widget\" data-e-type=\"widget\" data-widget_type=\"text-editor.default\">\n\t\t\t\t<div class=\"elementor-widget-container\">\n\t\t\t\t\t\t\t\t\t<p style=\"text-align: center;\"><strong>\u00a1Las Becas Acad\u00e9micas NPM 2022-2023 est\u00e1n disponibles para su solicitud!<\/strong><\/p><p style=\"text-align: center;\">Estas becas acad\u00e9micas se utilizan para estudiantes de pregrado y posgrado relacionados con la m\u00fasica sacra.<\/p>\t\t\t\t\t\t\t\t<\/div>\n\t\t\t\t<\/div>\n\t\t\t\t\t<\/div>\n\t\t<\/div>\n\t\t\t\t\t<\/div>\n\t\t<\/section>\n\t\t\t\t<section class=\"elementor-section elementor-top-section elementor-element elementor-element-d399de9 elementor-section-boxed elementor-section-height-default elementor-section-height-default\" data-id=\"d399de9\" data-element_type=\"section\" data-e-type=\"section\">\n\t\t\t\t\t\t<div class=\"elementor-container elementor-column-gap-default\">\n\t\t\t\t\t<div class=\"elementor-column elementor-col-100 elementor-top-column elementor-element elementor-element-adc4b42\" data-id=\"adc4b42\" data-element_type=\"column\" data-e-type=\"column\">\n\t\t\t<div class=\"elementor-widget-wrap elementor-element-populated\">\n\t\t\t\t\t\t<div class=\"elementor-element elementor-element-9c5311c elementor-align-center elementor-widget elementor-widget-button\" data-id=\"9c5311c\" data-element_type=\"widget\" data-e-type=\"widget\" data-widget_type=\"button.default\">\n\t\t\t\t<div class=\"elementor-widget-container\">\n\t\t\t\t\t\t\t\t\t<div class=\"elementor-button-wrapper\">\n\t\t\t\t\t<a class=\"elementor-button elementor-button-link elementor-size-lg\" href=\"https:\/\/npm.org\/wp-content\/uploads\/2022-23-Academic-Scholarship-Application.pdf\" target=\"_blank\">\n\t\t\t\t\t\t<span class=\"elementor-button-content-wrapper\">\n\t\t\t\t\t\t\t\t\t<span class=\"elementor-button-text\">Ver la Solicitud de Beca Acad\u00e9mica (PDF) <\/span>\n\t\t\t\t\t<\/span>\n\t\t\t\t\t<\/a>\n\t\t\t\t<\/div>\n\t\t\t\t\t\t\t\t<\/div>\n\t\t\t\t<\/div>\n\t\t\t\t\t<\/div>\n\t\t<\/div>\n\t\t\t\t\t<\/div>\n\t\t<\/section>\n\t\t\t\t<section class=\"elementor-section elementor-top-section elementor-element elementor-element-d086911 elementor-section-boxed elementor-section-height-default elementor-section-height-default\" data-id=\"d086911\" data-element_type=\"section\" data-e-type=\"section\">\n\t\t\t\t\t\t<div class=\"elementor-container elementor-column-gap-default\">\n\t\t\t\t\t<div class=\"elementor-column elementor-col-100 elementor-top-column elementor-element elementor-element-f434d8a\" data-id=\"f434d8a\" data-element_type=\"column\" data-e-type=\"column\">\n\t\t\t<div class=\"elementor-widget-wrap elementor-element-populated\">\n\t\t\t\t\t\t<div class=\"elementor-element elementor-element-6d93129 elementor-widget elementor-widget-text-editor\" data-id=\"6d93129\" data-element_type=\"widget\" data-e-type=\"widget\" data-widget_type=\"text-editor.default\">\n\t\t\t\t<div class=\"elementor-widget-container\">\n\t\t\t\t\t\t\t\t\t<p><strong>REQUISITOS<\/strong><\/p><p>\u25cf Debe tener una membres\u00eda de NPM activa, ya sea en el nivel b\u00e1sico, est\u00e1ndar o premium.<br \/>\u25cf Inscripci\u00f3n a tiempo parcial o completo en un programa de grado o posgrado durante el a\u00f1o escolar 2022-2023, o en un programa de educaci\u00f3n continua<br \/>\u25cf El programa de estudio debe estar relacionado con el campo de la m\u00fasica pastoral.<br \/>\u25cf Necesidad econ\u00f3mica demostrada<br \/>\u25cf El solicitante debe tener la intenci\u00f3n de trabajar al menos dos a\u00f1os en el campo de la m\u00fasica pastoral despu\u00e9s de la finalizaci\u00f3n de la graduaci\u00f3n\/programa<br \/>\u25cf Los fondos de la beca se pueden aplicar solo a la inscripci\u00f3n, la matr\u00edcula, las tarifas o los libros.<br \/>\u25cf Las becas se otorgan solo por un a\u00f1o; un beneficiario anterior puede volver a presentar una solicitud, pero no debe asumir que la renovaci\u00f3n es autom\u00e1tica<\/p><p><strong>PLAZOS<\/strong><\/p><p>La solicitud de beca acad\u00e9mica NPM 2022-2023\u00a0<strong>debe estar matasellado antes del 5 de abril de 2022.\u00a0<\/strong><br \/>Los solicitantes recibir\u00e1n notificaci\u00f3n de la decisi\u00f3n del comit\u00e9 por\u00a0<strong>22 de mayo de 2022.\u00a0<\/strong><\/p>\t\t\t\t\t\t\t\t<\/div>\n\t\t\t\t<\/div>\n\t\t\t\t\t<\/div>\n\t\t<\/div>\n\t\t\t\t\t<\/div>\n\t\t<\/section>\n\t\t\t\t<\/div>","protected":false},"excerpt":{"rendered":"<p>The 2022-2023 NPM Academic Scholarships are available for application! These academic scholarships are used for students in both undergraduate and graduate studies pertaining to sacred music. View the Academic Scholarship Application (PDF) REQUIREMENTS \u25cf Must have an active NPM Membership, either at Basic, Standard or Premium level\u25cf Part- or full-time enrollment in an undergraduate or [&hellip;]<\/p>\n","protected":false},"author":3640,"featured_media":19023,"parent":0,"menu_order":0,"comment_status":"closed","ping_status":"closed","template":"","meta":{"_acf_changed":false,"footnotes":""},"class_list":["post-19013","page","type-page","status-publish","has-post-thumbnail","hentry"],"acf":[],"_links":{"self":[{"href":"https:\/\/npm.org\/es\/wp-json\/wp\/v2\/pages\/19013"}],"collection":[{"href":"https:\/\/npm.org\/es\/wp-json\/wp\/v2\/pages"}],"about":[{"href":"https:\/\/npm.org\/es\/wp-json\/wp\/v2\/types\/page"}],"author":[{"embeddable":true,"href":"https:\/\/npm.org\/es\/wp-json\/wp\/v2\/users\/3640"}],"replies":[{"embeddable":true,"href":"https:\/\/npm.org\/es\/wp-json\/wp\/v2\/comments?post=19013"}],"version-history":[{"count":7,"href":"https:\/\/npm.org\/es\/wp-json\/wp\/v2\/pages\/19013\/revisions"}],"predecessor-version":[{"id":19027,"href":"https:\/\/npm.org\/es\/wp-json\/wp\/v2\/pages\/19013\/revisions\/19027"}],"wp:featuredmedia":[{"embeddable":true,"href":"https:\/\/npm.org\/es\/wp-json\/wp\/v2\/media\/19023"}],"wp:attachment":[{"href":"https:\/\/npm.org\/es\/wp-json\/wp\/v2\/media?parent=19013"}],"curies":[{"name":"gracias","href":"https:\/\/api.w.org\/{rel}","templated":true}]}}