{"id":179,"date":"2017-06-03T21:17:20","date_gmt":"2017-06-03T21:17:20","guid":{"rendered":"https:\/\/npm.org\/?page_id=179"},"modified":"2026-03-30T09:24:54","modified_gmt":"2026-03-30T13:24:54","slug":"strategic-goals","status":"publish","type":"page","link":"https:\/\/npm.org\/es\/about\/strategic-goals\/","title":{"rendered":"Documentos de misi\u00f3n y gobierno"},"content":{"rendered":"<div data-elementor-type=\"wp-page\" data-elementor-id=\"179\" class=\"elementor elementor-179\" data-elementor-post-type=\"page\">\n\t\t\t\t\t\t<section class=\"elementor-section elementor-top-section elementor-element elementor-element-76f14e9d elementor-section-boxed elementor-section-height-default elementor-section-height-default\" data-id=\"76f14e9d\" data-element_type=\"section\" data-e-type=\"section\">\n\t\t\t\t\t\t<div class=\"elementor-container elementor-column-gap-default\">\n\t\t\t\t\t<div class=\"elementor-column elementor-col-100 elementor-top-column elementor-element elementor-element-1f1bf8e8\" data-id=\"1f1bf8e8\" data-element_type=\"column\" data-e-type=\"column\">\n\t\t\t<div class=\"elementor-widget-wrap elementor-element-populated\">\n\t\t\t\t\t\t<div class=\"elementor-element elementor-element-76fb0abe elementor-widget elementor-widget-text-editor\" data-id=\"76fb0abe\" data-element_type=\"widget\" data-e-type=\"widget\" data-widget_type=\"text-editor.default\">\n\t\t\t\t<div class=\"elementor-widget-container\">\n\t\t\t\t\t\t\t\t\t<p><\/p><h2>Estado de la misi\u00f3n<\/h2><p>La Asociaci\u00f3n Nacional de M\u00fasicos Pastorales fomenta el arte de la liturgia musical. Los miembros de NPM sirven a la Iglesia Cat\u00f3lica en los Estados Unidos como m\u00fasicos, cl\u00e9rigos, liturgistas y otros l\u00edderes de oraci\u00f3n.<\/p><p><\/p>\t\t\t\t\t\t\t\t<\/div>\n\t\t\t\t<\/div>\n\t\t\t\t\t<\/div>\n\t\t<\/div>\n\t\t\t\t\t<\/div>\n\t\t<\/section>\n\t\t\t\t<section class=\"elementor-section elementor-top-section elementor-element elementor-element-2345102 elementor-section-boxed elementor-section-height-default elementor-section-height-default\" data-id=\"2345102\" data-element_type=\"section\" data-e-type=\"section\">\n\t\t\t\t\t\t<div class=\"elementor-container elementor-column-gap-default\">\n\t\t\t\t\t<div class=\"elementor-column elementor-col-100 elementor-top-column elementor-element elementor-element-3704055\" data-id=\"3704055\" data-element_type=\"column\" data-e-type=\"column\">\n\t\t\t<div class=\"elementor-widget-wrap elementor-element-populated\">\n\t\t\t\t\t\t<div class=\"elementor-element elementor-element-d7a9a58 white-text elementor-widget elementor-widget-heading\" data-id=\"d7a9a58\" data-element_type=\"widget\" data-e-type=\"widget\" data-widget_type=\"heading.default\">\n\t\t\t\t<div class=\"elementor-widget-container\">\n\t\t\t\t\t<h2 class=\"elementor-heading-title elementor-size-large\"><a href=\"https:\/\/npm.org\/wp-content\/uploads\/NPM-GP-2.9-Code-of-Ethical-Behavior-1.pdf\">C\u00f3digo de comportamiento \u00e9tico de NPM (PDF) (ingl\u00e9s) <\/a><\/h2>\t\t\t\t<\/div>\n\t\t\t\t<\/div>\n\t\t\t\t\t<\/div>\n\t\t<\/div>\n\t\t\t\t\t<\/div>\n\t\t<\/section>\n\t\t\t\t<section class=\"elementor-section elementor-top-section elementor-element elementor-element-6e70632 elementor-section-boxed elementor-section-height-default elementor-section-height-default\" data-id=\"6e70632\" data-element_type=\"section\" data-e-type=\"section\">\n\t\t\t\t\t\t<div class=\"elementor-container elementor-column-gap-default\">\n\t\t\t\t\t<div class=\"elementor-column elementor-col-100 elementor-top-column elementor-element elementor-element-d03c1c6\" data-id=\"d03c1c6\" data-element_type=\"column\" data-e-type=\"column\">\n\t\t\t<div class=\"elementor-widget-wrap elementor-element-populated\">\n\t\t\t\t\t\t<div class=\"elementor-element elementor-element-173d33b white-text elementor-invisible elementor-widget elementor-widget-heading\" data-id=\"173d33b\" data-element_type=\"widget\" data-e-type=\"widget\" data-settings=\"{&quot;_animation&quot;:&quot;fadeIn&quot;}\" data-widget_type=\"heading.default\">\n\t\t\t\t<div class=\"elementor-widget-container\">\n\t\t\t\t\t<h1 class=\"elementor-heading-title elementor-size-large\"><a href=\"https:\/\/npm.org\/wp-content\/uploads\/NPM_AnnualReport_2025.pdf\" target=\"_blank\">Informe anual 2025 (PDF) (ingl\u00e9s)<\/a><\/h1>\t\t\t\t<\/div>\n\t\t\t\t<\/div>\n\t\t\t\t\t<\/div>\n\t\t<\/div>\n\t\t\t\t\t<\/div>\n\t\t<\/section>\n\t\t\t\t<section class=\"elementor-section elementor-top-section elementor-element elementor-element-78c5c7d elementor-section-boxed elementor-section-height-default elementor-section-height-default\" data-id=\"78c5c7d\" data-element_type=\"section\" data-e-type=\"section\">\n\t\t\t\t\t\t<div class=\"elementor-container elementor-column-gap-default\">\n\t\t\t\t\t<div class=\"elementor-column elementor-col-100 elementor-top-column elementor-element elementor-element-3b420bc\" data-id=\"3b420bc\" data-element_type=\"column\" data-e-type=\"column\">\n\t\t\t<div class=\"elementor-widget-wrap elementor-element-populated\">\n\t\t\t\t\t\t<div class=\"elementor-element elementor-element-abb97bd elementor-widget elementor-widget-heading\" data-id=\"abb97bd\" data-element_type=\"widget\" data-e-type=\"widget\" data-widget_type=\"heading.default\">\n\t\t\t\t<div class=\"elementor-widget-container\">\n\t\t\t\t\t<h2 class=\"elementor-heading-title elementor-size-default\">Documentos rectores<\/h2>\t\t\t\t<\/div>\n\t\t\t\t<\/div>\n\t\t\t\t\t<\/div>\n\t\t<\/div>\n\t\t\t\t\t<\/div>\n\t\t<\/section>\n\t\t\t\t<section class=\"elementor-section elementor-top-section elementor-element elementor-element-aefbacc elementor-section-boxed elementor-section-height-default elementor-section-height-default\" data-id=\"aefbacc\" data-element_type=\"section\" data-e-type=\"section\">\n\t\t\t\t\t\t<div class=\"elementor-container elementor-column-gap-default\">\n\t\t\t\t\t<div class=\"elementor-column elementor-col-100 elementor-top-column elementor-element elementor-element-ffefb6c\" data-id=\"ffefb6c\" data-element_type=\"column\" data-e-type=\"column\">\n\t\t\t<div class=\"elementor-widget-wrap elementor-element-populated\">\n\t\t\t\t\t\t<div class=\"elementor-element elementor-element-d90f417 elementor-widget elementor-widget-image\" data-id=\"d90f417\" data-element_type=\"widget\" data-e-type=\"widget\" data-widget_type=\"image.default\">\n\t\t\t\t<div class=\"elementor-widget-container\">\n\t\t\t\t\t\t\t\t\t\t\t\t\t\t\t\t<a href=\"https:\/\/npm.org\/wp-content\/uploads\/NPM-Bylaws-UPDATED-9-22-25.pdf\" target=\"_blank\">\n\t\t\t\t\t\t\t<img fetchpriority=\"high\" decoding=\"async\" width=\"860\" height=\"140\" src=\"https:\/\/npm.org\/wp-content\/uploads\/NPM-Bylaws-Banner_10-9-25-1024x167.png\" class=\"attachment-large size-large wp-image-25361\" alt=\"\" srcset=\"https:\/\/npm.org\/wp-content\/uploads\/NPM-Bylaws-Banner_10-9-25-1024x167.png 1024w, https:\/\/npm.org\/wp-content\/uploads\/NPM-Bylaws-Banner_10-9-25-300x49.png 300w, https:\/\/npm.org\/wp-content\/uploads\/NPM-Bylaws-Banner_10-9-25-768x126.png 768w, https:\/\/npm.org\/wp-content\/uploads\/NPM-Bylaws-Banner_10-9-25-1536x251.png 1536w, https:\/\/npm.org\/wp-content\/uploads\/NPM-Bylaws-Banner_10-9-25-2048x335.png 2048w, https:\/\/npm.org\/wp-content\/uploads\/NPM-Bylaws-Banner_10-9-25-18x3.png 18w, https:\/\/npm.org\/wp-content\/uploads\/NPM-Bylaws-Banner_10-9-25-260x43.png 260w\" sizes=\"(max-width: 860px) 100vw, 860px\" \/>\t\t\t\t\t\t\t\t<\/a>\n\t\t\t\t\t\t\t\t\t\t\t\t\t\t\t<\/div>\n\t\t\t\t<\/div>\n\t\t\t\t\t<\/div>\n\t\t<\/div>\n\t\t\t\t\t<\/div>\n\t\t<\/section>\n\t\t\t\t<section class=\"elementor-section elementor-top-section elementor-element elementor-element-fb82d7e elementor-section-boxed elementor-section-height-default elementor-section-height-default\" data-id=\"fb82d7e\" data-element_type=\"section\" data-e-type=\"section\">\n\t\t\t\t\t\t<div class=\"elementor-container elementor-column-gap-default\">\n\t\t\t\t\t<div class=\"elementor-column elementor-col-100 elementor-top-column elementor-element elementor-element-7a7ba56\" data-id=\"7a7ba56\" data-element_type=\"column\" data-e-type=\"column\">\n\t\t\t<div class=\"elementor-widget-wrap elementor-element-populated\">\n\t\t\t\t\t\t<div class=\"elementor-element elementor-element-62683bc elementor-widget elementor-widget-spacer\" data-id=\"62683bc\" data-element_type=\"widget\" data-e-type=\"widget\" data-widget_type=\"spacer.default\">\n\t\t\t\t<div class=\"elementor-widget-container\">\n\t\t\t\t\t\t\t<div class=\"elementor-spacer\">\n\t\t\t<div class=\"elementor-spacer-inner\"><\/div>\n\t\t<\/div>\n\t\t\t\t\t\t<\/div>\n\t\t\t\t<\/div>\n\t\t\t\t\t<\/div>\n\t\t<\/div>\n\t\t\t\t\t<\/div>\n\t\t<\/section>\n\t\t\t\t<section class=\"elementor-section elementor-top-section elementor-element elementor-element-35df1b1 elementor-section-boxed elementor-section-height-default elementor-section-height-default\" data-id=\"35df1b1\" data-element_type=\"section\" data-e-type=\"section\">\n\t\t\t\t\t\t<div class=\"elementor-container elementor-column-gap-default\">\n\t\t\t\t\t<div class=\"elementor-column elementor-col-100 elementor-top-column elementor-element elementor-element-3f9d202\" data-id=\"3f9d202\" data-element_type=\"column\" data-e-type=\"column\">\n\t\t\t<div class=\"elementor-widget-wrap elementor-element-populated\">\n\t\t\t\t\t\t<div class=\"elementor-element elementor-element-31c9627 elementor-widget elementor-widget-text-editor\" data-id=\"31c9627\" data-element_type=\"widget\" data-e-type=\"widget\" data-widget_type=\"text-editor.default\">\n\t\t\t\t<div class=\"elementor-widget-container\">\n\t\t\t\t\t\t\t\t\t<h2><strong>Pol\u00edticas de gobierno<\/strong><\/h2>\n<p>NPM se rige en nombre de sus miembros (propietarios) por la Junta Directiva a trav\u00e9s de pol\u00edticas escritas en 4 categor\u00edas distintas:<\/p>\t\t\t\t\t\t\t\t<\/div>\n\t\t\t\t<\/div>\n\t\t\t\t\t<\/div>\n\t\t<\/div>\n\t\t\t\t\t<\/div>\n\t\t<\/section>\n\t\t\t\t<section class=\"elementor-section elementor-top-section elementor-element elementor-element-a09fdba elementor-section-boxed elementor-section-height-default elementor-section-height-default\" data-id=\"a09fdba\" data-element_type=\"section\" data-e-type=\"section\">\n\t\t\t\t\t\t<div class=\"elementor-container elementor-column-gap-default\">\n\t\t\t\t\t<div class=\"elementor-column elementor-col-25 elementor-top-column elementor-element elementor-element-f528e56\" data-id=\"f528e56\" data-element_type=\"column\" data-e-type=\"column\">\n\t\t\t<div class=\"elementor-widget-wrap elementor-element-populated\">\n\t\t\t\t\t\t<div class=\"elementor-element elementor-element-c2b91a4 elementor-widget elementor-widget-image\" data-id=\"c2b91a4\" data-element_type=\"widget\" data-e-type=\"widget\" data-widget_type=\"image.default\">\n\t\t\t\t<div class=\"elementor-widget-container\">\n\t\t\t\t\t\t\t\t\t\t\t\t<figure class=\"wp-caption\">\n\t\t\t\t\t\t\t\t\t\t\t<a href=\"https:\/\/npm.org\/wp-content\/uploads\/NPM-Ends-Policy-March-2022.pdf\">\n\t\t\t\t\t\t\t<img decoding=\"async\" width=\"860\" height=\"860\" src=\"https:\/\/npm.org\/wp-content\/uploads\/Copy-of-NPM-ends-policy-button-1024x1024.png\" class=\"attachment-large size-large wp-image-16173\" alt=\"\" srcset=\"https:\/\/npm.org\/wp-content\/uploads\/Copy-of-NPM-ends-policy-button-1024x1024.png 1024w, https:\/\/npm.org\/wp-content\/uploads\/Copy-of-NPM-ends-policy-button-300x300.png 300w, https:\/\/npm.org\/wp-content\/uploads\/Copy-of-NPM-ends-policy-button-150x150.png 150w, https:\/\/npm.org\/wp-content\/uploads\/Copy-of-NPM-ends-policy-button-768x768.png 768w, https:\/\/npm.org\/wp-content\/uploads\/Copy-of-NPM-ends-policy-button-12x12.png 12w, https:\/\/npm.org\/wp-content\/uploads\/Copy-of-NPM-ends-policy-button-260x260.png 260w, https:\/\/npm.org\/wp-content\/uploads\/Copy-of-NPM-ends-policy-button.png 1080w\" sizes=\"(max-width: 860px) 100vw, 860px\" \/>\t\t\t\t\t\t\t\t<\/a>\n\t\t\t\t\t\t\t\t\t\t\t<figcaption class=\"widget-image-caption wp-caption-text\">Publicado en ingles<\/figcaption>\n\t\t\t\t\t\t\t\t\t\t<\/figure>\n\t\t\t\t\t\t\t\t\t<\/div>\n\t\t\t\t<\/div>\n\t\t\t\t\t<\/div>\n\t\t<\/div>\n\t\t\t\t<div class=\"elementor-column elementor-col-25 elementor-top-column elementor-element elementor-element-72e24a4\" data-id=\"72e24a4\" data-element_type=\"column\" data-e-type=\"column\">\n\t\t\t<div class=\"elementor-widget-wrap elementor-element-populated\">\n\t\t\t\t\t\t<div class=\"elementor-element elementor-element-03cf794 elementor-widget elementor-widget-image\" data-id=\"03cf794\" data-element_type=\"widget\" data-e-type=\"widget\" data-widget_type=\"image.default\">\n\t\t\t\t<div class=\"elementor-widget-container\">\n\t\t\t\t\t\t\t\t\t\t\t\t<figure class=\"wp-caption\">\n\t\t\t\t\t\t\t\t\t\t\t<a href=\"https:\/\/npm.org\/wp-content\/uploads\/NPM-GP-policies-updated-July-2023.pdf\">\n\t\t\t\t\t\t\t<img decoding=\"async\" width=\"860\" height=\"860\" src=\"https:\/\/npm.org\/wp-content\/uploads\/NPM-Governance-Process-button-1024x1024.png\" class=\"attachment-large size-large wp-image-16166\" alt=\"\" srcset=\"https:\/\/npm.org\/wp-content\/uploads\/NPM-Governance-Process-button-1024x1024.png 1024w, https:\/\/npm.org\/wp-content\/uploads\/NPM-Governance-Process-button-300x300.png 300w, https:\/\/npm.org\/wp-content\/uploads\/NPM-Governance-Process-button-150x150.png 150w, https:\/\/npm.org\/wp-content\/uploads\/NPM-Governance-Process-button-768x768.png 768w, https:\/\/npm.org\/wp-content\/uploads\/NPM-Governance-Process-button-12x12.png 12w, https:\/\/npm.org\/wp-content\/uploads\/NPM-Governance-Process-button-260x260.png 260w, https:\/\/npm.org\/wp-content\/uploads\/NPM-Governance-Process-button.png 1080w\" sizes=\"(max-width: 860px) 100vw, 860px\" \/>\t\t\t\t\t\t\t\t<\/a>\n\t\t\t\t\t\t\t\t\t\t\t<figcaption class=\"widget-image-caption wp-caption-text\">Publicado en ingles<\/figcaption>\n\t\t\t\t\t\t\t\t\t\t<\/figure>\n\t\t\t\t\t\t\t\t\t<\/div>\n\t\t\t\t<\/div>\n\t\t\t\t\t<\/div>\n\t\t<\/div>\n\t\t\t\t<div class=\"elementor-column elementor-col-25 elementor-top-column elementor-element elementor-element-97638c2\" data-id=\"97638c2\" data-element_type=\"column\" data-e-type=\"column\">\n\t\t\t<div class=\"elementor-widget-wrap elementor-element-populated\">\n\t\t\t\t\t\t<div class=\"elementor-element elementor-element-05819b8 elementor-widget elementor-widget-image\" data-id=\"05819b8\" data-element_type=\"widget\" data-e-type=\"widget\" data-widget_type=\"image.default\">\n\t\t\t\t<div class=\"elementor-widget-container\">\n\t\t\t\t\t\t\t\t\t\t\t\t<figure class=\"wp-caption\">\n\t\t\t\t\t\t\t\t\t\t\t<a href=\"https:\/\/npm.org\/wp-content\/uploads\/BMD-policies-updated-July-2021.pdf\">\n\t\t\t\t\t\t\t<img loading=\"lazy\" decoding=\"async\" width=\"860\" height=\"860\" src=\"https:\/\/npm.org\/wp-content\/uploads\/NPM-Board-Management-Delegation-Button-2-1024x1024.png\" class=\"attachment-large size-large wp-image-16176\" alt=\"\" srcset=\"https:\/\/npm.org\/wp-content\/uploads\/NPM-Board-Management-Delegation-Button-2-1024x1024.png 1024w, https:\/\/npm.org\/wp-content\/uploads\/NPM-Board-Management-Delegation-Button-2-300x300.png 300w, https:\/\/npm.org\/wp-content\/uploads\/NPM-Board-Management-Delegation-Button-2-150x150.png 150w, https:\/\/npm.org\/wp-content\/uploads\/NPM-Board-Management-Delegation-Button-2-768x768.png 768w, https:\/\/npm.org\/wp-content\/uploads\/NPM-Board-Management-Delegation-Button-2-12x12.png 12w, https:\/\/npm.org\/wp-content\/uploads\/NPM-Board-Management-Delegation-Button-2-260x260.png 260w, https:\/\/npm.org\/wp-content\/uploads\/NPM-Board-Management-Delegation-Button-2.png 1080w\" sizes=\"(max-width: 860px) 100vw, 860px\" \/>\t\t\t\t\t\t\t\t<\/a>\n\t\t\t\t\t\t\t\t\t\t\t<figcaption class=\"widget-image-caption wp-caption-text\">Publicado en ingles<\/figcaption>\n\t\t\t\t\t\t\t\t\t\t<\/figure>\n\t\t\t\t\t\t\t\t\t<\/div>\n\t\t\t\t<\/div>\n\t\t\t\t\t<\/div>\n\t\t<\/div>\n\t\t\t\t<div class=\"elementor-column elementor-col-25 elementor-top-column elementor-element elementor-element-75d9192\" data-id=\"75d9192\" data-element_type=\"column\" data-e-type=\"column\">\n\t\t\t<div class=\"elementor-widget-wrap elementor-element-populated\">\n\t\t\t\t\t\t<div class=\"elementor-element elementor-element-5027084 elementor-widget elementor-widget-image\" data-id=\"5027084\" data-element_type=\"widget\" data-e-type=\"widget\" data-widget_type=\"image.default\">\n\t\t\t\t<div class=\"elementor-widget-container\">\n\t\t\t\t\t\t\t\t\t\t\t\t<figure class=\"wp-caption\">\n\t\t\t\t\t\t\t\t\t\t\t<a href=\"https:\/\/npm.org\/wp-content\/uploads\/EL-Policies-updated-5-24-21.pdf\">\n\t\t\t\t\t\t\t<img loading=\"lazy\" decoding=\"async\" width=\"860\" height=\"860\" src=\"https:\/\/npm.org\/wp-content\/uploads\/Copy-of-NPM-Executive-Limitations-Button-1-1024x1024.png\" class=\"attachment-large size-large wp-image-16177\" alt=\"\" srcset=\"https:\/\/npm.org\/wp-content\/uploads\/Copy-of-NPM-Executive-Limitations-Button-1-1024x1024.png 1024w, https:\/\/npm.org\/wp-content\/uploads\/Copy-of-NPM-Executive-Limitations-Button-1-300x300.png 300w, https:\/\/npm.org\/wp-content\/uploads\/Copy-of-NPM-Executive-Limitations-Button-1-150x150.png 150w, https:\/\/npm.org\/wp-content\/uploads\/Copy-of-NPM-Executive-Limitations-Button-1-768x768.png 768w, https:\/\/npm.org\/wp-content\/uploads\/Copy-of-NPM-Executive-Limitations-Button-1-12x12.png 12w, https:\/\/npm.org\/wp-content\/uploads\/Copy-of-NPM-Executive-Limitations-Button-1-260x260.png 260w, https:\/\/npm.org\/wp-content\/uploads\/Copy-of-NPM-Executive-Limitations-Button-1.png 1080w\" sizes=\"(max-width: 860px) 100vw, 860px\" \/>\t\t\t\t\t\t\t\t<\/a>\n\t\t\t\t\t\t\t\t\t\t\t<figcaption class=\"widget-image-caption wp-caption-text\">Publicado en ingles<\/figcaption>\n\t\t\t\t\t\t\t\t\t\t<\/figure>\n\t\t\t\t\t\t\t\t\t<\/div>\n\t\t\t\t<\/div>\n\t\t\t\t\t<\/div>\n\t\t<\/div>\n\t\t\t\t\t<\/div>\n\t\t<\/section>\n\t\t\t\t<section class=\"elementor-section elementor-top-section elementor-element elementor-element-56f1ab4 elementor-section-boxed elementor-section-height-default elementor-section-height-default\" data-id=\"56f1ab4\" data-element_type=\"section\" data-e-type=\"section\">\n\t\t\t\t\t\t<div class=\"elementor-container elementor-column-gap-default\">\n\t\t\t\t\t<div class=\"elementor-column elementor-col-100 elementor-top-column elementor-element elementor-element-e9ffdb6\" data-id=\"e9ffdb6\" data-element_type=\"column\" data-e-type=\"column\">\n\t\t\t<div class=\"elementor-widget-wrap elementor-element-populated\">\n\t\t\t\t\t\t<div class=\"elementor-element elementor-element-1390635 elementor-widget-divider--view-line elementor-widget elementor-widget-divider\" data-id=\"1390635\" data-element_type=\"widget\" data-e-type=\"widget\" data-widget_type=\"divider.default\">\n\t\t\t\t<div class=\"elementor-widget-container\">\n\t\t\t\t\t\t\t<div class=\"elementor-divider\">\n\t\t\t<span class=\"elementor-divider-separator\">\n\t\t\t\t\t\t<\/span>\n\t\t<\/div>\n\t\t\t\t\t\t<\/div>\n\t\t\t\t<\/div>\n\t\t\t\t\t<\/div>\n\t\t<\/div>\n\t\t\t\t\t<\/div>\n\t\t<\/section>\n\t\t\t\t<section class=\"elementor-section elementor-top-section elementor-element elementor-element-309c58d elementor-section-boxed elementor-section-height-default elementor-section-height-default\" data-id=\"309c58d\" data-element_type=\"section\" data-e-type=\"section\">\n\t\t\t\t\t\t<div class=\"elementor-container elementor-column-gap-default\">\n\t\t\t\t\t<div class=\"elementor-column elementor-col-100 elementor-top-column elementor-element elementor-element-cc5b5b5\" data-id=\"cc5b5b5\" data-element_type=\"column\" data-e-type=\"column\">\n\t\t\t<div class=\"elementor-widget-wrap elementor-element-populated\">\n\t\t\t\t\t\t<div class=\"elementor-element elementor-element-1e43d9c elementor-widget elementor-widget-heading\" data-id=\"1e43d9c\" data-element_type=\"widget\" data-e-type=\"widget\" data-widget_type=\"heading.default\">\n\t\t\t\t<div class=\"elementor-widget-container\">\n\t\t\t\t\t<h2 class=\"elementor-heading-title elementor-size-default\">Declaraciones de la Asociaci\u00f3n Nacional de M\u00fasicos Pastorales<\/h2>\t\t\t\t<\/div>\n\t\t\t\t<\/div>\n\t\t\t\t\t<\/div>\n\t\t<\/div>\n\t\t\t\t\t<\/div>\n\t\t<\/section>\n\t\t\t\t<section class=\"elementor-section elementor-top-section elementor-element elementor-element-16e17a5 elementor-section-boxed elementor-section-height-default elementor-section-height-default\" data-id=\"16e17a5\" data-element_type=\"section\" data-e-type=\"section\">\n\t\t\t\t\t\t<div class=\"elementor-container elementor-column-gap-default\">\n\t\t\t\t\t<div class=\"elementor-column elementor-col-33 elementor-top-column elementor-element elementor-element-d3abc83\" data-id=\"d3abc83\" data-element_type=\"column\" data-e-type=\"column\">\n\t\t\t<div class=\"elementor-widget-wrap elementor-element-populated\">\n\t\t\t\t\t\t<div class=\"elementor-element elementor-element-365a54d elementor-widget elementor-widget-image\" data-id=\"365a54d\" data-element_type=\"widget\" data-e-type=\"widget\" data-widget_type=\"image.default\">\n\t\t\t\t<div class=\"elementor-widget-container\">\n\t\t\t\t\t\t\t\t\t\t\t\t\t\t\t\t<a href=\"https:\/\/npm.org\/wp-content\/uploads\/A-Message-from-NPMs-Executive-Director_May-13-2021.pdf\">\n\t\t\t\t\t\t\t<img loading=\"lazy\" decoding=\"async\" width=\"860\" height=\"860\" src=\"https:\/\/npm.org\/wp-content\/uploads\/A-Message-from-our-Executive-Director-button_5-13-21-1024x1024.png\" class=\"attachment-large size-large wp-image-17142\" alt=\"\" srcset=\"https:\/\/npm.org\/wp-content\/uploads\/A-Message-from-our-Executive-Director-button_5-13-21-1024x1024.png 1024w, https:\/\/npm.org\/wp-content\/uploads\/A-Message-from-our-Executive-Director-button_5-13-21-300x300.png 300w, https:\/\/npm.org\/wp-content\/uploads\/A-Message-from-our-Executive-Director-button_5-13-21-150x150.png 150w, https:\/\/npm.org\/wp-content\/uploads\/A-Message-from-our-Executive-Director-button_5-13-21-768x768.png 768w, https:\/\/npm.org\/wp-content\/uploads\/A-Message-from-our-Executive-Director-button_5-13-21-12x12.png 12w, https:\/\/npm.org\/wp-content\/uploads\/A-Message-from-our-Executive-Director-button_5-13-21-260x260.png 260w, https:\/\/npm.org\/wp-content\/uploads\/A-Message-from-our-Executive-Director-button_5-13-21.png 1080w\" sizes=\"(max-width: 860px) 100vw, 860px\" \/>\t\t\t\t\t\t\t\t<\/a>\n\t\t\t\t\t\t\t\t\t\t\t\t\t\t\t<\/div>\n\t\t\t\t<\/div>\n\t\t\t\t\t<\/div>\n\t\t<\/div>\n\t\t\t\t<div class=\"elementor-column elementor-col-33 elementor-top-column elementor-element elementor-element-7885817\" data-id=\"7885817\" data-element_type=\"column\" data-e-type=\"column\">\n\t\t\t<div class=\"elementor-widget-wrap elementor-element-populated\">\n\t\t\t\t\t\t<div class=\"elementor-element elementor-element-bdf8dee elementor-widget elementor-widget-image\" data-id=\"bdf8dee\" data-element_type=\"widget\" data-e-type=\"widget\" data-widget_type=\"image.default\">\n\t\t\t\t<div class=\"elementor-widget-container\">\n\t\t\t\t\t\t\t\t\t\t\t\t\t\t\t\t<a href=\"https:\/\/npm.org\/es\/national-association-of-pastoral-musicians-statement-against-racism\/\">\n\t\t\t\t\t\t\t<img loading=\"lazy\" decoding=\"async\" width=\"860\" height=\"860\" src=\"https:\/\/npm.org\/wp-content\/uploads\/NPM-Black-Lives-Matter-Button_english-1024x1024.png\" class=\"attachment-large size-large wp-image-17059\" alt=\"\" srcset=\"https:\/\/npm.org\/wp-content\/uploads\/NPM-Black-Lives-Matter-Button_english-1024x1024.png 1024w, https:\/\/npm.org\/wp-content\/uploads\/NPM-Black-Lives-Matter-Button_english-300x300.png 300w, https:\/\/npm.org\/wp-content\/uploads\/NPM-Black-Lives-Matter-Button_english-150x150.png 150w, https:\/\/npm.org\/wp-content\/uploads\/NPM-Black-Lives-Matter-Button_english-768x768.png 768w, https:\/\/npm.org\/wp-content\/uploads\/NPM-Black-Lives-Matter-Button_english-12x12.png 12w, https:\/\/npm.org\/wp-content\/uploads\/NPM-Black-Lives-Matter-Button_english-260x260.png 260w, https:\/\/npm.org\/wp-content\/uploads\/NPM-Black-Lives-Matter-Button_english.png 1080w\" sizes=\"(max-width: 860px) 100vw, 860px\" \/>\t\t\t\t\t\t\t\t<\/a>\n\t\t\t\t\t\t\t\t\t\t\t\t\t\t\t<\/div>\n\t\t\t\t<\/div>\n\t\t\t\t\t<\/div>\n\t\t<\/div>\n\t\t\t\t<div class=\"elementor-column elementor-col-33 elementor-top-column elementor-element elementor-element-4cb469c\" data-id=\"4cb469c\" data-element_type=\"column\" data-e-type=\"column\">\n\t\t\t<div class=\"elementor-widget-wrap elementor-element-populated\">\n\t\t\t\t\t\t<div class=\"elementor-element elementor-element-0b360e6 elementor-widget elementor-widget-image\" data-id=\"0b360e6\" data-element_type=\"widget\" data-e-type=\"widget\" data-widget_type=\"image.default\">\n\t\t\t\t<div class=\"elementor-widget-container\">\n\t\t\t\t\t\t\t\t\t\t\t\t\t\t\t\t<a href=\"https:\/\/npm.org\/wp-content\/uploads\/Statement-of-NPM-on-David-Haas-2020July3.pdf\">\n\t\t\t\t\t\t\t<img loading=\"lazy\" decoding=\"async\" width=\"860\" height=\"860\" src=\"https:\/\/npm.org\/wp-content\/uploads\/NPM-David-Haas-Statement-Button-1024x1024.png\" class=\"attachment-large size-large wp-image-17060\" alt=\"\" srcset=\"https:\/\/npm.org\/wp-content\/uploads\/NPM-David-Haas-Statement-Button-1024x1024.png 1024w, https:\/\/npm.org\/wp-content\/uploads\/NPM-David-Haas-Statement-Button-300x300.png 300w, https:\/\/npm.org\/wp-content\/uploads\/NPM-David-Haas-Statement-Button-150x150.png 150w, https:\/\/npm.org\/wp-content\/uploads\/NPM-David-Haas-Statement-Button-768x768.png 768w, https:\/\/npm.org\/wp-content\/uploads\/NPM-David-Haas-Statement-Button-12x12.png 12w, https:\/\/npm.org\/wp-content\/uploads\/NPM-David-Haas-Statement-Button-260x260.png 260w, https:\/\/npm.org\/wp-content\/uploads\/NPM-David-Haas-Statement-Button.png 1080w\" sizes=\"(max-width: 860px) 100vw, 860px\" \/>\t\t\t\t\t\t\t\t<\/a>\n\t\t\t\t\t\t\t\t\t\t\t\t\t\t\t<\/div>\n\t\t\t\t<\/div>\n\t\t\t\t\t<\/div>\n\t\t<\/div>\n\t\t\t\t\t<\/div>\n\t\t<\/section>\n\t\t\t\t<\/div>","protected":false},"excerpt":{"rendered":"<p>NPM Code of Ethical Behavior (PDF) (English) 2025 Annual Report (PDF) (English) Governing Documents Governing Policies NPM is governed on behalf of its members (owners) by the Board of Directors through written policies in 4 distinct categories: Published in English Published in English Published in English Published in English Statements by the National Association of [&hellip;]<\/p>\n","protected":false},"author":6628,"featured_media":0,"parent":21,"menu_order":0,"comment_status":"closed","ping_status":"closed","template":"","meta":{"_acf_changed":false,"footnotes":""},"class_list":["post-179","page","type-page","status-publish","hentry"],"acf":[],"_links":{"self":[{"href":"https:\/\/npm.org\/es\/wp-json\/wp\/v2\/pages\/179"}],"collection":[{"href":"https:\/\/npm.org\/es\/wp-json\/wp\/v2\/pages"}],"about":[{"href":"https:\/\/npm.org\/es\/wp-json\/wp\/v2\/types\/page"}],"author":[{"embeddable":true,"href":"https:\/\/npm.org\/es\/wp-json\/wp\/v2\/users\/6628"}],"replies":[{"embeddable":true,"href":"https:\/\/npm.org\/es\/wp-json\/wp\/v2\/comments?post=179"}],"version-history":[{"count":33,"href":"https:\/\/npm.org\/es\/wp-json\/wp\/v2\/pages\/179\/revisions"}],"predecessor-version":[{"id":26036,"href":"https:\/\/npm.org\/es\/wp-json\/wp\/v2\/pages\/179\/revisions\/26036"}],"up":[{"embeddable":true,"href":"https:\/\/npm.org\/es\/wp-json\/wp\/v2\/pages\/21"}],"wp:attachment":[{"href":"https:\/\/npm.org\/es\/wp-json\/wp\/v2\/media?parent=179"}],"curies":[{"name":"gracias","href":"https:\/\/api.w.org\/{rel}","templated":true}]}}