{"id":1645,"date":"2017-07-21T03:11:37","date_gmt":"2017-07-21T03:11:37","guid":{"rendered":"https:\/\/npm.org\/?page_id=1645"},"modified":"2026-02-10T16:27:55","modified_gmt":"2026-02-10T21:27:55","slug":"cantor-trainer","status":"publish","type":"page","link":"https:\/\/npm.org\/es\/cantor-trainer\/","title":{"rendered":"Entrenador de Cantor"},"content":{"rendered":"<h2>Certificado de instructor designado de NPM Cantor<\/h2>\r\n<h2>Requisitos y lista de verificaci\u00f3n<\/h2>\r\n<ol>\r\n<li>Demostrar habilidades vocales y conocimientos musicales \/ lit\u00fargicos al aprobar todas las secciones del\u00a0<a href=\"https:\/\/npm.org\/es\/cantor-certificate-programs\/\"><strong>Certificado de colega de NPM Cantor\u00a0<\/strong><\/a>(CCC).<\/li>\r\n<li>Descargar y enviar <a href=\"https:\/\/npm.org\/wp-content\/uploads\/NPM-CANTOR-TRAINER-APPLICATION_February-2026.docx\">el Formulario de Solicitud de Entrenador de Cantor Designado de NPM.<\/a><\/li>\r\n<li>Descarga una recomendaci\u00f3n <a href=\"https:\/\/npm.org\/wp-content\/uploads\/2017\/07\/CantorTrainerSupervisor.pdf\">formar <\/a>que debe ser completado y enviado por un supervisor que haya visto al candidato ense\u00f1ar y pueda dar fe de la experiencia y eficacia del candidato. Este podr\u00eda ser el Director de M\u00fasica de la Parroquia o el Director de la Oficina Diocesana de Adoraci\u00f3n, u otra persona cuyo juicio se relacione con la ense\u00f1anza y el papel de un cantor.<\/li>\r\n<li>Env\u00ede un video de ense\u00f1anza de 15 minutos.<\/li>\r\n<li>Prepare y env\u00ede un documento de cinco p\u00e1ginas sobre los Salmos. El documento debe incluir una discusi\u00f3n de los diversos tipos de Salmos, as\u00ed como el papel de los Salmos en el contexto de la Misa. Adem\u00e1s, el documento debe incluir un componente reflexivo en el que el solicitante elige un domingo en el a\u00f1o lit\u00fargico ( A, B o C) u otra liturgia espec\u00edfica, y analiza el impacto personal de estudiar el Salmo Responsorial y prepararse para proclamarlo.<\/li>\r\n<li style=\"list-style-type: none;\">\u00a0<\/li>\r\n<\/ol>","protected":false},"excerpt":{"rendered":"","protected":false},"author":6628,"featured_media":0,"parent":0,"menu_order":0,"comment_status":"closed","ping_status":"closed","template":"","meta":{"_acf_changed":false,"footnotes":""},"class_list":["post-1645","page","type-page","status-publish","hentry"],"acf":[],"_links":{"self":[{"href":"https:\/\/npm.org\/es\/wp-json\/wp\/v2\/pages\/1645"}],"collection":[{"href":"https:\/\/npm.org\/es\/wp-json\/wp\/v2\/pages"}],"about":[{"href":"https:\/\/npm.org\/es\/wp-json\/wp\/v2\/types\/page"}],"author":[{"embeddable":true,"href":"https:\/\/npm.org\/es\/wp-json\/wp\/v2\/users\/6628"}],"replies":[{"embeddable":true,"href":"https:\/\/npm.org\/es\/wp-json\/wp\/v2\/comments?post=1645"}],"version-history":[{"count":4,"href":"https:\/\/npm.org\/es\/wp-json\/wp\/v2\/pages\/1645\/revisions"}],"predecessor-version":[{"id":25900,"href":"https:\/\/npm.org\/es\/wp-json\/wp\/v2\/pages\/1645\/revisions\/25900"}],"wp:attachment":[{"href":"https:\/\/npm.org\/es\/wp-json\/wp\/v2\/media?parent=1645"}],"curies":[{"name":"gracias","href":"https:\/\/api.w.org\/{rel}","templated":true}]}}