{"id":15808,"date":"2021-01-30T15:24:42","date_gmt":"2021-01-30T15:24:42","guid":{"rendered":"https:\/\/npm.org\/?page_id=15808"},"modified":"2021-02-09T22:12:03","modified_gmt":"2021-02-09T22:12:03","slug":"convention-cancellation-policy","status":"publish","type":"page","link":"https:\/\/npm.org\/es\/convention-cancellation-policy\/","title":{"rendered":"Pol\u00edtica de cancelaci\u00f3n de convenciones"},"content":{"rendered":"<div data-elementor-type=\"wp-page\" data-elementor-id=\"15808\" class=\"elementor elementor-15808\" data-elementor-post-type=\"page\">\n\t\t\t\t\t\t<section class=\"elementor-section elementor-top-section elementor-element elementor-element-f09a65d elementor-section-boxed elementor-section-height-default elementor-section-height-default\" data-id=\"f09a65d\" data-element_type=\"section\" data-e-type=\"section\">\n\t\t\t\t\t\t<div class=\"elementor-container elementor-column-gap-default\">\n\t\t\t\t\t<div class=\"elementor-column elementor-col-100 elementor-top-column elementor-element elementor-element-2a7125c\" data-id=\"2a7125c\" data-element_type=\"column\" data-e-type=\"column\">\n\t\t\t<div class=\"elementor-widget-wrap elementor-element-populated\">\n\t\t\t\t\t\t<div class=\"elementor-element elementor-element-424c053 elementor-widget elementor-widget-heading\" data-id=\"424c053\" data-element_type=\"widget\" data-e-type=\"widget\" data-widget_type=\"heading.default\">\n\t\t\t\t<div class=\"elementor-widget-container\">\n\t\t\t\t\t<h2 class=\"elementor-heading-title elementor-size-default\">Convenci\u00f3n Nacional NPM 2021: Pol\u00edtica de cambios y cancelaciones (revisada el 1 de febrero de 2021)<\/h2>\t\t\t\t<\/div>\n\t\t\t\t<\/div>\n\t\t\t\t\t<\/div>\n\t\t<\/div>\n\t\t\t\t\t<\/div>\n\t\t<\/section>\n\t\t\t\t<section class=\"elementor-section elementor-top-section elementor-element elementor-element-eef5df0 elementor-section-boxed elementor-section-height-default elementor-section-height-default\" data-id=\"eef5df0\" data-element_type=\"section\" data-e-type=\"section\">\n\t\t\t\t\t\t<div class=\"elementor-container elementor-column-gap-default\">\n\t\t\t\t\t<div class=\"elementor-column elementor-col-100 elementor-top-column elementor-element elementor-element-d28e42f\" data-id=\"d28e42f\" data-element_type=\"column\" data-e-type=\"column\">\n\t\t\t<div class=\"elementor-widget-wrap elementor-element-populated\">\n\t\t\t\t\t\t<div class=\"elementor-element elementor-element-562b30d elementor-widget elementor-widget-text-editor\" data-id=\"562b30d\" data-element_type=\"widget\" data-e-type=\"widget\" data-widget_type=\"text-editor.default\">\n\t\t\t\t<div class=\"elementor-widget-container\">\n\t\t\t\t\t\t\t\t\t<p>Cambio de tipo de registro: no se aplicar\u00e1 ninguna tarifa de cambio para cambiar su registro de virtual a en persona o viceversa. La fecha l\u00edmite para cualquier cambio en el registro es el 1 de julio de 2021.\u00a0<\/p><p>Pol\u00edtica de cancelaci\u00f3n: Se aplicar\u00e1 una tarifa de cancelaci\u00f3n de $100 a todas las cancelaciones antes del 28 de mayo de 2021. No se realizar\u00e1n reembolsos despu\u00e9s del 28 de mayo de 2021. Los reembolsos se procesar\u00e1n despu\u00e9s del 30 de agosto de 2021.\u00a0<\/p>\t\t\t\t\t\t\t\t<\/div>\n\t\t\t\t<\/div>\n\t\t\t\t\t<\/div>\n\t\t<\/div>\n\t\t\t\t\t<\/div>\n\t\t<\/section>\n\t\t\t\t<\/div>","protected":false},"excerpt":{"rendered":"<p>NPM 2021 National Convention: Change and Cancellation Policy (Revised February 1, 2021) Change of Registration type: No change fee will apply to switch your registration from virtual to in-person or vice versa. Deadline for any change to registration is July 1, 2021. Cancellation Policy: A cancellation fee of $100 will be applied to all cancellations [&hellip;]<\/p>\n","protected":false},"author":6372,"featured_media":0,"parent":0,"menu_order":0,"comment_status":"closed","ping_status":"closed","template":"","meta":{"_acf_changed":false,"footnotes":""},"class_list":["post-15808","page","type-page","status-publish","hentry"],"acf":[],"_links":{"self":[{"href":"https:\/\/npm.org\/es\/wp-json\/wp\/v2\/pages\/15808"}],"collection":[{"href":"https:\/\/npm.org\/es\/wp-json\/wp\/v2\/pages"}],"about":[{"href":"https:\/\/npm.org\/es\/wp-json\/wp\/v2\/types\/page"}],"author":[{"embeddable":true,"href":"https:\/\/npm.org\/es\/wp-json\/wp\/v2\/users\/6372"}],"replies":[{"embeddable":true,"href":"https:\/\/npm.org\/es\/wp-json\/wp\/v2\/comments?post=15808"}],"version-history":[{"count":0,"href":"https:\/\/npm.org\/es\/wp-json\/wp\/v2\/pages\/15808\/revisions"}],"wp:attachment":[{"href":"https:\/\/npm.org\/es\/wp-json\/wp\/v2\/media?parent=15808"}],"curies":[{"name":"gracias","href":"https:\/\/api.w.org\/{rel}","templated":true}]}}