{"id":15681,"date":"2021-01-29T16:09:25","date_gmt":"2021-01-29T16:09:25","guid":{"rendered":"https:\/\/npm.org\/?page_id=15681"},"modified":"2021-01-29T20:02:17","modified_gmt":"2021-01-29T20:02:17","slug":"service-directories","status":"publish","type":"page","link":"https:\/\/npm.org\/es\/service-directories\/","title":{"rendered":"Directorios de servicios"},"content":{"rendered":"<div data-elementor-type=\"wp-page\" data-elementor-id=\"15681\" class=\"elementor elementor-15681\" data-elementor-post-type=\"page\">\n\t\t\t\t\t\t<section class=\"elementor-section elementor-top-section elementor-element elementor-element-3bd89a4 elementor-section-boxed elementor-section-height-default elementor-section-height-default\" data-id=\"3bd89a4\" data-element_type=\"section\" data-e-type=\"section\">\n\t\t\t\t\t\t<div class=\"elementor-container elementor-column-gap-default\">\n\t\t\t\t\t<div class=\"elementor-column elementor-col-100 elementor-top-column elementor-element elementor-element-08ece65\" data-id=\"08ece65\" data-element_type=\"column\" data-e-type=\"column\">\n\t\t\t<div class=\"elementor-widget-wrap elementor-element-populated\">\n\t\t\t\t\t\t<div class=\"elementor-element elementor-element-0dfe647 elementor-widget elementor-widget-text-editor\" data-id=\"0dfe647\" data-element_type=\"widget\" data-e-type=\"widget\" data-widget_type=\"text-editor.default\">\n\t\t\t\t<div class=\"elementor-widget-container\">\n\t\t\t\t\t\t\t\t\t<p>Los m\u00fasicos pastorales adquieren y requieren habilidades para el ministerio, la liturgia y la excelencia musical. A continuaci\u00f3n se muestran dos directorios que buscan ayudar a los m\u00fasicos pastorales a desarrollar sus habilidades o encontrar el mejor instrumento para su parroquia.<\/p>\t\t\t\t\t\t\t\t<\/div>\n\t\t\t\t<\/div>\n\t\t\t\t\t<\/div>\n\t\t<\/div>\n\t\t\t\t\t<\/div>\n\t\t<\/section>\n\t\t\t\t<section class=\"elementor-section elementor-top-section elementor-element elementor-element-622aaec elementor-section-boxed elementor-section-height-default elementor-section-height-default\" data-id=\"622aaec\" data-element_type=\"section\" data-e-type=\"section\">\n\t\t\t\t\t\t<div class=\"elementor-container elementor-column-gap-default\">\n\t\t\t\t\t<div class=\"elementor-column elementor-col-50 elementor-top-column elementor-element elementor-element-cd61d74\" data-id=\"cd61d74\" data-element_type=\"column\" data-e-type=\"column\">\n\t\t\t<div class=\"elementor-widget-wrap elementor-element-populated\">\n\t\t\t\t\t\t<div class=\"elementor-element elementor-element-f9a17cd elementor-widget elementor-widget-image\" data-id=\"f9a17cd\" data-element_type=\"widget\" data-e-type=\"widget\" data-widget_type=\"image.default\">\n\t\t\t\t<div class=\"elementor-widget-container\">\n\t\t\t\t\t\t\t\t\t\t\t\t\t\t\t\t<a href=\"\/es\/fall2020npm\/education-directory\/\">\n\t\t\t\t\t\t\t<img fetchpriority=\"high\" decoding=\"async\" width=\"860\" height=\"860\" src=\"https:\/\/npm.org\/wp-content\/uploads\/Service-Directories-button_education-directory-Spanish.png\" class=\"attachment-large size-large wp-image-15771\" alt=\"\" srcset=\"https:\/\/npm.org\/wp-content\/uploads\/Service-Directories-button_education-directory-Spanish.png 1080w, https:\/\/npm.org\/wp-content\/uploads\/Service-Directories-button_education-directory-Spanish-300x300.png 300w, https:\/\/npm.org\/wp-content\/uploads\/Service-Directories-button_education-directory-Spanish-1024x1024.png 1024w, https:\/\/npm.org\/wp-content\/uploads\/Service-Directories-button_education-directory-Spanish-150x150.png 150w, https:\/\/npm.org\/wp-content\/uploads\/Service-Directories-button_education-directory-Spanish-768x768.png 768w, https:\/\/npm.org\/wp-content\/uploads\/Service-Directories-button_education-directory-Spanish-12x12.png 12w, https:\/\/npm.org\/wp-content\/uploads\/Service-Directories-button_education-directory-Spanish-260x260.png 260w\" sizes=\"(max-width: 860px) 100vw, 860px\" \/>\t\t\t\t\t\t\t\t<\/a>\n\t\t\t\t\t\t\t\t\t\t\t\t\t\t\t<\/div>\n\t\t\t\t<\/div>\n\t\t\t\t\t<\/div>\n\t\t<\/div>\n\t\t\t\t<div class=\"elementor-column elementor-col-50 elementor-top-column elementor-element elementor-element-592417e\" data-id=\"592417e\" data-element_type=\"column\" data-e-type=\"column\">\n\t\t\t<div class=\"elementor-widget-wrap elementor-element-populated\">\n\t\t\t\t\t\t<div class=\"elementor-element elementor-element-aea0ea3 elementor-widget elementor-widget-image\" data-id=\"aea0ea3\" data-element_type=\"widget\" data-e-type=\"widget\" data-widget_type=\"image.default\">\n\t\t\t\t<div class=\"elementor-widget-container\">\n\t\t\t\t\t\t\t\t\t\t\t\t\t\t\t\t<a href=\"\/es\/fall2020npm\/organ-builders-directory\/\">\n\t\t\t\t\t\t\t<img decoding=\"async\" width=\"860\" height=\"860\" src=\"https:\/\/npm.org\/wp-content\/uploads\/Service-Directories-button_organ-builders-directory-Spanish.png\" class=\"attachment-large size-large wp-image-15772\" alt=\"\" srcset=\"https:\/\/npm.org\/wp-content\/uploads\/Service-Directories-button_organ-builders-directory-Spanish.png 1080w, https:\/\/npm.org\/wp-content\/uploads\/Service-Directories-button_organ-builders-directory-Spanish-300x300.png 300w, https:\/\/npm.org\/wp-content\/uploads\/Service-Directories-button_organ-builders-directory-Spanish-1024x1024.png 1024w, https:\/\/npm.org\/wp-content\/uploads\/Service-Directories-button_organ-builders-directory-Spanish-150x150.png 150w, https:\/\/npm.org\/wp-content\/uploads\/Service-Directories-button_organ-builders-directory-Spanish-768x768.png 768w, https:\/\/npm.org\/wp-content\/uploads\/Service-Directories-button_organ-builders-directory-Spanish-12x12.png 12w, https:\/\/npm.org\/wp-content\/uploads\/Service-Directories-button_organ-builders-directory-Spanish-260x260.png 260w\" sizes=\"(max-width: 860px) 100vw, 860px\" \/>\t\t\t\t\t\t\t\t<\/a>\n\t\t\t\t\t\t\t\t\t\t\t\t\t\t\t<\/div>\n\t\t\t\t<\/div>\n\t\t\t\t\t<\/div>\n\t\t<\/div>\n\t\t\t\t\t<\/div>\n\t\t<\/section>\n\t\t\t\t<\/div>","protected":false},"excerpt":{"rendered":"<p>Los m\u00fasicos pastorales adquieren y requieren habilidades para el ministerio, la liturgia y la excelencia musical. A continuaci\u00f3n se muestran dos directorios que buscan ayudar a los m\u00fasicos pastorales a desarrollar sus habilidades o encontrar el mejor instrumento para su parroquia.<\/p>","protected":false},"author":5901,"featured_media":0,"parent":0,"menu_order":0,"comment_status":"closed","ping_status":"closed","template":"","meta":{"_acf_changed":false,"footnotes":""},"class_list":["post-15681","page","type-page","status-publish","hentry"],"acf":[],"_links":{"self":[{"href":"https:\/\/npm.org\/es\/wp-json\/wp\/v2\/pages\/15681"}],"collection":[{"href":"https:\/\/npm.org\/es\/wp-json\/wp\/v2\/pages"}],"about":[{"href":"https:\/\/npm.org\/es\/wp-json\/wp\/v2\/types\/page"}],"author":[{"embeddable":true,"href":"https:\/\/npm.org\/es\/wp-json\/wp\/v2\/users\/5901"}],"replies":[{"embeddable":true,"href":"https:\/\/npm.org\/es\/wp-json\/wp\/v2\/comments?post=15681"}],"version-history":[{"count":0,"href":"https:\/\/npm.org\/es\/wp-json\/wp\/v2\/pages\/15681\/revisions"}],"wp:attachment":[{"href":"https:\/\/npm.org\/es\/wp-json\/wp\/v2\/media?parent=15681"}],"curies":[{"name":"gracias","href":"https:\/\/api.w.org\/{rel}","templated":true}]}}