{"id":15667,"date":"2021-01-29T15:51:53","date_gmt":"2021-01-29T15:51:53","guid":{"rendered":"https:\/\/npm.org\/?page_id=15667"},"modified":"2021-02-09T21:53:00","modified_gmt":"2021-02-09T21:53:00","slug":"director-of-music-ministries-certification","status":"publish","type":"page","link":"https:\/\/npm.org\/es\/director-of-music-ministries-certification\/","title":{"rendered":"Certificaci\u00f3n de Director de Ministerios de M\u00fasica"},"content":{"rendered":"<div data-elementor-type=\"wp-page\" data-elementor-id=\"15667\" class=\"elementor elementor-15667\" data-elementor-post-type=\"page\">\n\t\t\t\t\t\t<section class=\"elementor-section elementor-top-section elementor-element elementor-element-07afbe6 elementor-section-boxed elementor-section-height-default elementor-section-height-default\" data-id=\"07afbe6\" data-element_type=\"section\" data-e-type=\"section\">\n\t\t\t\t\t\t<div class=\"elementor-container elementor-column-gap-default\">\n\t\t\t\t\t<div class=\"elementor-column elementor-col-100 elementor-top-column elementor-element elementor-element-ce6918d\" data-id=\"ce6918d\" data-element_type=\"column\" data-e-type=\"column\">\n\t\t\t<div class=\"elementor-widget-wrap elementor-element-populated\">\n\t\t\t\t\t\t<div class=\"elementor-element elementor-element-938d8cb elementor-widget elementor-widget-text-editor\" data-id=\"938d8cb\" data-element_type=\"widget\" data-e-type=\"widget\" data-widget_type=\"text-editor.default\">\n\t\t\t\t<div class=\"elementor-widget-container\">\n\t\t\t\t\t\t\t\t\t<p><span style=\"font-weight: 400;\">El Subcomit\u00e9 de Certificaci\u00f3n para el Ministerio y Servicio Eclesial de la Conferencia de Obispos Cat\u00f3licos de los Estados Unidos (antes Comisi\u00f3n de Certificaci\u00f3n y Acreditaci\u00f3n de la USCCB) ha aprobado los est\u00e1ndares y procedimientos de certificaci\u00f3n de la Asociaci\u00f3n Nacional de M\u00fasicos Pastorales como miembro de la Alianza para la Certificaci\u00f3n de laicos eclesiales. Ministros para el Director de Ministerios de M\u00fasica hasta 2025.<\/span><\/p>\n<p><span style=\"font-weight: 400;\">Los est\u00e1ndares de certificaci\u00f3n dan evidencia del enfoque y las actividades de una profesi\u00f3n y los valores con los que est\u00e1 comprometida; designar los conocimientos, las habilidades y las actitudes que considere deseables o necesarias para el funcionamiento eficaz como practicante de la profesi\u00f3n; y puede ser utilizado como criterio educativo en un proceso de formaci\u00f3n y como criterio de evaluaci\u00f3n en un proceso de certificaci\u00f3n. Se pueden encontrar los \u201cEst\u00e1ndares y competencias b\u00e1sicos de certificaci\u00f3n del Director de Ministerios de M\u00fasica\u201d (DMM) de NPM <\/span><b><a href=\"https:\/\/npm.org\/wp-content\/uploads\/2017\/06\/DMMDCertificationStandards.pdf\">aqu\u00ed.<\/a>&nbsp;<\/b><\/p>\n<p><span style=\"font-size: 16px; color: var( --e-global-color-text );\">Puede encontrar m\u00e1s informaci\u00f3n sobre el proceso para certificar Directores de Ministerios de M\u00fasica en <\/span><a style=\"font-size: 16px;\" href=\"http:\/\/www.lemcertification.org\">www.lemcertification.org<\/a><span style=\"font-size: 16px; color: var( --e-global-color-text );\">. El sitio web de Alliance tiene detalles sobre qu\u00e9, por qu\u00e9, qui\u00e9n y c\u00f3mo puede seguir este importante paso en el desarrollo profesional.<\/span><\/p>\n<p><\/p>\t\t\t\t\t\t\t\t<\/div>\n\t\t\t\t<\/div>\n\t\t\t\t\t<\/div>\n\t\t<\/div>\n\t\t\t\t\t<\/div>\n\t\t<\/section>\n\t\t\t\t<section class=\"elementor-section elementor-top-section elementor-element elementor-element-3542f2f elementor-section-boxed elementor-section-height-default elementor-section-height-default\" data-id=\"3542f2f\" data-element_type=\"section\" data-e-type=\"section\">\n\t\t\t\t\t\t<div class=\"elementor-container elementor-column-gap-default\">\n\t\t\t\t\t<div class=\"elementor-column elementor-col-100 elementor-top-column elementor-element elementor-element-ced54d1\" data-id=\"ced54d1\" data-element_type=\"column\" data-e-type=\"column\">\n\t\t\t<div class=\"elementor-widget-wrap elementor-element-populated\">\n\t\t\t\t\t\t<div class=\"elementor-element elementor-element-8b4732e elementor-widget-divider--view-line elementor-widget elementor-widget-divider\" data-id=\"8b4732e\" data-element_type=\"widget\" data-e-type=\"widget\" data-widget_type=\"divider.default\">\n\t\t\t\t<div class=\"elementor-widget-container\">\n\t\t\t\t\t\t\t<div class=\"elementor-divider\">\n\t\t\t<span class=\"elementor-divider-separator\">\n\t\t\t\t\t\t<\/span>\n\t\t<\/div>\n\t\t\t\t\t\t<\/div>\n\t\t\t\t<\/div>\n\t\t\t\t\t<\/div>\n\t\t<\/div>\n\t\t\t\t\t<\/div>\n\t\t<\/section>\n\t\t\t\t<section class=\"elementor-section elementor-top-section elementor-element elementor-element-af7093d elementor-section-boxed elementor-section-height-default elementor-section-height-default\" data-id=\"af7093d\" data-element_type=\"section\" data-e-type=\"section\">\n\t\t\t\t\t\t<div class=\"elementor-container elementor-column-gap-default\">\n\t\t\t\t\t<div class=\"elementor-column elementor-col-100 elementor-top-column elementor-element elementor-element-0d0b9e5\" data-id=\"0d0b9e5\" data-element_type=\"column\" data-e-type=\"column\">\n\t\t\t<div class=\"elementor-widget-wrap elementor-element-populated\">\n\t\t\t\t\t\t<div class=\"elementor-element elementor-element-fd93a2b elementor-widget elementor-widget-text-editor\" data-id=\"fd93a2b\" data-element_type=\"widget\" data-e-type=\"widget\" data-widget_type=\"text-editor.default\">\n\t\t\t\t<div class=\"elementor-widget-container\">\n\t\t\t\t\t\t\t\t\t<h2 class=\"style2\" style=\"font-family: kepler-std, serif; font-style: normal;\">Lista de directores certificados de ministerios de m\u00fasica<\/h2><p style=\"font-family: kepler-std, serif; font-style: normal; font-weight: 400; color: #333333;\">Los est\u00e1ndares y procedimientos para la certificaci\u00f3n para directores de ministerios de m\u00fasica cambiaron en 2011. Antes de ese momento, la certificaci\u00f3n fue designada como Director Certificado de Ministerios de M\u00fasica (CDMM) y tambi\u00e9n fue aprobada por la Comisi\u00f3n de Certificaci\u00f3n y Acreditaci\u00f3n de la Conferencia de Obispos Cat\u00f3licos de los Estados Unidos. .<\/p><p style=\"font-family: kepler-std, serif; font-style: normal; font-weight: 400; color: #333333;\">Los siguientes miembros de DMMD recibieron la designaci\u00f3n de Director Certificado de Ministerios de M\u00fasica (CDMM) despu\u00e9s de demostrar competencia de acuerdo con los Est\u00e1ndares Nacionales para Ministros Eclesiales Laicos, incluidas las competencias especializadas para directores de ministerios de m\u00fasica.<\/p><p style=\"font-family: kepler-std, serif; font-style: normal; font-weight: 400; padding-left: 30px; color: #333333;\"><strong style=\"font-size: 16px;\">2011<\/strong><br \/>Katie Barton<br \/>Joanne Werner<\/p><p style=\"font-family: kepler-std, serif; font-style: normal; font-weight: 400; padding-left: 30px; color: #333333;\"><strong style=\"font-size: 16px;\">2009<\/strong><br \/>Kathleen Demny<\/p><p style=\"font-family: kepler-std, serif; font-style: normal; font-weight: 400; padding-left: 30px; color: #333333;\"><strong style=\"font-size: 16px;\">2007<\/strong><br \/>Patricia Campbell<\/p><p style=\"font-family: kepler-std, serif; font-style: normal; font-weight: 400; padding-left: 30px; color: #333333;\"><strong style=\"font-size: 16px;\">2005<\/strong><br \/>Mark Konchan<\/p><p style=\"font-family: kepler-std, serif; font-style: normal; font-weight: 400; padding-left: 30px; color: #333333;\"><strong style=\"font-size: 16px;\">2003<\/strong><br \/>David Martinez<\/p>\t\t\t\t\t\t\t\t<\/div>\n\t\t\t\t<\/div>\n\t\t\t\t\t<\/div>\n\t\t<\/div>\n\t\t\t\t\t<\/div>\n\t\t<\/section>\n\t\t\t\t<\/div>","protected":false},"excerpt":{"rendered":"<p>The United States Conference of Catholic Bishops Subcommittee on Certification for Ecclesial Ministry and Service (formerly the USCCB Commission on Certification and Accreditation) has approved the certification standards and procedures of the National Association of Pastoral Musicians as a member of the Alliance for Certification of Lay Ecclesial Ministers for Director of Music Ministries through [&hellip;]<\/p>\n","protected":false},"author":5901,"featured_media":0,"parent":0,"menu_order":0,"comment_status":"closed","ping_status":"closed","template":"","meta":{"_acf_changed":false,"footnotes":""},"class_list":["post-15667","page","type-page","status-publish","hentry"],"acf":[],"_links":{"self":[{"href":"https:\/\/npm.org\/es\/wp-json\/wp\/v2\/pages\/15667"}],"collection":[{"href":"https:\/\/npm.org\/es\/wp-json\/wp\/v2\/pages"}],"about":[{"href":"https:\/\/npm.org\/es\/wp-json\/wp\/v2\/types\/page"}],"author":[{"embeddable":true,"href":"https:\/\/npm.org\/es\/wp-json\/wp\/v2\/users\/5901"}],"replies":[{"embeddable":true,"href":"https:\/\/npm.org\/es\/wp-json\/wp\/v2\/comments?post=15667"}],"version-history":[{"count":0,"href":"https:\/\/npm.org\/es\/wp-json\/wp\/v2\/pages\/15667\/revisions"}],"wp:attachment":[{"href":"https:\/\/npm.org\/es\/wp-json\/wp\/v2\/media?parent=15667"}],"curies":[{"name":"gracias","href":"https:\/\/api.w.org\/{rel}","templated":true}]}}