{"id":1489,"date":"2017-07-16T02:38:29","date_gmt":"2017-07-16T02:38:29","guid":{"rendered":"https:\/\/npm.org\/jobs\/"},"modified":"2024-10-15T08:25:30","modified_gmt":"2024-10-15T12:25:30","slug":"jobs","status":"publish","type":"page","link":"https:\/\/npm.org\/es\/jobs\/","title":{"rendered":"Trabajos"},"content":{"rendered":"<div data-elementor-type=\"wp-page\" data-elementor-id=\"1489\" class=\"elementor elementor-1489\" data-elementor-post-type=\"page\">\n\t\t\t\t\t\t<section class=\"elementor-section elementor-top-section elementor-element elementor-element-7ae4ff7 elementor-section-boxed elementor-section-height-default elementor-section-height-default\" data-id=\"7ae4ff7\" data-element_type=\"section\" data-e-type=\"section\">\n\t\t\t\t\t\t<div class=\"elementor-container elementor-column-gap-default\">\n\t\t\t\t\t<div class=\"elementor-column elementor-col-100 elementor-top-column elementor-element elementor-element-66988bc3\" data-id=\"66988bc3\" data-element_type=\"column\" data-e-type=\"column\">\n\t\t\t<div class=\"elementor-widget-wrap elementor-element-populated\">\n\t\t\t\t\t\t<div class=\"elementor-element elementor-element-25b17cdf elementor-widget elementor-widget-text-editor\" data-id=\"25b17cdf\" data-element_type=\"widget\" data-e-type=\"widget\" data-widget_type=\"text-editor.default\">\n\t\t\t\t<div class=\"elementor-widget-container\">\n\t\t\t\t\t\t\t\t\t<p><span style=\"font-size: 14pt;\"><strong>L\u00ednea directa<\/strong> es un servicio que brinda el Departamento de Membres\u00eda de la Oficina Nacional. Los listados incluyen iglesias que buscan personal y, ocasionalmente, suministros o productos de m\u00fasica para la iglesia a la venta. Otra informaci\u00f3n \u00fatil: instrumentos en uso (\u00f3rgano de tubos o electr\u00f3nico, piano), tama\u00f1o de los coros y los nombres de los recursos musicales\/himnarios que se utilizan en la parroquia.<\/span><\/p><p><span style=\"font-size: 14pt;\"><strong>Formato<\/strong>: El encabezado incluye el t\u00edtulo del puesto, el nombre de la iglesia u organizaci\u00f3n, la direcci\u00f3n, el tel\u00e9fono, el fax, la direcci\u00f3n de correo electr\u00f3nico y \/ o el sitio web. El encabezado va seguido de un texto descriptivo sobre la posici\u00f3n abierta. Para descripciones largas, se recomienda que se env\u00ede un p\u00e1rrafo de resumen que incluya un enlace al sitio web para una descripci\u00f3n m\u00e1s completa del trabajo. La descripci\u00f3n del puesto podr\u00eda incluir responsabilidades, educaci\u00f3n y experiencia requeridas, horas estimadas (tiempo completo, tiempo parcial), rango de salario y estado de beneficios. Otra informaci\u00f3n \u00fatil puede incluir: n\u00famero de misas de fin de semana, otras responsabilidades, instrumentos en uso (pipa u \u00f3rgano electr\u00f3nico, piano, teclado, guitarra), tama\u00f1o de los coros y los nombres de los recursos musicales \/ himnarios en uso en la parroquia.<\/span><\/p><p><span style=\"font-size: 14pt;\"><strong>Cuota<\/strong>: $75 (miembros) o $100 (no miembros) durante sesenta d\u00edas<\/span><\/p><p><span style=\"font-size: 14pt;\"><strong>S<\/strong><strong>ubmission<\/strong>: Enviar anuncios <a href=\"https:\/\/npm.org\/es\/npm-job-hotline-job-submission\/\">a trav\u00e9s de nuestro formulario en l\u00ednea<\/a>. Si eres miembro de NPM, recuerda incluir tu n\u00famero de miembro. Los anuncios se publican dentro de las 48 horas.<\/span><\/p><p><span style=\"font-size: 14pt;\"><strong>Eliminaci\u00f3n<\/strong>: Si el puesto se llena antes de que finalice el per\u00edodo de cotizaci\u00f3n de dos meses, env\u00ede un correo electr\u00f3nico <a href=\"mailto:membership@npm.org\" target=\"_blank\" rel=\"nofollow noopener\">membership@npm.org<\/a> para que el anuncio se pueda eliminar cuando se publiquen nuevos anuncios esa semana.<\/span><\/p><p><span style=\"font-size: 14pt;\"><b>Listados de b\u00fasqueda:<\/b>\u00a0Use el men\u00fa desplegable en Elija una categor\u00eda o ingrese el nombre de un estado en el campo Ubicaci\u00f3n.<\/span><\/p><p><span style=\"font-size: 14pt;\"><div class=\"job_listings\" data-location=\"\" data-keywords=\"\" data-show_filters=\"true\" data-show_pagination=\"false\" data-per_page=\"100\" data-orderby=\"featured\" data-order=\"DESC\" data-categories=\"\" data-disable-form-state-storage=\"\" data-featured_first=\"false\" data-post_id=\"1489\" >\n<form class=\"job_filters\" action=\"\">\n\t\n\t<div class=\"search_jobs\">\n\t\t\n\t\t<div class=\"search_keywords\">\n\t\t\t<label for=\"search_keywords\">Palabras clave<\/label>\n\t\t\t<input type=\"text\" name=\"search_keywords\" id=\"search_keywords\" placeholder=\"Palabras clave\" value=\"\" \/>\n\t\t<\/div>\n\n\t\t<div class=\"search_location\">\n\t\t\t<label for=\"search_location\">Ubicacion<\/label>\n\t\t\t<input type=\"text\" name=\"search_location\" id=\"search_location\" placeholder=\"Ubicacion\" value=\"\" \/>\n\t\t<\/div>\n\n\t\t\t\t\t<div class=\"search_remote_position\">\n\t\t\t\t<input type=\"checkbox\" class=\"input-checkbox\" name=\"remote_position\" id=\"remote_position\" placeholder=\"Ubicacion\" value=\"1\"  \/>\n\t\t\t\t<label for=\"remote_position\" id=\"remote_position_label\">Solo puestos en remoto<\/label>\n\t\t\t<\/div>\n\t\t\n\t\t<div style=\"clear: both\"><\/div>\n\n\t\t\t\t\t<div class=\"search_categories\">\n\t\t\t\t<label for=\"search_categories\">Categor\u00eda<\/label>\n\t\t\t\t\t\t\t\t\t<select name='search_categories[]' id='search_categories' class='job-manager-category-dropdown'  data-placeholder='Elige una categor\u00eda&hellip;' data-no_results_text='No se han encontrado resultados' data-multiple_text='Elige alguna opci\u00f3n'>\n<option value=\"\">Cualquier categor\u00eda<\/option>\t<option class=\"level-0\" value=\"90\">Connecticut<\/option>\n\t<option class=\"level-0\" value=\"37\">Florida<\/option>\n\t<option class=\"level-0\" value=\"63\">Georgia<\/option>\n\t<option class=\"level-0\" value=\"38\">Illinois<\/option>\n\t<option class=\"level-0\" value=\"39\">Indiana<\/option>\n\t<option class=\"level-0\" value=\"86\">Luisiana<\/option>\n\t<option class=\"level-0\" value=\"42\">Massachusetts<\/option>\n\t<option class=\"level-0\" value=\"49\">Ohio<\/option>\n\t<option class=\"level-0\" value=\"59\">Pensilvania<\/option>\n\t<option class=\"level-0\" value=\"51\">Carolina del Sur<\/option>\n\t<option class=\"level-0\" value=\"55\">Wisconsin<\/option>\n<\/select>\n\t\t\t\t\t\t\t<\/div>\n\t\t\n\t\t\t\t\t<div class=\"search_submit\">\n\t\t\t\t<input type=\"submit\" value=\"Buscar trabajos\">\n\t\t\t<\/div>\n\t\t\n\t\t\t<\/div>\n\n\t\t<ul class=\"job_types\">\n\t\t\t<\/ul>\n\t<input type=\"hidden\" name=\"filter_job_type[]\" value=\"\" \/>\n<div class=\"showing_jobs\"><\/div><input type=\"hidden\" name=\"trp-form-language\" value=\"es\"\/><\/form>\n\n\n<noscript>Tu navegador no es compatible con JavaScript o est\u00e1 desactivado. JavaScript debe estar activado para poder ver las ofertas.<\/noscript>\n<ul class=\"job_listings\">\n<\/ul>\n<a class=\"load_more_jobs\" href=\"#\" style=\"display:none;\"><strong>Cargar m\u00e1s ofertas<\/strong><\/a><\/div><\/span><\/p>\t\t\t\t\t\t\t\t<\/div>\n\t\t\t\t<\/div>\n\t\t\t\t\t<\/div>\n\t\t<\/div>\n\t\t\t\t\t<\/div>\n\t\t<\/section>\n\t\t\t\t<\/div>","protected":false},"excerpt":{"rendered":"<p>Hotline is a service provided by the Membership Department at the National Office. \u00a0Listings include churches seeking staff, and occasionally church music supplies or products for sale. Other useful information: instruments in use (pipe or electronic organ, piano), size of choirs, and the names of music resources\/hymnals in use at the parish. Format: The header [&hellip;]<\/p>\n","protected":false},"author":6628,"featured_media":0,"parent":0,"menu_order":0,"comment_status":"closed","ping_status":"closed","template":"","meta":{"_acf_changed":false,"footnotes":""},"class_list":["post-1489","page","type-page","status-publish","hentry"],"acf":[],"_links":{"self":[{"href":"https:\/\/npm.org\/es\/wp-json\/wp\/v2\/pages\/1489"}],"collection":[{"href":"https:\/\/npm.org\/es\/wp-json\/wp\/v2\/pages"}],"about":[{"href":"https:\/\/npm.org\/es\/wp-json\/wp\/v2\/types\/page"}],"author":[{"embeddable":true,"href":"https:\/\/npm.org\/es\/wp-json\/wp\/v2\/users\/6628"}],"replies":[{"embeddable":true,"href":"https:\/\/npm.org\/es\/wp-json\/wp\/v2\/comments?post=1489"}],"version-history":[{"count":226,"href":"https:\/\/npm.org\/es\/wp-json\/wp\/v2\/pages\/1489\/revisions"}],"predecessor-version":[{"id":24126,"href":"https:\/\/npm.org\/es\/wp-json\/wp\/v2\/pages\/1489\/revisions\/24126"}],"wp:attachment":[{"href":"https:\/\/npm.org\/es\/wp-json\/wp\/v2\/media?parent=1489"}],"curies":[{"name":"gracias","href":"https:\/\/api.w.org\/{rel}","templated":true}]}}