{"id":14689,"date":"2020-12-31T16:40:18","date_gmt":"2020-12-31T16:40:18","guid":{"rendered":"https:\/\/npm.org\/?page_id=14689"},"modified":"2023-08-21T15:06:46","modified_gmt":"2023-08-21T19:06:46","slug":"basic-membership","status":"publish","type":"page","link":"https:\/\/npm.org\/es\/basic-membership\/","title":{"rendered":"Membres\u00eda b\u00e1sica"},"content":{"rendered":"<div data-elementor-type=\"wp-page\" data-elementor-id=\"14689\" class=\"elementor elementor-14689\" data-elementor-post-type=\"page\">\n\t\t\t\t\t\t<section class=\"elementor-section elementor-top-section elementor-element elementor-element-6ba516d elementor-section-boxed elementor-section-height-default elementor-section-height-default\" data-id=\"6ba516d\" data-element_type=\"section\" data-e-type=\"section\">\n\t\t\t\t\t\t<div class=\"elementor-container elementor-column-gap-default\">\n\t\t\t\t\t<div class=\"elementor-column elementor-col-66 elementor-top-column elementor-element elementor-element-e8b7e7a\" data-id=\"e8b7e7a\" data-element_type=\"column\" data-e-type=\"column\">\n\t\t\t<div class=\"elementor-widget-wrap elementor-element-populated\">\n\t\t\t\t\t\t<div class=\"elementor-element elementor-element-18385843 elementor-widget elementor-widget-text-editor\" data-id=\"18385843\" data-element_type=\"widget\" data-e-type=\"widget\" data-widget_type=\"text-editor.default\">\n\t\t\t\t<div class=\"elementor-widget-container\">\n\t\t\t\t\t\t\t\t\t\n<p>Este nivel de membres\u00eda proporciona apoyo educativo y de redes tanto a nivel local como nacional. Perfecto para cl\u00e9rigos, cantores, miembros de coros y conjuntos y todos los que participan en el canto lit\u00fargico y el ministerio pastoral. Una forma excelente y asequible de familiarizarse con la asociaci\u00f3n.<\/p>\n<p><em><span style=\"font-size: 14pt;\">Cuota de membres\u00eda b\u00e1sica anual (a partir del 1 de febrero de 2023): $49<\/span><\/em><\/p>\n<p style=\"text-align: center;\"><span style=\"font-size: 18pt;\"><strong>Beneficio para miembros nuevos: descuento de membres\u00eda del Instituto de M\u00fasica de la Iglesia<\/strong><\/span><\/p>\n<p>Los miembros de NPM pueden convertirse en miembros de <a href=\"https:\/\/www.churchmusicinstitute.org\/\" target=\"_blank\" rel=\"noopener\">el Instituto de M\u00fasica de la Iglesia (CMI)<\/a> por solo $43\/a\u00f1o (ahorrando a los miembros de NPM $32 cada a\u00f1o).<\/p>\n<p>La membres\u00eda de CMI incluye acceso a su l\u00ednea <a href=\"https:\/\/www.churchmusicinstitute.org\/sacred-music-library\/overview\/\" target=\"_blank\" rel=\"noopener\">Biblioteca de M\u00fasica Sacra<\/a> con m\u00e1s de 21.000 selecciones corales y m\u00e1s de 16.000 composiciones para \u00f3rgano.<\/p>\n<p>Comun\u00edquese con la Oficina Nacional del MNP al <strong><a href=\"mailto:npmsing@npm.org\" target=\"_blank\" rel=\"noopener\">npmsing@npm.org<\/a><\/strong> o 240-247-3000 para comenzar.<\/p>\n\t\t\t\t\t\t\t\t<\/div>\n\t\t\t\t<\/div>\n\t\t\t\t\t<\/div>\n\t\t<\/div>\n\t\t\t\t<div class=\"elementor-column elementor-col-33 elementor-top-column elementor-element elementor-element-3112876\" data-id=\"3112876\" data-element_type=\"column\" data-e-type=\"column\">\n\t\t\t<div class=\"elementor-widget-wrap elementor-element-populated\">\n\t\t\t\t\t\t<div class=\"elementor-element elementor-element-43e662f elementor-nav-menu--dropdown-tablet elementor-nav-menu__text-align-aside elementor-nav-menu--toggle elementor-nav-menu--burger elementor-widget elementor-widget-nav-menu\" data-id=\"43e662f\" data-element_type=\"widget\" data-e-type=\"widget\" data-settings=\"{&quot;layout&quot;:&quot;vertical&quot;,&quot;submenu_icon&quot;:{&quot;value&quot;:&quot;&lt;i class=\\&quot;fas fa-caret-down\\&quot; aria-hidden=\\&quot;true\\&quot;&gt;&lt;\\\/i&gt;&quot;,&quot;library&quot;:&quot;fa-solid&quot;},&quot;toggle&quot;:&quot;burger&quot;}\" data-widget_type=\"nav-menu.default\">\n\t\t\t\t<div class=\"elementor-widget-container\">\n\t\t\t\t\t\t\t\t<nav aria-label=\"Men\u00fa\" class=\"elementor-nav-menu--main elementor-nav-menu__container elementor-nav-menu--layout-vertical e--pointer-none\">\n\t\t\t\t<ul id=\"menu-1-43e662f\" class=\"elementor-nav-menu sm-vertical\"><li class=\"menu-item menu-item-type-post_type menu-item-object-page menu-item-14729\"><a href=\"https:\/\/npm.org\/es\/basic-membership\/\" class=\"elementor-item\">Membres\u00eda b\u00e1sica<\/a><\/li>\n<li class=\"menu-item menu-item-type-post_type menu-item-object-page menu-item-14728\"><a href=\"https:\/\/npm.org\/es\/standard-membership\/\" class=\"elementor-item\">Membres\u00eda est\u00e1ndar<\/a><\/li>\n<li class=\"menu-item menu-item-type-post_type menu-item-object-page menu-item-14727\"><a href=\"https:\/\/npm.org\/es\/premium-membership\/\" class=\"elementor-item\">Membresia premium<\/a><\/li>\n<li class=\"menu-item menu-item-type-post_type menu-item-object-page menu-item-14726\"><a href=\"https:\/\/npm.org\/es\/all-membership-types\/\" class=\"elementor-item\">Todos los tipos de membres\u00eda<\/a><\/li>\n<li class=\"menu-item menu-item-type-custom menu-item-object-custom menu-item-13668\"><a href=\"https:\/\/www.npmsecure.org\/cecilia\/new_members.php\" class=\"elementor-item\">\u00danete a NPM<\/a><\/li>\n<\/ul>\t\t\t<\/nav>\n\t\t\t\t\t<div class=\"elementor-menu-toggle\" role=\"button\" tabindex=\"0\" aria-label=\"Men\u00fa Alternar\" aria-expanded=\"false\">\n\t\t\t<i aria-hidden=\"true\" role=\"presentation\" class=\"elementor-menu-toggle__icon--open eicon-menu-bar\"><\/i><i aria-hidden=\"true\" role=\"presentation\" class=\"elementor-menu-toggle__icon--close eicon-close\"><\/i>\t\t<\/div>\n\t\t\t\t\t<nav class=\"elementor-nav-menu--dropdown elementor-nav-menu__container\" aria-hidden=\"true\">\n\t\t\t\t<ul id=\"menu-2-43e662f\" class=\"elementor-nav-menu sm-vertical\"><li class=\"menu-item menu-item-type-post_type menu-item-object-page menu-item-14729\"><a href=\"https:\/\/npm.org\/es\/basic-membership\/\" class=\"elementor-item\" tabindex=\"-1\">Membres\u00eda b\u00e1sica<\/a><\/li>\n<li class=\"menu-item menu-item-type-post_type menu-item-object-page menu-item-14728\"><a href=\"https:\/\/npm.org\/es\/standard-membership\/\" class=\"elementor-item\" tabindex=\"-1\">Membres\u00eda est\u00e1ndar<\/a><\/li>\n<li class=\"menu-item menu-item-type-post_type menu-item-object-page menu-item-14727\"><a href=\"https:\/\/npm.org\/es\/premium-membership\/\" class=\"elementor-item\" tabindex=\"-1\">Membresia premium<\/a><\/li>\n<li class=\"menu-item menu-item-type-post_type menu-item-object-page menu-item-14726\"><a href=\"https:\/\/npm.org\/es\/all-membership-types\/\" class=\"elementor-item\" tabindex=\"-1\">Todos los tipos de membres\u00eda<\/a><\/li>\n<li class=\"menu-item menu-item-type-custom menu-item-object-custom menu-item-13668\"><a href=\"https:\/\/www.npmsecure.org\/cecilia\/new_members.php\" class=\"elementor-item\" tabindex=\"-1\">\u00danete a NPM<\/a><\/li>\n<\/ul>\t\t\t<\/nav>\n\t\t\t\t\t\t<\/div>\n\t\t\t\t<\/div>\n\t\t\t\t\t<\/div>\n\t\t<\/div>\n\t\t\t\t\t<\/div>\n\t\t<\/section>\n\t\t\t\t<section class=\"elementor-section elementor-top-section elementor-element elementor-element-3defaae elementor-section-boxed elementor-section-height-default elementor-section-height-default\" data-id=\"3defaae\" data-element_type=\"section\" data-e-type=\"section\">\n\t\t\t\t\t\t<div class=\"elementor-container elementor-column-gap-default\">\n\t\t\t\t\t<div class=\"elementor-column elementor-col-100 elementor-top-column elementor-element elementor-element-c5b4a7d\" data-id=\"c5b4a7d\" data-element_type=\"column\" data-e-type=\"column\">\n\t\t\t<div class=\"elementor-widget-wrap elementor-element-populated\">\n\t\t\t\t\t\t<div class=\"elementor-element elementor-element-575e846 elementor-widget elementor-widget-image\" data-id=\"575e846\" data-element_type=\"widget\" data-e-type=\"widget\" data-widget_type=\"image.default\">\n\t\t\t\t<div class=\"elementor-widget-container\">\n\t\t\t\t\t\t\t\t\t\t\t\t\t\t\t<img fetchpriority=\"high\" decoding=\"async\" width=\"1536\" height=\"1187\" src=\"https:\/\/npm.org\/wp-content\/uploads\/NPM_MembershipBenefits_BasicLevel_final-1536x1187.jpg\" class=\"attachment-1536x1536 size-1536x1536 wp-image-22093\" alt=\"\" srcset=\"https:\/\/npm.org\/wp-content\/uploads\/NPM_MembershipBenefits_BasicLevel_final-1536x1187.jpg 1536w, https:\/\/npm.org\/wp-content\/uploads\/NPM_MembershipBenefits_BasicLevel_final-300x232.jpg 300w, https:\/\/npm.org\/wp-content\/uploads\/NPM_MembershipBenefits_BasicLevel_final-1024x791.jpg 1024w, https:\/\/npm.org\/wp-content\/uploads\/NPM_MembershipBenefits_BasicLevel_final-768x593.jpg 768w, https:\/\/npm.org\/wp-content\/uploads\/NPM_MembershipBenefits_BasicLevel_final-16x12.jpg 16w, https:\/\/npm.org\/wp-content\/uploads\/NPM_MembershipBenefits_BasicLevel_final-260x201.jpg 260w, https:\/\/npm.org\/wp-content\/uploads\/NPM_MembershipBenefits_BasicLevel_final.jpg 1650w\" sizes=\"(max-width: 1536px) 100vw, 1536px\" \/>\t\t\t\t\t\t\t\t\t\t\t\t\t\t\t<\/div>\n\t\t\t\t<\/div>\n\t\t\t\t\t<\/div>\n\t\t<\/div>\n\t\t\t\t\t<\/div>\n\t\t<\/section>\n\t\t\t\t<section class=\"elementor-section elementor-top-section elementor-element elementor-element-cc9638b elementor-section-boxed elementor-section-height-default elementor-section-height-default\" data-id=\"cc9638b\" data-element_type=\"section\" data-e-type=\"section\">\n\t\t\t\t\t\t<div class=\"elementor-container elementor-column-gap-default\">\n\t\t\t\t\t<div class=\"elementor-column elementor-col-100 elementor-top-column elementor-element elementor-element-42913e7\" data-id=\"42913e7\" data-element_type=\"column\" data-e-type=\"column\">\n\t\t\t<div class=\"elementor-widget-wrap elementor-element-populated\">\n\t\t\t\t\t\t<div class=\"elementor-element elementor-element-a7cbe98 elementor-widget elementor-widget-heading\" data-id=\"a7cbe98\" data-element_type=\"widget\" data-e-type=\"widget\" data-widget_type=\"heading.default\">\n\t\t\t\t<div class=\"elementor-widget-container\">\n\t\t\t\t\t<h2 class=\"elementor-heading-title elementor-size-default\">Explore cada tipo de membres\u00eda<\/h2>\t\t\t\t<\/div>\n\t\t\t\t<\/div>\n\t\t\t\t\t<\/div>\n\t\t<\/div>\n\t\t\t\t\t<\/div>\n\t\t<\/section>\n\t\t\t\t<section class=\"elementor-section elementor-top-section elementor-element elementor-element-89c7ff6 elementor-section-boxed elementor-section-height-default elementor-section-height-default\" data-id=\"89c7ff6\" data-element_type=\"section\" data-e-type=\"section\">\n\t\t\t\t\t\t<div class=\"elementor-container elementor-column-gap-default\">\n\t\t\t\t\t<div class=\"elementor-column elementor-col-33 elementor-top-column elementor-element elementor-element-0be0bc4\" data-id=\"0be0bc4\" data-element_type=\"column\" data-e-type=\"column\">\n\t\t\t<div class=\"elementor-widget-wrap elementor-element-populated\">\n\t\t\t\t\t\t<div class=\"elementor-element elementor-element-0ba5ec0 elementor-cta--skin-classic elementor-animated-content elementor-bg-transform elementor-bg-transform-zoom-in elementor-widget elementor-widget-call-to-action\" data-id=\"0ba5ec0\" data-element_type=\"widget\" data-e-type=\"widget\" data-widget_type=\"call-to-action.default\">\n\t\t\t\t<div class=\"elementor-widget-container\">\n\t\t\t\t\t\t\t<div class=\"elementor-cta\">\n\t\t\t\t\t<div class=\"elementor-cta__bg-wrapper\">\n\t\t\t\t<div class=\"elementor-cta__bg elementor-bg\" style=\"background-image: url(https:\/\/npm.org\/wp-content\/uploads\/Basic-Membership-no-wording.png);\" role=\"img\" aria-label=\"Membres\u00eda b\u00e1sica sin texto\"><\/div>\n\t\t\t\t<div class=\"elementor-cta__bg-overlay\"><\/div>\n\t\t\t<\/div>\n\t\t\t\t\t\t\t<div class=\"elementor-cta__content\">\n\t\t\t\t\n\t\t\t\t\t\t\t\t\t<h2 class=\"elementor-cta__title elementor-cta__content-item elementor-content-item\">\n\t\t\t\t\t\tNivel b\u00e1sico\t\t\t\t\t<\/h2>\n\t\t\t\t\n\t\t\t\t\t\t\t\t\t<div class=\"elementor-cta__description elementor-cta__content-item elementor-content-item\">\n\t\t\t\t\t\tPara el clero, miembros del coro y m\u00e1s\t\t\t\t\t<\/div>\n\t\t\t\t\n\t\t\t\t\t\t\t\t\t<div class=\"elementor-cta__button-wrapper elementor-cta__content-item elementor-content-item\">\n\t\t\t\t\t<a class=\"elementor-cta__button elementor-button elementor-size-\" href=\"https:\/\/npm.org\/es\/basic-membership\/\">\n\t\t\t\t\t\tHaga clic aqu\u00ed\t\t\t\t\t<\/a>\n\t\t\t\t\t<\/div>\n\t\t\t\t\t\t\t<\/div>\n\t\t\t\t\t\t<\/div>\n\t\t\t\t\t\t<\/div>\n\t\t\t\t<\/div>\n\t\t\t\t\t<\/div>\n\t\t<\/div>\n\t\t\t\t<div class=\"elementor-column elementor-col-33 elementor-top-column elementor-element elementor-element-b1c6f06\" data-id=\"b1c6f06\" data-element_type=\"column\" data-e-type=\"column\">\n\t\t\t<div class=\"elementor-widget-wrap elementor-element-populated\">\n\t\t\t\t\t\t<div class=\"elementor-element elementor-element-35082f8 elementor-cta--skin-classic elementor-animated-content elementor-bg-transform elementor-bg-transform-zoom-in elementor-widget elementor-widget-call-to-action\" data-id=\"35082f8\" data-element_type=\"widget\" data-e-type=\"widget\" data-widget_type=\"call-to-action.default\">\n\t\t\t\t<div class=\"elementor-widget-container\">\n\t\t\t\t\t\t\t<div class=\"elementor-cta\">\n\t\t\t\t\t<div class=\"elementor-cta__bg-wrapper\">\n\t\t\t\t<div class=\"elementor-cta__bg elementor-bg\" style=\"background-image: url(https:\/\/npm.org\/wp-content\/uploads\/Standard-Membership-no-wording.png);\" role=\"img\" aria-label=\"Membres\u00eda est\u00e1ndar sin texto\"><\/div>\n\t\t\t\t<div class=\"elementor-cta__bg-overlay\"><\/div>\n\t\t\t<\/div>\n\t\t\t\t\t\t\t<div class=\"elementor-cta__content\">\n\t\t\t\t\n\t\t\t\t\t\t\t\t\t<h2 class=\"elementor-cta__title elementor-cta__content-item elementor-content-item\">\n\t\t\t\t\t\tNivel estandar\t\t\t\t\t<\/h2>\n\t\t\t\t\n\t\t\t\t\t\t\t\t\t<div class=\"elementor-cta__description elementor-cta__content-item elementor-content-item\">\n\t\t\t\t\t\tPara organistas, pianistas, directores de coros y m\u00e1s\t\t\t\t\t<\/div>\n\t\t\t\t\n\t\t\t\t\t\t\t\t\t<div class=\"elementor-cta__button-wrapper elementor-cta__content-item elementor-content-item\">\n\t\t\t\t\t<a class=\"elementor-cta__button elementor-button elementor-size-\" href=\"https:\/\/npm.org\/es\/standard-membership\/\">\n\t\t\t\t\t\tHaga clic aqu\u00ed\t\t\t\t\t<\/a>\n\t\t\t\t\t<\/div>\n\t\t\t\t\t\t\t<\/div>\n\t\t\t\t\t\t<\/div>\n\t\t\t\t\t\t<\/div>\n\t\t\t\t<\/div>\n\t\t\t\t\t<\/div>\n\t\t<\/div>\n\t\t\t\t<div class=\"elementor-column elementor-col-33 elementor-top-column elementor-element elementor-element-f639d56\" data-id=\"f639d56\" data-element_type=\"column\" data-e-type=\"column\">\n\t\t\t<div class=\"elementor-widget-wrap elementor-element-populated\">\n\t\t\t\t\t\t<div class=\"elementor-element elementor-element-d9f5542 elementor-cta--skin-classic elementor-animated-content elementor-bg-transform elementor-bg-transform-zoom-in elementor-widget elementor-widget-call-to-action\" data-id=\"d9f5542\" data-element_type=\"widget\" data-e-type=\"widget\" data-widget_type=\"call-to-action.default\">\n\t\t\t\t<div class=\"elementor-widget-container\">\n\t\t\t\t\t\t\t<div class=\"elementor-cta\">\n\t\t\t\t\t<div class=\"elementor-cta__bg-wrapper\">\n\t\t\t\t<div class=\"elementor-cta__bg elementor-bg\" style=\"background-image: url(https:\/\/npm.org\/wp-content\/uploads\/Premium-Membership-no-wording-2.png);\" role=\"img\" aria-label=\"Membres\u00eda Premium sin texto (2)\"><\/div>\n\t\t\t\t<div class=\"elementor-cta__bg-overlay\"><\/div>\n\t\t\t<\/div>\n\t\t\t\t\t\t\t<div class=\"elementor-cta__content\">\n\t\t\t\t\n\t\t\t\t\t\t\t\t\t<h2 class=\"elementor-cta__title elementor-cta__content-item elementor-content-item\">\n\t\t\t\t\t\tNivel Premium\t\t\t\t\t<\/h2>\n\t\t\t\t\n\t\t\t\t\t\t\t\t\t<div class=\"elementor-cta__description elementor-cta__content-item elementor-content-item\">\n\t\t\t\t\t\tPara directores musicales, directores diocesanos y liturgistas\t\t\t\t\t<\/div>\n\t\t\t\t\n\t\t\t\t\t\t\t\t\t<div class=\"elementor-cta__button-wrapper elementor-cta__content-item elementor-content-item\">\n\t\t\t\t\t<a class=\"elementor-cta__button elementor-button elementor-size-\" href=\"https:\/\/npm.org\/es\/premium-membership\/\">\n\t\t\t\t\t\tHaga clic aqu\u00ed\t\t\t\t\t<\/a>\n\t\t\t\t\t<\/div>\n\t\t\t\t\t\t\t<\/div>\n\t\t\t\t\t\t<\/div>\n\t\t\t\t\t\t<\/div>\n\t\t\t\t<\/div>\n\t\t\t\t\t<\/div>\n\t\t<\/div>\n\t\t\t\t\t<\/div>\n\t\t<\/section>\n\t\t\t\t<section class=\"elementor-section elementor-top-section elementor-element elementor-element-1492544 elementor-section-boxed elementor-section-height-default elementor-section-height-default\" data-id=\"1492544\" data-element_type=\"section\" data-e-type=\"section\">\n\t\t\t\t\t\t<div class=\"elementor-container elementor-column-gap-default\">\n\t\t\t\t\t<div class=\"elementor-column elementor-col-100 elementor-top-column elementor-element elementor-element-cf51728\" data-id=\"cf51728\" data-element_type=\"column\" data-e-type=\"column\">\n\t\t\t<div class=\"elementor-widget-wrap elementor-element-populated\">\n\t\t\t\t\t\t<div class=\"elementor-element elementor-element-8f3f88a elementor-widget elementor-widget-image\" data-id=\"8f3f88a\" data-element_type=\"widget\" data-e-type=\"widget\" data-widget_type=\"image.default\">\n\t\t\t\t<div class=\"elementor-widget-container\">\n\t\t\t\t\t\t\t\t\t\t\t\t\t\t\t\t<a href=\"https:\/\/npm.site-ym.com\/general\/register_member_type.asp?\" target=\"_blank\">\n\t\t\t\t\t\t\t<img decoding=\"async\" width=\"860\" height=\"112\" src=\"https:\/\/npm.org\/wp-content\/uploads\/Join-now-button-Spanish-1.png\" class=\"attachment-large size-large wp-image-15953\" alt=\"\" srcset=\"https:\/\/npm.org\/wp-content\/uploads\/Join-now-button-Spanish-1.png 1920w, https:\/\/npm.org\/wp-content\/uploads\/Join-now-button-Spanish-1-300x39.png 300w, https:\/\/npm.org\/wp-content\/uploads\/Join-now-button-Spanish-1-1024x133.png 1024w, https:\/\/npm.org\/wp-content\/uploads\/Join-now-button-Spanish-1-768x100.png 768w, https:\/\/npm.org\/wp-content\/uploads\/Join-now-button-Spanish-1-1536x200.png 1536w, https:\/\/npm.org\/wp-content\/uploads\/Join-now-button-Spanish-1-16x2.png 16w, https:\/\/npm.org\/wp-content\/uploads\/Join-now-button-Spanish-1-260x34.png 260w\" sizes=\"(max-width: 860px) 100vw, 860px\" \/>\t\t\t\t\t\t\t\t<\/a>\n\t\t\t\t\t\t\t\t\t\t\t\t\t\t\t<\/div>\n\t\t\t\t<\/div>\n\t\t\t\t\t<\/div>\n\t\t<\/div>\n\t\t\t\t\t<\/div>\n\t\t<\/section>\n\t\t\t\t<\/div>","protected":false},"excerpt":{"rendered":"<p>Explore cada tipo de membres\u00eda Nivel b\u00e1sico para cl\u00e9rigos, miembros de coros y m\u00e1s Haga clic aqu\u00ed Nivel est\u00e1ndar para organistas, pianistas, directores de coros y m\u00e1s Haga clic aqu\u00ed Nivel premium para directores musicales, directores diocesanos y liturgistas Haga clic aqu\u00ed<\/p>","protected":false},"author":6628,"featured_media":0,"parent":0,"menu_order":0,"comment_status":"closed","ping_status":"closed","template":"","meta":{"_acf_changed":false,"footnotes":""},"class_list":["post-14689","page","type-page","status-publish","hentry"],"acf":[],"_links":{"self":[{"href":"https:\/\/npm.org\/es\/wp-json\/wp\/v2\/pages\/14689"}],"collection":[{"href":"https:\/\/npm.org\/es\/wp-json\/wp\/v2\/pages"}],"about":[{"href":"https:\/\/npm.org\/es\/wp-json\/wp\/v2\/types\/page"}],"author":[{"embeddable":true,"href":"https:\/\/npm.org\/es\/wp-json\/wp\/v2\/users\/6628"}],"replies":[{"embeddable":true,"href":"https:\/\/npm.org\/es\/wp-json\/wp\/v2\/comments?post=14689"}],"version-history":[{"count":27,"href":"https:\/\/npm.org\/es\/wp-json\/wp\/v2\/pages\/14689\/revisions"}],"predecessor-version":[{"id":22109,"href":"https:\/\/npm.org\/es\/wp-json\/wp\/v2\/pages\/14689\/revisions\/22109"}],"wp:attachment":[{"href":"https:\/\/npm.org\/es\/wp-json\/wp\/v2\/media?parent=14689"}],"curies":[{"name":"gracias","href":"https:\/\/api.w.org\/{rel}","templated":true}]}}