{"id":1410,"date":"2017-07-07T03:13:47","date_gmt":"2017-07-07T03:13:47","guid":{"rendered":"https:\/\/npm.org\/?page_id=1410"},"modified":"2022-06-03T01:00:47","modified_gmt":"2022-06-03T01:00:47","slug":"organ-certificate","status":"publish","type":"page","link":"https:\/\/npm.org\/es\/organ-certificate\/","title":{"rendered":"Certificado de \u00f3rgano"},"content":{"rendered":"<div data-elementor-type=\"wp-page\" data-elementor-id=\"1410\" class=\"elementor elementor-1410\" data-elementor-post-type=\"page\">\n\t\t\t\t\t\t<section class=\"elementor-section elementor-top-section elementor-element elementor-element-1a37ac2e elementor-section-boxed elementor-section-height-default elementor-section-height-default\" data-id=\"1a37ac2e\" data-element_type=\"section\" data-e-type=\"section\">\n\t\t\t\t\t\t<div class=\"elementor-container elementor-column-gap-default\">\n\t\t\t\t\t<div class=\"elementor-column elementor-col-100 elementor-top-column elementor-element elementor-element-6d7ea7a4\" data-id=\"6d7ea7a4\" data-element_type=\"column\" data-e-type=\"column\">\n\t\t\t<div class=\"elementor-widget-wrap elementor-element-populated\">\n\t\t\t\t\t\t<div class=\"elementor-element elementor-element-46e19f2 elementor-widget elementor-widget-video\" data-id=\"46e19f2\" data-element_type=\"widget\" data-e-type=\"widget\" data-settings=\"{&quot;youtube_url&quot;:&quot;https:\\\/\\\/youtu.be\\\/GVnaV4K8Zcs&quot;,&quot;video_type&quot;:&quot;youtube&quot;,&quot;controls&quot;:&quot;yes&quot;}\" data-widget_type=\"video.default\">\n\t\t\t\t<div class=\"elementor-widget-container\">\n\t\t\t\t\t\t\t<div class=\"elementor-wrapper elementor-open-inline\">\n\t\t\t<div class=\"elementor-video\"><\/div>\t\t<\/div>\n\t\t\t\t\t\t<\/div>\n\t\t\t\t<\/div>\n\t\t\t\t<div class=\"elementor-element elementor-element-c07017f elementor-widget elementor-widget-text-editor\" data-id=\"c07017f\" data-element_type=\"widget\" data-e-type=\"widget\" data-widget_type=\"text-editor.default\">\n\t\t\t\t<div class=\"elementor-widget-container\">\n\t\t\t\t\t\t\t\t\t\n<h2 align=\"left\"><img fetchpriority=\"high\" decoding=\"async\" src=\"https:\/\/npm.org\/wp-content\/uploads\/Organist-1-Spanish.png\" alt=\"\" width=\"728\" height=\"150\" \/><\/h2>\n<p style=\"text-align: center;\"><span style=\"font-size: 18pt;\">&quot;A mis ojos y o\u00eddos <strong>el \u00f3rgano siempre ser\u00e1 el rey de los instrumentos.<\/strong>&quot; - Wolfgang Amadeus Mozart<\/span><\/p>\n<p>\u00a0<\/p>\n<p style=\"text-align: center;\">\u00a1Agradecemos su inter\u00e9s en los Certificados de \u00d3rgano ofrecidos por la Asociaci\u00f3n Nacional de M\u00fasicos Pastorales! Desarrollar sus habilidades como organista es un activo valioso para el ministerio pastoral. con el derecho <strong>apoyo<\/strong> y <strong>Guia,<\/strong> buscar la certificaci\u00f3n puede ser una herramienta beneficiosa para los organistas en todos los niveles de habilidad. \u00bfNo sabes por d\u00f3nde empezar? Escucha nuestro podcast, Lunes de Ministerio. Hicimos un episodio sobre este tema exacto.<\/p>\n<p style=\"text-align: center;\">Escuche el episodio aqu\u00ed: <a href=\"https:\/\/www.ministrymonday.org\/episodes\/2020\/1\/19\/086-certificate-programs-with-npm-amp-ago\">Programas de doble certificado con NPM y AGO<\/a><\/p>\n<h2 align=\"left\"><strong><img decoding=\"async\" src=\"https:\/\/npm.org\/wp-content\/uploads\/Organist-2-Spanish.png\" alt=\"\" width=\"728\" height=\"150\" \/><\/strong><\/h2>\n<p>\u00a0<\/p>\n<p><strong>Haga clic para descubrir m\u00e1s sobre los tres programas de certificaci\u00f3n de NPM para organistas:<\/strong><\/p>\n<p><a href=\"https:\/\/npm.org\/wp-content\/uploads\/Basic-Organ-Application-2020-2021.pdf\" target=\"_blank\" rel=\"noopener noreferrer\"><img decoding=\"async\" src=\"https:\/\/npm.org\/wp-content\/uploads\/Organist-2-Spanish-1.png\" alt=\"\" width=\"728\" height=\"150\" \/><\/a><\/p>\n<p><a href=\"https:\/\/npm.org\/es\/joint-ago-npm-service-playing-certification\/\" target=\"_blank\" rel=\"noopener noreferrer\"><img loading=\"lazy\" decoding=\"async\" src=\"https:\/\/npm.org\/wp-content\/uploads\/Organist-3-Spanish.png\" alt=\"\" width=\"728\" height=\"150\" \/><\/a><\/p>\n<p><a href=\"https:\/\/npm.org\/es\/joint-ago-npm-colleague-certification-cago\/\" target=\"_blank\" rel=\"noopener noreferrer\"><img loading=\"lazy\" decoding=\"async\" src=\"https:\/\/npm.org\/wp-content\/uploads\/Organist-4-Spanish.png\" alt=\"\" width=\"728\" height=\"150\" \/><\/a><\/p>\n<p>\u00a0<\/p>\n<p>\u00a0<\/p>\n<h2><strong>Destinatarios de la certificaci\u00f3n \/ certificado<\/strong><\/h2>\n<p><strong>Certificaci\u00f3n de colega de \u00f3rganos (Dual NPM \/ AGO)<\/strong><\/p>\n<p><strong>2015<\/strong><br \/>Ronald Butts-Boehmer -\u00a0<em>Jacksonville, FL<\/em><br \/>Ethan Gainer -\u00a0<em>Greenville, TX<\/em><br \/>John Patrick Murphy -\u00a0<em>Miller Place, Nueva York<br \/><\/em> <strong>2014<\/strong><br \/>Brian S. Borowski -\u00a0<em>Woodland Park, Nueva Jersey\u00a0<\/em><br \/>Jacob Dowgewicz -\u00a0<em>Windsor, CT<\/em><br \/>Ethan Gainer -\u00a0<em>Greenville, TX<\/em> <br \/><strong>2013<br \/><\/strong>Karen S. McColl -\u00a0<em>Solon, OH<\/em> <br \/><strong>2012<br \/><\/strong>James Neal Biggers <br \/><strong>2011<\/strong><br \/>Stephanie Gewirtz -<em>\u00a0Lansing, MI<\/em> <br \/><strong>2010<\/strong><br \/>Arthur Dobrucki -\u00a0<em>Simi Valley, CA<\/em><br \/>Michael Olbash -\u00a0<em>Bellingham, MA<\/em> <br \/><strong>2009<br \/><\/strong>Amanda Plazek - <em>Pittsburgh, PA<\/em> <br \/><strong>2008<\/strong><br \/>Jonathan Girard - <em>Roslindale, MA<\/em> <br \/><strong>2007<\/strong><br \/>Priscilla Budeiri<br \/>Claire F. Klein -<em> Lloyd Harbor, Nueva York<br \/><\/em>Brezo martin cooper<em> - Creve Coeur, MO<\/em><br \/>Guy E. Miller - <em>Glen Ellyn, Il<\/em> <br \/><strong>2006<\/strong><br \/>Ilana R. Ofgang<br \/>Kathryn A. Weyenburg <em>- Appleton, WI<\/em> <br \/><strong>2005<\/strong><br \/>Robert E. Harrold<br \/>Jeffrey McIntyre<br \/>James M. Tevena<\/p>\n<p><strong>Certificaci\u00f3n de juego de servicio (Dual NPM \/ AGO)<\/strong><\/p>\n<p><strong>2021<\/strong><br \/>Laura Henderson - <em>Arlington, VA<\/em><br \/>Erica Minneman - <em>Tacoma, W<\/em>UN<br \/>Ellen Tipton\u2013 <em>Battle Creek, Michigan<\/em><br \/><strong>2020<br \/><\/strong>Mary P. Utzerath<br \/><strong>2019<br \/><\/strong>Sara Groppe - <em>Westchester, IL<\/em><strong><br \/>2018<\/strong><br \/>Sally Fernsel <em>- Brooksville, FL<\/em><br \/>Daniel Foster <em>- Colorado Springs, CO<br \/><\/em>Jim Janossy<em> - Lincolnwood, IL<\/em><em><br \/><\/em> <strong>2017<br \/><\/strong>Ellen Gross - <em>Pittsburgh, PA<\/em><br \/>Marjorie O&#039;Konski - <em>Topeka, KS<\/em> <br \/><strong>2015<br \/><\/strong>Jennifer Gorske - <em>Pittsburgh, PA<\/em> <br \/><strong>2014<br \/><\/strong>Ronald T. Chancler -<em> Levittown, P<\/em>UN<br \/>Ronald W. DuBois, Jr. - <em>Steubenville, OH<\/em><br \/>Hugh Hinton - <em>Winchester, MA<\/em><em><br \/><\/em>S. Kenton Kravig - <em>Irving, TX<\/em><br \/>Susan Windisch - <em>Laredo, TX<\/em> <br \/><strong> 2013<\/strong><em><br \/><\/em>Maria Koch - <em>Ashtabula, OH <br \/><\/em> <strong>2012<br \/><\/strong>Karen S. Billings -<em> Las Cruces, NM<\/em><br \/>Sarah Deady<em> - Enumclaw, WA<\/em><br \/>Amy M. Gleason <em>- Holmen, WI<\/em><br \/>Kristen Kosey <em>- New Carlisle, OH<\/em><br \/>Howard E. Lee <em>- Mountain View, CA<\/em><br \/>Mayumi Naramura<em> - Omaha, NE<\/em> <br \/><strong>2011<br \/><\/strong>Sr. Nylas Moser, ASC - <em>Wichita, KS<\/em> <br \/><strong>2010<br \/><\/strong>Judith A. Dimino - <em>Nueva York, NY<\/em><br \/>Molly Mattingly - <em>Notre Dame, IN<\/em><br \/>Sheila Silvetti - <em>Bay Shore, Nueva York <br \/><\/em> <strong>2009<br \/><\/strong> Helen J. Baron - <em>Wyandotte, MI<\/em><br \/>Elizabeth Bailey - <em>Garden City, Nueva York<\/em><br \/>Jon McMahon - <em>San Antonio, TX<\/em><br \/>Paul Mizer - <em>Maria Stein, OH<\/em><br \/>Empacadora de Roxanne - <em>Homewood, IL<\/em> <br \/><strong>2008<br \/><\/strong>David L. Ball - <em>St. Louis, MO<br \/><\/em>Olivia Buthod<em> - Washington DC<br \/><\/em>Stephanie A Gewirtz <em>- Lansing, MI<\/em><br \/>Jonathan Girard - <em>Roslindale, MA<br \/><\/em>Jonathan Hellerman<em> - Silver Spring, MD<\/em><br \/>Albert John Kautzman - <em>Aurora, OH<\/em><br \/>Nicholas P. Mourlam - <em>Roeland Park, KS<\/em><br \/>Anthony Nardino - <em>Pine Beach, Nueva Jersey<\/em><br \/>Amanda Plazek - <em>Pittsburgh, PA<\/em> <br \/><strong>2007<\/strong><br \/>Michele Cowen - <em>Tulsa, OK<\/em><br \/>Katherine Joan Evans -<em> Roslindale, MA<\/em><br \/>Carol J. Gessner - <em>Navasota, TX<\/em> <br \/><b>2006<br \/><\/b>Michael Hey - <em>Waukesha, WI<br \/><\/em>Anna McReynolds<em> - Norton, MA<br \/><\/em>John Meyers<em> - Hamburgo, NY<br \/><\/em>Peter John Patente<em> - Fort Washington, MD <\/em><br \/>Barbara Rewa - <em>Grand Rapids, MI<\/em><br \/>Peggy Steckert Parker - <em>Petoskey, MI <br \/><\/em> <strong>2005<\/strong><b><br \/><\/b> Brian Bartoldus - <em>Annandale, Virginia <\/em><br \/>Brandon Santini - <em>North Weymouth, MA <br \/><\/em> <b>2004<\/b><br \/>Laurence Carson - <em>Boston, MA<\/em><br \/>Katherine E. Harmon - <em>Valpara\u00edso, IN<\/em><br \/>Karen S. McColl - <em>Glenwillow, Ohio<\/em><br \/>Jeffrey McIntyre - <em>Atlanta, Georgia<br \/><\/em>Michael J. Olbash<em> - Lynn, MA<\/em><br \/>Justus F. Parrotta - <em>Annandale, VA<\/em> <br \/><b>2003<\/b><br \/>Felipe Luis Barreca - <em>St. Louis, MO <\/em><br \/>Sra. Mary J. Beaudoin - <em>Kensington, MD<\/em><br \/>Sr. Joseph N. Graif - <i> Fairfax, VA<br \/><\/i>Sra. Virginia I. Hill -<i> Alathe, KS<br \/><\/i>John N\u00e1poles - <em>Oceanside, CA <\/em><br \/>Mary Beth Stickney - <em>Norcross, GA <br \/><\/em> <b>2002<\/b><br \/>Sra. Priscilla Budeiri - <i> Arlington, VA<\/i><br \/>Sr. Edward L. Clinker - <i>Bryan, OH<\/i><br \/>Sr. Henry Doktorski - <i>Oakdale, PA<\/i><br \/>Sra. Nancy E. Griffin - <i>Overland Park, KS<\/i><br \/>Sr. John A. Morabito - <i>Beaver, Pensilvania<\/i><br \/>Sra. Elizabeth-Jane Pavlick - <i>Pittsburgh, PA<\/i><br \/>Jacinta Therese Whittaker - <i>White Post, VA<\/i><br \/><b>2001<\/b><br \/>Hna. M. Benedicta Berendes, IHM - <i>Scranton, PA <\/i><br \/>Linda Capizzani - <i> East Hannover, <\/i> <i>Nueva Jersey<\/i><br \/>John Clodig - <i>Merrillville, IN<\/i><br \/>Wanda A. Grochowski, PhD - <i>Katonah, Nueva York <\/i><br \/>Youngjin Kang - <i>Greenwich, CT <\/i><br \/>Mary G. Loch - <i>Bel\u00e9n, PA<\/i><br \/>Alison J. Luedecke - <i>Dallas, TX <\/i><br \/>Juan Morabito - <i>Beaver, Pensilvania<\/i><br \/>Mary Lou Pruchnic - <i>New Castle, PA<\/i><br \/>Donna I. Swanson - <i>White Plains, MD<\/i><br \/>Russell J. Weismann - <i> Pittsburgh, PA<\/i> <br \/><strong>2000<\/strong><br \/>Jeffrey M. Alban - <i>Pittsburgh, PA<br \/><\/i>Suzanne Bechamps - <i>Washington DC<br \/><\/i>John P. Brandt - <i>Atlanta, Georgia<br \/><\/i>Patricia L. Campbell - <i>Warren, OH<br \/><\/i>Ann M. Helwig - <i>Conestoga, PA<br \/><\/i>Greg Homza, CAGO - <i> Bloomington, IN<br \/><\/i>Grete Ingalls - <i>Nueva York<br \/><\/i>Audrey Khoo - <i> Rochville, MD<br \/><\/i>Dr. James W. Kosnik - <i>Norfolk, VA<br \/><\/i>Michael W. Laubert - <i>St. Louis, MO<br \/><\/i>Kai Lin - <i>Fariborn, OH<br \/><\/i>Tina Mowrer - <i>Swansea, IL<br \/><\/i>Jill Nennmann - <i>Fort Worth, Estados Unidos<br \/><\/i>Gary Patin - <i>Orland Park, IL<br \/><\/i>Kathleen Stout - <i>Pennsville, Nueva Jersey<\/i> <br \/><b>1999<br \/><\/b>Josette J. Goff - <i>Chatham, MA<br \/><\/i>Carol escuch\u00f3 - <i>San Antonio, TX<br \/><\/i>Riyehee Hong - <i>Mart\u00ednez, CA<br \/><\/i>John Igoe <i>- Laurel, MD<br \/><\/i>Christine Kinkelaar - <i> Millstadt, IL<br \/><\/i>N. Peter LaMoria - <i>North Providence, RI<br \/><\/i>Amy E, Lepak - <i>Sudbury, MA<br \/><\/i>Maureen Rowan - <i>Staten Island, Nueva York<br \/><\/i>Thomas P. Smith - <i> Pittsburgh, PA<\/i> <br \/><b>1998<br \/><\/b>Althea Allard - <i>Pawtucket, RI<br \/><\/i>Carole S. Banse-Doyon - <i> Neptune, Nueva Jersey<br \/><\/i>Marybelle M. Buescher <i>\u2013 <\/i><i> Washington, MO<br \/><\/i>Mary Anne Eichorn <i>\u2013 <\/i><i> Buffalo Grove, IL<br \/><\/i>Mark Ignatovich - <i>Wilkes-Barre, PA<br \/><\/i>Peter J. Luciano - <i>San Diego, CA<br \/><\/i>David Mart\u00ednez - <i>Providence, RI<br \/><\/i>Jennifer Pascual - <i>Rochester, Nueva York<br \/><\/i>Mart\u00edn D. Purtell - <i>Tampa, Florida<br \/><\/i>Deborah L. Thirston - <i>Louisville, KY<br \/><\/i>Kathy Weyenberg - <i> Appleton, WI<\/i><\/p>\n<p><strong>Certificaci\u00f3n de organista b\u00e1sica<\/strong><\/p>\n<p><strong>2021<br \/><\/strong>Bill Resnick -\u00a0<em>Owings, MD<\/em><strong><br \/>2019<br \/><\/strong>Nelle Altman - <em>Jacksonville, Carolina del Norte<\/em><em><br \/><\/em>Daniel Sheldon<em>\u00a0- Ashtabula, OH<br \/><\/em> <b>2018<br \/><\/b>Debbie Brennan - <em>Powell, OH<\/em><b><br \/><\/b>James Harrold - <em>Brookfield, IL<\/em><b><br \/><\/b>Brendan Kuzior - <em>Canfield, OH<\/em><b><br \/><\/b> <b>2017<br \/><\/b>Teresa Blier -\u00a0<em>Alejandr\u00eda, VA<\/em><br \/>Justin Brueggeman -\u00a0<em>Johnson City, TN<\/em><b><br \/><\/b>Hollis Foster -\u00a0<em>Cockeysville, MD<\/em><b><br \/><\/b>Krystelle Pring -\u00a0<em>Jersey City, Nueva Jersey<\/em> <br \/><b>2016<\/b><br \/>Sr. Clay Boudreaux -<em> Baton Rouge, LA<br \/><\/em>Mart\u00edn Brenden - <em>Rolla, MO <\/em><br \/>Timothy P. Costigan - <em>Lansing, MI <\/em><br \/>Sr. Massimiliano Dozzo<em> - San Diego, CA<br \/><\/em>Joseph J. Geehern, hijo<em> - Westfield, MA<\/em><br \/>Teresa Rose - <em>Warren, OH<\/em><br \/>Daniel Sheldon =\u00a0<em>Ashtabula, OH<\/em><br \/>Sra. Denise Weaver - <em>Westport, MA\u00a0 <br \/><\/em> <b>2015<\/b><b><br \/><\/b>Mark Baker -<em> El Paso, TX<\/em><br \/>John Luke Grabiel - <em>Alpena, MO<\/em><br \/>Keith Hessel - <em>Colorado Springs, CO<\/em><br \/>Matthew Hoffman - <em>Klamath Falls, Oreg\u00f3n<br \/><\/em>Ann Marie Izzo<em> - Branchburg, Nueva Jersey<br \/><\/em>Kelly Lim<em> - Atherton, CA<\/em><br \/>Stephen Obarski <em>- Camden, Nueva Jersey <\/em><em><br \/><\/em>Michael V. Strock<em> \u2013\u00a0<i>Hartford, WI<\/i><br \/><\/em> <b> 2014<br \/><\/b> Christine Canavan - <em>Culpeper, VA<\/em><br \/>Ronald William DuBois, Jr. -<em> Steubenville, OH<br \/><\/em>Lori Hogan<em> - Somerset, PA<br \/><\/em>Helen Jauregui<em> - Filadelfia PA<\/em><br \/>Ross Kelsch - <em>Cold Spring, KY<\/em><br \/>Sharmini Sabaratnam - <em>Newmarket, Ontario<\/em><br \/>Christopher Wilcox - <em>Odessa, Texas<\/em> <br \/><b>2013<\/b><br \/>Emily Lapisardi - <em>Uniontown, PA <\/em><br \/>Ryan McEldowney - <em>Milwaukee, WI <\/em><br \/>Sor Anne-Marguerite Potchen - <em>Tyringham, MA<br \/><\/em>Susanna Windisch<em> - Laredo, Texas<br \/><\/em> <b> 2012<br \/><\/b>Ginny Corso - <em>Mansfield, OH<br \/><\/em>Alejandr\u00eda Naylor<em> - Birmingham, AL<br \/><\/em> <b> 2011<br \/><\/b>Leonard Bobrowski -<em>San Luis, MO<\/em><br \/>Andrew Van Buskirk - <em>Toms River, Nueva Jersey<br \/><\/em>Gary Jenkins<em> - St. Louis, MO<\/em><br \/>Cindy Kindl - <em>Frederick, MD<br \/><\/em>Jane Klopp<em> - Madison, VA<br \/><\/em>Audrey Thomas - <em>St. Louis, MO<\/em> <br \/><strong>2010<br \/><\/strong>Elizabeth Saxton - <em>Hagerstown, MD<\/em><br \/>Brian Shannon - <em>Avon By The Sea, Nueva Jersey<\/em> <br \/><b>2009<br \/><\/b>Hazel Eaton - <em>Pittsburgh, PA<\/em><br \/>Dorothy Sue George - <em>Temple, TX<\/em><br \/>Barbara Sykora - <em>Williamstown, Nueva Jersey<\/em> <br \/><b>2007<\/b><br \/>Mar\u00eda Ament - <em>Merrill, WI<br \/><\/em>Helen Baron<em> - Wyandotte, MI\u00a0 <\/em><br \/>Br. Kenneth Boesch - <em>Covington, LA <\/em><br \/>Anne Daugherty - <em>Lawrence, KS<\/em><br \/>Donna Davis - <em>Iverness, FL <\/em><br \/>John George - <em>Grovetown, GA<\/em><br \/>Robert Kirchner - <em>Clearwater, FL<br \/><\/em>Mary Ann Klicka<em> - Lahaska, PA <\/em><br \/>Verdi Morley - <em>Wentzville, MO <br \/><\/em> <b>2006<\/b><br \/>Terrence J. O&#039;Grady, <em>Eganville, Ontario CANAD\u00c1 <br \/><\/em> <strong>2005<\/strong><br \/>Mary Blum - <em>St. Louis, MO <\/em><br \/>Henry Caruso - <em>Pittsburgh, PA<\/em> <br \/><b>2004<\/b><br \/>Ralph Camus - <em>New Brighton, PA<\/em><br \/>Julie Demerath - <em>Fond du Lac, WI<\/em><br \/>Megan Enninga - <em>Columbus, NE<\/em><br \/>Kelly Kazik - <em>Fredericksburg, VA <\/em><br \/>Margaret Putzke - <em>Vero Beach, FL<br \/><\/em>Carol Anne Schmidt -<em> Leavenworth, KS<\/em> <br \/><b>2003<br \/><\/b>James Cole - <em>Bridgewater<\/em>,<em> Nueva Jersey<\/em><br \/>Lindsey Skinner - <em>Macon, GA<\/em><br \/>Geraldine Vargo, SDR - <em>Pittsburgh, PA<\/em><br \/>Marilyn Weber - <em>St. Charles, MO<br \/><\/em>Ryan Wilkinson<em> - Gary, IN <br \/><\/em><b><\/b> <strong>2002<\/strong><br \/>Hna. Ruth Adamites, OP - <i>Deford, MI<\/i><br \/>Lillian Bouchey - <i>Shawnee, KS<\/i><br \/>Katharine Harmon - <i>Columbus, IN<\/i><br \/>Barbara Lennon - <i>Kokomo, IN<\/i><br \/>Thomas O&#039;Brien - <i>St. Louis, MO<\/i><br \/>Jeanne Passanante - <i>Somerdale, Nueva Jersey<\/i><br \/>Barbara Rewa - <i>Hamilton, MI<\/i><br \/>Robert Tuchman - <i>Pittsburgh, PA<\/i> <br \/><b> 2001<\/b><br \/>Joan Knolinski - <i>Kokomo, IN<\/i><br \/>Vicki Krstansky - <i>Countryside, IL<\/i><br \/>Andrew Magee - <i>Gahanna, OH<\/i><br \/>Hna. Marie Vianney Pottebaum, SSND - <i>St. Louis, MO<\/i><b><br \/>2000<\/b><br \/>John Clodig - <i>Merrillville, IN<\/i><br \/>Dorothy Gehrke - <i>Owen, WI<\/i><br \/>Eileen Hoogterpillar - <i>Muskegon, MI<\/i><br \/>Joseph Losoncy - <i>Canfield, OH<\/i><br \/>James Rossi - <i>Decatur, IL<\/i><br \/>Theresa Skelley - <i>North Braddock, PA<\/i><br \/>Hermano. Daniel Stupka, SM - <i>Cincinnati, OH<\/i><br \/>Mary Jo Urschalitz - <i>Findlay, OH<\/i><b><br \/>1999<\/b><br \/>Joseph Jacobs - <i>Evansville, IN<\/i><br \/>Dr. Mary Ann Quarry- <i>Boothwyn, PA<\/i><br \/>Kathleen Stout - <i>Pennsville, Nueva Jersey<\/i><br \/>Donna Swanson - <i>White Plains, MD<\/i><\/p>\n\t\t\t\t\t\t\t\t<\/div>\n\t\t\t\t<\/div>\n\t\t\t\t\t<\/div>\n\t\t<\/div>\n\t\t\t\t\t<\/div>\n\t\t<\/section>\n\t\t\t\t<\/div>","protected":false},"excerpt":{"rendered":"","protected":false},"author":6628,"featured_media":0,"parent":0,"menu_order":0,"comment_status":"closed","ping_status":"closed","template":"","meta":{"_acf_changed":false,"footnotes":""},"class_list":["post-1410","page","type-page","status-publish","hentry"],"acf":[],"_links":{"self":[{"href":"https:\/\/npm.org\/es\/wp-json\/wp\/v2\/pages\/1410"}],"collection":[{"href":"https:\/\/npm.org\/es\/wp-json\/wp\/v2\/pages"}],"about":[{"href":"https:\/\/npm.org\/es\/wp-json\/wp\/v2\/types\/page"}],"author":[{"embeddable":true,"href":"https:\/\/npm.org\/es\/wp-json\/wp\/v2\/users\/6628"}],"replies":[{"embeddable":true,"href":"https:\/\/npm.org\/es\/wp-json\/wp\/v2\/comments?post=1410"}],"version-history":[{"count":5,"href":"https:\/\/npm.org\/es\/wp-json\/wp\/v2\/pages\/1410\/revisions"}],"predecessor-version":[{"id":19666,"href":"https:\/\/npm.org\/es\/wp-json\/wp\/v2\/pages\/1410\/revisions\/19666"}],"wp:attachment":[{"href":"https:\/\/npm.org\/es\/wp-json\/wp\/v2\/media?parent=1410"}],"curies":[{"name":"gracias","href":"https:\/\/api.w.org\/{rel}","templated":true}]}}