{"id":13584,"date":"2020-06-21T18:32:15","date_gmt":"2020-06-21T18:32:15","guid":{"rendered":"https:\/\/npm.org\/?page_id=13584"},"modified":"2020-06-21T18:32:15","modified_gmt":"2020-06-21T18:32:15","slug":"choral-anthems-presentation-c","status":"publish","type":"page","link":"https:\/\/npm.org\/es\/choral-anthems-presentation-c\/","title":{"rendered":"Himnos corales - Presentaci\u00f3n (C)"},"content":{"rendered":"<p><strong>Himnos corales<\/strong><\/p>\n<table style=\"width: 100%;\" border=\"1\" width=\"100%\">\n<tbody>\n<tr>\n<td width=\"456\"><strong>T\u00edtulo (Voicing)<\/strong><\/td>\n<td width=\"187\"><strong>Compositor \/ Arreglista<\/strong><\/td>\n<td width=\"187\"><strong>Editor (art\u00edculo #)<\/strong><\/td>\n<td width=\"103\"><strong>Uso<\/strong><\/td>\n<\/tr>\n<tr>\n<td>alma redentoris mater (SATB)<\/td>\n<td>Palestrina, Giovanni Pierluigi da<\/td>\n<td>CPDL<\/td>\n<td>GRAMO<\/td>\n<\/tr>\n<tr>\n<td>Y \u00c9l Purificar\u00e1 del Mes\u00edas (SATB, \u00d3rgano)<\/td>\n<td>Handel, George F.<\/td>\n<td>Varios<\/td>\n<td>1<\/td>\n<\/tr>\n<tr>\n<td>Candelaria (SSATB, \u00d3rgano)<\/td>\n<td>McDowall, Cecilia<\/td>\n<td>Oxford (9780193396982)<\/td>\n<td>GRAMO<\/td>\n<\/tr>\n<tr>\n<td>C\u00e1ntico de Sime\u00f3n (SATB)<\/td>\n<td>Hommerding, Alan J.<\/td>\n<td>WLP (008565)<\/td>\n<td>GRAMO<\/td>\n<\/tr>\n<tr>\n<td>C\u00e1ntico de Sime\u00f3n (SATB, \u00d3rgano)<\/td>\n<td>Hirten, John Karl<\/td>\n<td>GIA (3195)<\/td>\n<td>GRAMO<\/td>\n<\/tr>\n<tr>\n<td>Del despertar de la noche de los siglos (SATB, violonchelo)<\/td>\n<td>Larson, Rebeca<\/td>\n<td>WLP (009036)<\/td>\n<td>GRAMO<\/td>\n<\/tr>\n<tr>\n<td>C\u00e1ntico Evang\u00e9lico de Sime\u00f3n (SATB, Teclado, Flauta, Oboe)<\/td>\n<td>Joncas, J. Michael<\/td>\n<td>GIA (9721)<\/td>\n<td>GRAMO<\/td>\n<\/tr>\n<tr>\n<td>Hodie beata Virgo (ATTB)<\/td>\n<td>Byrd, Guillermo<\/td>\n<td>CPDL<\/td>\n<td>GRAMO<\/td>\n<\/tr>\n<tr>\n<td>Hodie beata Virgo (SAATB)<\/td>\n<td>M\u00e9rulo, Claudio.<\/td>\n<td>CPDL<\/td>\n<td>GRAMO<\/td>\n<\/tr>\n<tr>\n<td>Hodie beata Virgo (SATB)<\/td>\n<td>Arcadelt, Jacques<\/td>\n<td>CPDL<\/td>\n<td>GRAMO<\/td>\n<\/tr>\n<tr>\n<td>Hodie beata Virgo (SATB)<\/td>\n<td>Marenzio, Lucas<\/td>\n<td>CPDL<\/td>\n<td>GRAMO<\/td>\n<\/tr>\n<tr>\n<td>Hodie beata Virgo (SATB)<\/td>\n<td>Palestrina, Giovanni Pierluigi da<\/td>\n<td>CPDL<\/td>\n<td>GRAMO<\/td>\n<\/tr>\n<tr>\n<td>Hodie beata Virgo (SATB)<\/td>\n<td>Shepard, Ricardo<\/td>\n<td>CPDL<\/td>\n<td>GRAMO<\/td>\n<\/tr>\n<tr>\n<td>Hodie beata Virgo (SATB, bajo continuo)<\/td>\n<td>Constantini, Fabio<\/td>\n<td>CPDL<\/td>\n<td>GRAMO<\/td>\n<\/tr>\n<tr>\n<td>Hodie beata Virgo (SATTB)<\/td>\n<td>Giovannelli, Ruggiero<\/td>\n<td>CPDL<\/td>\n<td>GRAMO<\/td>\n<\/tr>\n<tr>\n<td>Hodie beata Virgo (SATTB)<\/td>\n<td>Gombert, Nicol\u00e1s<\/td>\n<td>CPDL<\/td>\n<td>GRAMO<\/td>\n<\/tr>\n<tr>\n<td>Hodie beata Virgo (SSATB)<\/td>\n<td>Philips, Pedro<\/td>\n<td>CPDL<\/td>\n<td>GRAMO<\/td>\n<\/tr>\n<tr>\n<td>Hodie beata Virgo (SSATB)<\/td>\n<td>Sweelinck, Jan Pieterszoon<\/td>\n<td>CPDL<\/td>\n<td>GRAMO<\/td>\n<\/tr>\n<tr>\n<td>Fue para gente mayor (un\u00edsono)<\/td>\n<td>Bell, Juan L.<\/td>\n<td>GIA (5492)<\/td>\n<td>GRAMO<\/td>\n<\/tr>\n<tr>\n<td>Alzad vuestras cabezas, oh puertas<\/td>\n<td>Croft, Guillermo<\/td>\n<td>Abingdon<\/td>\n<td>PD<\/td>\n<\/tr>\n<tr>\n<td>Levantad vuestras cabezas, oh puertas (2 partes, teclado)<\/td>\n<td>Willan, Healley<\/td>\n<td>Concordia (97-7610) en \u201cTe alabamos, Parte II\u201d<\/td>\n<td>PD<\/td>\n<\/tr>\n<tr>\n<td>Levantad vuestras cabezas, oh puertas (SATB)<\/td>\n<td>Gibbons, Orlando<\/td>\n<td>De Haske (HL.154024) en \u201cCinco himnos ingleses\u201d<\/td>\n<td>PD<\/td>\n<\/tr>\n<tr>\n<td>Levantad vuestras cabezas, oh puertas (SSATBB Solos, SATB, Strings)<\/td>\n<td>Golpe, Juan<\/td>\n<td>Manchador y campana (9790220220838)<\/td>\n<td>PD<\/td>\n<\/tr>\n<tr>\n<td>Levantad vuestras cabezas, oh puertas (SSATBB)<\/td>\n<td>Hammerschmidt, Andreas<\/td>\n<td>Theodore Presser (PR.312410800)<\/td>\n<td>PD<\/td>\n<\/tr>\n<tr>\n<td>Alzad vuestras cabezas, oh puertas del Mes\u00edas (SSATB)<\/td>\n<td>Handel, George F.<\/td>\n<td>Varios<\/td>\n<td>PD<\/td>\n<\/tr>\n<tr>\n<td>Se\u00f1or de la vida y rey de la gloria\/Dulcis Christe, O bone Deus (2 partes, \u00f3rgano)<\/td>\n<td>Grancini, Miguel \u00c1ngel<\/td>\n<td>GIA (2357)<\/td>\n<td>PD<\/td>\n<\/tr>\n<tr>\n<td>Se\u00f1or, ahora d\u00e9jame ir en paz (SATB, Piano)<\/td>\n<td>Alberty, James A.<\/td>\n<td>GIA (5031)<\/td>\n<td>GRAMO<\/td>\n<\/tr>\n<tr>\n<td>Magnificat y Nunc Dimittis (dos partes)<\/td>\n<td>Shaw, Timoteo<\/td>\n<td>Concordia (98-4141)<\/td>\n<td>GRAMO<\/td>\n<\/tr>\n<tr>\n<td>Magnificat y Nunc Dimittis (Un\u00edsono, \u00d3rgano)<\/td>\n<td>Willan, Healley<\/td>\n<td>Concordia (98-1447)<\/td>\n<td>GRAMO<\/td>\n<\/tr>\n<tr>\n<td>Magnificat y Nunc Dimittis Primer Servicio (SATB, \u00d3rgano)<\/td>\n<td>Tomkins, Thomas<\/td>\n<td>Novello (HL.14020360)<\/td>\n<td>GRAMO<\/td>\n<\/tr>\n<tr>\n<td>Magnificat y Nunc dimittis en La mayor (SATB, \u00d3rgano)<\/td>\n<td>Sumsi\u00f3n, Herbert Whitton<\/td>\n<td>GIA (6000)<\/td>\n<td>GRAMO<\/td>\n<\/tr>\n<tr>\n<td>Magnificat y Nunc Dimittis en C (SATB, \u00d3rgano)<\/td>\n<td>Tomkins, Thomas<\/td>\n<td>Novello (BT.MUSNOV441075)<\/td>\n<td>GRAMO<\/td>\n<\/tr>\n<tr>\n<td>Magnificat y Nunc Dimittis No. 2 (SATB, \u00d3rgano)<\/td>\n<td>Tomkins, Thomas<\/td>\n<td>Novello (BT.MUSNOV440889)<\/td>\n<td>GRAMO<\/td>\n<\/tr>\n<tr>\n<td>Magnificat y Nunc Dimittis: dos c\u00e1nticos para v\u00edsperas (SATB, \u00f3rgano))<\/td>\n<td>Liebre, John E.<\/td>\n<td>GIA (5479)<\/td>\n<td>GRAMO<\/td>\n<\/tr>\n<tr>\n<td>Mar\u00eda wallt zum Heiligtum (SSATBB)<\/td>\n<td>Eccard, Johannes<\/td>\n<td>CPDL<\/td>\n<td>GRAMO<\/td>\n<\/tr>\n<tr>\n<td>Nunc dimittis (Doble Coro SATB)<\/td>\n<td>Palestrina, Giovanni Pierluigi da<\/td>\n<td>GIA (9226)<\/td>\n<td>GRAMO<\/td>\n<\/tr>\n<tr>\n<td>Nunc Dimittis (SATB, piano, viol\u00edn)<\/td>\n<td>Klemp, Pedro<\/td>\n<td>Concordia (98-4144)<\/td>\n<td>GRAMO<\/td>\n<\/tr>\n<tr>\n<td>Nunc Dimittis (SATB, Solo)<\/td>\n<td>Bell, Juan L.<\/td>\n<td>GIA (5161)<\/td>\n<td>GRAMO<\/td>\n<\/tr>\n<tr>\n<td>Nunc Dimittis (SSATB)<\/td>\n<td>Siegel, Ricardo<\/td>\n<td>WLP (005284)<\/td>\n<td>GRAMO<\/td>\n<\/tr>\n<tr>\n<td>Nunc Dimittis del Servicio Corto (SATB)<\/td>\n<td>Gibbons, Orlando<\/td>\n<td>Concordia (98-4077)<\/td>\n<td>GRAMO<\/td>\n<\/tr>\n<tr>\n<td>Oh fieles, venid (SATB)<\/td>\n<td>Busarow, Donald<\/td>\n<td>Concordia (98-3507)<\/td>\n<td>GRAMO<\/td>\n<\/tr>\n<tr>\n<td>Presentaci\u00f3n de Cristo en el Templo (SSATBB)<\/td>\n<td>Eccard, Johannes<\/td>\n<td>Novello (290160NOV)<\/td>\n<td>GRAMO<\/td>\n<\/tr>\n<tr>\n<td>Canci\u00f3n de Sime\u00f3n (SATB)<\/td>\n<td>Bourgeois, Louis\/Goudimel, Claude arr.<\/td>\n<td>GIA (5467)<\/td>\n<td>GRAMO<\/td>\n<\/tr>\n<tr>\n<td>Canci\u00f3n de Sime\u00f3n: Nunc dimittis (SATB, \u00d3rgano)<\/td>\n<td>Schulz-Widmar, Russell<\/td>\n<td>GIA (3166)<\/td>\n<td>GRAMO<\/td>\n<\/tr>\n<tr>\n<td>El Canto de Sime\u00f3n (Un\u00edsono, \u00d3rgano)<\/td>\n<td>Casurella, Esteban<\/td>\n<td>Concordia (98-4210)<\/td>\n<td>GRAMO<\/td>\n<\/tr>\n<tr>\n<td>The Wells Service: Magnificat y Nunc Dimittis (SATB, \u00d3rgano))<\/td>\n<td>Arquero, Malcolm<\/td>\n<td>GIA (6495)<\/td>\n<td>GRAMO<\/td>\n<\/tr>\n<tr>\n<td>Cu\u00e1ndo fue Mar\u00eda al Templo (SATB)<\/td>\n<td>SadowskiKevin J.<\/td>\n<td>Concordia (98-3766)<\/td>\n<td>GRAMO<\/td>\n<\/tr>\n<tr>\n<td>Cuando Mar\u00eda fue al templo (SSATTB)<\/td>\n<td>Eccard, Johannes<\/td>\n<td>Concordia (98-3134)<\/td>\n<td>GRAMO<\/td>\n<\/tr>\n<\/tbody>\n<\/table>","protected":false},"excerpt":{"rendered":"<p>Choral Anthems Title (Voicing) Composer\/Arranger Publisher (Item #) Usage Alma redemptoris mater (SATB) Palestrina, Giovanni Pierluigi da CPDL G And He Shall Purify\u00a0from\u00a0Messiah (SATB, Organ) Handel, George F. Various 1 Candlemas (SSATB, Organ) McDowall, Cecilia Oxford (9780193396982) G Canticle of Simeon (SATB) Hommerding, Alan J. WLP (008565) G Canticle of Simeon (SATB, Organ) Hirten, John [&hellip;]<\/p>\n","protected":false},"author":6628,"featured_media":0,"parent":0,"menu_order":0,"comment_status":"closed","ping_status":"closed","template":"","meta":{"_acf_changed":false,"footnotes":""},"class_list":["post-13584","page","type-page","status-publish","hentry"],"acf":[],"_links":{"self":[{"href":"https:\/\/npm.org\/es\/wp-json\/wp\/v2\/pages\/13584"}],"collection":[{"href":"https:\/\/npm.org\/es\/wp-json\/wp\/v2\/pages"}],"about":[{"href":"https:\/\/npm.org\/es\/wp-json\/wp\/v2\/types\/page"}],"author":[{"embeddable":true,"href":"https:\/\/npm.org\/es\/wp-json\/wp\/v2\/users\/6628"}],"replies":[{"embeddable":true,"href":"https:\/\/npm.org\/es\/wp-json\/wp\/v2\/comments?post=13584"}],"version-history":[{"count":0,"href":"https:\/\/npm.org\/es\/wp-json\/wp\/v2\/pages\/13584\/revisions"}],"wp:attachment":[{"href":"https:\/\/npm.org\/es\/wp-json\/wp\/v2\/media?parent=13584"}],"curies":[{"name":"gracias","href":"https:\/\/api.w.org\/{rel}","templated":true}]}}