{"id":13579,"date":"2020-06-21T18:26:42","date_gmt":"2020-06-21T18:26:42","guid":{"rendered":"https:\/\/npm.org\/?page_id=13579"},"modified":"2020-06-21T18:26:42","modified_gmt":"2020-06-21T18:26:42","slug":"choral-anthems-9th-sunday-in-ordinary-time-c","status":"publish","type":"page","link":"https:\/\/npm.org\/es\/choral-anthems-9th-sunday-in-ordinary-time-c\/","title":{"rendered":"Himnos corales - 9o domingo del tiempo ordinario (C)"},"content":{"rendered":"<p><strong>Himnos corales<\/strong><\/p>\n<table style=\"width: 100%;\" border=\"1\" width=\"100%\">\n<tbody>\n<tr>\n<td width=\"456\"><strong>T\u00edtulo (Voicing)<\/strong><\/td>\n<td width=\"187\"><strong>Compositor \/ Arreglista<\/strong><\/td>\n<td width=\"187\"><strong>Editor (art\u00edculo #)<\/strong><\/td>\n<td width=\"103\"><strong>Uso<\/strong><\/td>\n<\/tr>\n<tr>\n<td>Lo mejor de las habitaciones, The (SATB)<\/td>\n<td>Cerca, Gerald<\/td>\n<td>Aureola (AE007)<\/td>\n<td>GRAMO<\/td>\n<\/tr>\n<tr>\n<td>Domine no suma digna<\/td>\n<td>Victoria, Tom\u00e1s Luis de<\/td>\n<td>GIA (1957)<\/td>\n<td>GRAMO<\/td>\n<\/tr>\n<tr>\n<td>En Ti, Se\u00f1or (SATB)<\/td>\n<td>Glarum, L.Stanley<\/td>\n<td>Compa\u00f1\u00eda de m\u00fasica Bourne.<\/td>\n<td>PD<\/td>\n<\/tr>\n<tr>\n<td>En ti, oh Se\u00f1or, pongo mi confianza (SATB)<\/td>\n<td>Roff, Jos\u00e9<\/td>\n<td>palmama<\/td>\n<td>PD<\/td>\n<\/tr>\n<tr>\n<td>En ti, oh Se\u00f1or, pongo mi confianza (Un\u00edsono, teclado)<\/td>\n<td>doblador, enero<\/td>\n<td>Augsburgo<\/td>\n<td>PD<\/td>\n<\/tr>\n<tr>\n<td>En ti, oh Se\u00f1or, he puesto mi confianza (SATB)<\/td>\n<td>Stevens, Halsey<\/td>\n<td>CF Peters (6250)<\/td>\n<td>PD<\/td>\n<\/tr>\n<tr>\n<td>En ti, oh Se\u00f1or, he confiado (SAB)<\/td>\n<td>Handel, George F.<\/td>\n<td>Theodore Presser (352-00439)<\/td>\n<td>PD<\/td>\n<\/tr>\n<tr>\n<td>Salmo 31 (SATB)<\/td>\n<td>Aguas, Mermeladas<\/td>\n<td>G. Schirmer (12006)<\/td>\n<td>PD<\/td>\n<\/tr>\n<\/tbody>\n<\/table>","protected":false},"excerpt":{"rendered":"<p>Choral Anthems Title (Voicing) Composer\/Arranger Publisher (Item #) Usage Best of Rooms, The (SATB) Near, Gerald Aureole (AE007) G Domine Non Sum Dignus Victoria, Tom\u00e1s Luis de GIA (1957) G In Thee, Lord (SATB) Glarum, L. Stanley Bourne Music Co. PS In Thee, O Lord, Do I Put My Trust (SATB) Roff, Joseph Pallma PS [&hellip;]<\/p>\n","protected":false},"author":6628,"featured_media":0,"parent":0,"menu_order":0,"comment_status":"closed","ping_status":"closed","template":"","meta":{"_acf_changed":false,"footnotes":""},"class_list":["post-13579","page","type-page","status-publish","hentry"],"acf":[],"_links":{"self":[{"href":"https:\/\/npm.org\/es\/wp-json\/wp\/v2\/pages\/13579"}],"collection":[{"href":"https:\/\/npm.org\/es\/wp-json\/wp\/v2\/pages"}],"about":[{"href":"https:\/\/npm.org\/es\/wp-json\/wp\/v2\/types\/page"}],"author":[{"embeddable":true,"href":"https:\/\/npm.org\/es\/wp-json\/wp\/v2\/users\/6628"}],"replies":[{"embeddable":true,"href":"https:\/\/npm.org\/es\/wp-json\/wp\/v2\/comments?post=13579"}],"version-history":[{"count":0,"href":"https:\/\/npm.org\/es\/wp-json\/wp\/v2\/pages\/13579\/revisions"}],"wp:attachment":[{"href":"https:\/\/npm.org\/es\/wp-json\/wp\/v2\/media?parent=13579"}],"curies":[{"name":"gracias","href":"https:\/\/api.w.org\/{rel}","templated":true}]}}