{"id":13543,"date":"2020-06-20T21:59:37","date_gmt":"2020-06-20T21:59:37","guid":{"rendered":"https:\/\/npm.org\/?page_id=13543"},"modified":"2020-06-20T21:59:37","modified_gmt":"2020-06-20T21:59:37","slug":"choral-anthems-solemnity-of-mary-mother-of-god-c","status":"publish","type":"page","link":"https:\/\/npm.org\/es\/choral-anthems-solemnity-of-mary-mother-of-god-c\/","title":{"rendered":"Himnos corales - Solemnidad de Mar\u00eda, Madre de Dios (C)"},"content":{"rendered":"<p><strong>Himnos corales<\/strong><\/p>\n<table style=\"width: 100%; height: 1868px;\" border=\"1\" width=\"100%\">\n<tbody>\n<tr style=\"height: 25px;\">\n<td style=\"height: 25px;\" width=\"456\"><strong>T\u00edtulo (Voicing)<\/strong><\/td>\n<td style=\"height: 25px;\" width=\"187\"><strong>Compositor \/ Arreglista<\/strong><\/td>\n<td style=\"height: 25px;\" width=\"187\"><strong>Editor (art\u00edculo #)<\/strong><\/td>\n<td style=\"height: 25px;\" width=\"103\"><strong>Uso<\/strong><\/td>\n<\/tr>\n<tr style=\"height: 25px;\">\n<td style=\"height: 25px;\">Bendici\u00f3n Aar\u00f3nica, La (SATB)<\/td>\n<td style=\"height: 25px;\">Willan, Healley<\/td>\n<td style=\"height: 25px;\">cf peters<\/td>\n<td style=\"height: 25px;\">1<\/td>\n<\/tr>\n<tr style=\"height: 25px;\">\n<td style=\"height: 25px;\">Dios todopoderoso, que me has tra\u00eddo (SATB)<\/td>\n<td style=\"height: 25px;\">Ford, Tom\u00e1s<\/td>\n<td style=\"height: 25px;\">CPDL<\/td>\n<td style=\"height: 25px;\">GRAMO<\/td>\n<\/tr>\n<tr style=\"height: 25px;\">\n<td style=\"height: 25px;\">Ave Mar\u00eda (SATB)<\/td>\n<td style=\"height: 25px;\">Biery, James<\/td>\n<td style=\"height: 25px;\">M\u00fasica MorningStar (80-076)<\/td>\n<td style=\"height: 25px;\">GRAMO<\/td>\n<\/tr>\n<tr style=\"height: 25px;\">\n<td style=\"height: 25px;\">Ave Mar\u00eda (SATB)<\/td>\n<td style=\"height: 25px;\">Refice, Licinio<\/td>\n<td style=\"height: 25px;\">CPDL<\/td>\n<td style=\"height: 25px;\">GRAMO<\/td>\n<\/tr>\n<tr style=\"height: 25px;\">\n<td style=\"height: 25px;\">Ave Mar\u00eda (SATB, \u00d3rgano)<\/td>\n<td style=\"height: 25px;\">Busto, Javier<\/td>\n<td style=\"height: 25px;\">Walton (WGK-122)<\/td>\n<td style=\"height: 25px;\">GRAMO<\/td>\n<\/tr>\n<tr style=\"height: 25px;\">\n<td style=\"height: 25px;\">Ave Mar\u00eda (SSAATTBB)<\/td>\n<td style=\"height: 25px;\">Rachmaninoff, Sergei<\/td>\n<td style=\"height: 25px;\">Alfredo (GRAC00006)<\/td>\n<td style=\"height: 25px;\">GRAMO<\/td>\n<\/tr>\n<tr style=\"height: 25px;\">\n<td style=\"height: 25px;\">Ave Mar\u00eda (SSATTB)<\/td>\n<td style=\"height: 25px;\">Kingsley, Douglas<\/td>\n<td style=\"height: 25px;\">Trinitas (4547)<\/td>\n<td style=\"height: 25px;\">GRAMO<\/td>\n<\/tr>\n<tr style=\"height: 25px;\">\n<td style=\"height: 25px;\">Awake, My Glory (SATB, \u00f3rgano, guitarra opcional)<\/td>\n<td style=\"height: 25px;\">Diemer, Emma Lou<\/td>\n<td style=\"height: 25px;\">Esperanza (APM-962) *<\/td>\n<td style=\"height: 25px;\">PD<\/td>\n<\/tr>\n<tr style=\"height: 25px;\">\n<td style=\"height: 25px;\">Babe Is Born in Bethlehem, A (SATB, \u00d3rgano)<\/td>\n<td style=\"height: 25px;\">Van Dyke, Paul C.<\/td>\n<td style=\"height: 25px;\">lanzallamas<\/td>\n<td style=\"height: 25px;\">mi<\/td>\n<\/tr>\n<tr style=\"height: 25px;\">\n<td style=\"height: 25px;\">He aqu\u00ed una rosa m\u00edstica (SATB, \u00f3rgano, cuarteto de cuerdas optativo)<\/td>\n<td style=\"height: 25px;\">Latona, Pedro<\/td>\n<td style=\"height: 25px;\">M\u00fasica MorningStar (50-0031)<\/td>\n<td style=\"height: 25px;\">GRAMO<\/td>\n<\/tr>\n<tr style=\"height: 25px;\">\n<td style=\"height: 25px;\">Bendici\u00f3n, La (SATB)<\/td>\n<td style=\"height: 25px;\">Nystedt, Knut<\/td>\n<td style=\"height: 25px;\">Asociado<\/td>\n<td style=\"height: 25px;\">1<\/td>\n<\/tr>\n<tr style=\"height: 25px;\">\n<td style=\"height: 25px;\">Ni\u00f1o nace en Bel\u00e9n, A (SAB, 5 campanillas)<\/td>\n<td style=\"height: 25px;\">Proulx, Richard<\/td>\n<td style=\"height: 25px;\">GIA (4156)<\/td>\n<td style=\"height: 25px;\">mi<\/td>\n<\/tr>\n<tr style=\"height: 25px;\">\n<td style=\"height: 25px;\">Ni\u00f1o nace en Bel\u00e9n, A (SATB, 8 campanillas)<\/td>\n<td style=\"height: 25px;\">arreglo Batastini, Roberto<\/td>\n<td style=\"height: 25px;\">GIA (2309)<\/td>\n<td style=\"height: 25px;\">mi<\/td>\n<\/tr>\n<tr style=\"height: 25px;\">\n<td style=\"height: 25px;\">Nace un ni\u00f1o, A (SATB, \u00f3rgano)<\/td>\n<td style=\"height: 25px;\">N\u00e9stor, Le\u00f3n<\/td>\n<td style=\"height: 25px;\">Schirmer CE (4389)<\/td>\n<td style=\"height: 25px;\">mi<\/td>\n<\/tr>\n<tr style=\"height: 25px;\">\n<td style=\"height: 25px;\">Cristianos, Despertad Saludad a la Feliz Ma\u00f1ana (SATB)<\/td>\n<td style=\"height: 25px;\">Wainwright, J. Carlos<\/td>\n<td style=\"height: 25px;\">Novello (HL.14035468)<\/td>\n<td style=\"height: 25px;\">GRAMO<\/td>\n<\/tr>\n<tr style=\"height: 25px;\">\n<td style=\"height: 25px;\">Deus, misereatur nostri (SATB)<\/td>\n<td style=\"height: 25px;\">Sch\u00fctz, Heinrich<\/td>\n<td style=\"height: 25px;\">G. Schirmer (50318360)<\/td>\n<td style=\"height: 25px;\">GRAMO<\/td>\n<\/tr>\n<tr style=\"height: 25px;\">\n<td style=\"height: 25px;\">Ecce Concipes (SATB)<\/td>\n<td style=\"height: 25px;\">Handel, Jacob<\/td>\n<td style=\"height: 25px;\">Arista (AE 243)<\/td>\n<td style=\"height: 25px;\">mi<\/td>\n<\/tr>\n<tr style=\"height: 25px;\">\n<td style=\"height: 25px;\">Ecce Concipes (SATB)<\/td>\n<td style=\"height: 25px;\">Handel, Jacob<\/td>\n<td style=\"height: 25px;\">CPDL<\/td>\n<td style=\"height: 25px;\">GRAMO<\/td>\n<\/tr>\n<tr style=\"height: 25px;\">\n<td style=\"height: 25px;\">Ecce Concipies (SATB)<\/td>\n<td style=\"height: 25px;\">Handel, Jacob<\/td>\n<td style=\"height: 25px;\">Concordia<\/td>\n<td style=\"height: 25px;\">mi<\/td>\n<\/tr>\n<tr style=\"height: 25px;\">\n<td style=\"height: 25px;\">Salmo festivo (SATB, \u00f3rgano)<\/td>\n<td style=\"height: 25px;\">Arnatt, Ronald<\/td>\n<td style=\"height: 25px;\">HW gris<\/td>\n<td style=\"height: 25px;\">PD<\/td>\n<\/tr>\n<tr style=\"height: 25px;\">\n<td style=\"height: 25px;\">Porque a nosotros nos ha nacido un ni\u00f1o (SATB, SAB)<\/td>\n<td style=\"height: 25px;\">Handel, George F.<\/td>\n<td style=\"height: 25px;\">Varios<\/td>\n<td style=\"height: 25px;\">mi<\/td>\n<\/tr>\n<tr style=\"height: 49px;\">\n<td style=\"height: 49px;\">For Unto Us A Child Is Born (SAB, soprano, alto, bajo solo, 2 violines, continuo, ingl\u00e9s\/alem\u00e1n)<\/td>\n<td style=\"height: 49px;\">Krieger, JP<\/td>\n<td style=\"height: 49px;\">Concordia<\/td>\n<td style=\"height: 49px;\">mi<\/td>\n<\/tr>\n<tr style=\"height: 25px;\">\n<td style=\"height: 25px;\">Dios sea misericordioso (SATB)<\/td>\n<td style=\"height: 25px;\">Chesnokoff, Paul<\/td>\n<td style=\"height: 25px;\">Summy-abedul<\/td>\n<td style=\"height: 25px;\">PD<\/td>\n<\/tr>\n<tr style=\"height: 25px;\">\n<td style=\"height: 25px;\">Dios tenga misericordia de nosotros (SATB, \u00f3rgano)<\/td>\n<td style=\"height: 25px;\">Ast\u00f3n, Pedro<\/td>\n<td style=\"height: 25px;\">Novello (HL.14012842)<\/td>\n<td style=\"height: 25px;\">PD<\/td>\n<\/tr>\n<tr style=\"height: 49px;\">\n<td style=\"height: 49px;\">Dios tenga misericordia de nosotros y nos bendiga (SSA, teclado)<\/td>\n<td style=\"height: 49px;\">Willan, Healley<\/td>\n<td style=\"height: 49px;\">Concordia (97-7610) en \u201cTe alabamos, Parte II\u201d<\/td>\n<td style=\"height: 49px;\">PD<\/td>\n<\/tr>\n<tr style=\"height: 25px;\">\n<td style=\"height: 25px;\">Dios sea misericordioso (SS o SA, \u00f3rgano)<\/td>\n<td style=\"height: 25px;\">Bouman, Paul<\/td>\n<td style=\"height: 25px;\">Concordia<\/td>\n<td style=\"height: 25px;\">PD<\/td>\n<\/tr>\n<tr style=\"height: 25px;\">\n<td style=\"height: 25px;\">Dios envi\u00f3 a su Hijo (SATB, \u00f3rgano\/teclado)<\/td>\n<td style=\"height: 25px;\">Gibbs, Allen Orton<\/td>\n<td style=\"height: 25px;\">Theodore Presser<\/td>\n<td style=\"height: 25px;\">2<\/td>\n<\/tr>\n<tr style=\"height: 25px;\">\n<td style=\"height: 25px;\">In dulce jubilo (SATB\/SATB)<\/td>\n<td style=\"height: 25px;\">Pretorio, Jer\u00f3nimo<\/td>\n<td style=\"height: 25px;\">GIA (2243)<\/td>\n<td style=\"height: 25px;\">GRAMO<\/td>\n<\/tr>\n<tr style=\"height: 25px;\">\n<td style=\"height: 25px;\">Que todos los pueblos te alaben, oh Dios (SATB, \u00f3rgano)<\/td>\n<td style=\"height: 25px;\">Shaw, Mart\u00edn<\/td>\n<td style=\"height: 25px;\">Novello (290484 NOV)<\/td>\n<td style=\"height: 25px;\">PD<\/td>\n<\/tr>\n<tr style=\"height: 25px;\">\n<td style=\"height: 25px;\">Que todos los pueblos te alaben (SA, \u00d3rgano)<\/td>\n<td style=\"height: 25px;\">PowellRobert J.<\/td>\n<td style=\"height: 25px;\">Concordia<\/td>\n<td style=\"height: 25px;\">PD<\/td>\n<\/tr>\n<tr style=\"height: 25px;\">\n<td style=\"height: 25px;\">Que el pueblo te alabe, oh Dios (SATB, 2 Trompetas)<\/td>\n<td style=\"height: 25px;\">Berger, Jean<\/td>\n<td style=\"height: 25px;\">tetra<\/td>\n<td style=\"height: 25px;\">PD<\/td>\n<\/tr>\n<tr style=\"height: 25px;\">\n<td style=\"height: 25px;\">Que el pueblo te alabe, oh Dios (SATB, \u00d3rgano)<\/td>\n<td style=\"height: 25px;\">Mathias, Guillermo H.<\/td>\n<td style=\"height: 25px;\">Oxford (9780193503724)<\/td>\n<td style=\"height: 25px;\">PD<\/td>\n<\/tr>\n<tr style=\"height: 25px;\">\n<td style=\"height: 25px;\">Que el pueblo te alabe, oh Dios (Al un\u00edsono, 2 violines, Continuo)<\/td>\n<td style=\"height: 25px;\">Hammerschmidt, Andreas<\/td>\n<td style=\"height: 25px;\">Concordia<\/td>\n<td style=\"height: 25px;\">PD<\/td>\n<\/tr>\n<tr style=\"height: 49px;\">\n<td style=\"height: 49px;\">Que el pueblo te alabe, oh Dios (SATB, \u00d3rgano)<\/td>\n<td style=\"height: 49px;\">Firth, Michael<\/td>\n<td style=\"height: 49px;\">RSMC en \u201cFestival Anthem Book #8\u201d<\/td>\n<td style=\"height: 49px;\">PD<\/td>\n<\/tr>\n<tr style=\"height: 25px;\">\n<td style=\"height: 25px;\">Se\u00f1or te bendiga y te guarde, El (SATB)<\/td>\n<td style=\"height: 25px;\">Lutkin, Peter C.<\/td>\n<td style=\"height: 25px;\">M\u00fasica de Boston (14019406)<\/td>\n<td style=\"height: 25px;\">1<\/td>\n<\/tr>\n<tr style=\"height: 49px;\">\n<td style=\"height: 49px;\">Se\u00f1or te bendiga y te guarde, El (SATB)<\/td>\n<td style=\"height: 49px;\">Lutkin, Peter C.<\/td>\n<td style=\"height: 49px;\">Concordia (97-6320) en \u201cThe Church Choir Book\u201d<\/td>\n<td style=\"height: 49px;\">1<\/td>\n<\/tr>\n<tr style=\"height: 25px;\">\n<td style=\"height: 25px;\">Se\u00f1or te bendiga y te guarde, The (SATB, \u00f3rgano)<\/td>\n<td style=\"height: 25px;\">Rutter, Juan<\/td>\n<td style=\"height: 25px;\">Hinshaw (HMC 570)<\/td>\n<td style=\"height: 25px;\">1<\/td>\n<\/tr>\n<tr style=\"height: 25px;\">\n<td style=\"height: 25px;\">Se\u00f1or te bendiga, El (SATB)<\/td>\n<td style=\"height: 25px;\">Mueller, Carl F.<\/td>\n<td style=\"height: 25px;\">G. Schirmer<\/td>\n<td style=\"height: 25px;\">1<\/td>\n<\/tr>\n<tr style=\"height: 25px;\">\n<td style=\"height: 25px;\">Que Dios Tenga Piedad De Nosotros (Un\u00edsono, \u00d3rgano)<\/td>\n<td style=\"height: 25px;\">SchoenFrank A.<\/td>\n<td style=\"height: 25px;\">GIA (1711)<\/td>\n<td style=\"height: 25px;\">PD<\/td>\n<\/tr>\n<tr style=\"height: 25px;\">\n<td style=\"height: 25px;\">Que el pueblo te alabe, oh Dios (2 partes, teclado)<\/td>\n<td style=\"height: 25px;\">GiesekeRichard W.<\/td>\n<td style=\"height: 25px;\">Concordia (98-2929)<\/td>\n<td style=\"height: 25px;\">PD<\/td>\n<\/tr>\n<tr style=\"height: 49px;\">\n<td style=\"height: 49px;\">Oh Dios, s\u00e9 misericordioso (SATB, teclado\/\u00f3rgano)<\/td>\n<td style=\"height: 49px;\">Tye, Christopher<\/td>\n<td style=\"height: 49px;\">Oxford (9780193534070) en \u201cUn himno del siglo XVI\u201d<\/td>\n<td style=\"height: 49px;\">PD<\/td>\n<\/tr>\n<tr style=\"height: 25px;\">\n<td style=\"height: 25px;\">Del Padre Amor Engendrado<\/td>\n<td style=\"height: 25px;\">Grotenhuis, Dale<\/td>\n<td style=\"height: 25px;\">Theodore Presser<\/td>\n<td style=\"height: 25px;\">2<\/td>\n<\/tr>\n<tr style=\"height: 25px;\">\n<td style=\"height: 25px;\">Del Padre Amor Engendrado (SAB, \u00d3rgano)<\/td>\n<td style=\"height: 25px;\">Isele, David Clark<\/td>\n<td style=\"height: 25px;\">Schirmer CE (7071)<\/td>\n<td style=\"height: 25px;\">2<\/td>\n<\/tr>\n<tr style=\"height: 25px;\">\n<td style=\"height: 25px;\">Del Padre Amor Engendrado (SATB)<\/td>\n<td style=\"height: 25px;\">PelzWalter L.<\/td>\n<td style=\"height: 25px;\">Augsburgo<\/td>\n<td style=\"height: 25px;\">2<\/td>\n<\/tr>\n<tr style=\"height: 25px;\">\n<td style=\"height: 25px;\">Del Padre Amor Engendrado (SATB)<\/td>\n<td style=\"height: 25px;\">joven, roberto h.<\/td>\n<td style=\"height: 25px;\">Colla Voce (55-54122)<\/td>\n<td style=\"height: 25px;\">2<\/td>\n<\/tr>\n<tr style=\"height: 49px;\">\n<td style=\"height: 49px;\">Of Woman Born (2 partes, coro de ni\u00f1os, flauta, oboe, fagot, teclado)<\/td>\n<td style=\"height: 49px;\">O&#039;Brien, Francis Patrick<\/td>\n<td style=\"height: 49px;\">GIA (5916)<\/td>\n<td style=\"height: 49px;\">GRAMO<\/td>\n<\/tr>\n<tr style=\"height: 25px;\">\n<td style=\"height: 25px;\">Gente que andaba en tinieblas, La (SAB)<\/td>\n<td style=\"height: 25px;\">GiesekeRichard W.<\/td>\n<td style=\"height: 25px;\">Concordia<\/td>\n<td style=\"height: 25px;\">mi<\/td>\n<\/tr>\n<tr style=\"height: 25px;\">\n<td style=\"height: 25px;\">Salmo 67 (Unison\/SATB, opt. Flauta, Handbells)<\/td>\n<td style=\"height: 25px;\">Horman, John D.<\/td>\n<td style=\"height: 25px;\">Gremio de coristas (CGA 589)<\/td>\n<td style=\"height: 25px;\">PD<\/td>\n<\/tr>\n<tr style=\"height: 25px;\">\n<td style=\"height: 25px;\">Salmo 67 (SAB, \u00d3rgano)<\/td>\n<td style=\"height: 25px;\">Madera, Dale<\/td>\n<td style=\"height: 25px;\">Augsburgo<\/td>\n<td style=\"height: 25px;\">PD<\/td>\n<\/tr>\n<tr style=\"height: 25px;\">\n<td style=\"height: 25px;\">Salmo 67 (SATB, Glockenspiel, Contrabajo, \u00d3rgano)<\/td>\n<td style=\"height: 25px;\">Zimmermann, Heinz Werner<\/td>\n<td style=\"height: 25px;\">Carl Fischer<\/td>\n<td style=\"height: 25px;\">PD<\/td>\n<\/tr>\n<tr style=\"height: 25px;\">\n<td style=\"height: 25px;\">Puer Natus Est Nobis (SAB)<\/td>\n<td style=\"height: 25px;\">Morales, Crist\u00f3bal<\/td>\n<td style=\"height: 25px;\">GIA (4154)<\/td>\n<td style=\"height: 25px;\">mi<\/td>\n<\/tr>\n<tr style=\"height: 25px;\">\n<td style=\"height: 25px;\">Puer Natus en Bel\u00e9n (SATB, Instrumento en Do, Continuo)<\/td>\n<td style=\"height: 25px;\">Werner, Gregor<\/td>\n<td style=\"height: 25px;\">GIA (3034)<\/td>\n<td style=\"height: 25px;\">mi<\/td>\n<\/tr>\n<tr style=\"height: 25px;\">\n<td style=\"height: 25px;\">Canto de Mar\u00eda, Pura y Humilde (SATB, teclado)<\/td>\n<td style=\"height: 25px;\">Armstrong, Mateo<\/td>\n<td style=\"height: 25px;\">Concordia (98-3366)<\/td>\n<td style=\"height: 25px;\">GRAMO<\/td>\n<\/tr>\n<tr style=\"height: 25px;\">\n<td style=\"height: 25px;\">Salmo 67 (SATB)<\/td>\n<td style=\"height: 25px;\">Ives, Carlos<\/td>\n<td style=\"height: 25px;\">Asociado (50229320)<\/td>\n<td style=\"height: 25px;\">PD<\/td>\n<\/tr>\n<tr style=\"height: 25px;\">\n<td style=\"height: 25px;\">Tres motetes, op. 259: Se\u00f1or, ten misericordia de nosotros (SATB)<\/td>\n<td style=\"height: 25px;\">Hovhaness, Alan<\/td>\n<td style=\"height: 25px;\">Hermanos Broude (BB-RM3526) *<\/td>\n<td style=\"height: 25px;\">PD<\/td>\n<\/tr>\n<tr style=\"height: 25px;\">\n<td style=\"height: 25px;\">A nosotros nos ha nacido un ni\u00f1o (SATB, \u00f3rgano)<\/td>\n<td style=\"height: 25px;\">Sch\u00fctz, Heinrich<\/td>\n<td style=\"height: 25px;\">Concordia<\/td>\n<td style=\"height: 25px;\">mi<\/td>\n<\/tr>\n<tr style=\"height: 25px;\">\n<td style=\"height: 25px;\">Dos himnos en modo d\u00f3rico: Oh Mar\u00eda de todas las mujeres (SATB)<\/td>\n<td style=\"height: 25px;\">arreglo Jenkins, Joseph Wilcox<\/td>\n<td style=\"height: 25px;\">WLP (D-e01681)<\/td>\n<td style=\"height: 25px;\">GRAMO<\/td>\n<\/tr>\n<tr style=\"height: 25px;\">\n<td style=\"height: 25px;\">Nos ha nacido un ni\u00f1o (SATB, Continuo)<\/td>\n<td style=\"height: 25px;\">Franck, Melchor<\/td>\n<td style=\"height: 25px;\">Carus-Verlag (CA.131100)<\/td>\n<td style=\"height: 25px;\">mi<\/td>\n<\/tr>\n<tr style=\"height: 49px;\">\n<td style=\"height: 49px;\">Nos ha nacido un ni\u00f1o (SSA, teclado)<\/td>\n<td style=\"height: 49px;\">Willan, Healley<\/td>\n<td style=\"height: 49px;\">Concordia (97-7564) en \u201cTe alabamos, Parte I\u201d<\/td>\n<td style=\"height: 49px;\">mi<\/td>\n<\/tr>\n<tr style=\"height: 25px;\">\n<td style=\"height: 25px;\">Virga Jesse (SATB)<\/td>\n<td style=\"height: 25px;\">Bruckner, Ant\u00f3n<\/td>\n<td style=\"height: 25px;\">CPDL<\/td>\n<td style=\"height: 25px;\">GRAMO<\/td>\n<\/tr>\n<tr style=\"height: 25px;\">\n<td style=\"height: 25px;\">Virgin Born Nos inclinamos ante ti (SATB)<\/td>\n<td style=\"height: 25px;\">ChepponisJames J.<\/td>\n<td style=\"height: 25px;\">GIA (3296)<\/td>\n<td style=\"height: 25px;\">GRAMO<\/td>\n<\/tr>\n<tr style=\"height: 25px;\">\n<td style=\"height: 25px;\">Virgin Mary Had a Baby Boy, The (SATB, teclado, trompeta opcional)<\/td>\n<td style=\"height: 25px;\">Trapp, Lynn M.<\/td>\n<td style=\"height: 25px;\">M\u00fasica MorningStar (50-1701)<\/td>\n<td style=\"height: 25px;\">GRAMO<\/td>\n<\/tr>\n<tr style=\"height: 25px;\">\n<td style=\"height: 25px;\">What Child Is This (SAB, guitarra, flauta, teclado)<\/td>\n<td style=\"height: 25px;\">arreglo Batastini, Roberto<\/td>\n<td style=\"height: 25px;\">GIA (5364)<\/td>\n<td style=\"height: 25px;\">GRAMO<\/td>\n<\/tr>\n<tr style=\"height: 25px;\">\n<td style=\"height: 25px;\">\u00bfQue ni\u00f1o es este? (SATB)<\/td>\n<td style=\"height: 25px;\">arreglo tierra de guerra, dale<\/td>\n<td style=\"height: 25px;\">Hal Leonard (08595510)<\/td>\n<td style=\"height: 25px;\">GRAMO<\/td>\n<\/tr>\n<tr style=\"height: 25px;\">\n<td style=\"height: 25px;\">\u00bfQue ni\u00f1o es este? (SATB)<\/td>\n<td style=\"height: 25px;\">Lehman, Roberto<\/td>\n<td style=\"height: 25px;\">Bossey y Hawkes<\/td>\n<td style=\"height: 25px;\">GRAMO<\/td>\n<\/tr>\n<tr style=\"height: 25px;\">\n<td style=\"height: 25px;\">\u00bfQue ni\u00f1o es este? (SATB, teclado)<\/td>\n<td style=\"height: 25px;\">arreglo Isele, David Clark<\/td>\n<td style=\"height: 25px;\">GIA (3547)<\/td>\n<td style=\"height: 25px;\">GRAMO<\/td>\n<\/tr>\n<tr style=\"height: 25px;\">\n<td style=\"height: 25px;\">\u00bfQue ni\u00f1o es este? (SATB, \u00d3rgano, Cuerdas)<\/td>\n<td style=\"height: 25px;\">arreglo PowellRobert J.<\/td>\n<td style=\"height: 25px;\">GIA (2446)<\/td>\n<td style=\"height: 25px;\">GRAMO<\/td>\n<\/tr>\n<\/tbody>\n<\/table>","protected":false},"excerpt":{"rendered":"<p>Choral Anthems Title (Voicing) Composer\/Arranger Publisher (Item #) Usage Aaronic\u00a0Blessing, The\u00a0 (SATB) Willan, Healey C. F. Peters 1 Almighty God, Which Hast Me Brought (SATB) Ford, Thomas CPDL G Ave Maria (SATB) Biery, James MorningStar Music (80-076) G Ave Maria (SATB) Refice, Licinio CPDL G Ave Maria (SATB, Organ) Busto, Javier Walton (WGK-122) G Ave [&hellip;]<\/p>\n","protected":false},"author":6628,"featured_media":0,"parent":0,"menu_order":0,"comment_status":"closed","ping_status":"closed","template":"","meta":{"_acf_changed":false,"footnotes":""},"class_list":["post-13543","page","type-page","status-publish","hentry"],"acf":[],"_links":{"self":[{"href":"https:\/\/npm.org\/es\/wp-json\/wp\/v2\/pages\/13543"}],"collection":[{"href":"https:\/\/npm.org\/es\/wp-json\/wp\/v2\/pages"}],"about":[{"href":"https:\/\/npm.org\/es\/wp-json\/wp\/v2\/types\/page"}],"author":[{"embeddable":true,"href":"https:\/\/npm.org\/es\/wp-json\/wp\/v2\/users\/6628"}],"replies":[{"embeddable":true,"href":"https:\/\/npm.org\/es\/wp-json\/wp\/v2\/comments?post=13543"}],"version-history":[{"count":0,"href":"https:\/\/npm.org\/es\/wp-json\/wp\/v2\/pages\/13543\/revisions"}],"wp:attachment":[{"href":"https:\/\/npm.org\/es\/wp-json\/wp\/v2\/media?parent=13543"}],"curies":[{"name":"gracias","href":"https:\/\/api.w.org\/{rel}","templated":true}]}}