{"id":13529,"date":"2020-06-20T20:52:47","date_gmt":"2020-06-20T20:52:47","guid":{"rendered":"https:\/\/npm.org\/?page_id=13529"},"modified":"2020-06-20T20:52:47","modified_gmt":"2020-06-20T20:52:47","slug":"choral-anthems-holy-thursday-mass-of-the-lords-supper-c","status":"publish","type":"page","link":"https:\/\/npm.org\/es\/choral-anthems-holy-thursday-mass-of-the-lords-supper-c\/","title":{"rendered":"Himnos corales - Jueves Santo: Misa de la Cena del Se\u00f1or (C)"},"content":{"rendered":"<p><strong>Himnos corales<\/strong><\/p>\n<table style=\"width: 100%;\" border=\"1\" width=\"100%\">\n<tbody>\n<tr>\n<td width=\"456\"><strong>T\u00edtulo (Voicing)<\/strong><\/td>\n<td width=\"187\"><strong>Compositor \/ Arreglista<\/strong><\/td>\n<td width=\"187\"><strong>Editor (art\u00edculo #)<\/strong><\/td>\n<td width=\"103\"><strong>Uso<\/strong><\/td>\n<\/tr>\n<tr>\n<td>Un Nuevo Mandamiento (SATB)<\/td>\n<td>Arquero, Malcolm<\/td>\n<td>Kevin Mayhew (5101003)<\/td>\n<td>GRAMO<\/td>\n<\/tr>\n<tr>\n<td>Anima Christi (SATB, \u00f3rgano)<\/td>\n<td>Thatcher, Carlos<\/td>\n<td>Trinitas (30103363)<\/td>\n<td>GRAMO<\/td>\n<\/tr>\n<tr>\n<td>Ave verum (SATB)<\/td>\n<td>Faure, Gabriel<\/td>\n<td>Schirmer CE (5964)<\/td>\n<td>2<\/td>\n<\/tr>\n<tr>\n<td>Ave verum (SATB)<\/td>\n<td>Peters, Flor<\/td>\n<td>Editores Nacionales de M\u00fasica (08761206)<\/td>\n<td>2<\/td>\n<\/tr>\n<tr>\n<td>Ave verum (SATB)<\/td>\n<td>Robinson, Lorenzo<\/td>\n<td>Publicaciones musicales de la Alianza (AMP 0621)<\/td>\n<td>2<\/td>\n<\/tr>\n<tr>\n<td>Ave verum (SATB, teclado opcional)<\/td>\n<td>Saint Saens, Camille<\/td>\n<td>M\u00fasica MorningStar (50-3005)<\/td>\n<td>2<\/td>\n<\/tr>\n<tr>\n<td>Ave verum (SATB, Sop Solo, \u00d3rgano)<\/td>\n<td>Elgar, Eduardo<\/td>\n<td>CPDL<\/td>\n<td>2<\/td>\n<\/tr>\n<tr>\n<td>Ave verum corpus (SATB)<\/td>\n<td>Garau, Mariano<\/td>\n<td>CPDL<\/td>\n<td>GRAMO<\/td>\n<\/tr>\n<tr>\n<td>Ave verum Corpus (SATB)<\/td>\n<td>Byrd, Guillermo<\/td>\n<td>CPDL<\/td>\n<td>GRAMO<\/td>\n<\/tr>\n<tr>\n<td>Ave verum Corpus (SATB, \u00d3rgano)<\/td>\n<td>Mozart, Wolfgang A.<\/td>\n<td>CPDL<\/td>\n<td>2<\/td>\n<\/tr>\n<tr>\n<td>Ave verum Corpus (SSA)<\/td>\n<td>Poulenc, Francisco<\/td>\n<td>Salaberto (HL.50498640)<\/td>\n<td>2<\/td>\n<\/tr>\n<tr>\n<td>ave verum<\/td>\n<td>Gontijo, Flavio<\/td>\n<td>Prensa Cantus Quercus<\/td>\n<td>2<\/td>\n<\/tr>\n<tr>\n<td>Ave verum (SATB, \u00d3rgano)<\/td>\n<td>Mawby, Colin<\/td>\n<td>Kevin Mayhew (KM142)<\/td>\n<td>2<\/td>\n<\/tr>\n<tr>\n<td>Ave verum Corpus (SATB)<\/td>\n<td>Byrd, Guillermo<\/td>\n<td>Oxford (9780193520066)<\/td>\n<td>2<\/td>\n<\/tr>\n<tr>\n<td>Fiesta del Amor se Difunde, La (SATB, \u00d3rgano)<\/td>\n<td>Scott, K. Lee<\/td>\n<td>M\u00fasica MorningStar (50-8305)<\/td>\n<td>2<\/td>\n<\/tr>\n<tr>\n<td>Himnos del Viernes Santo (Bari Solo, SATB)<\/td>\n<td>PowellRobert J.<\/td>\n<td>Selah (405-456)<\/td>\n<td>mi<\/td>\n<\/tr>\n<tr>\n<td>Himnos del Viernes Santo (SATB, violonchelo)<\/td>\n<td>Schulz-Widmar, Russell<\/td>\n<td>GIA (4390)<\/td>\n<td>mi<\/td>\n<\/tr>\n<tr>\n<td>Heavenly Word, The (SATB, \u00f3rgano)<\/td>\n<td>Nixon, junio<\/td>\n<td>St. James Press<\/td>\n<td>2<\/td>\n<\/tr>\n<tr>\n<td>Os doy un mandamiento nuevo (SATB, \u00d3rgano)<\/td>\n<td>Nardone, Pedro<\/td>\n<td>GIA (6550)<\/td>\n<td>GRAMO<\/td>\n<\/tr>\n<tr>\n<td>En Monte Oliveti (TTB)<\/td>\n<td>Martini, Giovanni Battista<\/td>\n<td>CPDL<\/td>\n<td>GRAMO<\/td>\n<\/tr>\n<tr>\n<td>En tu amor por todos nosotros (SATB)<\/td>\n<td>Thompson, J. Michael<\/td>\n<td>WLP (005305)<\/td>\n<td>GRAMO<\/td>\n<\/tr>\n<tr>\n<td>Se\u00f1or de se\u00f1ores, adorado por los \u00e1ngeles (SATB, \u00f3rgano)<\/td>\n<td>Bouman, Paul<\/td>\n<td>M\u00fasica MorningStar (50-9025)<\/td>\n<td>GRAMO<\/td>\n<\/tr>\n<tr>\n<td>Se\u00f1or, a tu fiesta venimos (SATB, ppt. \u00d3rgano)<\/td>\n<td>Lvov, Alexis Fi\u00f3dorovich<\/td>\n<td>GIA (4434)<\/td>\n<td>GRAMO<\/td>\n<\/tr>\n<tr>\n<td>Mandatum Novum (SATB)<\/td>\n<td>Mayernik, Luke<\/td>\n<td>Trinitas (30105766)<\/td>\n<td>GRAMO<\/td>\n<\/tr>\n<tr>\n<td>Nos autem gloriari (SATB)<\/td>\n<td>Anerio, Felice<\/td>\n<td>Arista (AE 256)<\/td>\n<td>mi<\/td>\n<\/tr>\n<tr>\n<td>O esca viatorum (SATB)<\/td>\n<td>Haydn, Johann Michael<\/td>\n<td>CPDL<\/td>\n<td>GRAMO<\/td>\n<\/tr>\n<tr>\n<td>O esca viatorum (SATB)<\/td>\n<td>Isaac, Enrique<\/td>\n<td>CPDL<\/td>\n<td>GRAMO<\/td>\n<\/tr>\n<tr>\n<td>O sacrum convivium (SAATB)<\/td>\n<td>Tallis, Thomas<\/td>\n<td>Oxford (9780193521612)<\/td>\n<td>GRAMO<\/td>\n<\/tr>\n<tr>\n<td>O sacro convivium (SATB)<\/td>\n<td>Biery, James<\/td>\n<td>M\u00fasica MorningStar (50-8311)<\/td>\n<td>GRAMO<\/td>\n<\/tr>\n<tr>\n<td>O sacro convivium (SATB)<\/td>\n<td>Croce, Juan<\/td>\n<td>CPDL<\/td>\n<td>GRAMO<\/td>\n<\/tr>\n<tr>\n<td>O sacro convivium (SATB)<\/td>\n<td>Marenzio, Lucas<\/td>\n<td>CPDL<\/td>\n<td>GRAMO<\/td>\n<\/tr>\n<tr>\n<td>O sacro convivium (SATB)<\/td>\n<td>Messiaen, Oliver<\/td>\n<td>Durand (50565707)<\/td>\n<td>GRAMO<\/td>\n<\/tr>\n<tr>\n<td>O sacro convivium (SATB)<\/td>\n<td>PetrichRoger T.<\/td>\n<td>Selah (410-462)<\/td>\n<td>GRAMO<\/td>\n<\/tr>\n<tr>\n<td>O sacro convivium (SATB)<\/td>\n<td>Viadana, Ludovico da<\/td>\n<td>CPDL<\/td>\n<td>GRAMO<\/td>\n<\/tr>\n<tr>\n<td>O sacro convivium (SATB)<\/td>\n<td>Victoria, Tom\u00e1s Luis de<\/td>\n<td>Ediciones Peters (NDC037)<\/td>\n<td>GRAMO<\/td>\n<\/tr>\n<tr>\n<td>O sacro convivium (SATB)<\/td>\n<td>Victoria, Tom\u00e1s Luis de<\/td>\n<td>Stainer &amp; Bell (9790220210082) en \u201cLaudate Pueri\u201d<\/td>\n<td>GRAMO<\/td>\n<\/tr>\n<tr>\n<td>Del Glorioso Cuerpo Relato<\/td>\n<td>Victoria, Tom\u00e1s Luis de<\/td>\n<td>Augsburgo<\/td>\n<td>2<\/td>\n<\/tr>\n<tr>\n<td>Relato del Cuerpo Glorioso (SATB, \u00d3rgano)<\/td>\n<td>Victoria, Tom\u00e1s Luis de<\/td>\n<td>St. James Press<\/td>\n<td>2<\/td>\n<\/tr>\n<tr>\n<td>Pange lingua (SATB)<\/td>\n<td>Bruckner, Ant\u00f3n<\/td>\n<td>GIA (6481)<\/td>\n<td>GRAMO<\/td>\n<\/tr>\n<tr>\n<td>Pange lingua gloriosi (SATB)<\/td>\n<td>Victoria, Tom\u00e1s Luis de<\/td>\n<td>CPDL<\/td>\n<td>GRAMO<\/td>\n<\/tr>\n<tr>\n<td>Panis angelicus (SATB)<\/td>\n<td>Casciolini, Claudio<\/td>\n<td>CPDL<\/td>\n<td>S,G<\/td>\n<\/tr>\n<tr>\n<td>Panis angelicus (SATB)<\/td>\n<td>Lambillotte, Luis<\/td>\n<td>CPDL<\/td>\n<td>S,G<\/td>\n<\/tr>\n<tr>\n<td>Panis angelicus (SATB)<\/td>\n<td>Palestrina, Giovanni Pierluigi da<\/td>\n<td>GIA (2003)<\/td>\n<td>S,G<\/td>\n<\/tr>\n<tr>\n<td>Panis angelicus (SATB, \u00d3rgano)<\/td>\n<td>Saint Sa\u00ebns, Camille<\/td>\n<td>Oxford (9780193531093) en \u201cThe New Church Anthem Book\u201d<\/td>\n<td>S,G<\/td>\n<\/tr>\n<tr>\n<td>Panis angelicus (Solo de diez, SATB, \u00d3rgano, Cuerdas, Opc. Arpa)<\/td>\n<td>Franck, C\u00e9sar\/Proulx, Richard arr.<\/td>\n<td>GIA (5572)<\/td>\n<td>S,G<\/td>\n<\/tr>\n<tr>\n<td>Panis angelicus (Unison, SA, TB, SATB, \u00f3rgano\/teclado)<\/td>\n<td>Franck, C\u00e9sar<\/td>\n<td>Varios<\/td>\n<td>S,G<\/td>\n<\/tr>\n<tr>\n<td>La paz es mi \u00faltimo regalo para ti (bajo solo, un\u00edsono, \u00f3rgano)<\/td>\n<td>PowellRobert J.<\/td>\n<td>Par\u00e1clito (PPM00108)<\/td>\n<td>GRAMO<\/td>\n<\/tr>\n<tr>\n<td>Tantum Ergo de \u201cQuatre Motets sur des Th\u00e8mes Gr\u00e9gorien, Opus 10\u201d (SATB)<\/td>\n<td>Durufl\u00e9, Mauricio<\/td>\n<td>Durand (50565712)<\/td>\n<td>GRAMO<\/td>\n<\/tr>\n<tr>\n<td>Tristis est anima mea (3 partes)<\/td>\n<td>Martini, Giovanni Battista<\/td>\n<td>CPDL<\/td>\n<td>GRAMO<\/td>\n<\/tr>\n<tr>\n<td>Tristis est anima mea (SSATB o SAATB)<\/td>\n<td>Kuhnau, Johann<\/td>\n<td>CPDL<\/td>\n<td>GRAMO<\/td>\n<\/tr>\n<tr>\n<td>Tristis est anima mea (TTB)<\/td>\n<td>Martini, Giovanni Battista<\/td>\n<td>CPDL<\/td>\n<td>GRAMO<\/td>\n<\/tr>\n<tr>\n<td>Ubi caritas (SATB)<\/td>\n<td>Biery, James<\/td>\n<td>M\u00fasica MorningStar (50-3055)<\/td>\n<td>GRAMO<\/td>\n<\/tr>\n<tr>\n<td>Ubi caritas (SATB)<\/td>\n<td>Durufl\u00e9, Mauricio<\/td>\n<td>Durand (DF01390101)<\/td>\n<td>GRAMO<\/td>\n<\/tr>\n<tr>\n<td>Ubi caritas (SATB)<\/td>\n<td>Gjeilo, Ola<\/td>\n<td>Walton (WW1386)<\/td>\n<td>GRAMO<\/td>\n<\/tr>\n<tr>\n<td>Ubi caritas (SATB)<\/td>\n<td>Langlais, Jean<\/td>\n<td>Fred Bock (HL08738839)<\/td>\n<td>GRAMO<\/td>\n<\/tr>\n<tr>\n<td>Ubi caritas (SATB)<\/td>\n<td>Raminsh, Imant<\/td>\n<td>Boosey &amp; Hawkes (48021164)<\/td>\n<td>GRAMO<\/td>\n<\/tr>\n<tr>\n<td>Ubi caritas (SATB)<\/td>\n<td>Wapell, Richard J.<\/td>\n<td>M\u00fasica MorningStar (80-308)<\/td>\n<td>GRAMO<\/td>\n<\/tr>\n<tr>\n<td>Ubi caritas est vera (SATB)<\/td>\n<td>Giles, Randall<\/td>\n<td>Par\u00e1clito (PPM09216)<\/td>\n<td>GRAMO<\/td>\n<\/tr>\n<tr>\n<td>Verbum Caro, Panem Verum (SSAATB)<\/td>\n<td>franc\u00e9s, Pablo<\/td>\n<td>WLP (008743)<\/td>\n<td>GRAMO<\/td>\n<\/tr>\n<tr>\n<td>De cierto, de cierto os digo (SATB)<\/td>\n<td>Tallis, Thomas<\/td>\n<td>CPDL<\/td>\n<td>GRAMO<\/td>\n<\/tr>\n<tr>\n<td>Nos gloriamos en tu cruz (SAB)<\/td>\n<td>Pearson, Donald<\/td>\n<td>Trinitas (4537)<\/td>\n<td>mi<\/td>\n<\/tr>\n<tr>\n<td>Debemos gloriarnos en la cruz (SATB)<\/td>\n<td>Chiusano, Gerard<\/td>\n<td>OCP (10884)<\/td>\n<td>GRAMO<\/td>\n<\/tr>\n<tr>\n<td>\u00bfQu\u00e9 dar\u00e9 al Se\u00f1or? (SATB)<\/td>\n<td>Tiefenbach, Pedro<\/td>\n<td>Augsburgo (9786000176006)<\/td>\n<td>PD<\/td>\n<\/tr>\n<tr>\n<td>Donde prevalecen la caridad y el amor (SATB, \u00f3rgano)<\/td>\n<td>Benoit, Paul\/Vermulst, Jan arr.<\/td>\n<td>WLP (001335)<\/td>\n<td>GRAMO<\/td>\n<\/tr>\n<\/tbody>\n<\/table>","protected":false},"excerpt":{"rendered":"<p>Choral Anthems Title (Voicing) Composer\/Arranger Publisher (Item #) Usage A New Commandment (SATB) Archer, Malcolm Kevin Mayhew (5101003) G Anima Christi (SATB, Organ) Thatcher, Charles Trinitas (30103363) G Ave verum (SATB) Faur\u00e9, Gabriel E. C. Schirmer (5964) 2 Ave verum (SATB) Peeters, Flor National Music Publishers (08761206) 2 Ave verum (SATB) Robison, Lawrence Alliance Music [&hellip;]<\/p>\n","protected":false},"author":6628,"featured_media":0,"parent":0,"menu_order":0,"comment_status":"closed","ping_status":"closed","template":"","meta":{"_acf_changed":false,"footnotes":""},"class_list":["post-13529","page","type-page","status-publish","hentry"],"acf":[],"_links":{"self":[{"href":"https:\/\/npm.org\/es\/wp-json\/wp\/v2\/pages\/13529"}],"collection":[{"href":"https:\/\/npm.org\/es\/wp-json\/wp\/v2\/pages"}],"about":[{"href":"https:\/\/npm.org\/es\/wp-json\/wp\/v2\/types\/page"}],"author":[{"embeddable":true,"href":"https:\/\/npm.org\/es\/wp-json\/wp\/v2\/users\/6628"}],"replies":[{"embeddable":true,"href":"https:\/\/npm.org\/es\/wp-json\/wp\/v2\/comments?post=13529"}],"version-history":[{"count":0,"href":"https:\/\/npm.org\/es\/wp-json\/wp\/v2\/pages\/13529\/revisions"}],"wp:attachment":[{"href":"https:\/\/npm.org\/es\/wp-json\/wp\/v2\/media?parent=13529"}],"curies":[{"name":"gracias","href":"https:\/\/api.w.org\/{rel}","templated":true}]}}