{"id":13485,"date":"2020-06-20T16:57:05","date_gmt":"2020-06-20T16:57:05","guid":{"rendered":"https:\/\/npm.org\/?page_id=13485"},"modified":"2022-02-09T15:41:39","modified_gmt":"2022-02-09T15:41:39","slug":"choral-anthems-all-saints-c","status":"publish","type":"page","link":"https:\/\/npm.org\/es\/choral-anthems-all-saints-c\/","title":{"rendered":"Himnos corales - Todos los santos (C)"},"content":{"rendered":"<p><strong>Himnos corales<\/strong><\/p>\n<table style=\"width: 100%; height: 1584px;\" border=\"1\" width=\"100%\">\n<tbody>\n<tr style=\"height: 24px;\">\n<td style=\"height: 24px;\" width=\"456\"><strong>T\u00edtulo (Voicing)<\/strong><\/td>\n<td style=\"height: 24px;\" width=\"187\"><strong>Compositor \/ Arreglista<\/strong><\/td>\n<td style=\"height: 24px;\" width=\"187\"><strong>Editor (art\u00edculo #)<\/strong><\/td>\n<td style=\"height: 24px;\" width=\"103\"><strong>Uso<\/strong><\/td>\n<\/tr>\n<tr style=\"height: 48px;\">\n<td style=\"height: 48px;\">En el r\u00edo (SATB)<\/td>\n<td style=\"height: 48px;\">Copland, Aar\u00f3n<\/td>\n<td style=\"height: 48px;\">Boosey y Hawkes (M051455133)<\/td>\n<td style=\"height: 48px;\">1<\/td>\n<\/tr>\n<tr style=\"height: 24px;\">\n<td style=\"height: 24px;\">Bienaventuranzas de Juan (SATB, \u00d3rgano)<\/td>\n<td style=\"height: 24px;\">Pfautsch, Lloyd<\/td>\n<td style=\"height: 24px;\">Lanzallamas (84903) *<\/td>\n<td style=\"height: 24px;\">GRAMO<\/td>\n<\/tr>\n<tr style=\"height: 24px;\">\n<td style=\"height: 24px;\">Bienaventuranzas, El (Bari Solo, SATB, \u00d3rgano)<\/td>\n<td style=\"height: 24px;\">Liszt, Franz<\/td>\n<td style=\"height: 24px;\">CE Schirmer (8481)<\/td>\n<td style=\"height: 24px;\">GRAMO<\/td>\n<\/tr>\n<tr style=\"height: 24px;\">\n<td style=\"height: 24px;\">Bienaventuranzas, El (SATB, \u00d3rgano)<\/td>\n<td style=\"height: 24px;\">Callahan, Carlos<\/td>\n<td style=\"height: 24px;\">Concordia (98-3760)<\/td>\n<td style=\"height: 24px;\">GRAMO<\/td>\n<\/tr>\n<tr style=\"height: 24px;\">\n<td style=\"height: 24px;\">Bienaventuranzas, El (SATB, \u00d3rgano)<\/td>\n<td style=\"height: 24px;\">Fetler, Pablo<\/td>\n<td style=\"height: 24px;\">Augsburgo<\/td>\n<td style=\"height: 24px;\">GRAMO<\/td>\n<\/tr>\n<tr style=\"height: 48px;\">\n<td style=\"height: 48px;\">Bienaventuranzas, The (SATTBB, Tenor Solo, \u00d3rgano)<\/td>\n<td style=\"height: 48px;\">Tschesnokoff, Paul<\/td>\n<td style=\"height: 48px;\">J. Fischer<\/td>\n<td style=\"height: 48px;\">GRAMO<\/td>\n<\/tr>\n<tr style=\"height: 24px;\">\n<td style=\"height: 24px;\">Bienaventuranzas, Las (SSAATTBB)<\/td>\n<td style=\"height: 24px;\">York, David Stanley<\/td>\n<td style=\"height: 24px;\">Mercurio<\/td>\n<td style=\"height: 24px;\">GRAMO<\/td>\n<\/tr>\n<tr style=\"height: 24px;\">\n<td style=\"height: 24px;\">Bienaventuranzas, Las (SSAATTBB, Teclado)<\/td>\n<td style=\"height: 24px;\">Glarum, L.Stanley<\/td>\n<td style=\"height: 24px;\">Hall y McCreary<\/td>\n<td style=\"height: 24px;\">GRAMO<\/td>\n<\/tr>\n<tr style=\"height: 48px;\">\n<td style=\"height: 48px;\">Bienaventuranzas, El (Diez o Sop Solo, SATB, \u00d3rgano)<\/td>\n<td style=\"height: 48px;\">Joubert, Juan<\/td>\n<td style=\"height: 48px;\">Novello (290421NOV)<\/td>\n<td style=\"height: 48px;\">GRAMO<\/td>\n<\/tr>\n<tr style=\"height: 24px;\">\n<td style=\"height: 24px;\">Bienaventuranzas, El (Un\u00edsono, \u00d3rgano)<\/td>\n<td style=\"height: 24px;\">Lovelace, Austin C.<\/td>\n<td style=\"height: 24px;\">Par\u00e1clito (PPM00536)<\/td>\n<td style=\"height: 24px;\">GRAMO<\/td>\n<\/tr>\n<tr style=\"height: 48px;\">\n<td style=\"height: 48px;\">Bienaventuranzas, El (Un\u00edsono, Piano)<\/td>\n<td style=\"height: 48px;\">Malotte, Albert Hay<\/td>\n<td style=\"height: 48px;\">G. Schirmer (HL.50280840)<\/td>\n<td style=\"height: 48px;\">GRAMO<\/td>\n<\/tr>\n<tr style=\"height: 48px;\">\n<td style=\"height: 48px;\">Bienaventuranzas, Op. 35 (2 partes agudos, oboe, viola, violonchelo, teclado)<\/td>\n<td style=\"height: 48px;\">doblador, enero<\/td>\n<td style=\"height: 48px;\">Concordia<\/td>\n<td style=\"height: 48px;\">GRAMO<\/td>\n<\/tr>\n<tr style=\"height: 48px;\">\n<td style=\"height: 48px;\">Bienaventurados los pobres de esp\u00edritu (SATB, Sop. o Ten. Solo, \u00d3rgano)<\/td>\n<td style=\"height: 48px;\">Arnatt, Ronald<\/td>\n<td style=\"height: 48px;\">HW gris<\/td>\n<td style=\"height: 48px;\">GRAMO<\/td>\n<\/tr>\n<tr style=\"height: 48px;\">\n<td style=\"height: 48px;\">Bienaventurados ellos (SATB, \u00f3rgano, instrumentos opcionales, sin mano)<\/td>\n<td style=\"height: 48px;\">Fleming, Larry L.<\/td>\n<td style=\"height: 48px;\">M\u00fasica MorningStar (50-8106)<\/td>\n<td style=\"height: 48px;\">GRAMO<\/td>\n<\/tr>\n<tr style=\"height: 48px;\">\n<td style=\"height: 48px;\">Benditas Fiestas de los Beatos M\u00e1rtires (SATB, \u00d3rgano, Cuarteto de metales)<\/td>\n<td style=\"height: 48px;\">arreglo PowellRobert J.<\/td>\n<td style=\"height: 48px;\">GIA (5125)<\/td>\n<td style=\"height: 48px;\">mi<\/td>\n<\/tr>\n<tr style=\"height: 48px;\">\n<td style=\"height: 48px;\">Llamados y reunidos por el Esp\u00edritu (SATB, \u00d3rgano, opt. Lat\u00f3n, Timbal)<\/td>\n<td style=\"height: 48px;\">Hillert, Richard<\/td>\n<td style=\"height: 48px;\">GIA (5350)<\/td>\n<td style=\"height: 48px;\">2<\/td>\n<\/tr>\n<tr style=\"height: 48px;\">\n<td style=\"height: 48px;\">C\u00e1ntico festivo: Digno es Cristo (SATB, \u00d3rgano, Lat\u00f3n)<\/td>\n<td style=\"height: 48px;\">Hillert, Richard<\/td>\n<td style=\"height: 48px;\">Concordia (98-2305)<\/td>\n<td style=\"height: 48px;\">1<\/td>\n<\/tr>\n<tr style=\"height: 48px;\">\n<td style=\"height: 48px;\">De la visi\u00f3n de Juan (SATB, Trompeta, Narrador)<\/td>\n<td style=\"height: 48px;\">PelzWalter L.<\/td>\n<td style=\"height: 48px;\">Concordia<\/td>\n<td style=\"height: 48px;\">1<\/td>\n<\/tr>\n<tr style=\"height: 48px;\">\n<td style=\"height: 48px;\">Felices los pobres (2 partes, teclado)<\/td>\n<td style=\"height: 48px;\">Jones, Hilton Kean<\/td>\n<td style=\"height: 48px;\">Concordia<\/td>\n<td style=\"height: 48px;\">GRAMO<\/td>\n<\/tr>\n<tr style=\"height: 48px;\">\n<td style=\"height: 48px;\">Canto una canci\u00f3n de los santos de Dios (2 partes, teclado, flauta)<\/td>\n<td style=\"height: 48px;\">Hassell, Michael<\/td>\n<td style=\"height: 48px;\">Augsburgo<\/td>\n<td style=\"height: 48px;\">mi<\/td>\n<\/tr>\n<tr style=\"height: 48px;\">\n<td style=\"height: 48px;\">Canto una canci\u00f3n de los santos de Dios (SSA, teclado, opci\u00f3n tambor)<\/td>\n<td style=\"height: 48px;\">Hopkins, John Henry\/Taylor, Jim arreglo.<\/td>\n<td style=\"height: 48px;\">Oxford (9780193863675)<\/td>\n<td style=\"height: 48px;\">mi<\/td>\n<\/tr>\n<tr style=\"height: 24px;\">\n<td style=\"height: 24px;\">Justorum animae (SSATB)<\/td>\n<td style=\"height: 24px;\">Byrd, Guillermo<\/td>\n<td style=\"height: 24px;\">CPDL<\/td>\n<td style=\"height: 24px;\">1<\/td>\n<\/tr>\n<tr style=\"height: 24px;\">\n<td style=\"height: 24px;\">Justorum animae op. 38, N\u00b0 1 (SSATTBB)<\/td>\n<td style=\"height: 24px;\">Stanford, Charles Villers<\/td>\n<td style=\"height: 24px;\">CPDL<\/td>\n<td style=\"height: 24px;\">1<\/td>\n<\/tr>\n<tr style=\"height: 48px;\">\n<td style=\"height: 48px;\">Lamb Will Be A Shepherd Now, The (SATB, Teclado, opt. Oboe o Flauta)<\/td>\n<td style=\"height: 48px;\">Sebesta, Donald<\/td>\n<td style=\"height: 48px;\">Augsburgo (9780800677060)<\/td>\n<td style=\"height: 48px;\">1<\/td>\n<\/tr>\n<tr style=\"height: 24px;\">\n<td style=\"height: 24px;\">Oh, qu\u00e9 glorioso (2 partes, \u00f3rgano)<\/td>\n<td style=\"height: 24px;\">Owens, Sam Batt<\/td>\n<td style=\"height: 24px;\">Sela (420-784)<\/td>\n<td style=\"height: 24px;\">1<\/td>\n<\/tr>\n<tr style=\"height: 24px;\">\n<td style=\"height: 24px;\">Promesas, The (SATB, \u00d3rgano\/Teclado)<\/td>\n<td style=\"height: 24px;\">Panchenko, Sim\u00f3n<\/td>\n<td style=\"height: 24px;\">Carl Fischer<\/td>\n<td style=\"height: 24px;\">GRAMO<\/td>\n<\/tr>\n<tr style=\"height: 24px;\">\n<td style=\"height: 24px;\">Quis ascendit in montem Domine! (SATB)<\/td>\n<td style=\"height: 24px;\">Witt, Frances Xavier<\/td>\n<td style=\"height: 24px;\">CPDL<\/td>\n<td style=\"height: 24px;\">PD<\/td>\n<\/tr>\n<tr style=\"height: 24px;\">\n<td style=\"height: 24px;\">Santos de Dios (Un\u00edsono, Teclado)<\/td>\n<td style=\"height: 24px;\">Exner, Max<\/td>\n<td style=\"height: 24px;\">Augsburgo<\/td>\n<td style=\"height: 24px;\">mi<\/td>\n<\/tr>\n<tr style=\"height: 72px;\">\n<td style=\"height: 72px;\">Canta con Todos los Santos en Gloria (SATB, \u00d3rgano, Cuarteto de metales, Timbales)<\/td>\n<td style=\"height: 72px;\">Beethoven, Ludwig van\/Rowan, William. P.arr.<\/td>\n<td style=\"height: 72px;\">GIA (5030)<\/td>\n<td style=\"height: 72px;\">mi<\/td>\n<\/tr>\n<tr style=\"height: 24px;\">\n<td style=\"height: 24px;\">Almas de los Justos, Las (SATB)<\/td>\n<td style=\"height: 24px;\">Arnatt, Ronald<\/td>\n<td style=\"height: 24px;\">Galaxia (1.3234)<\/td>\n<td style=\"height: 24px;\">1<\/td>\n<\/tr>\n<tr style=\"height: 48px;\">\n<td style=\"height: 48px;\">Estos son los que siguen al Cordero (SATB, \u00d3rgano)<\/td>\n<td style=\"height: 48px;\">Goss, Juan<\/td>\n<td style=\"height: 48px;\">CPDL<\/td>\n<td style=\"height: 48px;\">1<\/td>\n<\/tr>\n<tr style=\"height: 48px;\">\n<td style=\"height: 48px;\">Est\u00e1n ante el Trono de Dios (SATB, \u00d3rgano)<\/td>\n<td style=\"height: 48px;\">Schalk, Carl<\/td>\n<td style=\"height: 48px;\">Augsburgo (9780800677398)<\/td>\n<td style=\"height: 48px;\">1<\/td>\n<\/tr>\n<tr style=\"height: 72px;\">\n<td style=\"height: 72px;\">Somos hijos de nuestro Dios (Un\u00edsono o 2 partes, teclado, opci\u00f3n flauta\/viol\u00edn, opci\u00f3n campanillas).<\/td>\n<td style=\"height: 72px;\">Bedford, Michael<\/td>\n<td style=\"height: 72px;\">Gremio de Coristas (CGA 731)<\/td>\n<td style=\"height: 72px;\">2<\/td>\n<\/tr>\n<tr style=\"height: 48px;\">\n<td style=\"height: 48px;\">Anhelamos ver tu cara (SATB, guitarra, piano, flauta)<\/td>\n<td style=\"height: 48px;\">Keil, Kevin<\/td>\n<td style=\"height: 48px;\">GIA (3795)<\/td>\n<td style=\"height: 48px;\">PD<\/td>\n<\/tr>\n<tr style=\"height: 24px;\">\n<td style=\"height: 24px;\">Digno es Cristo (SATB, teclado\/\u00f3rgano)<\/td>\n<td style=\"height: 24px;\">Leavitt, John<\/td>\n<td style=\"height: 24px;\">Concordia<\/td>\n<td style=\"height: 24px;\">1<\/td>\n<\/tr>\n<tr style=\"height: 24px;\">\n<td style=\"height: 24px;\">Digno es el Cordero (SATB)<\/td>\n<td style=\"height: 24px;\">Gallus, Jacobus<\/td>\n<td style=\"height: 24px;\">M\u00fasica de Willis<\/td>\n<td style=\"height: 24px;\">1<\/td>\n<\/tr>\n<tr style=\"height: 48px;\">\n<td style=\"height: 48px;\">Digno es el Cordero de &quot;Mes\u00edas&quot; (SATB, teclado)<\/td>\n<td style=\"height: 48px;\">Handel, George F.<\/td>\n<td style=\"height: 48px;\">Varios<\/td>\n<td style=\"height: 48px;\">1<\/td>\n<\/tr>\n<tr style=\"height: 24px;\">\n<td style=\"height: 24px;\">Vosotros Vigilantes y Vosotros Santos (SATB)<\/td>\n<td style=\"height: 24px;\">Willan, Healley<\/td>\n<td style=\"height: 24px;\">Peters CF<\/td>\n<td style=\"height: 24px;\">GRAMO<\/td>\n<\/tr>\n<tr style=\"height: 24px;\">\n<td style=\"height: 24px;\">En el para\u00edso (SATB)<\/td>\n<td style=\"height: 24px;\">Siegel, Ricardo<\/td>\n<td style=\"height: 24px;\">WLP (008626)<\/td>\n<td style=\"height: 24px;\">GRAMO<\/td>\n<\/tr>\n<tr style=\"height: 24px;\">\n<td style=\"height: 24px;\">Lux aeterna (SATB)<\/td>\n<td style=\"height: 24px;\">Bell, Juan L.<\/td>\n<td style=\"height: 24px;\">GIA (8017)<\/td>\n<td style=\"height: 24px;\">C<\/td>\n<\/tr>\n<\/tbody>\n<\/table>","protected":false},"excerpt":{"rendered":"<p>Choral Anthems Title (Voicing) Composer\/Arranger Publisher (Item #) Usage At the River (SATB) Copland, Aaron Boosey &amp; Hawkes (M051455133) 1 Beatitudes of John, The (SATB, Organ) Pfautsch, Lloyd Flammer (84903) * G Beatitudes, The (Bari Solo, SATB, Organ) Liszt, Franz E. C. Schirmer (8481) G Beatitudes, The (SATB, Organ) Callahan, Charles Concordia (98-3760) G Beatitudes, [&hellip;]<\/p>\n","protected":false},"author":6628,"featured_media":0,"parent":0,"menu_order":0,"comment_status":"closed","ping_status":"closed","template":"","meta":{"_acf_changed":false,"footnotes":""},"class_list":["post-13485","page","type-page","status-publish","hentry"],"acf":[],"_links":{"self":[{"href":"https:\/\/npm.org\/es\/wp-json\/wp\/v2\/pages\/13485"}],"collection":[{"href":"https:\/\/npm.org\/es\/wp-json\/wp\/v2\/pages"}],"about":[{"href":"https:\/\/npm.org\/es\/wp-json\/wp\/v2\/types\/page"}],"author":[{"embeddable":true,"href":"https:\/\/npm.org\/es\/wp-json\/wp\/v2\/users\/6628"}],"replies":[{"embeddable":true,"href":"https:\/\/npm.org\/es\/wp-json\/wp\/v2\/comments?post=13485"}],"version-history":[{"count":1,"href":"https:\/\/npm.org\/es\/wp-json\/wp\/v2\/pages\/13485\/revisions"}],"predecessor-version":[{"id":18982,"href":"https:\/\/npm.org\/es\/wp-json\/wp\/v2\/pages\/13485\/revisions\/18982"}],"wp:attachment":[{"href":"https:\/\/npm.org\/es\/wp-json\/wp\/v2\/media?parent=13485"}],"curies":[{"name":"gracias","href":"https:\/\/api.w.org\/{rel}","templated":true}]}}