{"id":13408,"date":"2020-06-18T21:30:38","date_gmt":"2020-06-18T21:30:38","guid":{"rendered":"https:\/\/npm.org\/?page_id=13408"},"modified":"2024-01-17T11:03:37","modified_gmt":"2024-01-17T16:03:37","slug":"choral-anthems-solemnity-of-the-epiphany-b","status":"publish","type":"page","link":"https:\/\/npm.org\/es\/choral-anthems-solemnity-of-the-epiphany-b\/","title":{"rendered":"Himnos corales - Solemnidad de la Epifan\u00eda (B)"},"content":{"rendered":"<p><strong>Himnos corales<\/strong><\/p>\n<table style=\"width: 100%;\" border=\"1\" width=\"100%\">\n<tbody>\n<tr>\n<td width=\"456\"><strong>T\u00edtulo (Voicing)<\/strong><\/td>\n<td width=\"187\"><strong>Compositor \/ Arreglista<\/strong><\/td>\n<td width=\"187\"><strong>Editor (art\u00edculo #)<\/strong><\/td>\n<td width=\"103\"><strong>Uso<\/strong><\/td>\n<\/tr>\n<tr>\n<td>Ab Oriente Venirunt Reyes Magos (SATB)<\/td>\n<td>Gallus, Jacobus<\/td>\n<td>Schirmer CE (2785)<\/td>\n<td>GRAMO<\/td>\n<\/tr>\n<tr>\n<td>Ab Oriente Venirunt Reyes Magos (SATB)<\/td>\n<td>Handel, Jacob<\/td>\n<td>CPDL<\/td>\n<td>GRAMO<\/td>\n<\/tr>\n<tr>\n<td>Ab Oriente Venirunt Reyes Magos (SATB)<\/td>\n<td>Handel, Jacob<\/td>\n<td>CPDL<\/td>\n<td>GRAMO<\/td>\n<\/tr>\n<tr>\n<td>Ab Oriente Venirunt Reyes Magos (SSATB)<\/td>\n<td>no pap\u00e1, Jacobus Clemens<\/td>\n<td>CPDL<\/td>\n<td>GRAMO<\/td>\n<\/tr>\n<tr>\n<td>Todo de Saba Vendr\u00e1 (SATB)<\/td>\n<td>Handel, Jacob<\/td>\n<td>St. James Press<\/td>\n<td>GRAMO<\/td>\n<\/tr>\n<tr>\n<td>Vendr\u00e1n todos los de Saba (SATB)<\/td>\n<td>PowellRobert J.<\/td>\n<td>Concordia<\/td>\n<td>GRAMO<\/td>\n<\/tr>\n<tr>\n<td>Vendr\u00e1n todos los de Saba (SATTB)<\/td>\n<td>Handel, Jacob<\/td>\n<td>Bosworth (BOE008122)<\/td>\n<td>GRAMO<\/td>\n<\/tr>\n<tr>\n<td>\u00a1Y he aqu\u00ed! The Star (agudos en 2 partes, instrumentos en Do, teclado)<\/td>\n<td>Ptezhold, Johannes<\/td>\n<td>Augsburgo<\/td>\n<td>GRAMO<\/td>\n<\/tr>\n<tr>\n<td>Y t\u00fa, oh Bel\u00e9n (mixto en 2 partes, \u00f3rgano)<\/td>\n<td>Hillert, Richard<\/td>\n<td>Concordia<\/td>\n<td>GRAMO<\/td>\n<\/tr>\n<tr>\n<td>\u00c1ngelus Ad Pastores Ait<\/td>\n<td>di Lasso, Orlando<\/td>\n<td>CPDL<\/td>\n<td>GRAMO<\/td>\n<\/tr>\n<tr>\n<td>\u00c1ngelus Ad Pastores Ait (SATB)<\/td>\n<td>Hassler, Hans Leo<\/td>\n<td>CPDL<\/td>\n<td>GRAMO<\/td>\n<\/tr>\n<tr>\n<td>\u00c1ngelus Ad Pastores Ait (SSA)<\/td>\n<td>Monteverdi, Claudio<\/td>\n<td>Boosey y Hawkes (HL.48003520)<\/td>\n<td>GRAMO<\/td>\n<\/tr>\n<tr>\n<td>Lev\u00e1ntate y Resplandece, Jerusal\u00e9n (SATB\/divisi, \u00d3rgano, Trompeta)<\/td>\n<td>N\u00e9stor, Le\u00f3n<\/td>\n<td>Schirmer CE (5672)<\/td>\n<td>1<\/td>\n<\/tr>\n<tr>\n<td>\u00a1Surgir! Sing Forth (SAB, \u00f3rgano\/teclado)<\/td>\n<td>Purcell, Henry\/Hopson, Hal H. arr.<\/td>\n<td>Augsburgo<\/td>\n<td>1<\/td>\n<\/tr>\n<tr>\n<td>\u00a1Lev\u00e1ntate, Resplandece! (SAB, teclado)<\/td>\n<td>Lau, Roberto C.<\/td>\n<td>Prensa de laurel (10\/3414LA)<\/td>\n<td>1<\/td>\n<\/tr>\n<tr>\n<td>\u00a1Lev\u00e1ntate, Resplandece! (SATB, \u00d3rgano)<\/td>\n<td>Martinson, Joel<\/td>\n<td>M\u00fasica MorningStar (50-2007)<\/td>\n<td>1<\/td>\n<\/tr>\n<tr>\n<td>\u00a1Lev\u00e1ntate, Resplandece! (SATB, \u00d3rgano)<\/td>\n<td>Martinson, Joel<\/td>\n<td>Augsburgo<\/td>\n<td>1<\/td>\n<\/tr>\n<tr>\n<td>\u00a1Lev\u00e1ntate, Resplandece! (SATB\/divisi, solo, violonchelo)<\/td>\n<td>Shepherd, Mark<\/td>\n<td>Kjos (9023)<\/td>\n<td>1<\/td>\n<\/tr>\n<tr>\n<td>Lev\u00e1ntate, resplandece, porque ha venido tu luz (SATB)<\/td>\n<td>Willan, Healley<\/td>\n<td>Concordia (98-1508)<\/td>\n<td>1<\/td>\n<\/tr>\n<tr>\n<td>Lev\u00e1ntate, brilla, porque ha llegado tu luz (mixto en 2 partes)<\/td>\n<td>doblador, marca<\/td>\n<td>Concordia (98-2707)<\/td>\n<td>1<\/td>\n<\/tr>\n<tr>\n<td>Lev\u00e1ntate, brilla, porque ha llegado tu luz (mezclado en 2 partes, \u00f3rgano)<\/td>\n<td>\u00bfC\u00f3mo, Mart\u00edn?<\/td>\n<td>Artes J\u00f3nicas (CH-1009)<\/td>\n<td>1<\/td>\n<\/tr>\n<tr>\n<td>Lev\u00e1ntate, resplandece, que ha llegado tu luz (SATB)<\/td>\n<td>Jennings, Kenneth<\/td>\n<td>Augsburgo (9786000175573)<\/td>\n<td>1<\/td>\n<\/tr>\n<tr>\n<td>Lev\u00e1ntate, resplandece, que ha llegado tu luz (SATB)<\/td>\n<td>Schalk, Carl<\/td>\n<td>Concordia (98-3600) en \u201cCanciones de Isa\u00edas\u201d<\/td>\n<td>1<\/td>\n<\/tr>\n<tr>\n<td>Lev\u00e1ntate, brilla, porque ha llegado tu luz (SATB, Campanillas)<\/td>\n<td>Hopson, Hal H.<\/td>\n<td>M\u00fasica MorningStar (50-2540)<\/td>\n<td>1<\/td>\n<\/tr>\n<tr>\n<td>Como con alegr\u00eda los hombres de anta\u00f1o (SATB)<\/td>\n<td>An\u00f3nimo, siglo XV<\/td>\n<td>St. James Press<\/td>\n<td>GRAMO<\/td>\n<\/tr>\n<tr>\n<td>Babe Is Born in Bethlehem, A (SATB, \u00d3rgano)<\/td>\n<td>Van Dyke, Paul C.<\/td>\n<td>lanzallamas<\/td>\n<td>GRAMO<\/td>\n<\/tr>\n<tr>\n<td>Hermosa estrella (SATB)<\/td>\n<td>Larsen, Libby<\/td>\n<td>Schirmer CE (4202)<\/td>\n<td>G,C<\/td>\n<\/tr>\n<tr>\n<td>Sant\u00edsimo Nacimiento, El (SATB)<\/td>\n<td>Davies, Henry Walford<\/td>\n<td>Arista<\/td>\n<td>GRAMO<\/td>\n<\/tr>\n<tr>\n<td>M\u00e1s brillante que el sol (SATB, piano)<\/td>\n<td>Helgen, John<\/td>\n<td>Augsburgo (0-8006-5915-8)<\/td>\n<td>GRAMO<\/td>\n<\/tr>\n<tr>\n<td>M\u00e1s brillante y mejor (SATB, teclado)<\/td>\n<td>Schweizer, Mark<\/td>\n<td>Concordia<\/td>\n<td>GRAMO<\/td>\n<\/tr>\n<tr>\n<td>Lo mejor y m\u00e1s brillante de las estrellas de la ma\u00f1ana (SATB, teclado)<\/td>\n<td>AshdownFranklin T.<\/td>\n<td>Concordia (98-3846)<\/td>\n<td>GRAMO<\/td>\n<\/tr>\n<tr>\n<td>Villancico de los Reyes, El (SATB)<\/td>\n<td>ThimanEric H.<\/td>\n<td>Novello<\/td>\n<td>GRAMO<\/td>\n<\/tr>\n<tr>\n<td>Eight Orisons #8, &quot;Nunca te vi en el crep\u00fasculo&quot; (SATB)<\/td>\n<td>Friedel, Harold<\/td>\n<td>HW Gris (00-GCMR02693)<\/td>\n<td>GRAMO<\/td>\n<\/tr>\n<tr>\n<td>Aleluyas de Epifan\u00eda (SATB, \u00d3rgano)<\/td>\n<td>Tejedor, Juan<\/td>\n<td>Boosey &amp; Hawkes (9790051456833)<\/td>\n<td>GRAMO<\/td>\n<\/tr>\n<tr>\n<td>Epiphany Carol (Sop Solo, SATB, \u00d3rgano)<\/td>\n<td>Williamson, Malcolm<\/td>\n<td>Boosey y Hawkes (M570051694)<\/td>\n<td>GRAMO<\/td>\n<\/tr>\n<tr>\n<td>Falan-Tidings, Out of the Orient Crystal Skies (SAB, \u00f3rgano)<\/td>\n<td>Pearson, Donald<\/td>\n<td>Selah (405-309)<\/td>\n<td>GRAMO<\/td>\n<\/tr>\n<tr>\n<td>For Glory Dawns Upon You (mezclado en 2 partes, teclado)<\/td>\n<td>Hirten, John Karl<\/td>\n<td>Augsburgo (9786000175658)<\/td>\n<td>1<\/td>\n<\/tr>\n<tr>\n<td>Estrella gu\u00eda (SATB)<\/td>\n<td>Wetzler, Robert<\/td>\n<td>Lorenz (10\/2943S)<\/td>\n<td>GRAMO<\/td>\n<\/tr>\n<tr>\n<td>Salve al Ungido del Se\u00f1or, ES FLOG EIN KLEINS WALDV\u00d6GELEIN (SATB, Cuarteto de metales, \u00d3rgano)<\/td>\n<td>arreglo Hopp, Roy<\/td>\n<td>Selah (241-072)<\/td>\n<td>PD<\/td>\n<\/tr>\n<tr>\n<td>How Lovely Shines the Morning Star (mezclado en 2 partes, \u00f3rgano)<\/td>\n<td>Schalk, Carl<\/td>\n<td>Concordia (97-7618) en \u201cThe Crown Choir Book\u201d<\/td>\n<td>GRAMO<\/td>\n<\/tr>\n<tr>\n<td>Quiero Caminar como un Hijo de la Luz (SATB, Teclado)<\/td>\n<td>Thomerson, Kathleen<\/td>\n<td>GIA (2786)<\/td>\n<td>1<\/td>\n<\/tr>\n<tr>\n<td>Quiero Caminar como un Hijo de la Luz (SATB, \u00d3rgano)<\/td>\n<td>Erickson, Richard D.<\/td>\n<td>Augsburgo (9780800658397)<\/td>\n<td>1<\/td>\n<\/tr>\n<tr>\n<td>Te dar\u00e9 por luz de las naciones (SATB)<\/td>\n<td>Schalk, Carl<\/td>\n<td>Concordia (98-3600) en \u201cCanciones de Isa\u00edas\u201d<\/td>\n<td>2<\/td>\n<\/tr>\n<tr>\n<td>In dulce jubilo (SATB\/SATB)<\/td>\n<td>Pretorio, Jer\u00f3nimo<\/td>\n<td>GIA (2243)<\/td>\n<td>GRAMO<\/td>\n<\/tr>\n<tr>\n<td>Aumento de Jerusal\u00e9n (SATB)<\/td>\n<td>Isaac, Enrique<\/td>\n<td>CPDL<\/td>\n<td>1<\/td>\n<\/tr>\n<tr>\n<td>Aumento de Jerusal\u00e9n (SATB)<\/td>\n<td>Martini, Giovanni Battista<\/td>\n<td>CPDL<\/td>\n<td>1<\/td>\n<\/tr>\n<tr>\n<td>Jesus Shall Reign Where&#039;er the Sun (SATB, \u00f3rgano)<\/td>\n<td>arreglo Hopson, Hal H.<\/td>\n<td>GIA (6472)<\/td>\n<td>PD<\/td>\n<\/tr>\n<tr>\n<td>Ant\u00edfona de encendido de l\u00e1mparas (SATB, Asamblea)<\/td>\n<td>Thompson, J. Michael<\/td>\n<td>GIA (5506)<\/td>\n<td>1<\/td>\n<\/tr>\n<tr>\n<td>Deja entrar tu luz (SATB, \u00f3rgano\/teclado)<\/td>\n<td>Mayordomo, Eugene<\/td>\n<td>Fred Bock (BG 2088)<\/td>\n<td>1<\/td>\n<\/tr>\n<tr>\n<td>Luz Eterna (SATB)<\/td>\n<td>Christiansen, Olaf C.<\/td>\n<td>Kjos (5110)<\/td>\n<td>GRAMO<\/td>\n<\/tr>\n<tr>\n<td>\u00a1Lo! La estrella que vieron (SSA, teclado)<\/td>\n<td>Willan, Healley<\/td>\n<td>Concordia (97-7610) en \u201cTe alabamos, Parte II\u201d<\/td>\n<td>GRAMO<\/td>\n<\/tr>\n<tr>\n<td>Magos veniunt ab oriente (SATB)<\/td>\n<td>no pap\u00e1, jacobus clemens<\/td>\n<td>CPDL<\/td>\n<td>GRAMO<\/td>\n<\/tr>\n<tr>\n<td>Magi videntes stellam (SATB)<\/td>\n<td>no pap\u00e1, Jacobus Clemens<\/td>\n<td>CPDL<\/td>\n<td>GRAMO<\/td>\n<\/tr>\n<tr>\n<td>Ahora hay luces sobre nosotros (SATB)<\/td>\n<td>Sowerby, Leo<\/td>\n<td>Fundaci\u00f3n Leo Sowerby (392-01025)<\/td>\n<td>GRAMO<\/td>\n<\/tr>\n<tr>\n<td>Oh Lucero del Alba, Cu\u00e1n Hermoso y Brillante (SSATB)<\/td>\n<td>Pretorio, Miguel<\/td>\n<td>Augsburg (9780800657772) en &quot;Chantry Choirbook&quot;<\/td>\n<td>GRAMO<\/td>\n<\/tr>\n<tr>\n<td>Oh Morning Star, How Fair and Bright (SAB, \u00d3rgano, Instrumentos agudos)<\/td>\n<td>Busarow, Donald<\/td>\n<td>Concordia (98-2819)<\/td>\n<td>1<\/td>\n<\/tr>\n<tr>\n<td>Oh Lucero del Alba, Cu\u00e1n Hermoso y Brillante (SATB)<\/td>\n<td>Bach, Juan Sebasti\u00e1n<\/td>\n<td>Augsburgo (97808006585400 en \u201cBach para todas las estaciones\u201d<\/td>\n<td>1, G<\/td>\n<\/tr>\n<tr>\n<td>O nata lux (SATTB)<\/td>\n<td>Tallis, Thomas<\/td>\n<td>Oxford (9780193521643)<\/td>\n<td>GRAMO<\/td>\n<\/tr>\n<tr>\n<td>Del Padre Amor Engendrado<\/td>\n<td>Grotenhuis, Dale<\/td>\n<td>Theodore Presser<\/td>\n<td>2<\/td>\n<\/tr>\n<tr>\n<td>Del amor de los padres engendrados (SAB, teclado)<\/td>\n<td>Isele, David Clark<\/td>\n<td>Schirmer CE (7071)<\/td>\n<td>2<\/td>\n<\/tr>\n<tr>\n<td>Del Padre Amor Engendrado (SATB)<\/td>\n<td>joven, roberto h.<\/td>\n<td>Colla Voce (55-54122)<\/td>\n<td>2<\/td>\n<\/tr>\n<tr>\n<td>Del Padre Amor Engendrado (SATB)<\/td>\n<td>PelzWalter L.<\/td>\n<td>Augsburgo<\/td>\n<td>2<\/td>\n<\/tr>\n<tr>\n<td>Omnes de Saba (SATTB)<\/td>\n<td>Handel, Jacob<\/td>\n<td>CPDL<\/td>\n<td>1<\/td>\n<\/tr>\n<tr>\n<td>Omnes de Saba veniet (SATTB, \u00d3rgano)<\/td>\n<td>Handel, Jacob<\/td>\n<td>Schirmer CE (2783)<\/td>\n<td>1<\/td>\n<\/tr>\n<tr>\n<td>Out of the Orient Crystal Skies (SATB, \u00f3rgano, percusi\u00f3n opcional)<\/td>\n<td>Zgodava, Ricardo<\/td>\n<td>Augsburgo<\/td>\n<td>GRAMO<\/td>\n<\/tr>\n<tr>\n<td>\u00a1Lev\u00e1ntate y brilla! (SAB, teclado)<\/td>\n<td>Ingl\u00e9s tradicional\/Lovelace, Austin arr.<\/td>\n<td>GIA (4431)<\/td>\n<td>1<\/td>\n<\/tr>\n<tr>\n<td>\u00a1Aumentando el brillo! (SATB, \u00d3rgano)<\/td>\n<td>Madera, Dale<\/td>\n<td>Augsburgo (9780800655921)<\/td>\n<td>1<\/td>\n<\/tr>\n<tr>\n<td>Di: \u00bfD\u00f3nde est\u00e1 el rey de Jud\u00e1 que ha nacido? (TTB, \u00d3rgano)<\/td>\n<td>Mendelssohn, F\u00e9lix<\/td>\n<td>Schirmer CE (2609)<\/td>\n<td>GRAMO<\/td>\n<\/tr>\n<tr>\n<td>Sing Unto the Lord (SATB, \u00f3rgano, coro juvenil opcional y campanillas)<\/td>\n<td>Fetler, David C.<\/td>\n<td>Carl Fischer<\/td>\n<td>PD<\/td>\n<\/tr>\n<tr>\n<td>Cantemos ahora de Navidad (SATB)<\/td>\n<td>arr. Clemens, James E.<\/td>\n<td>WLP (008751)<\/td>\n<td>GRAMO<\/td>\n<\/tr>\n<tr>\n<td>Cantemos ahora de Navidad (SATB)<\/td>\n<td>arreglo Zgodava, Ricardo<\/td>\n<td>Augsburgo<\/td>\n<td>GRAMO<\/td>\n<\/tr>\n<tr>\n<td>Canci\u00f3n de David (SATB, \u00d3rgano)<\/td>\n<td>Yancey, Thomas<\/td>\n<td>lanzallamas<\/td>\n<td>mi<\/td>\n<\/tr>\n<tr>\n<td>Estrella de Oriente (SATB)<\/td>\n<td>Averitt, Guillermo<\/td>\n<td>Schirmer CE (7777)<\/td>\n<td>GRAMO<\/td>\n<\/tr>\n<tr>\n<td>Star in the East (SATB, \u00f3rgano, opt. Percusi\u00f3n)<\/td>\n<td>Blanco, David Ashley<\/td>\n<td>Sehlah (405-316)<\/td>\n<td>GRAMO<\/td>\n<\/tr>\n<tr>\n<td>Proclamaci\u00f3n de estrellas en el cielo (SAB)<\/td>\n<td>di Lassus, Orlando\/Proulx, Richard arr.<\/td>\n<td>Augsburgo<\/td>\n<td>GRAMO<\/td>\n<\/tr>\n<tr>\n<td>Surge, illuminare, Jerusal\u00e9n (AATB)<\/td>\n<td>Byrd, Guillermo<\/td>\n<td>CPDL<\/td>\n<td>GRAMO<\/td>\n<\/tr>\n<tr>\n<td>Los reyes de Tarsis (SAB)<\/td>\n<td>Grassi, Ciro<\/td>\n<td>sjmp.com<\/td>\n<td>PD<\/td>\n<\/tr>\n<tr>\n<td>Saldr\u00e1 una estrella de Jacob (SATB, \u00f3rgano)<\/td>\n<td>Mendelssohn, F\u00e9lix<\/td>\n<td>Augsburg (9780800657772) en \u201cChantry Choirbook\u201d<\/td>\n<td>GRAMO<\/td>\n<\/tr>\n<tr>\n<td>Habr\u00e1 una estrella (SATB, \u00f3rgano)<\/td>\n<td>Mendelssohn, F\u00e9lix<\/td>\n<td>Alfredo (00-SCHCH01903)<\/td>\n<td>GRAMO<\/td>\n<\/tr>\n<tr>\n<td>Reyes Magos (SSATBB)<\/td>\n<td>Willan, Healley<\/td>\n<td>Oxford (9780193853683)<\/td>\n<td>GRAMO<\/td>\n<\/tr>\n<tr>\n<td>Tres Reyes, El (Solista, SSA)<\/td>\n<td>Cornelio, Pedro<\/td>\n<td>Oxford (9780193426160)<\/td>\n<td>GRAMO<\/td>\n<\/tr>\n<tr>\n<td>Tres Reyes Magos Viajando (SATB, \u00d3rgano, Flauta)<\/td>\n<td>joven, gordon<\/td>\n<td>lanzallamas<\/td>\n<td>GRAMO<\/td>\n<\/tr>\n<tr>\n<td>Hostias tollitas (SATB, \u00d3rgano)<\/td>\n<td>Saint Saens, Camille<\/td>\n<td>CPDL<\/td>\n<td>GRAMO<\/td>\n<\/tr>\n<tr>\n<td>Tribus miraculis (SATB)<\/td>\n<td>Marenzio, Lucas<\/td>\n<td>CPDL<\/td>\n<td>GRAMO<\/td>\n<\/tr>\n<tr>\n<td>Videntes stellam (SATB)<\/td>\n<td>Poulenc, Francisco<\/td>\n<td>Salaberto (50498641)<\/td>\n<td>GRAMO<\/td>\n<\/tr>\n<tr>\n<td>Videntes stellam (SATB)<\/td>\n<td>Victoria, Tom\u00e1s Luis de<\/td>\n<td>CPDL<\/td>\n<td>GRAMO<\/td>\n<\/tr>\n<tr>\n<td>Videntes Stellam (SATB\/SATB)<\/td>\n<td>Palestrina, Giovanni Pierluigi da<\/td>\n<td>Oxford<\/td>\n<td>GRAMO<\/td>\n<\/tr>\n<tr>\n<td>Virgin Mary Had a Baby Boy, The (SATB, teclado, trompeta opcional)<\/td>\n<td>Trapp, Lynn M.<\/td>\n<td>M\u00fasica MorningStar (50-1701)<\/td>\n<td>GRAMO<\/td>\n<\/tr>\n<tr>\n<td>Hemos visto su estrella (SATB)<\/td>\n<td>Titcomb, Everett<\/td>\n<td>Carlos Fischer (CM 438)<\/td>\n<td>GRAMO<\/td>\n<\/tr>\n<tr>\n<td>Hemos visto su estrella en el este (SATB, \u00f3rgano)<\/td>\n<td>Carter, Juan<\/td>\n<td>Schirmer CE (4903)<\/td>\n<td>GRAMO<\/td>\n<\/tr>\n<tr>\n<td>What Child Is This (SAB, guitarra, flauta, teclado)<\/td>\n<td>arreglo Batastini, Roberto<\/td>\n<td>GIA (5364)<\/td>\n<td>GRAMO<\/td>\n<\/tr>\n<tr>\n<td>Qu\u00e9 ni\u00f1o es este (SATB)<\/td>\n<td>Lehman, Roberto<\/td>\n<td>Boosey y Hawke<\/td>\n<td>GRAMO<\/td>\n<\/tr>\n<tr>\n<td>\u00bfQu\u00e9 traeremos? (SATB, \u00d3rgano)<\/td>\n<td>Hughes, Howard<\/td>\n<td>GIA (4502)<\/td>\n<td>G,C<\/td>\n<\/tr>\n<tr>\n<td>\u00bfD\u00f3nde est\u00e1 el rey reci\u00e9n nacido? (SSATB, 2 violines, continuo)<\/td>\n<td>Hammerschmidt, Andreas<\/td>\n<td>Concordia (97-5038)<\/td>\n<td>GRAMO<\/td>\n<\/tr>\n<\/tbody>\n<\/table>","protected":false},"excerpt":{"rendered":"<p>Choral Anthems Title (Voicing) Composer\/Arranger Publisher (Item #) Usage Ab Oriente Venirunt Magi (SATB) Gallus, Jacobus E. C. Schirmer (2785) G Ab Oriente Venirunt Magi (SATB) Handl, Jacob CPDL G Ab Oriente Venirunt Magi (SATB) Handl, Jacob CPDL G Ab Oriente Venirunt Magi (SSATB) non Papa, Jacobus Clemens CPDL G All from Saba Shall Come [&hellip;]<\/p>\n","protected":false},"author":6628,"featured_media":0,"parent":0,"menu_order":0,"comment_status":"closed","ping_status":"closed","template":"","meta":{"_acf_changed":false,"footnotes":""},"class_list":["post-13408","page","type-page","status-publish","hentry"],"acf":[],"_links":{"self":[{"href":"https:\/\/npm.org\/es\/wp-json\/wp\/v2\/pages\/13408"}],"collection":[{"href":"https:\/\/npm.org\/es\/wp-json\/wp\/v2\/pages"}],"about":[{"href":"https:\/\/npm.org\/es\/wp-json\/wp\/v2\/types\/page"}],"author":[{"embeddable":true,"href":"https:\/\/npm.org\/es\/wp-json\/wp\/v2\/users\/6628"}],"replies":[{"embeddable":true,"href":"https:\/\/npm.org\/es\/wp-json\/wp\/v2\/comments?post=13408"}],"version-history":[{"count":1,"href":"https:\/\/npm.org\/es\/wp-json\/wp\/v2\/pages\/13408\/revisions"}],"predecessor-version":[{"id":22640,"href":"https:\/\/npm.org\/es\/wp-json\/wp\/v2\/pages\/13408\/revisions\/22640"}],"wp:attachment":[{"href":"https:\/\/npm.org\/es\/wp-json\/wp\/v2\/media?parent=13408"}],"curies":[{"name":"gracias","href":"https:\/\/api.w.org\/{rel}","templated":true}]}}