{"id":13392,"date":"2020-06-18T17:42:54","date_gmt":"2020-06-18T17:42:54","guid":{"rendered":"https:\/\/npm.org\/?page_id=13392"},"modified":"2024-01-17T11:02:10","modified_gmt":"2024-01-17T16:02:10","slug":"choral-anthems-solemnity-of-the-nativity-midnight-b","status":"publish","type":"page","link":"https:\/\/npm.org\/es\/choral-anthems-solemnity-of-the-nativity-midnight-b\/","title":{"rendered":"Himnos corales - Solemnidad de la medianoche de la Natividad (B)"},"content":{"rendered":"<p><strong>Himnos corales<\/strong><\/p>\n<table style=\"width: 100%;\" border=\"1\" width=\"100%\">\n<tbody>\n<tr>\n<td width=\"456\"><strong>T\u00edtulo (Voicing)<\/strong><\/td>\n<td width=\"187\"><strong>Compositor \/ Arreglista<\/strong><\/td>\n<td width=\"187\"><strong>Editor (art\u00edculo #)<\/strong><\/td>\n<td width=\"103\"><strong>Uso<\/strong><\/td>\n<\/tr>\n<tr>\n<td>Nace un ni\u00f1o en Bel\u00e9n (SATB)<\/td>\n<td>Batastini, Roberto<\/td>\n<td>GIA (2039)<\/td>\n<td>GRAMO<\/td>\n<\/tr>\n<tr>\n<td>All My Heart This Night Rejoices (SATB, 2 instrumentos agudos, teclado)<\/td>\n<td>Ebeling, Johann Georg<\/td>\n<td>Concordia<\/td>\n<td>GRAMO<\/td>\n<\/tr>\n<tr>\n<td>Desde Nazaret (SATB, \u00d3rgano)<\/td>\n<td>Van Hulse, Camil<\/td>\n<td>Lorenz (AM199)<\/td>\n<td>GRAMO<\/td>\n<\/tr>\n<tr>\n<td>Dios todopoderoso, que me has tra\u00eddo (SATB)<\/td>\n<td>Ford, Tom\u00e1s<\/td>\n<td>CPDL<\/td>\n<td>GRAMO<\/td>\n<\/tr>\n<tr>\n<td>Y el Verbo se hizo carne (SATB)<\/td>\n<td>PelzWalter L.<\/td>\n<td>Augsburgo<\/td>\n<td>GRAMO<\/td>\n<\/tr>\n<tr>\n<td>Y el Verbo se hizo carne (SATB)<\/td>\n<td>Zimmermann, Heinz Werner<\/td>\n<td>Concordia<\/td>\n<td>GRAMO<\/td>\n<\/tr>\n<tr>\n<td>\u00c1ngelus Ad Pastores Ait (SATB)<\/td>\n<td>Hassler, Hans Leo<\/td>\n<td>Asociado (A-405)<\/td>\n<td>GRAMO<\/td>\n<\/tr>\n<tr>\n<td>\u00c1ngelus Ad Pastores Ait (SATB)<\/td>\n<td>Hassler, Hans Leo<\/td>\n<td>G. Schirmer (8860)<\/td>\n<td>GRAMO<\/td>\n<\/tr>\n<tr>\n<td>\u00c1ngelus Ad Pastores Ait (SATB)<\/td>\n<td>Hassler, Hans Leo<\/td>\n<td>CPDL<\/td>\n<td>GRAMO<\/td>\n<\/tr>\n<tr>\n<td>\u00c1ngelus Ad Pastores Ait (SATB)<\/td>\n<td>Hassler, Hans Leo<\/td>\n<td>Schirmer CE (7978)<\/td>\n<td>GRAMO<\/td>\n<\/tr>\n<tr>\n<td>\u00c1ngelus Ad Pastores Ait (SATB)<\/td>\n<td>Hassler, Hans Leo<\/td>\n<td>Walton (6002)<\/td>\n<td>GRAMO<\/td>\n<\/tr>\n<tr>\n<td>Angelus Ad Pastores Ait (SATB, Teclado)<\/td>\n<td>Sweelinck, Jan Pieterszoon<\/td>\n<td>Arista (AE 388)<\/td>\n<td>GRAMO<\/td>\n<\/tr>\n<tr>\n<td>\u00c1ngelus Ad Pastores Ait (SSA o TTB)<\/td>\n<td>Monteverdi, Claudio<\/td>\n<td>Boosey &amp; Hawkes (9790051455454)<\/td>\n<td>GRAMO<\/td>\n<\/tr>\n<tr>\n<td>\u00c1ngelus Ad Pastores Ait (SATBB)<\/td>\n<td>di Lasso, Orlando<\/td>\n<td>Ediciones AR (R133X008)<\/td>\n<td>GRAMO<\/td>\n<\/tr>\n<tr>\n<td>\u00c1ngelus Ad Pastores Ait (SSAATB\/TTTBBB)<\/td>\n<td>Gabrielli, Giovanni<\/td>\n<td>CF Peters (5930)<\/td>\n<td>GRAMO<\/td>\n<\/tr>\n<tr>\n<td>Como cay\u00f3 una noche (SATB. Sop Solo, Piano u \u00d3rgano)<\/td>\n<td>Davis, Katherine K.<\/td>\n<td>Galaxia (1.1291)<\/td>\n<td>GRAMO<\/td>\n<\/tr>\n<tr>\n<td>Babe Is Born, A (SATB, d\u00fao de \u00f3rgano o piano)<\/td>\n<td>Mathias, Guillermo H.<\/td>\n<td>Oxford (9780193853676)<\/td>\n<td>GRAMO<\/td>\n<\/tr>\n<tr>\n<td>Antes de la maravilla de esta noche (SATB, \u00f3rgano)<\/td>\n<td>Schalk, Carl<\/td>\n<td>Augsburgo (11-2005)<\/td>\n<td>GRAMO<\/td>\n<\/tr>\n<tr>\n<td>He aqu\u00ed, os traigo buenas noticias (SSATTB)<\/td>\n<td>Victoria, Tom\u00e1s Luis de<\/td>\n<td>Novello (400090 NOV)<\/td>\n<td>GRAMO<\/td>\n<\/tr>\n<tr>\n<td>Boy Was Born, A (SATB, \u00f3rgano)<\/td>\n<td>Britten, Benjam\u00edn<\/td>\n<td>M\u00fasica de Chester (CH76549)<\/td>\n<td>GRAMO<\/td>\n<\/tr>\n<tr>\n<td>Cantate Domino\/OO Cantad al Se\u00f1or (SSATB)<\/td>\n<td>Sweelinck, Jan Pieterszoon<\/td>\n<td>Concordia (98-1937)<\/td>\n<td>PD<\/td>\n<\/tr>\n<tr>\n<td>Cantate Domino\/OSing Ye to the Lord (SATB)<\/td>\n<td>Sch\u00fctz, Heinreich<\/td>\n<td>Concordia (98-1974)<\/td>\n<td>PD<\/td>\n<\/tr>\n<tr>\n<td>Cantate Domine (SSATTB)<\/td>\n<td>Gabrielli, Giovanni<\/td>\n<td>Walton (6048)<\/td>\n<td>PD<\/td>\n<\/tr>\n<tr>\n<td>Canta Domino (SATB)<\/td>\n<td>Berger, Jean<\/td>\n<td>Concordia<\/td>\n<td>PD<\/td>\n<\/tr>\n<tr>\n<td>Canta Domino (SATB)<\/td>\n<td>Sweelinck, Jan Pieterszoon<\/td>\n<td>G. Schirmer (GS31337)<\/td>\n<td>PD<\/td>\n<\/tr>\n<tr>\n<td>Canta Domino (SATB)<\/td>\n<td>Hassler, Hans Leo<\/td>\n<td>Chester (JWC 55107) en \u201cEl libro de motetes de Chester-Vol. 4\u201d<\/td>\n<td>PD<\/td>\n<\/tr>\n<tr>\n<td>Canta Domino (SATB)<\/td>\n<td>Hassler, Hans Leo<\/td>\n<td>E. C. Schirmer (2979)<\/td>\n<td>PD<\/td>\n<\/tr>\n<tr>\n<td>Canta Domino (SSATB)<\/td>\n<td>Sweelinck, Jan Pieterszoon<\/td>\n<td>Walton (6029)<\/td>\n<td>PD<\/td>\n<\/tr>\n<tr>\n<td>Canta Domino (SSSA)<\/td>\n<td>Hassler, Hans Leo<\/td>\n<td>CE Schirmer (1887)<\/td>\n<td>PD<\/td>\n<\/tr>\n<tr>\n<td>Canta Domino (TTBB)<\/td>\n<td>Hassler, Hans Leo<\/td>\n<td>E. C. Schirmer (2194)<\/td>\n<td>PD<\/td>\n<\/tr>\n<tr>\n<td>Cantate Domin\u00f3 Omnis Terra (SATB)<\/td>\n<td>Croce, Juan<\/td>\n<td>Arista (AE199)<\/td>\n<td>PD<\/td>\n<\/tr>\n<tr>\n<td>Nace un ni\u00f1o, A (SATB, \u00f3rgano)<\/td>\n<td>N\u00e9stor, Le\u00f3n<\/td>\n<td>Schirmer CE (4389)<\/td>\n<td>GRAMO<\/td>\n<\/tr>\n<tr>\n<td>Navidad (Unison, Narration, Orff Instruments, Speech Choir)<\/td>\n<td>Maeker, Nancy<\/td>\n<td>Augsburgo<\/td>\n<td>GRAMO<\/td>\n<\/tr>\n<tr>\n<td>Nochebuena (S\u00c1B)<\/td>\n<td>Rutter, Juan<\/td>\n<td>Oxford (84.316)<\/td>\n<td>GRAMO<\/td>\n<\/tr>\n<tr>\n<td>Nochebuena (SATB, teclado)<\/td>\n<td>Schaefer, Robert<\/td>\n<td>WLP-008894)<\/td>\n<td>GRAMO<\/td>\n<\/tr>\n<tr>\n<td>Procesi\u00f3n de Navidad (mixto en 2 partes, campanillas)<\/td>\n<td>Proulx, Richard<\/td>\n<td>GIA (1708)<\/td>\n<td>GRAMO<\/td>\n<\/tr>\n<tr>\n<td>Christmas Story, The (SATB, Narrador, Teclado)<\/td>\n<td>Billings, Guillermo<\/td>\n<td>Concordia<\/td>\n<td>GRAMO<\/td>\n<\/tr>\n<tr>\n<td>Dominus dixit ad me (SSATBB, Campanillas, Oboe, Cuarteto de metales, \u00d3rgano)<\/td>\n<td>Afortunado, <span style=\"font-family: inherit; font-size: inherit;\">Brian<\/span><\/td>\n<td>Prensa Paracleto (PPM00529)<\/td>\n<td>mi<\/td>\n<\/tr>\n<tr>\n<td>For Unto Us A Child Is Born (SAB, soprano, alto, bajo solo, 2 violines, continuo, ingl\u00e9s\/alem\u00e1n)<\/td>\n<td>Krieger, JP<\/td>\n<td>Concordia<\/td>\n<td>1<\/td>\n<\/tr>\n<tr>\n<td>Porque nos ha nacido un ni\u00f1o de \u201cMes\u00edas\u201d (SAB, SATB, teclado u orquesta)<\/td>\n<td>Handel, George F.<\/td>\n<td>Varios<\/td>\n<td>1<\/td>\n<\/tr>\n<tr>\n<td>Desde el cielo (SSB, \u00f3rgano)<\/td>\n<td>Schein, Johann H.<\/td>\n<td>GIA (3008)<\/td>\n<td>GRAMO<\/td>\n<\/tr>\n<tr>\n<td>Del cielo a la tierra vengo (SAB, \u00f3rgano)<\/td>\n<td>arreglo de Helvey, Howard<\/td>\n<td>Beckenhorst (nacido en 1638)<\/td>\n<td>GRAMO<\/td>\n<\/tr>\n<tr>\n<td>Del Cielo Arriba a la Tierra Vengo (SSATB, Teclado)<\/td>\n<td>Bach, Juan Sebasti\u00e1n<\/td>\n<td>Augsburgo (080065854X) en \u201cBach para todas las estaciones\u201d<\/td>\n<td>GRAMO<\/td>\n<\/tr>\n<tr>\n<td>Del cielo a la tierra vengo (S(S)ATB, Solo, 2 instrumentos agudos, cuerdas opcionales, teclado)<\/td>\n<td>Bach, Johann Sebastian\/Burkhardt, Michael arr.<\/td>\n<td>M\u00fasica MorningStar (50-1040)<\/td>\n<td>GRAMO<\/td>\n<\/tr>\n<tr>\n<td>Desde el cielo de \u201cOratorio de Navidad\u201d (SATB, teclado)<\/td>\n<td>Bach, Juan Sebasti\u00e1n<\/td>\n<td>Barrenreiter (BA 5014.90)<\/td>\n<td>GRAMO<\/td>\n<\/tr>\n<tr>\n<td>Dulce Mar\u00eda (SATB)<\/td>\n<td>Ferris, William<\/td>\n<td>WLP (008784)<\/td>\n<td>GRAMO<\/td>\n<\/tr>\n<tr>\n<td>Gloria en excelsis Deo (SATB)<\/td>\n<td>Bach, Juan Sebasti\u00e1n<\/td>\n<td>Augsburgo (9780800658540) en \u201cBach para todas las estaciones\u201d<\/td>\n<td>GRAMO<\/td>\n<\/tr>\n<tr>\n<td>Gloria in excelsis Deo de \u201cCantata de Navidad\u201d (SATB, \u00d3rgano, 2 Trompetas, 2 Trombones)<\/td>\n<td>Pinkham, Daniel<\/td>\n<td>Robert Rey (48185177)*<\/td>\n<td>GRAMO<\/td>\n<\/tr>\n<tr>\n<td>Gloria, Op. 52 (TTBB y \u00d3rgano)<\/td>\n<td>Mathias, Guillermo H.<\/td>\n<td>Oxford<\/td>\n<td>GRAMO<\/td>\n<\/tr>\n<tr>\n<td>Gloria a Dios (SAB, SATB, \u00d3rgano\/Teclado\/Orquesta)<\/td>\n<td>Handel, George F.<\/td>\n<td>Varios<\/td>\n<td>GRAMO<\/td>\n<\/tr>\n<tr>\n<td>Gloria a Dios (SATB, Coro Juvenil, \u00d3rgano)<\/td>\n<td>PowellRobert J.<\/td>\n<td>Selah (422-861)<\/td>\n<td>GRAMO<\/td>\n<\/tr>\n<tr>\n<td>Gloria a Dios en las alturas (SATB)<\/td>\n<td>Thompson, Randall<\/td>\n<td>E. C. Schirmer (2470)<\/td>\n<td>GRAMO<\/td>\n<\/tr>\n<tr>\n<td>Gloria a Dios en las alturas (SATB, teclado)<\/td>\n<td>P\u00e9rgolesi, Giovanni Battista<\/td>\n<td>CE Schirmer (0370)<\/td>\n<td>GRAMO<\/td>\n<\/tr>\n<tr>\n<td>Gloria a Dios en las alturas (SATB, \u00d3rgano)<\/td>\n<td>P\u00e9rgolesi, Giovanni Battista<\/td>\n<td>Ditson (423-40089) en \u201cCoros maestros para voces mixtas\u201d<\/td>\n<td>GRAMO<\/td>\n<\/tr>\n<tr>\n<td>Gloria a Dios en las alturas (SATB, \u00d3rgano)<\/td>\n<td>P\u00e9rgolesi, Giovanni Battista<\/td>\n<td>Lanzallamas (S5.A6388)<\/td>\n<td>GRAMO<\/td>\n<\/tr>\n<tr>\n<td>Gloria a Dios en las alturas (SATB, \u00d3rgano\/Piano)<\/td>\n<td>Corelli, Arc\u00e1ngel<\/td>\n<td>St. James Press<\/td>\n<td>GRAMO<\/td>\n<\/tr>\n<tr>\n<td>Gloria a Dios en las alturas (SATB\/TTB, \u00d3rgano)<\/td>\n<td>Hammerschmidt, Andraes<\/td>\n<td>C. F. Peters (66305)<\/td>\n<td>GRAMO<\/td>\n<\/tr>\n<tr>\n<td>Gloria a Dios en las alturas (SSA)<\/td>\n<td>Distler, Hugo<\/td>\n<td>Concordia<\/td>\n<td>GRAMO<\/td>\n<\/tr>\n<tr>\n<td>Gloria a Dios en las alturas (SSATB\/TTB, teclado)<\/td>\n<td>Distler, Hugo<\/td>\n<td>Concordia<\/td>\n<td>GRAMO<\/td>\n<\/tr>\n<tr>\n<td>Gloria a Dios en su trono (SATB, Continuo)<\/td>\n<td>Sch\u00fctz, Heinreich<\/td>\n<td>Editorial Carus (20.421)<\/td>\n<td>GRAMO<\/td>\n<\/tr>\n<tr>\n<td>Ve a contarlo en la monta\u00f1a (SATB)<\/td>\n<td>arreglo Sj\u00f6lund, Paul<\/td>\n<td>Hinshaw (HMC 543)<\/td>\n<td>GRAMO<\/td>\n<\/tr>\n<tr>\n<td>Dios ahora habita entre nosotros\/Verbum caro factum est (SAB)<\/td>\n<td>Hassler, Hans Leo\/Wilhelm, Roger arr.<\/td>\n<td>Marcos Foster (MF 129)<\/td>\n<td>C<\/td>\n<\/tr>\n<tr>\n<td>Dios envi\u00f3 a su Hijo (SATB, \u00f3rgano)<\/td>\n<td>Gibbs, Allen Orton<\/td>\n<td>Abingdon<\/td>\n<td>2<\/td>\n<\/tr>\n<tr>\n<td>Buenos amigos cristianos se regocijan y (SATB\/divisi)<\/td>\n<td>Bedford, Michael<\/td>\n<td>Tetra\/Continuo (TC-1084)<\/td>\n<td>GRAMO<\/td>\n<\/tr>\n<tr>\n<td>Aquel a quien los pastores gozosos alabaron (SAB, \u00d3rgano)<\/td>\n<td>Cerca, Gerald<\/td>\n<td>Aureola (AE019)<\/td>\n<td>GRAMO<\/td>\n<\/tr>\n<tr>\n<td>Hodie Christus natus est (2 partes, campanillas\/teclado)<\/td>\n<td>Birkley, Michael M.<\/td>\n<td>GIA (5391)<\/td>\n<td>PD,G<\/td>\n<\/tr>\n<tr>\n<td>Hodie Christus Natus Est (2 partes, teclado)<\/td>\n<td>Bedford, Michael<\/td>\n<td>Gremio de Coristas (CGA 421)<\/td>\n<td>PD,G<\/td>\n<\/tr>\n<tr>\n<td>Hodie Christus natus est (SATB)<\/td>\n<td>Marenzio, Lucas<\/td>\n<td>CPDL<\/td>\n<td>GRAMO<\/td>\n<\/tr>\n<tr>\n<td>Hodie Christus Natus Est (SATB, teclado)<\/td>\n<td>Bedford, Michael<\/td>\n<td>Gremio de Coristas (CGA 490)<\/td>\n<td>PD,G<\/td>\n<\/tr>\n<tr>\n<td>Hodie Christus Natus Est (SATB, \u00d3rgano)<\/td>\n<td>Ast\u00f3n, Pedro<\/td>\n<td>Novela corta (NOV290044)<\/td>\n<td>PD,G<\/td>\n<\/tr>\n<tr>\n<td>Sudadera con capucha Christus Natus Est (SB)<\/td>\n<td>Gumpeltzhaimer, Adam<\/td>\n<td>GIA (5270)<\/td>\n<td>PD,G<\/td>\n<\/tr>\n<tr>\n<td>Hodie Christus Natus Est (SSATB)<\/td>\n<td>Sweelinck, Jan Pieterszoon<\/td>\n<td>CPDL<\/td>\n<td>PD,G<\/td>\n<\/tr>\n<tr>\n<td>Hodie Christus Natus Est (SSATB)<\/td>\n<td>Sweelinck, Jan Pieterszoon<\/td>\n<td>Novela corta (NOV290162)<\/td>\n<td>PD,G<\/td>\n<\/tr>\n<tr>\n<td>Hodie Christus Natus Est (SSATTB)<\/td>\n<td>Sch\u00fctz, Heinreich<\/td>\n<td>Barrenreiter (BA03437)<\/td>\n<td>PD,G<\/td>\n<\/tr>\n<tr>\n<td>Hodie Christus natus est a 4 (SATB)<\/td>\n<td>Palestrina, Giovanni Pierluigi da<\/td>\n<td>CPDL<\/td>\n<td>GRAMO<\/td>\n<\/tr>\n<tr>\n<td>Hodie Christus Natus Est de \u201cDiez motetes venecianos\u201d (SSA\/SATB, lat\u00edn)<\/td>\n<td>Bassano, Giovanni<\/td>\n<td>Oxford (9780193543911)<\/td>\n<td>PD,G<\/td>\n<\/tr>\n<tr>\n<td>Sudadera con capucha Christus Natus Est (SB)<\/td>\n<td>Gumpeltzhaimer, Adam<\/td>\n<td>GIA (5270)<\/td>\n<td>PD,G<\/td>\n<\/tr>\n<tr>\n<td>Hodie Christus Natus Est (SSATTB)<\/td>\n<td>Sch\u00fctz, Heinreich<\/td>\n<td>G. Schirmer (HL 50318390)<\/td>\n<td>PD,G<\/td>\n<\/tr>\n<tr>\n<td>Hodie Christus Natus Est de \u201cDiez motetes venecianos\u201d (SSA\/SATB, lat\u00edn)<\/td>\n<td>Bassano, Giovanni<\/td>\n<td>Oxford (9780193543911)<\/td>\n<td>PD,G<\/td>\n<\/tr>\n<tr>\n<td>\u00a1Hodie! \u00a1Emmanuel! \u00a1Gloria! (SATB, Percusi\u00f3n)<\/td>\n<td>Precio, Milburn<\/td>\n<td>Avi\u00f3n de combate Hinshaw (HMC-157)<\/td>\n<td>GRAMO<\/td>\n<\/tr>\n<tr>\n<td>Hodie, Christus natus est (SATB)<\/td>\n<td>Willan, Healley<\/td>\n<td>Carl Fischer (CM249)<\/td>\n<td>GRAMO<\/td>\n<\/tr>\n<tr>\n<td>En la Medianoche Solitaria (SATB)<\/td>\n<td>Mart\u00edn, Gilbert H.<\/td>\n<td>Prensa de m\u00fasica sacra (10\/2296S)<\/td>\n<td>GRAMO<\/td>\n<\/tr>\n<tr>\n<td>En Excelsis Gloria (SATB)<\/td>\n<td>Mathias, Guillermo H.<\/td>\n<td>Oxford (343168)<\/td>\n<td>GRAMO<\/td>\n<\/tr>\n<tr>\n<td>Infant Holy, Infant Lowly (SATBB, Sop Solo)<\/td>\n<td>Cochran, Grant<\/td>\n<td>Schirmer CE (7120)<\/td>\n<td>GRAMO<\/td>\n<\/tr>\n<tr>\n<td>\u00bfHay una paloma murmuradora cerca? (SATB, \u00d3rgano, Opt. Flauta, Obe, Arpa, Cuarteto de Cuerdas)<\/td>\n<td>Scott, K. Lee<\/td>\n<td>M\u00fasica MorningStar (50-1603)<\/td>\n<td>GRAMO<\/td>\n<\/tr>\n<tr>\n<td>Lleg\u00f3 a la medianoche clara (SAB, Cong., \u00d3rgano, Trompeta)<\/td>\n<td>Willis, Richard S.\/Proulx, Richard arr.<\/td>\n<td>GIA (4323)<\/td>\n<td>GRAMO<\/td>\n<\/tr>\n<tr>\n<td>Lleg\u00f3 a la medianoche clara (SATB, Cong., Cuarteto de cuerdas, \u00d3rgano)<\/td>\n<td>Willis, Richard S.\/Powell, Robert J. arr.<\/td>\n<td>GIA (2534)<\/td>\n<td>GRAMO<\/td>\n<\/tr>\n<tr>\n<td>Jes\u00fas, t\u00fa, la Virgen nacida de 4 villancicos ingleses antiguos #3 (SATB)<\/td>\n<td>Holst, Gustav<\/td>\n<td>CPDL<\/td>\n<td>GRAMO<\/td>\n<\/tr>\n<tr>\n<td>Gloria jubilosa, A (SATB, teclado)<\/td>\n<td>Pie ligero, Mary Lynn<\/td>\n<td>M\u00fasica patrimonial (15\/1832H)<\/td>\n<td>GRAMO<\/td>\n<\/tr>\n<tr>\n<td>Laetentur Caeli (SATB)<\/td>\n<td>Hassler, Hans Leo<\/td>\n<td>Chester (CH55107) en \u201cEl libro de motetes de Chester-Vol. 4\u201d<\/td>\n<td>PD<\/td>\n<\/tr>\n<tr>\n<td>Deje que toda la Tierra se asombre (SAB)<\/td>\n<td>Handel, George F.<\/td>\n<td>Concordia (98-2473)<\/td>\n<td>PD<\/td>\n<\/tr>\n<tr>\n<td>He aqu\u00ed, el \u00e1ngel dijo a los pastores (SATTBB, organ ad. lib.)<\/td>\n<td>Gabrieli, Andrea<\/td>\n<td>G. Schirmer (10865)<\/td>\n<td>GRAMO<\/td>\n<\/tr>\n<tr>\n<td>El Se\u00f1or me dijo (SATB, \u00d3rgano, 2 Trompetas, 2 Trombones y Timbales)<\/td>\n<td>Ferris, William<\/td>\n<td>GIA (1389)<\/td>\n<td>mi<\/td>\n<\/tr>\n<tr>\n<td>Oh Amados Pastores (SATB, 2 Violines, Continuo)<\/td>\n<td>Hammerschmidt, Andraes<\/td>\n<td>Concordia (97-6332)<\/td>\n<td>GRAMO<\/td>\n<\/tr>\n<tr>\n<td>Oh magnum mysterium (SATB\/SATB)<\/td>\n<td>Handel, Jacob<\/td>\n<td>CPDL<\/td>\n<td>GRAMO<\/td>\n<\/tr>\n<tr>\n<td>El misterio del magnum (SATB)<\/td>\n<td>Poulenc, Francisco<\/td>\n<td>Salaberto (12525)<\/td>\n<td>GRAMO<\/td>\n<\/tr>\n<tr>\n<td>El misterio del magnum (SATB)<\/td>\n<td>Victoria, Tom\u00e1s Luis de<\/td>\n<td>CPDL<\/td>\n<td>GRAMO<\/td>\n<\/tr>\n<tr>\n<td>El misterio del magnum (SATB)<\/td>\n<td>Victoria, Tom\u00e1s Luis de<\/td>\n<td>G. Schirmer (10193)<\/td>\n<td>GRAMO<\/td>\n<\/tr>\n<tr>\n<td>O magnum mysterium (Un\u00edsono, \u00d3rgano)<\/td>\n<td>Cerca, Gerald<\/td>\n<td>Aureola (AE018)<\/td>\n<td>GRAMO<\/td>\n<\/tr>\n<tr>\n<td>O magnum mysterium de \u201cChristmas Cantata\u201d (SATB, \u00d3rgano, 2 Trompetas, 2 Trombones)<\/td>\n<td>Pinkham, Daniel<\/td>\n<td>Robert Rey (48185177)*<\/td>\n<td>GRAMO<\/td>\n<\/tr>\n<tr>\n<td>Cantad al Se\u00f1or (SATB, \u00f3rgano, cuerdas)<\/td>\n<td>Purcell, Enrique<\/td>\n<td>Edici\u00f3n de Peters (780193545502)<\/td>\n<td>PD<\/td>\n<\/tr>\n<tr>\n<td>Oh, cantad al Se\u00f1or un c\u00e1ntico nuevo (SAB, \u00f3rgano opcional)<\/td>\n<td>Morley, Tom\u00e1s<\/td>\n<td>GIA (RAB8) en \u201cSeis sencillos himnos en tres partes\u201d<\/td>\n<td>PD<\/td>\n<\/tr>\n<tr>\n<td>Cantad al Se\u00f1or un c\u00e1ntico nuevo (SATB)<\/td>\n<td>doblador, enero<\/td>\n<td>Concordia<\/td>\n<td>PD<\/td>\n<\/tr>\n<tr>\n<td>Oh, cantad al Se\u00f1or, op. 29 (SATB, \u00d3rgano)<\/td>\n<td>Mathias, Guillermo H.<\/td>\n<td>Oxford (9780193655980)<\/td>\n<td>PD<\/td>\n<\/tr>\n<tr>\n<td>Personas que caminaron en la oscuridad, (SAB)<\/td>\n<td>GiesekeRichard W.<\/td>\n<td>Concordia<\/td>\n<td>1<\/td>\n<\/tr>\n<tr>\n<td>Salmo 96 (SATB, \u00d3rgano, Trompeta)<\/td>\n<td>Bedford, Michael<\/td>\n<td>CE Schirmer (6207)<\/td>\n<td>PD<\/td>\n<\/tr>\n<tr>\n<td>Puer Natus Est Nobis (SAB)<\/td>\n<td>Morales, Crist\u00f3bal<\/td>\n<td>GIA (4154)<\/td>\n<td>1<\/td>\n<\/tr>\n<tr>\n<td>Quem vidistis pastores de \u201cCantata de Navidad\u201d (SATB, \u00d3rgano, 2 Trompetas, 2 Trombones)<\/td>\n<td>Pinkham, Daniel<\/td>\n<td>Roberto Rey (602)<\/td>\n<td>GRAMO<\/td>\n<\/tr>\n<tr>\n<td>Quien crea celum (SATB)<\/td>\n<td>Mart\u00edn, Roland E.<\/td>\n<td>St. James Press<\/td>\n<td>GRAMO<\/td>\n<\/tr>\n<tr>\n<td>Redentor de las naciones, ven (SATB, Hand Drum, Handbells)<\/td>\n<td>arreglo Thompson, J. Michael<\/td>\n<td>WLP (005793)<\/td>\n<td>GRAMO<\/td>\n<\/tr>\n<tr>\n<td>Ha nacido el Salvador del mundo, de \u201c4 viejos villancicos ingleses #4\u201d (SATB)<\/td>\n<td>Holst, Gustav<\/td>\n<td>CPDL<\/td>\n<td>GRAMO<\/td>\n<\/tr>\n<tr>\n<td>Pastores despiertos (al un\u00edsono)<\/td>\n<td>Jothen, Michael<\/td>\n<td>Gremio de coristas (CGA 234)<\/td>\n<td>GRAMO<\/td>\n<\/tr>\n<tr>\n<td>Shiru L&#039;adonai (SATB, \u00d3rgano, Percusi\u00f3n)<\/td>\n<td>Gottlieb, Jack<\/td>\n<td>Theodore Presser (983009)<\/td>\n<td>PD<\/td>\n<\/tr>\n<tr>\n<td>Canta una nueva canci\u00f3n (2 partes)<\/td>\n<td>Watson, Walter<\/td>\n<td>Maestros de Ludwig<\/td>\n<td>PD<\/td>\n<\/tr>\n<tr>\n<td>Cantar una nueva canci\u00f3n (SATB)<\/td>\n<td>Kreutz, Robert E.<\/td>\n<td>Summy-abedul<\/td>\n<td>PD<\/td>\n<\/tr>\n<tr>\n<td>Cantad al Se\u00f1or un c\u00e1ntico nuevo (SATB, Coro de Ni\u00f1os, Campanillas, \u00d3rgano)<\/td>\n<td>Scott, K. Lee<\/td>\n<td>Concordia (98-3124)<\/td>\n<td>PD<\/td>\n<\/tr>\n<tr>\n<td>Singet dem Herr nein neues Lied (SATB\/SATB, Continuo)<\/td>\n<td>Pachelbel, Johann<\/td>\n<td>Carus-Verlag (CV100805)<\/td>\n<td>PD<\/td>\n<\/tr>\n<tr>\n<td>Hab\u00eda pastores (SATB, teclado)<\/td>\n<td>Wyton, Alec<\/td>\n<td>lanzallamas<\/td>\n<td>GRAMO<\/td>\n<\/tr>\n<tr>\n<td>Hab\u00eda pastores (SSAATB\/TTTBBB, 2 pianos)<\/td>\n<td>Wyton, Alec<\/td>\n<td>J. Fischer<\/td>\n<td>GRAMO<\/td>\n<\/tr>\n<tr>\n<td>Tres canciones navide\u00f1as: N.\u00ba 1 El tiempo de la nieve (S, piano)<\/td>\n<td>Chilcott, Bob<\/td>\n<td>Oxford (9780193426320)<\/td>\n<td>GRAMO<\/td>\n<\/tr>\n<tr>\n<td>Tres Motetes: Laetentur caeli (SSA)<\/td>\n<td>Pinkham, Daniel<\/td>\n<td>CF Peters (P66709)<\/td>\n<td>PD<\/td>\n<\/tr>\n<tr>\n<td>A nosotros nos ha nacido un ni\u00f1o (SATB, \u00f3rgano)<\/td>\n<td>Sch\u00fctz, Heinrich<\/td>\n<td>Concordia<\/td>\n<td>1<\/td>\n<\/tr>\n<tr>\n<td>Nos ha nacido un ni\u00f1o (SATB\/SATB)<\/td>\n<td>Franck, Melchor<\/td>\n<td>Prensa Shawnee (A-1522)*<\/td>\n<td>1<\/td>\n<\/tr>\n<tr>\n<td>Nos ha nacido un ni\u00f1o (SSA, teclado)<\/td>\n<td>Willan, Healley<\/td>\n<td>Concordia (97-7564) en \u201cTe alabamos, Parte I\u201d<\/td>\n<td>1<\/td>\n<\/tr>\n<tr>\n<td>Verbum caro factum est (SAB)<\/td>\n<td>Morales, Crist\u00f3bal<\/td>\n<td>Hermanos Broude<\/td>\n<td>C<\/td>\n<\/tr>\n<tr>\n<td>Verbum caro factum est (SSATTB)<\/td>\n<td>Hassler, Hans Leo<\/td>\n<td>Arista (AE 289)<\/td>\n<td>C<\/td>\n<\/tr>\n<tr>\n<td>Verbum caro factum est (SSATTB)<\/td>\n<td>Hassler, Hans Leo<\/td>\n<td>Tetra\/Continuo (TC 140)<\/td>\n<td>C<\/td>\n<\/tr>\n<tr>\n<td>Verbum caro factum est (TTB)<\/td>\n<td>Hassler, Hans Leo<\/td>\n<td>CPDL<\/td>\n<td>C<\/td>\n<\/tr>\n<tr>\n<td>Verbum caro factum est (SATB)<\/td>\n<td>Villancico ingl\u00e9s del siglo XIX<\/td>\n<td>GIA (4158)<\/td>\n<td>C<\/td>\n<\/tr>\n<tr>\n<td>Virga Jesse (SATB)<\/td>\n<td>Bruckner, Ant\u00f3n<\/td>\n<td>CPDL<\/td>\n<td>GRAMO<\/td>\n<\/tr>\n<tr>\n<td>Virgin Born Nos inclinamos ante ti (SATB)<\/td>\n<td>ChepponisJames J.<\/td>\n<td>GIA (3296)<\/td>\n<td>GRAMO<\/td>\n<\/tr>\n<tr>\n<td>Virgin Mary Had a Baby Boy, The (SATB, teclado, trompeta opcional)<\/td>\n<td>Trapp, Lynn M.<\/td>\n<td>M\u00fasica MorningStar (50-1701)<\/td>\n<td>GRAMO<\/td>\n<\/tr>\n<tr>\n<td>Canci\u00f3n del sue\u00f1o de Virgin, The (SSA, teclado)<\/td>\n<td>Reguer, Max<\/td>\n<td>G. Schirmer (ED4001)<\/td>\n<td>GRAMO<\/td>\n<\/tr>\n<tr>\n<td>Wake, O Shepherds (Un\u00edsono, Teclado, Instrumento C)<\/td>\n<td>Rameau, Jean Philippe<\/td>\n<td>Augsburgo<\/td>\n<td>GRAMO<\/td>\n<\/tr>\n<tr>\n<td>La Palabra se hizo carne (SA y teclado)<\/td>\n<td>Willan, Healley<\/td>\n<td>Concordia (97-7610) en \u201cTe alabamos, Parte II\u201d<\/td>\n<td>C<\/td>\n<\/tr>\n<tr>\n<td>La Palabra se hizo carne (Al un\u00edsono o SA y teclado)<\/td>\n<td>Rohlig, Harald<\/td>\n<td>Concordia<\/td>\n<td>C<\/td>\n<\/tr>\n<\/tbody>\n<\/table>","protected":false},"excerpt":{"rendered":"<p>Choral Anthems Title (Voicing) Composer\/Arranger Publisher (Item #) Usage A Child is Born in Bethlehem (SATB) Batastini, Robert GIA (2039) G All My Heart This Night Rejoices\u00a0(SATB, 2 Treble instruments, Keyboard) Ebeling, Johann Georg Concordia G All the Way from Nazareth (SATB, Organ) Van\u00a0Hulse,\u00a0Camil Lorenz (AM199) G Almighty God, Which Hast Me Brought (SATB) Ford, [&hellip;]<\/p>\n","protected":false},"author":6628,"featured_media":0,"parent":0,"menu_order":0,"comment_status":"closed","ping_status":"closed","template":"","meta":{"_acf_changed":false,"footnotes":""},"class_list":["post-13392","page","type-page","status-publish","hentry"],"acf":[],"_links":{"self":[{"href":"https:\/\/npm.org\/es\/wp-json\/wp\/v2\/pages\/13392"}],"collection":[{"href":"https:\/\/npm.org\/es\/wp-json\/wp\/v2\/pages"}],"about":[{"href":"https:\/\/npm.org\/es\/wp-json\/wp\/v2\/types\/page"}],"author":[{"embeddable":true,"href":"https:\/\/npm.org\/es\/wp-json\/wp\/v2\/users\/6628"}],"replies":[{"embeddable":true,"href":"https:\/\/npm.org\/es\/wp-json\/wp\/v2\/comments?post=13392"}],"version-history":[{"count":2,"href":"https:\/\/npm.org\/es\/wp-json\/wp\/v2\/pages\/13392\/revisions"}],"predecessor-version":[{"id":22638,"href":"https:\/\/npm.org\/es\/wp-json\/wp\/v2\/pages\/13392\/revisions\/22638"}],"wp:attachment":[{"href":"https:\/\/npm.org\/es\/wp-json\/wp\/v2\/media?parent=13392"}],"curies":[{"name":"gracias","href":"https:\/\/api.w.org\/{rel}","templated":true}]}}