{"id":13197,"date":"2020-06-09T15:10:57","date_gmt":"2020-06-09T15:10:57","guid":{"rendered":"https:\/\/npm.org\/?page_id=13197"},"modified":"2021-01-31T22:58:17","modified_gmt":"2021-01-31T22:58:17","slug":"antiracism-resources","status":"publish","type":"page","link":"https:\/\/npm.org\/es\/antiracism-resources\/","title":{"rendered":"Recursos antirracismo"},"content":{"rendered":"<div data-elementor-type=\"wp-page\" data-elementor-id=\"13197\" class=\"elementor elementor-13197\" data-elementor-post-type=\"page\">\n\t\t\t\t\t\t<section class=\"elementor-section elementor-top-section elementor-element elementor-element-477b635c elementor-section-boxed elementor-section-height-default elementor-section-height-default\" data-id=\"477b635c\" data-element_type=\"section\" data-e-type=\"section\">\n\t\t\t\t\t\t<div class=\"elementor-container elementor-column-gap-default\">\n\t\t\t\t\t<div class=\"elementor-column elementor-col-100 elementor-top-column elementor-element elementor-element-57b25118\" data-id=\"57b25118\" data-element_type=\"column\" data-e-type=\"column\">\n\t\t\t<div class=\"elementor-widget-wrap elementor-element-populated\">\n\t\t\t\t\t\t<div class=\"elementor-element elementor-element-221ac772 elementor-widget elementor-widget-text-editor\" data-id=\"221ac772\" data-element_type=\"widget\" data-e-type=\"widget\" data-widget_type=\"text-editor.default\">\n\t\t\t\t<div class=\"elementor-widget-container\">\n\t\t\t\t\t\t\t\t\t<p><\/p>\n<h2 style=\"text-align: center;\">\u201cEl racismo no es una cosa del pasado o simplemente un tema pol\u00edtico descartable sobre el que hablar cuando sea conveniente. Es un peligro real y presente que hay que afrontar de frente. Como miembros de la Iglesia, debemos defender las acciones correctas y justas m\u00e1s dif\u00edciles en lugar de los errores f\u00e1ciles de la indiferencia. No podemos hacer la vista gorda ante estas atrocidades y aun as\u00ed tratar de profesar respetar cada vida humana. Servimos a un Dios de amor, misericordia y justicia &quot;.<\/h2>\n<h3>-Declaraci\u00f3n de los presidentes obispos de los Estados Unidos tras la muerte de George Floyd y las protestas nacionales <a href=\"http:\/\/www.usccb.org\/news\/2020\/20-83.cfm\" target=\"_blank\" rel=\"noopener noreferrer\">(Texto completo aqu\u00ed)<\/a><\/h3>\n<p><\/p>\t\t\t\t\t\t\t\t<\/div>\n\t\t\t\t<\/div>\n\t\t\t\t\t<\/div>\n\t\t<\/div>\n\t\t\t\t\t<\/div>\n\t\t<\/section>\n\t\t\t\t<section class=\"elementor-section elementor-top-section elementor-element elementor-element-d218744 elementor-section-boxed elementor-section-height-default elementor-section-height-default\" data-id=\"d218744\" data-element_type=\"section\" data-e-type=\"section\">\n\t\t\t\t\t\t<div class=\"elementor-container elementor-column-gap-default\">\n\t\t\t\t\t<div class=\"elementor-column elementor-col-100 elementor-top-column elementor-element elementor-element-4c7945e\" data-id=\"4c7945e\" data-element_type=\"column\" data-e-type=\"column\">\n\t\t\t<div class=\"elementor-widget-wrap elementor-element-populated\">\n\t\t\t\t\t\t<div class=\"elementor-element elementor-element-d7ab4f5 white-text elementor-invisible elementor-widget elementor-widget-heading\" data-id=\"d7ab4f5\" data-element_type=\"widget\" data-e-type=\"widget\" data-settings=\"{&quot;_animation&quot;:&quot;fadeIn&quot;}\" data-widget_type=\"heading.default\">\n\t\t\t\t<div class=\"elementor-widget-container\">\n\t\t\t\t\t<h1 class=\"elementor-heading-title elementor-size-large\">Recursos antirracismo<br>(Actualizado en enero de 2021)<\/h1>\t\t\t\t<\/div>\n\t\t\t\t<\/div>\n\t\t\t\t<div class=\"elementor-element elementor-element-1d55ff8 elementor-widget elementor-widget-text-editor\" data-id=\"1d55ff8\" data-element_type=\"widget\" data-e-type=\"widget\" data-widget_type=\"text-editor.default\">\n\t\t\t\t<div class=\"elementor-widget-container\">\n\t\t\t\t\t\t\t\t\t<p><a href=\"https:\/\/youtu.be\/l2S0tD6qFIA\"><span style=\"font-weight: 400;\">Discurso de la hermana Thea Bowman ante la Conferencia de Obispos Cat\u00f3licos de los Estados Unidos (1989)\u00a0<\/span><\/a><\/p>\n<p><a href=\"http:\/\/www.usccb.org\/issues-and-action\/cultural-diversity\/african-american\/resources\/upload\/Transcript-Sr-Thea-Bowman-June-1989-Address.pdf\"><span style=\"font-weight: 400;\">Transcripci\u00f3n, discurso de la hermana Thea Bowman ante la USCCB<\/span><\/a><\/p>\n<p><a href=\"https:\/\/www.usccb.org\/resources\/open-wide-our-hearts_0.pdf\"><span style=\"font-weight: 400;\">Abre de par en par nuestros corazones: el perdurable llamado al amor (USCCB) (2018)<\/span><\/a> <\/p>\t\t\t\t\t\t\t\t<\/div>\n\t\t\t\t<\/div>\n\t\t\t\t\t<\/div>\n\t\t<\/div>\n\t\t\t\t\t<\/div>\n\t\t<\/section>\n\t\t\t\t<section class=\"elementor-section elementor-top-section elementor-element elementor-element-733b0df elementor-section-boxed elementor-section-height-default elementor-section-height-default\" data-id=\"733b0df\" data-element_type=\"section\" data-e-type=\"section\">\n\t\t\t\t\t\t<div class=\"elementor-container elementor-column-gap-default\">\n\t\t\t\t\t<div class=\"elementor-column elementor-col-100 elementor-top-column elementor-element elementor-element-a376bd4\" data-id=\"a376bd4\" data-element_type=\"column\" data-e-type=\"column\">\n\t\t\t<div class=\"elementor-widget-wrap elementor-element-populated\">\n\t\t\t\t\t\t<div class=\"elementor-element elementor-element-6731102 white-text elementor-invisible elementor-widget elementor-widget-heading\" data-id=\"6731102\" data-element_type=\"widget\" data-e-type=\"widget\" data-settings=\"{&quot;_animation&quot;:&quot;fadeIn&quot;}\" data-widget_type=\"heading.default\">\n\t\t\t\t<div class=\"elementor-widget-container\">\n\t\t\t\t\t<h1 class=\"elementor-heading-title elementor-size-large\">Episodios del Lunes del Ministerio<\/h1>\t\t\t\t<\/div>\n\t\t\t\t<\/div>\n\t\t\t\t<div class=\"elementor-element elementor-element-c0cf929 elementor-widget elementor-widget-text-editor\" data-id=\"c0cf929\" data-element_type=\"widget\" data-e-type=\"widget\" data-widget_type=\"text-editor.default\">\n\t\t\t\t<div class=\"elementor-widget-container\">\n\t\t\t\t\t\t\t\t\t<p><a href=\"https:\/\/www.ministrymonday.org\/episodes\/2020\/11\/9\/129-honoring-sister-thea-bowman-and-black-catholic-history-month\"><span style=\"font-weight: 400;\">#129: Honrando a la hermana Thea Bowman y el mes de la historia cat\u00f3lica negra<\/span><\/a> <a href=\"https:\/\/www.ministrymonday.org\/episodes\/2020\/11\/9\/129-honoring-sister-thea-bowman-and-black-catholic-history-month\"><span style=\"font-weight: 400;\">(9 de noviembre de 2020)<\/span><\/a><span style=\"font-weight: 400;\">\u00a0<\/span><\/p>\n<p><a href=\"https:\/\/www.ministrymonday.org\/episodes\/2020\/10\/19\/126-black-lives-matter-in-the-church\"><span style=\"font-weight: 400;\">Lunes ministerial #126: Las vidas de los negros importan en la iglesia (19 de octubre de 2020)<\/span><\/a><span style=\"font-weight: 400;\">\u00a0<\/span><\/p>\n<p><a href=\"https:\/\/www.ministrymonday.org\/episodes\/2020\/9\/6\/120-black-lives-matter-the-pandemic-of-racism-before-the-pandemic\"><span style=\"font-weight: 400;\">Lunes ministerial #120: Las vidas de los negros importan: la pandemia del racismo antes de la pandemia (7 de septiembre de 2020)<\/span><\/a><\/p>\n<p><a href=\"https:\/\/www.ministrymonday.org\/episodes\/2020\/9\/6\/120-black-lives-matter-the-pandemic-of-racism-before-the-pandemic\"><span style=\"font-weight: 400;\">Lunes ministerial #115: Black Lives Matter - Levanta cada voz y canta (por M. Roger Holland II) (3 de agosto de 2020)<\/span><\/a><span style=\"font-weight: 400;\">\u00a0<\/span><\/p>\n<p><a href=\"https:\/\/www.ministrymonday.org\/episodes\/2020\/6\/7\/107-our-baptismal-call-to-social-justice-a-conversation-with-fr-joseph-a-brown\"><span style=\"font-weight: 400;\">Lunes ministerial #107: Nuestro llamado bautismal a la justicia social: una conversaci\u00f3n con el P. Joseph A. Brown<\/span><\/a> <a href=\"https:\/\/www.ministrymonday.org\/episodes\/2020\/6\/7\/107-our-baptismal-call-to-social-justice-a-conversation-with-fr-joseph-a-brown\"><span style=\"font-weight: 400;\">(8 de junio de 2020)<\/span><\/a><\/p>\t\t\t\t\t\t\t\t<\/div>\n\t\t\t\t<\/div>\n\t\t\t\t\t<\/div>\n\t\t<\/div>\n\t\t\t\t\t<\/div>\n\t\t<\/section>\n\t\t\t\t<section class=\"elementor-section elementor-top-section elementor-element elementor-element-3ba88b7 elementor-section-boxed elementor-section-height-default elementor-section-height-default\" data-id=\"3ba88b7\" data-element_type=\"section\" data-e-type=\"section\">\n\t\t\t\t\t\t<div class=\"elementor-container elementor-column-gap-default\">\n\t\t\t\t\t<div class=\"elementor-column elementor-col-100 elementor-top-column elementor-element elementor-element-15bcc73\" data-id=\"15bcc73\" data-element_type=\"column\" data-e-type=\"column\">\n\t\t\t<div class=\"elementor-widget-wrap elementor-element-populated\">\n\t\t\t\t\t\t<div class=\"elementor-element elementor-element-2c0f5ec white-text elementor-invisible elementor-widget elementor-widget-heading\" data-id=\"2c0f5ec\" data-element_type=\"widget\" data-e-type=\"widget\" data-settings=\"{&quot;_animation&quot;:&quot;fadeIn&quot;}\" data-widget_type=\"heading.default\">\n\t\t\t\t<div class=\"elementor-widget-container\">\n\t\t\t\t\t<h1 class=\"elementor-heading-title elementor-size-large\">Presentaciones de NPM<\/h1>\t\t\t\t<\/div>\n\t\t\t\t<\/div>\n\t\t\t\t<div class=\"elementor-element elementor-element-8bdf855 elementor-widget elementor-widget-text-editor\" data-id=\"8bdf855\" data-element_type=\"widget\" data-e-type=\"widget\" data-widget_type=\"text-editor.default\">\n\t\t\t\t<div class=\"elementor-widget-container\">\n\t\t\t\t\t\t\t\t\t<p><a href=\"https:\/\/youtu.be\/EeO2sGZNMh8?t=147\"><span style=\"font-weight: 400;\">La mesa de bienvenida: \u00bfQui\u00e9n es bienvenido y de qui\u00e9n? Un panel de discusi\u00f3n (22 de junio de 2020)<\/span><\/a><\/p>\n<p><a href=\"https:\/\/youtu.be\/_u0HXL5Lo6A\"><span style=\"font-weight: 400;\">Thursday Thoughts at 3: Black Faith Matters (por el Dr. Ansel Augustine) (7 de enero de 2021)<\/span><\/a><span style=\"font-weight: 400;\">\u00a0<\/span><\/p>\n<p><a href=\"https:\/\/youtu.be\/Bu9OapOaLIg\"><span style=\"font-weight: 400;\">Pensamientos del jueves a las 3: Black Lives Matter in the Church (por el Dr. Kim Harris) (18 de junio de 2020)<\/span><\/a><\/p>\n<p><a href=\"https:\/\/youtu.be\/xz0Wkh86TvM\"><span style=\"font-weight: 400;\">Pensamientos del jueves a las 3: Eclesiast\u00e9s: un tiempo para levantarse (por ValLimar Jansen) (11 de junio de 2020)<\/span><\/a><\/p>\t\t\t\t\t\t\t\t<\/div>\n\t\t\t\t<\/div>\n\t\t\t\t\t<\/div>\n\t\t<\/div>\n\t\t\t\t\t<\/div>\n\t\t<\/section>\n\t\t\t\t<section class=\"elementor-section elementor-top-section elementor-element elementor-element-13f57f2 elementor-section-boxed elementor-section-height-default elementor-section-height-default\" data-id=\"13f57f2\" data-element_type=\"section\" data-e-type=\"section\">\n\t\t\t\t\t\t<div class=\"elementor-container elementor-column-gap-default\">\n\t\t\t\t\t<div class=\"elementor-column elementor-col-100 elementor-top-column elementor-element elementor-element-806c303\" data-id=\"806c303\" data-element_type=\"column\" data-e-type=\"column\">\n\t\t\t<div class=\"elementor-widget-wrap elementor-element-populated\">\n\t\t\t\t\t\t<div class=\"elementor-element elementor-element-148b98f white-text elementor-invisible elementor-widget elementor-widget-heading\" data-id=\"148b98f\" data-element_type=\"widget\" data-e-type=\"widget\" data-settings=\"{&quot;_animation&quot;:&quot;fadeIn&quot;}\" data-widget_type=\"heading.default\">\n\t\t\t\t<div class=\"elementor-widget-container\">\n\t\t\t\t\t<h1 class=\"elementor-heading-title elementor-size-large\">Otros recursos (2020-presente)<\/h1>\t\t\t\t<\/div>\n\t\t\t\t<\/div>\n\t\t\t\t<div class=\"elementor-element elementor-element-c80a952 elementor-widget elementor-widget-text-editor\" data-id=\"c80a952\" data-element_type=\"widget\" data-e-type=\"widget\" data-widget_type=\"text-editor.default\">\n\t\t\t\t<div class=\"elementor-widget-container\">\n\t\t\t\t\t\t\t\t\t<p><a href=\"https:\/\/thesouthern.com\/news\/local\/carbondale-leaders-reflect-on-george-floyd-killing-in-minneapolis\/article_4198c723-3edb-5531-8e27-65f0baf17f8c.html#tracking-source=home-top-story-1\"><span style=\"font-weight: 400;\">Los l\u00edderes de Carbondale reflexionan sobre el asesinato de George Floyd en Minneapolis (una entrevista con el P. Brown)<\/span><\/a><\/p>\n<p><a href=\"https:\/\/www.ncronline.org\/news\/opinion\/black-america-i-am-tired\"><span style=\"font-weight: 400;\">Am\u00e9rica negra: estoy cansado - por Joseph A. Brown (Registro Nacional Cat\u00f3lico)<\/span><\/a><\/p>\n<p><a href=\"https:\/\/sankofamuse.blogspot.com\/2020\/05\/my-arms-are-empty.html\"><span style=\"font-weight: 400;\">Mis brazos est\u00e1n vac\u00edos: una canci\u00f3n de lamentaci\u00f3n - por Joseph A. Brown<\/span><\/a><\/p>\t\t\t\t\t\t\t\t<\/div>\n\t\t\t\t<\/div>\n\t\t\t\t\t<\/div>\n\t\t<\/div>\n\t\t\t\t\t<\/div>\n\t\t<\/section>\n\t\t\t\t<section class=\"elementor-section elementor-top-section elementor-element elementor-element-f90cbaf elementor-section-boxed elementor-section-height-default elementor-section-height-default\" data-id=\"f90cbaf\" data-element_type=\"section\" data-e-type=\"section\">\n\t\t\t\t\t\t<div class=\"elementor-container elementor-column-gap-default\">\n\t\t\t\t\t<div class=\"elementor-column elementor-col-100 elementor-top-column elementor-element elementor-element-d5b8f5c\" data-id=\"d5b8f5c\" data-element_type=\"column\" data-e-type=\"column\">\n\t\t\t<div class=\"elementor-widget-wrap elementor-element-populated\">\n\t\t\t\t\t\t<div class=\"elementor-element elementor-element-c2d958b white-text elementor-invisible elementor-widget elementor-widget-heading\" data-id=\"c2d958b\" data-element_type=\"widget\" data-e-type=\"widget\" data-settings=\"{&quot;_animation&quot;:&quot;fadeIn&quot;}\" data-widget_type=\"heading.default\">\n\t\t\t\t<div class=\"elementor-widget-container\">\n\t\t\t\t\t<h1 class=\"elementor-heading-title elementor-size-large\">M\u00e1s recursos sobre la lucha contra el racismo<\/h1>\t\t\t\t<\/div>\n\t\t\t\t<\/div>\n\t\t\t\t<div class=\"elementor-element elementor-element-fba9171 elementor-widget elementor-widget-text-editor\" data-id=\"fba9171\" data-element_type=\"widget\" data-e-type=\"widget\" data-widget_type=\"text-editor.default\">\n\t\t\t\t<div class=\"elementor-widget-container\">\n\t\t\t\t\t\t\t\t\t<p><a href=\"http:\/\/www.usccb.org\/issues-and-action\/human-life-and-dignity\/racism\/\"><span style=\"font-weight: 400;\">USCCB: Combatir el racismo<\/span><\/a><\/p>\n<p><a href=\"https:\/\/catholicvolunteernetwork.org\/resource\/diversity-multi-cultural-anti-racism-resources\/\"><span style=\"font-weight: 400;\">Red de voluntarios cat\u00f3licos: Recursos contra el racismo<\/span><\/a><\/p>\n<p><a href=\"https:\/\/ignatiansolidarity.net\/resources\/faith-in-action-responding-to-racial-injustice\/\"><span style=\"font-weight: 400;\">Red de solidaridad ignaciana: Fe en acci\u00f3n: responder a la justicia racial<\/span><\/a><\/p>\n<p><a href=\"https:\/\/www.americamagazine.org\/politics-society\/2020\/06\/01\/fight-racism-catholics-must-hunger-justice-we-do-eucharist\"><span style=\"font-weight: 400;\">Para luchar contra el racismo, los cat\u00f3licos deben tener hambre de justicia como nosotros lo hacemos por la Eucarist\u00eda (Revista Am\u00e9rica)<\/span><\/a><\/p>\n<p><a href=\"https:\/\/paxchristiusa.org\/resources\/antiracismresources\/\"><span style=\"font-weight: 400;\">Pax Christi: Recursos contra el racismo<\/span><\/a><\/p>\n<p><a href=\"https:\/\/www.ipjc.org\/racism-diversity-resources\/\"><span style=\"font-weight: 400;\">Intercommunity Peace &amp; Justice Center: Racism &amp; Diversity Resources<\/span><\/a><\/p>\t\t\t\t\t\t\t\t<\/div>\n\t\t\t\t<\/div>\n\t\t\t\t\t<\/div>\n\t\t<\/div>\n\t\t\t\t\t<\/div>\n\t\t<\/section>\n\t\t\t\t<\/div>","protected":false},"excerpt":{"rendered":"<p>Antiracism Resources(Updated January 2021) Sister Thea Bowman\u2019s speech to the United States Conference of Catholic Bishops (1989)\u00a0 Transcript, Sister Thea Bowman&#8217;s speech to the USCCB Open Wide Our Hearts: The Enduring Call to Love (USCCB) (2018) Ministry Monday Episodes #129: Honoring Sister Thea Bowman and Black Catholic History Month (November 9, 2020)\u00a0 Ministry Monday #126: [&hellip;]<\/p>\n","protected":false},"author":3640,"featured_media":0,"parent":0,"menu_order":0,"comment_status":"closed","ping_status":"closed","template":"","meta":{"_acf_changed":false,"footnotes":""},"class_list":["post-13197","page","type-page","status-publish","hentry"],"acf":[],"_links":{"self":[{"href":"https:\/\/npm.org\/es\/wp-json\/wp\/v2\/pages\/13197"}],"collection":[{"href":"https:\/\/npm.org\/es\/wp-json\/wp\/v2\/pages"}],"about":[{"href":"https:\/\/npm.org\/es\/wp-json\/wp\/v2\/types\/page"}],"author":[{"embeddable":true,"href":"https:\/\/npm.org\/es\/wp-json\/wp\/v2\/users\/3640"}],"replies":[{"embeddable":true,"href":"https:\/\/npm.org\/es\/wp-json\/wp\/v2\/comments?post=13197"}],"version-history":[{"count":0,"href":"https:\/\/npm.org\/es\/wp-json\/wp\/v2\/pages\/13197\/revisions"}],"wp:attachment":[{"href":"https:\/\/npm.org\/es\/wp-json\/wp\/v2\/media?parent=13197"}],"curies":[{"name":"gracias","href":"https:\/\/api.w.org\/{rel}","templated":true}]}}