{"id":13181,"date":"2020-06-06T23:22:06","date_gmt":"2020-06-06T23:22:06","guid":{"rendered":"https:\/\/npm.org\/?page_id=13181"},"modified":"2020-10-04T00:31:55","modified_gmt":"2020-10-04T00:31:55","slug":"national-association-of-pastoral-musicians-statement-against-racism","status":"publish","type":"page","link":"https:\/\/npm.org\/es\/national-association-of-pastoral-musicians-statement-against-racism\/","title":{"rendered":"Las vidas negras importan"},"content":{"rendered":"<p>El pasado fin de semana la Junta Directiva ofreci\u00f3 esta declaraci\u00f3n p\u00fablica contra el racismo. Reconocemos que esta declaraci\u00f3n no abord\u00f3 adecuadamente la realidad actual. Como en todas las cosas, la necesidad de ser espec\u00edfico es importante. Seamos claros:\u00a0<strong>Creemos inequ\u00edvocamente que Black Lives Matter.<\/strong><\/p>\r\n<p>Como dice la declaraci\u00f3n, tambi\u00e9n nos comprometemos con los miembros a que, a medida que el proceso de NPM 2.0 contin\u00faa aclarando una visi\u00f3n emocionante para el futuro de nuestra asociaci\u00f3n, es imperativa una mayor inclusi\u00f3n tanto entre los miembros como entre los l\u00edderes. Como resultado, estamos realizando cambios en nuestra convenci\u00f3n virtual para reflejar estos tiempos y anunciaremos y ofreceremos, en un futuro muy cercano, otras iniciativas y oportunidades para miembros y no miembros para convertirse en mejores oyentes, aprendices y personas de acci\u00f3n. .<\/p>\r\n<p>La Junta Directiva de NPM<\/p>\r\n<p><em>(11 de junio de 2020)\u00a0<\/em><\/p>\r\n<p>&nbsp;<\/p>\r\n<p><img fetchpriority=\"high\" decoding=\"async\" title=\"Logotipo de NPM PMS282 (1)\" src=\"https:\/\/npm.org\/wp-content\/uploads\/NPM-Logo-PMS282-1-300x212.png\" alt=\"NPM Logo PMS282 (1)\" width=\"300\" height=\"212\" \/><\/p>\r\n<p>La Asociaci\u00f3n Nacional de M\u00fasicos Pastorales apoya a los obispos cat\u00f3licos de EE. UU. Como una de las &quot;muchas voces que hablan y buscan curaci\u00f3n contra el mal del racismo en nuestra tierra&quot;. Los obispos contin\u00faan record\u00e1ndonos: \u201cLas personas de buena conciencia nunca deben hacer la vista gorda cuando los ciudadanos est\u00e1n siendo privados de su dignidad humana e incluso de sus vidas. La indiferencia no es una opci\u00f3n &quot;.<\/p>\r\n<p>&nbsp;<\/p>\r\n<p><strong>Como m\u00fasicos pastorales, es nuestra misi\u00f3n y responsabilidad liderar nuestras comunidades de fe en el culto musical, inspirando a los cristianos a abrazar el mandato de Jes\u00fas de ir m\u00e1s all\u00e1 de tal indiferencia de palabra y de hecho.<\/strong><\/p>\r\n<p>&nbsp;<\/p>\r\n<p>Nos inspira nuestro moderador episcopal, el obispo Mark Seitz de El Paso, en su defensa prof\u00e9tica de la dignidad de la vida humana, quien escribe: \u201cCada raza, color, tribu, pueblo, lengua y cultura son hilos en el tapiz vibrante y diverso. del Reino de Dios &quot;. Como asociaci\u00f3n, estamos comprometidos con una mayor inclusi\u00f3n en nuestro liderazgo nacional y con el aumento de la diversidad de nuestra membres\u00eda como algo esencial para nuestro futuro.<\/p>\r\n<p>&nbsp;<\/p>\r\n<p>Guiados por el Esp\u00edritu Santo, superaremos el tumulto actual en nuestra naci\u00f3n. Como m\u00fasicos pastorales, no dejaremos de proclamar el Evangelio de la vida y continuaremos guiando al pueblo de Dios en la oraci\u00f3n cantada por la curaci\u00f3n en nuestra tierra.<\/p>\r\n<p>&nbsp;<\/p>\r\n<p><a href=\"https:\/\/npm.org\/es\/\">www.npm.org<\/a><\/p>","protected":false},"excerpt":{"rendered":"<p>Declaraci\u00f3n del NPM sobre el racismo<\/p>","protected":false},"author":3640,"featured_media":14194,"parent":0,"menu_order":0,"comment_status":"closed","ping_status":"closed","template":"","meta":{"_acf_changed":false,"footnotes":""},"class_list":["post-13181","page","type-page","status-publish","has-post-thumbnail","hentry"],"acf":[],"_links":{"self":[{"href":"https:\/\/npm.org\/es\/wp-json\/wp\/v2\/pages\/13181"}],"collection":[{"href":"https:\/\/npm.org\/es\/wp-json\/wp\/v2\/pages"}],"about":[{"href":"https:\/\/npm.org\/es\/wp-json\/wp\/v2\/types\/page"}],"author":[{"embeddable":true,"href":"https:\/\/npm.org\/es\/wp-json\/wp\/v2\/users\/3640"}],"replies":[{"embeddable":true,"href":"https:\/\/npm.org\/es\/wp-json\/wp\/v2\/comments?post=13181"}],"version-history":[{"count":0,"href":"https:\/\/npm.org\/es\/wp-json\/wp\/v2\/pages\/13181\/revisions"}],"wp:featuredmedia":[{"embeddable":true,"href":"https:\/\/npm.org\/es\/wp-json\/wp\/v2\/media\/14194"}],"wp:attachment":[{"href":"https:\/\/npm.org\/es\/wp-json\/wp\/v2\/media?parent=13181"}],"curies":[{"name":"gracias","href":"https:\/\/api.w.org\/{rel}","templated":true}]}}