{"id":12701,"date":"2024-08-06T16:20:29","date_gmt":"2024-08-06T20:20:29","guid":{"rendered":"https:\/\/npm.org\/?page_id=12701"},"modified":"2025-04-03T08:57:26","modified_gmt":"2025-04-03T12:57:26","slug":"joint-ago-npm-colleague-certification-cago","status":"publish","type":"page","link":"https:\/\/npm.org\/es\/joint-ago-npm-colleague-certification-cago\/","title":{"rendered":"Certificaci\u00f3n conjunta de colega AGO \/ NPM (CAGO)"},"content":{"rendered":"<div data-elementor-type=\"wp-page\" data-elementor-id=\"12701\" class=\"elementor elementor-12701\" data-elementor-post-type=\"page\">\n\t\t\t\t\t\t<section class=\"elementor-section elementor-top-section elementor-element elementor-element-bba3066 elementor-section-boxed elementor-section-height-default elementor-section-height-default\" data-id=\"bba3066\" data-element_type=\"section\" data-e-type=\"section\">\n\t\t\t\t\t\t<div class=\"elementor-container elementor-column-gap-default\">\n\t\t\t\t\t<div class=\"elementor-column elementor-col-100 elementor-top-column elementor-element elementor-element-e8821f1\" data-id=\"e8821f1\" data-element_type=\"column\" data-e-type=\"column\">\n\t\t\t<div class=\"elementor-widget-wrap elementor-element-populated\">\n\t\t\t\t\t\t<div class=\"elementor-element elementor-element-7222d25 white-text elementor-invisible elementor-widget elementor-widget-heading\" data-id=\"7222d25\" data-element_type=\"widget\" data-e-type=\"widget\" id=\"national-staff\" data-settings=\"{&quot;_animation&quot;:&quot;fadeIn&quot;}\" data-widget_type=\"heading.default\">\n\t\t\t\t<div class=\"elementor-widget-container\">\n\t\t\t\t\t<h1 class=\"elementor-heading-title elementor-size-large\">MNP conjunto \/ AGO<br><span style=\"font-style:italic\">Colega<\/span> Certificaci\u00f3n (CAGO)<\/h1>\t\t\t\t<\/div>\n\t\t\t\t<\/div>\n\t\t\t\t\t<\/div>\n\t\t<\/div>\n\t\t\t\t\t<\/div>\n\t\t<\/section>\n\t\t\t\t<section class=\"elementor-section elementor-top-section elementor-element elementor-element-a79415a elementor-section-boxed elementor-section-height-default elementor-section-height-default\" data-id=\"a79415a\" data-element_type=\"section\" data-e-type=\"section\">\n\t\t\t\t\t\t<div class=\"elementor-container elementor-column-gap-default\">\n\t\t\t\t\t<div class=\"elementor-column elementor-col-100 elementor-top-column elementor-element elementor-element-64a92e3\" data-id=\"64a92e3\" data-element_type=\"column\" data-e-type=\"column\">\n\t\t\t<div class=\"elementor-widget-wrap elementor-element-populated\">\n\t\t\t\t\t\t<div class=\"elementor-element elementor-element-39c5dc9 elementor-widget elementor-widget-text-editor\" data-id=\"39c5dc9\" data-element_type=\"widget\" data-e-type=\"widget\" data-widget_type=\"text-editor.default\">\n\t\t\t\t<div class=\"elementor-widget-container\">\n\t\t\t\t\t\t\t\t\t<p style=\"text-align: center;\"><span style=\"font-size: 14pt;\">A partir del 1 de abril de 2025: <\/span><\/p>\n<p style=\"text-align: center;\"><span style=\"font-size: 14pt;\">Debido a cambios recientes en su proceso de certificaci\u00f3n, el examen de \u00f3rgano colega (CAGO) ya no estar\u00e1 disponible como una certificaci\u00f3n dual entre NPM y<\/span><br \/><span style=\"font-size: 14pt;\">El Gremio Americano de Organistas.<\/span><\/p>\n<p style=\"text-align: center;\"><span style=\"font-size: 14pt;\">Quienes ya hayan iniciado el proceso de inscripci\u00f3n para el examen de doble certificaci\u00f3n de CAGO tienen tres a\u00f1os desde el inicio de la inscripci\u00f3n para completarlo, independientemente de este cambio. Adem\u00e1s, NPM seguir\u00e1 ofreciendo el Certificado de Juego de Servicio (SPC) como una oportunidad de doble certificaci\u00f3n con NPM y AGO.<\/span><\/p>\n<p style=\"text-align: center;\"><span style=\"font-size: 14pt;\">Para obtener m\u00e1s informaci\u00f3n sobre estas y otras certificaciones, visite\u00a0<a class=\"c-link\" href=\"http:\/\/npm.org\/es\/certificates-and-certification\/\" target=\"_blank\" rel=\"noopener noreferrer\" data-stringify-link=\"http:\/\/npm.org\/certificates-andcertification\" data-sk=\"tooltip_parent\">npm.org\/certificates-and-certification<\/a>.<\/span><\/p>\t\t\t\t\t\t\t\t<\/div>\n\t\t\t\t<\/div>\n\t\t\t\t\t<\/div>\n\t\t<\/div>\n\t\t\t\t\t<\/div>\n\t\t<\/section>\n\t\t\t\t<section class=\"elementor-section elementor-top-section elementor-element elementor-element-195ca78 elementor-section-boxed elementor-section-height-default elementor-section-height-default\" data-id=\"195ca78\" data-element_type=\"section\" data-e-type=\"section\">\n\t\t\t\t\t\t<div class=\"elementor-container elementor-column-gap-default\">\n\t\t\t\t\t<div class=\"elementor-column elementor-col-100 elementor-top-column elementor-element elementor-element-e46d658\" data-id=\"e46d658\" data-element_type=\"column\" data-e-type=\"column\">\n\t\t\t<div class=\"elementor-widget-wrap elementor-element-populated\">\n\t\t\t\t\t\t<div class=\"elementor-element elementor-element-5127963 elementor-widget-divider--view-line elementor-widget elementor-widget-divider\" data-id=\"5127963\" data-element_type=\"widget\" data-e-type=\"widget\" data-widget_type=\"divider.default\">\n\t\t\t\t<div class=\"elementor-widget-container\">\n\t\t\t\t\t\t\t<div class=\"elementor-divider\">\n\t\t\t<span class=\"elementor-divider-separator\">\n\t\t\t\t\t\t<\/span>\n\t\t<\/div>\n\t\t\t\t\t\t<\/div>\n\t\t\t\t<\/div>\n\t\t\t\t\t<\/div>\n\t\t<\/div>\n\t\t\t\t\t<\/div>\n\t\t<\/section>\n\t\t\t\t<section class=\"elementor-section elementor-top-section elementor-element elementor-element-5826eee7 elementor-section-boxed elementor-section-height-default elementor-section-height-default\" data-id=\"5826eee7\" data-element_type=\"section\" data-e-type=\"section\">\n\t\t\t\t\t\t<div class=\"elementor-container elementor-column-gap-default\">\n\t\t\t\t\t<div class=\"elementor-column elementor-col-100 elementor-top-column elementor-element elementor-element-60d4c825\" data-id=\"60d4c825\" data-element_type=\"column\" data-e-type=\"column\">\n\t\t\t<div class=\"elementor-widget-wrap elementor-element-populated\">\n\t\t\t\t\t\t<div class=\"elementor-element elementor-element-110a60b9 elementor-widget elementor-widget-text-editor\" data-id=\"110a60b9\" data-element_type=\"widget\" data-e-type=\"widget\" data-widget_type=\"text-editor.default\">\n\t\t\t\t<div class=\"elementor-widget-container\">\n\t\t\t\t\t\t\t\t\t<p><\/p>\n<p><span style=\"font-size: 14pt;\">Nos complace trabajar con el American Guild of Organists para ofrecer una doble certificaci\u00f3n tanto en Service Playing (SPC) como en el Colleague Exam (CAGO). Esta p\u00e1gina le brinda todos los recursos que necesita para <strong>la Certificaci\u00f3n de Colegas (CAGO).\u00a0<\/strong><\/span><\/p>\n<p><span style=\"font-size: 14pt;\"><strong>Paso uno:<\/strong> Consulte los recursos (a continuaci\u00f3n) y <a href=\"https:\/\/www.agohq.org\/ago-colleague-certification\/\">visite el sitio web de AGO<\/a> para m\u00e1s detalles.\u00a0<\/span><\/p>\n<p><span style=\"font-size: 14pt;\"><strong>Segundo paso: <\/strong><span style=\"color: #000000;\">Descargue y complete una solicitud del<\/span> <a href=\"https:\/\/www.agohq.org\/2024-colleague-certification-exam\/\">Sitio web de AGO.<\/a><\/span><\/p>\n<p><span style=\"font-size: 14pt;\"><strong>Paso tres:<\/strong> <a href=\"https:\/\/npm.org\/wp-content\/uploads\/Organ-CAGO-Certificate_2020-2021.pdf\" target=\"_blank\" rel=\"noopener noreferrer\">Descargue la solicitud de certificaci\u00f3n dual de colega de NPM (PDF)<\/a> y env\u00ede la solicitud completa a la Oficina Nacional del NPM.\u00a0<\/span><\/p>\n<p><span style=\"font-size: 14pt;\"><strong>Recursos para ex\u00e1menes de colegas<\/strong><\/span><\/p>\n<p><span style=\"font-size: 14pt;\"><a href=\"https:\/\/www.agohq.org\/wp-content\/uploads\/2024\/06\/2025-Certification-Requirements.pdf\">Requisitos de certificaci\u00f3n profesional AGO (2025)<\/a>\u00a0<\/span><\/p>\n<p><span style=\"font-size: 14pt;\"><a href=\"https:\/\/www.agohq.org\/wp-content\/uploads\/2024\/06\/AGO-Certification-Manual-of-Procedure-All-Levels-FINAL.pdf\">2024 Manual de Procedimientos de Certificaci\u00f3n<\/a><\/span><\/p>\n<p><\/p>\t\t\t\t\t\t\t\t<\/div>\n\t\t\t\t<\/div>\n\t\t\t\t\t<\/div>\n\t\t<\/div>\n\t\t\t\t\t<\/div>\n\t\t<\/section>\n\t\t\t\t<\/div>","protected":false},"excerpt":{"rendered":"<p>Joint NPM\/AGOColleague Certification (CAGO) As of April 1, 2025: Due to recent changes in their certification process, the Colleague organ exam (CAGO) will no longer be available as a dual certification between NPM andthe American Guild of Organists. Those who have already begun the registration process for the CAGO dual certification exam have three years [&hellip;]<\/p>\n","protected":false},"author":3640,"featured_media":0,"parent":0,"menu_order":0,"comment_status":"closed","ping_status":"closed","template":"","meta":{"_acf_changed":false,"footnotes":""},"class_list":["post-12701","page","type-page","status-publish","hentry"],"acf":[],"_links":{"self":[{"href":"https:\/\/npm.org\/es\/wp-json\/wp\/v2\/pages\/12701"}],"collection":[{"href":"https:\/\/npm.org\/es\/wp-json\/wp\/v2\/pages"}],"about":[{"href":"https:\/\/npm.org\/es\/wp-json\/wp\/v2\/types\/page"}],"author":[{"embeddable":true,"href":"https:\/\/npm.org\/es\/wp-json\/wp\/v2\/users\/3640"}],"replies":[{"embeddable":true,"href":"https:\/\/npm.org\/es\/wp-json\/wp\/v2\/comments?post=12701"}],"version-history":[{"count":22,"href":"https:\/\/npm.org\/es\/wp-json\/wp\/v2\/pages\/12701\/revisions"}],"predecessor-version":[{"id":24874,"href":"https:\/\/npm.org\/es\/wp-json\/wp\/v2\/pages\/12701\/revisions\/24874"}],"wp:attachment":[{"href":"https:\/\/npm.org\/es\/wp-json\/wp\/v2\/media?parent=12701"}],"curies":[{"name":"gracias","href":"https:\/\/api.w.org\/{rel}","templated":true}]}}