{"id":12694,"date":"2024-08-06T16:20:43","date_gmt":"2024-08-06T20:20:43","guid":{"rendered":"https:\/\/npm.org\/?page_id=12694"},"modified":"2024-12-13T12:32:16","modified_gmt":"2024-12-13T17:32:16","slug":"joint-ago-npm-service-playing-certification","status":"publish","type":"page","link":"https:\/\/npm.org\/es\/joint-ago-npm-service-playing-certification\/","title":{"rendered":"Certificaci\u00f3n conjunta de juego de servicio AGO \/ NPM"},"content":{"rendered":"<p><img fetchpriority=\"high\" decoding=\"async\" title=\"Bot\u00f3n conjunto AGO NPM SPC\" src=\"https:\/\/npm.org\/wp-content\/uploads\/Joint-AGO-NPM-SPC-button-1.jpg\" alt=\"Joint AGO NPM SPC button\" width=\"728\" height=\"150\" \/><\/p>\r\n<p>Nos complace trabajar con el American Guild of Organists para ofrecer una doble certificaci\u00f3n tanto en Service Playing (SPC) como en el Colleague Exam (CAGO). Esta p\u00e1gina le brinda todos los recursos que necesita para <strong>la Certificaci\u00f3n de Juego de Servicio (SPC).\u00a0<\/strong><\/p>\r\n<p><strong>Paso uno:<\/strong> Consulte los recursos (a continuaci\u00f3n) y <a href=\"https:\/\/wp.agohq.org\/service-playing-test\/\">visite el sitio web de AGO<\/a> para m\u00e1s detalles.\u00a0<\/p>\r\n<p><strong>Segundo paso:<\/strong> Descargue y complete una solicitud del\u00a0<a href=\"https:\/\/wp.agohq.org\/service-playing-certificate-application-form\/\">Sitio web de AGO.<\/a><\/p>\r\n<p><strong>NOTA: Los requisitos de juego espec\u00edficos para NPM se incluyen en el documento de Requisitos de certificaci\u00f3n profesional de AGO. Incluyen repertorio espec\u00edfico para varias secciones as\u00ed como himnos espec\u00edficos que deben elegirse.\u00a0<\/strong><\/p>\r\n<p>&nbsp;<\/p>\r\n<p><strong>Recursos para el examen de juego de servicio <\/strong><\/p>\r\n<p><a href=\"https:\/\/www.agohq.org\/wp-content\/uploads\/2024\/06\/2025-Certification-Requirements.pdf\">Requisitos de certificaci\u00f3n profesional AGO (2025)<\/a>\u00a0<\/p>\r\n<p><a href=\"https:\/\/www.agohq.org\/wp-content\/uploads\/2024\/06\/AGO-Certification-Manual-of-Procedure-All-Levels-FINAL.pdf\">2024 Manual de Procedimiento para la Certificaci\u00f3n (PDF)\u00a0<\/a><\/p>","protected":false},"excerpt":{"rendered":"","protected":false},"author":3640,"featured_media":0,"parent":0,"menu_order":0,"comment_status":"closed","ping_status":"closed","template":"","meta":{"_acf_changed":false,"footnotes":""},"class_list":["post-12694","page","type-page","status-publish","hentry"],"acf":[],"_links":{"self":[{"href":"https:\/\/npm.org\/es\/wp-json\/wp\/v2\/pages\/12694"}],"collection":[{"href":"https:\/\/npm.org\/es\/wp-json\/wp\/v2\/pages"}],"about":[{"href":"https:\/\/npm.org\/es\/wp-json\/wp\/v2\/types\/page"}],"author":[{"embeddable":true,"href":"https:\/\/npm.org\/es\/wp-json\/wp\/v2\/users\/3640"}],"replies":[{"embeddable":true,"href":"https:\/\/npm.org\/es\/wp-json\/wp\/v2\/comments?post=12694"}],"version-history":[{"count":6,"href":"https:\/\/npm.org\/es\/wp-json\/wp\/v2\/pages\/12694\/revisions"}],"predecessor-version":[{"id":24063,"href":"https:\/\/npm.org\/es\/wp-json\/wp\/v2\/pages\/12694\/revisions\/24063"}],"wp:attachment":[{"href":"https:\/\/npm.org\/es\/wp-json\/wp\/v2\/media?parent=12694"}],"curies":[{"name":"gracias","href":"https:\/\/api.w.org\/{rel}","templated":true}]}}