{"id":1248,"date":"2017-07-04T23:23:09","date_gmt":"2017-07-04T23:23:09","guid":{"rendered":"https:\/\/npm.org\/?page_id=1248"},"modified":"2021-02-09T21:49:49","modified_gmt":"2021-02-09T21:49:49","slug":"certification-process-for-directors-of-music-ministries","status":"publish","type":"page","link":"https:\/\/npm.org\/es\/certification-process-for-directors-of-music-ministries\/","title":{"rendered":"Certificaci\u00f3n de Ministerio Eclesial Laico"},"content":{"rendered":"<p><img decoding=\"async\" src=\"https:\/\/npm.org\/wp-content\/uploads\/Alliance-logo-nowords-153w-150x150-1.gif\" alt=\"Alliance Logo\" width=\"98\" height=\"98\" \/>La Alianza para la Certificaci\u00f3n de Ministros Eclesiales Laicos (o, \u201cla Alianza\u201d) busca afirmar y promover el ministerio eclesial laico (LEM) en parroquias y di\u00f3cesis de los Estados Unidos. La Alianza est\u00e1 compuesta por cinco organizaciones ministeriales cat\u00f3licas nacionales que trabajan en colaboraci\u00f3n para producir est\u00e1ndares comunes para el ministerio eclesial laico y para implementar y promover la certificaci\u00f3n de ministros eclesiales laicos.<\/p>\r\n<hr \/>\r\n<h2>Lista de ministros eclesiales laicos certificados<\/h2>\r\n<table cellspacing=\"20\">\r\n<tbody>\r\n<tr>\r\n<td><strong>2017-2024<\/strong><br \/><img decoding=\"async\" src=\"https:\/\/npm.org\/wp-content\/uploads\/2017\/08\/pat.jpg\" alt=\"\" width=\"100\" height=\"137\" \/><br \/>Patricia Campbell<\/td>\r\n<td><strong>2015-2022<\/strong><br \/><img decoding=\"async\" src=\"https:\/\/npm.org\/wp-content\/uploads\/2017\/08\/raphael.jpg\" alt=\"\" width=\"100\" height=\"137\" \/><br \/>Raphael Morvant<\/td>\r\n<\/tr>\r\n<\/tbody>\r\n<\/table>\r\n<hr \/>","protected":false},"excerpt":{"rendered":"","protected":false},"author":6628,"featured_media":0,"parent":0,"menu_order":0,"comment_status":"closed","ping_status":"closed","template":"","meta":{"_acf_changed":false,"footnotes":""},"class_list":["post-1248","page","type-page","status-publish","hentry"],"acf":[],"_links":{"self":[{"href":"https:\/\/npm.org\/es\/wp-json\/wp\/v2\/pages\/1248"}],"collection":[{"href":"https:\/\/npm.org\/es\/wp-json\/wp\/v2\/pages"}],"about":[{"href":"https:\/\/npm.org\/es\/wp-json\/wp\/v2\/types\/page"}],"author":[{"embeddable":true,"href":"https:\/\/npm.org\/es\/wp-json\/wp\/v2\/users\/6628"}],"replies":[{"embeddable":true,"href":"https:\/\/npm.org\/es\/wp-json\/wp\/v2\/comments?post=1248"}],"version-history":[{"count":0,"href":"https:\/\/npm.org\/es\/wp-json\/wp\/v2\/pages\/1248\/revisions"}],"wp:attachment":[{"href":"https:\/\/npm.org\/es\/wp-json\/wp\/v2\/media?parent=1248"}],"curies":[{"name":"gracias","href":"https:\/\/api.w.org\/{rel}","templated":true}]}}