{"id":1218,"date":"2017-07-04T19:21:37","date_gmt":"2017-07-04T19:21:37","guid":{"rendered":"https:\/\/npm.org\/?page_id=1218"},"modified":"2026-03-27T07:42:36","modified_gmt":"2026-03-27T11:42:36","slug":"cantor-certificate-programs","status":"publish","type":"page","link":"https:\/\/npm.org\/es\/cantor-certificate-programs\/","title":{"rendered":"Programas de certificado de Cantor"},"content":{"rendered":"<div data-elementor-type=\"wp-page\" data-elementor-id=\"1218\" class=\"elementor elementor-1218\" data-elementor-post-type=\"page\">\n\t\t\t\t\t\t<section class=\"elementor-section elementor-top-section elementor-element elementor-element-61710ccb elementor-section-boxed elementor-section-height-default elementor-section-height-default\" data-id=\"61710ccb\" data-element_type=\"section\" data-e-type=\"section\">\n\t\t\t\t\t\t<div class=\"elementor-container elementor-column-gap-default\">\n\t\t\t\t\t<div class=\"elementor-column elementor-col-100 elementor-top-column elementor-element elementor-element-151f040d\" data-id=\"151f040d\" data-element_type=\"column\" data-e-type=\"column\">\n\t\t\t<div class=\"elementor-widget-wrap elementor-element-populated\">\n\t\t\t\t\t\t<div class=\"elementor-element elementor-element-542bb61 elementor-widget elementor-widget-video\" data-id=\"542bb61\" data-element_type=\"widget\" data-e-type=\"widget\" data-settings=\"{&quot;youtube_url&quot;:&quot;https:\\\/\\\/youtu.be\\\/QBPzgfLEh0k&quot;,&quot;video_type&quot;:&quot;youtube&quot;,&quot;controls&quot;:&quot;yes&quot;}\" data-widget_type=\"video.default\">\n\t\t\t\t<div class=\"elementor-widget-container\">\n\t\t\t\t\t\t\t<div class=\"elementor-wrapper elementor-open-inline\">\n\t\t\t<div class=\"elementor-video\"><\/div>\t\t<\/div>\n\t\t\t\t\t\t<\/div>\n\t\t\t\t<\/div>\n\t\t\t\t<div class=\"elementor-element elementor-element-17cfb884 elementor-widget elementor-widget-text-editor\" data-id=\"17cfb884\" data-element_type=\"widget\" data-e-type=\"widget\" data-widget_type=\"text-editor.default\">\n\t\t\t\t<div class=\"elementor-widget-container\">\n\t\t\t\t\t\t\t\t\t<p><\/p>\n<p><em>TODOS los solicitantes del Certificado de Cantor de NPM deben comenzar con el Certificado de Cantor B\u00e1sico (BCC) Tenga en cuenta que estos certificados est\u00e1n destinados a adultos que sirven como cantores en sus parroquias. Para TODAS las preguntas sobre el certificado de Cantor, env\u00ede un correo electr\u00f3nico a los administradores del certificado como se indica a continuaci\u00f3n. <\/em><\/p>\n<h4><a href=\"https:\/\/npm.org\/wp-content\/uploads\/Scope-and-Sequence-for-NPM-Cantor-Certificates.2022.pdf\">ALCANCE Y SECUENCIA DE LOS CERTIFICADOS DE CANTOR<\/a><\/h4>\n<p>NPM ofrece un proceso para guiar y reconocer el logro de las habilidades que se esperan de los cantores. Cada certificado supone una comprensi\u00f3n de la espiritualidad del ministerio, y los certificados se organizan en una secuencia requerida para garantizar una experiencia de aprendizaje articulada.<\/p>\n<p>Hay tres programas de certificado de cantor disponibles y deben completarse en orden secuencial:<\/p>\n<ol>\n<li><em><u>B\u00e1sica<\/u> Certificado de Cantor<\/em>: Este primer paso reconoce el logro de habilidades fundamentales<\/li>\n<li><em><u>Intermedio<\/u> Certificado de Cantor<\/em>: La etapa dos de este programa de certificado reconoce el logro de <em>habilidades m\u00e1s desarrolladas<\/em> tanto de salmistas como de cantores<\/li>\n<li><em>Cantor <u>Colega<\/u> Certificado<\/em>: Reconociendo el logro de <em>habilidades avanzadas<\/em> esperado de los salmistas y cantores, este certificado es la tercera etapa del programa de certificados<\/li>\n<\/ol>\n<p>Los niveles de certificado se describen con m\u00e1s detalle a continuaci\u00f3n, incluidos los requisitos, el proceso de solicitud y las tarifas requeridas.\u00a0<\/p>\n<p><\/p>\t\t\t\t\t\t\t\t<\/div>\n\t\t\t\t<\/div>\n\t\t\t\t\t<\/div>\n\t\t<\/div>\n\t\t\t\t\t<\/div>\n\t\t<\/section>\n\t\t\t\t<section class=\"elementor-section elementor-top-section elementor-element elementor-element-d549c50 elementor-section-boxed elementor-section-height-default elementor-section-height-default\" data-id=\"d549c50\" data-element_type=\"section\" data-e-type=\"section\">\n\t\t\t\t\t\t<div class=\"elementor-container elementor-column-gap-default\">\n\t\t\t\t\t<div class=\"elementor-column elementor-col-100 elementor-top-column elementor-element elementor-element-df322da\" data-id=\"df322da\" data-element_type=\"column\" data-e-type=\"column\">\n\t\t\t<div class=\"elementor-widget-wrap elementor-element-populated\">\n\t\t\t\t\t\t<div class=\"elementor-element elementor-element-eab337c elementor-align-center elementor-widget elementor-widget-button\" data-id=\"eab337c\" data-element_type=\"widget\" data-e-type=\"widget\" data-widget_type=\"button.default\">\n\t\t\t\t<div class=\"elementor-widget-container\">\n\t\t\t\t\t\t\t\t\t<div class=\"elementor-button-wrapper\">\n\t\t\t\t\t<a class=\"elementor-button elementor-button-link elementor-size-md\" href=\"https:\/\/npm.org\/wp-content\/uploads\/Scope-and-Sequence-for-NPM-Cantor-Certificates.2022.pdf\" target=\"_blank\">\n\t\t\t\t\t\t<span class=\"elementor-button-content-wrapper\">\n\t\t\t\t\t\t\t\t\t<span class=\"elementor-button-text\">Alcance y secuencia de los certificados NPM Cantor (PDF) <\/span>\n\t\t\t\t\t<\/span>\n\t\t\t\t\t<\/a>\n\t\t\t\t<\/div>\n\t\t\t\t\t\t\t\t<\/div>\n\t\t\t\t<\/div>\n\t\t\t\t\t<\/div>\n\t\t<\/div>\n\t\t\t\t\t<\/div>\n\t\t<\/section>\n\t\t\t\t<section class=\"elementor-section elementor-top-section elementor-element elementor-element-01bdfe6 elementor-section-boxed elementor-section-height-default elementor-section-height-default\" data-id=\"01bdfe6\" data-element_type=\"section\" data-e-type=\"section\">\n\t\t\t\t\t\t<div class=\"elementor-container elementor-column-gap-default\">\n\t\t\t\t\t<div class=\"elementor-column elementor-col-100 elementor-top-column elementor-element elementor-element-8acbecc\" data-id=\"8acbecc\" data-element_type=\"column\" data-e-type=\"column\">\n\t\t\t<div class=\"elementor-widget-wrap elementor-element-populated\">\n\t\t\t\t\t\t<div class=\"elementor-element elementor-element-9e96082 elementor-widget elementor-widget-text-editor\" data-id=\"9e96082\" data-element_type=\"widget\" data-e-type=\"widget\" data-widget_type=\"text-editor.default\">\n\t\t\t\t<div class=\"elementor-widget-container\">\n\t\t\t\t\t\t\t\t\t<p><strong><a href=\"https:\/\/npm.org\/wp-content\/uploads\/NPM-Cantor-Certificate-Psalms.2021.pdf\">Explicaciones de las opciones del repertorio del Salmo de Cantor<\/a><\/strong><\/p>\n<p>Enlaces de editor:<br \/><a href=\"https:\/\/www.giamusic.com\/store\/sacred-music\/\" target=\"_blank\" rel=\"noopener noreferrer\">Publicaciones GIA<\/a><br \/><a href=\"https:\/\/ocp.org\/en-us\" target=\"_blank\" rel=\"noopener noreferrer\">Prensa cat\u00f3lica de Oregon<\/a><br \/><a href=\"https:\/\/www.giamusic.com\/store\/sacred-music\/\" target=\"_blank\" rel=\"noopener noreferrer\">Publicaciones de la Biblioteca Mundial<\/a><\/p>\n<p><strong><a href=\"https:\/\/npm.org\/es\/certificate-recipients-cantor\/\">Destinatarios actuales del certificado de Cantor<\/a><\/strong><\/p>\n<p><a href=\"https:\/\/npm.org\/es\/cantor-trainer\/\">Informaci\u00f3n del entrenador de Cantor<\/a><\/p>\n<p><strong>Para TODAS las preguntas sobre certificados de Cantor, env\u00ede un correo electr\u00f3nico al administrador de certificados correspondiente:<\/strong><\/p>\n<p><strong>BCC:\u00a0<a href=\"mailto:vaseypaula@gmail.com\">Paula Vasey\u00a0<\/a><\/strong><\/p>\n<p><strong>ICC:\u00a0<a href=\"mailto:rosemariegondek@gmail.com\">Rosemarie Gondek<\/a><\/strong><\/p>\n<p><strong>CCC:\u00a0<a href=\"mailto:ultimalto@aol.com\">Dee Kittany<\/a><\/strong><\/p>\t\t\t\t\t\t\t\t<\/div>\n\t\t\t\t<\/div>\n\t\t\t\t\t<\/div>\n\t\t<\/div>\n\t\t\t\t\t<\/div>\n\t\t<\/section>\n\t\t\t\t<section class=\"elementor-section elementor-top-section elementor-element elementor-element-982de3c elementor-section-boxed elementor-section-height-default elementor-section-height-default\" data-id=\"982de3c\" data-element_type=\"section\" data-e-type=\"section\">\n\t\t\t\t\t\t<div class=\"elementor-container elementor-column-gap-default\">\n\t\t\t\t\t<div class=\"elementor-column elementor-col-100 elementor-top-column elementor-element elementor-element-edf9020\" data-id=\"edf9020\" data-element_type=\"column\" data-e-type=\"column\">\n\t\t\t<div class=\"elementor-widget-wrap elementor-element-populated\">\n\t\t\t\t\t\t<div class=\"elementor-element elementor-element-e5fe552 white-text elementor-invisible elementor-widget elementor-widget-heading\" data-id=\"e5fe552\" data-element_type=\"widget\" data-e-type=\"widget\" data-settings=\"{&quot;_animation&quot;:&quot;fadeIn&quot;}\" data-widget_type=\"heading.default\">\n\t\t\t\t<div class=\"elementor-widget-container\">\n\t\t\t\t\t<h1 class=\"elementor-heading-title elementor-size-large\">Certificado b\u00e1sico de cantor (BCC)<\/h1>\t\t\t\t<\/div>\n\t\t\t\t<\/div>\n\t\t\t\t\t<\/div>\n\t\t<\/div>\n\t\t\t\t\t<\/div>\n\t\t<\/section>\n\t\t\t\t<section class=\"elementor-section elementor-top-section elementor-element elementor-element-4e2e1a7 elementor-section-boxed elementor-section-height-default elementor-section-height-default\" data-id=\"4e2e1a7\" data-element_type=\"section\" data-e-type=\"section\">\n\t\t\t\t\t\t<div class=\"elementor-container elementor-column-gap-default\">\n\t\t\t\t\t<div class=\"elementor-column elementor-col-100 elementor-top-column elementor-element elementor-element-e9dce69\" data-id=\"e9dce69\" data-element_type=\"column\" data-e-type=\"column\">\n\t\t\t<div class=\"elementor-widget-wrap elementor-element-populated\">\n\t\t\t\t\t\t<div class=\"elementor-element elementor-element-7fba15b elementor-widget elementor-widget-text-editor\" data-id=\"7fba15b\" data-element_type=\"widget\" data-e-type=\"widget\" data-widget_type=\"text-editor.default\">\n\t\t\t\t<div class=\"elementor-widget-container\">\n\t\t\t\t\t\t\t\t\t<h5><strong>1. CERTIFICADO B\u00c1SICO DE CANTOR (BCC) <\/strong><\/h5>\n<p>El Certificado B\u00e1sico de Cantor es un medio para reconocer el logro de las habilidades fundamentales que se esperan de los cantores. Este certificado marca la primera etapa en el programa de certificaci\u00f3n NPM para cantores. <strong>Hay una tarifa no reembolsable de $25.00 para este programa.<\/strong><\/p>\n<p>BCC para solicitantes<\/p>\n<ul>\n<li><a href=\"https:\/\/npm.org\/wp-content\/uploads\/Cantor-BCC_Application-Form-2025.pdf\">Requisitos \/ aplicaci\u00f3n de BCC<\/a> (PDF)<\/li>\n<li><a href=\"https:\/\/npm.org\/wp-content\/uploads\/NPM-BCC-STUDY-GUIDE-final.pdf\">Gu\u00eda de estudio de BCC<\/a> (PDF)<\/li>\n<li><a href=\"https:\/\/npm.org\/wp-content\/uploads\/NPM-Basic-Cantor-Certificate-2025-Process-Flowchart.pdf\">Diagrama de flujo paso a paso de BCC<\/a> (PDF)\u00a0<\/li>\n<\/ul>\n<p>Adjudicaci\u00f3n BCC<\/p>\n<ul>\n<li><a href=\"https:\/\/npm.org\/wp-content\/uploads\/BCC-Vocal-Adjudication-Rubric-2025.pdf\">Hoja de adjudicaci\u00f3n de BCC<\/a> (PDF)<\/li>\n<\/ul>\t\t\t\t\t\t\t\t<\/div>\n\t\t\t\t<\/div>\n\t\t\t\t\t<\/div>\n\t\t<\/div>\n\t\t\t\t\t<\/div>\n\t\t<\/section>\n\t\t\t\t<section class=\"elementor-section elementor-top-section elementor-element elementor-element-17e9c65 elementor-section-boxed elementor-section-height-default elementor-section-height-default\" data-id=\"17e9c65\" data-element_type=\"section\" data-e-type=\"section\">\n\t\t\t\t\t\t<div class=\"elementor-container elementor-column-gap-default\">\n\t\t\t\t\t<div class=\"elementor-column elementor-col-100 elementor-top-column elementor-element elementor-element-d18f743\" data-id=\"d18f743\" data-element_type=\"column\" data-e-type=\"column\">\n\t\t\t<div class=\"elementor-widget-wrap elementor-element-populated\">\n\t\t\t\t\t\t<div class=\"elementor-element elementor-element-8981a98 white-text elementor-invisible elementor-widget elementor-widget-heading\" data-id=\"8981a98\" data-element_type=\"widget\" data-e-type=\"widget\" data-settings=\"{&quot;_animation&quot;:&quot;fadeIn&quot;}\" data-widget_type=\"heading.default\">\n\t\t\t\t<div class=\"elementor-widget-container\">\n\t\t\t\t\t<h1 class=\"elementor-heading-title elementor-size-large\">Certificado de Cantor Intermedio (ICC)<\/h1>\t\t\t\t<\/div>\n\t\t\t\t<\/div>\n\t\t\t\t\t<\/div>\n\t\t<\/div>\n\t\t\t\t\t<\/div>\n\t\t<\/section>\n\t\t\t\t<section class=\"elementor-section elementor-top-section elementor-element elementor-element-de293c3 elementor-section-boxed elementor-section-height-default elementor-section-height-default\" data-id=\"de293c3\" data-element_type=\"section\" data-e-type=\"section\">\n\t\t\t\t\t\t<div class=\"elementor-container elementor-column-gap-default\">\n\t\t\t\t\t<div class=\"elementor-column elementor-col-100 elementor-top-column elementor-element elementor-element-764e62f\" data-id=\"764e62f\" data-element_type=\"column\" data-e-type=\"column\">\n\t\t\t<div class=\"elementor-widget-wrap elementor-element-populated\">\n\t\t\t\t\t\t<div class=\"elementor-element elementor-element-7e58bda elementor-widget elementor-widget-text-editor\" data-id=\"7e58bda\" data-element_type=\"widget\" data-e-type=\"widget\" data-widget_type=\"text-editor.default\">\n\t\t\t\t<div class=\"elementor-widget-container\">\n\t\t\t\t\t\t\t\t\t<h5><strong>2.\u00a0<\/strong><strong>CERTIFICADO DE CANTOR INTERMEDIO (ICC)<\/strong><\/h5>\n<p>los <u>Certificado de cantor intermedio<\/u> es un medio para reconocer el logro de <em>habilidades m\u00e1s desarrolladas<\/em> esperado de salmistas y cantores. Un certificado presume un entendimiento de la espiritualidad del ministerio. Este certificado marca la segunda etapa en el programa de certificaci\u00f3n de NPM para cantores. <strong>Hay una tarifa no reembolsable de $50.00 para este programa.<\/strong><\/p>\n<p>ICC para solicitantes<\/p>\n<ul>\n<li dir=\"ltr\"><a href=\"https:\/\/npm.org\/wp-content\/uploads\/NPM-PREREQUISISTES-FOR-THE-ICC-AND-CCC.pdf\">Requisitos especiales para el ICC y el BCC<\/a> (PDF)<\/li>\n<li dir=\"ltr\"><a href=\"https:\/\/npm.org\/wp-content\/uploads\/Cantor-ICC-Application-Form-2025.pdf\">Requisitos \/ Aplicaci\u00f3n de ICC<\/a> (PDF)<\/li>\n<li><a href=\"https:\/\/npm.org\/wp-content\/uploads\/NPM-2022-ICC-Study-Guide.pdf\">Gu\u00eda de estudio de ICC <\/a>(PDF)<\/li>\n<li><a href=\"https:\/\/npm.org\/wp-content\/uploads\/NPM-Intermediate-Cantor-Certificate-2025-Process-Flowchart.pdf\">Diagrama de flujo paso a paso de ICC<\/a> (PDF)<\/li>\n<li><a href=\"https:\/\/npm.org\/wp-content\/uploads\/NPM-2022-Sample-Outline-for-Teaching-New-Music.pdf\" target=\"_blank\" rel=\"noopener noreferrer\">Esquema de muestra para ense\u00f1ar m\u00fasica nueva<\/a> (PDF)<\/li>\n<li dir=\"ltr\"><a href=\"https:\/\/npm.org\/wp-content\/uploads\/Helpful-Videos-for-the-ICC-Alleluia.pdf\" target=\"_blank\" rel=\"noopener noreferrer\">V\u00eddeos \u00fatiles para la CPI<\/a> (PDF)<\/li>\n<\/ul>\n<p>Adjudicaci\u00f3n de la CPI<\/p>\n<ul>\n<li dir=\"ltr\"><a href=\"https:\/\/npm.org\/wp-content\/uploads\/ICC-Vocal-Adjudication-Rubric-2025.pdf\">Hoja de adjudicaci\u00f3n vocal de la CCI<\/a>\u00a0(PDF)<\/li>\n<li dir=\"ltr\"><a href=\"https:\/\/npm.org\/wp-content\/uploads\/2017\/07\/ICC-Rubric.pdf\">R\u00fabrica de ICC Psalm Paper<\/a> (PDF)<\/li>\n<li dir=\"ltr\"><a href=\"https:\/\/npm.org\/wp-content\/uploads\/NPM-2022-ICC-Psalm-Essay-Guide.pdf\">Gu\u00eda de ensayos de salmos de ICC<\/a> (PDF)<\/li>\n<li dir=\"ltr\"><a href=\"https:\/\/npm.org\/wp-content\/uploads\/NPM-2022-ICC-Essay-Planning-Worksheet.docx\" target=\"_blank\" rel=\"noopener noreferrer\">Hoja de trabajo de planificaci\u00f3n de ensayos de ICC<\/a> (PDF)<\/li>\n<\/ul>\t\t\t\t\t\t\t\t<\/div>\n\t\t\t\t<\/div>\n\t\t\t\t\t<\/div>\n\t\t<\/div>\n\t\t\t\t\t<\/div>\n\t\t<\/section>\n\t\t\t\t<section class=\"elementor-section elementor-top-section elementor-element elementor-element-615cc56 elementor-section-boxed elementor-section-height-default elementor-section-height-default\" data-id=\"615cc56\" data-element_type=\"section\" data-e-type=\"section\">\n\t\t\t\t\t\t<div class=\"elementor-container elementor-column-gap-default\">\n\t\t\t\t\t<div class=\"elementor-column elementor-col-100 elementor-top-column elementor-element elementor-element-01b1ba7\" data-id=\"01b1ba7\" data-element_type=\"column\" data-e-type=\"column\">\n\t\t\t<div class=\"elementor-widget-wrap elementor-element-populated\">\n\t\t\t\t\t\t<div class=\"elementor-element elementor-element-f7c018d white-text elementor-invisible elementor-widget elementor-widget-heading\" data-id=\"f7c018d\" data-element_type=\"widget\" data-e-type=\"widget\" data-settings=\"{&quot;_animation&quot;:&quot;fadeIn&quot;}\" data-widget_type=\"heading.default\">\n\t\t\t\t<div class=\"elementor-widget-container\">\n\t\t\t\t\t<h1 class=\"elementor-heading-title elementor-size-large\">Certificado de colega de Cantor (CCC)<\/h1>\t\t\t\t<\/div>\n\t\t\t\t<\/div>\n\t\t\t\t\t<\/div>\n\t\t<\/div>\n\t\t\t\t\t<\/div>\n\t\t<\/section>\n\t\t\t\t<section class=\"elementor-section elementor-top-section elementor-element elementor-element-6f9fc61 elementor-section-boxed elementor-section-height-default elementor-section-height-default\" data-id=\"6f9fc61\" data-element_type=\"section\" data-e-type=\"section\">\n\t\t\t\t\t\t<div class=\"elementor-container elementor-column-gap-default\">\n\t\t\t\t\t<div class=\"elementor-column elementor-col-100 elementor-top-column elementor-element elementor-element-4940a24\" data-id=\"4940a24\" data-element_type=\"column\" data-e-type=\"column\">\n\t\t\t<div class=\"elementor-widget-wrap elementor-element-populated\">\n\t\t\t\t\t\t<div class=\"elementor-element elementor-element-0345884 elementor-widget elementor-widget-text-editor\" data-id=\"0345884\" data-element_type=\"widget\" data-e-type=\"widget\" data-widget_type=\"text-editor.default\">\n\t\t\t\t<div class=\"elementor-widget-container\">\n\t\t\t\t\t\t\t\t\t<h5><strong>3.\u00a0<\/strong><strong>CERTIFICADO DE COLEGA DE CANTOR (CCC)<\/strong><\/h5>\n<p>los <u>Certificado de colega de Cantor<\/u> es un medio para reconocer el logro de las habilidades avanzadas que se esperan de los salmistas y cantores. Este certificado marca la tercera etapa en el programa de certificaci\u00f3n de NPM para cantores. <strong>Hay una tarifa no reembolsable de $75.00 para este programa.<\/strong><\/p>\n<p>CCC para solicitantes<\/p>\n<ul>\n<li><a href=\"https:\/\/npm.org\/wp-content\/uploads\/NPM-PREREQUISISTES-FOR-THE-ICC-AND-CCC.pdf\">Requisitos especiales para el ICC y el BCC<\/a> (PDF)<\/li>\n<li><a href=\"https:\/\/npm.org\/wp-content\/uploads\/Cantor-CCC_Application-Form-2025.pdf\">Requisitos \/ Aplicaci\u00f3n CCC<\/a> (PDF)<\/li>\n<li><a href=\"https:\/\/npm.org\/wp-content\/uploads\/Cantor-Colleague-Certificate-Study-Guide-2022.pdf\" target=\"_blank\" rel=\"noopener noreferrer\">Gu\u00eda de estudio CCC<\/a> (PDF)<\/li>\n<li><a href=\"https:\/\/npm.org\/wp-content\/uploads\/NPM-Cantor-Colleague-Certificate-2025-Process-Flowchart.pdf\">Diagrama de flujo paso a paso de CCC<\/a> (PDF)<\/li>\n<\/ul>\n<p>Adjudicaci\u00f3n CCC<\/p>\n<ul>\n<li><a href=\"https:\/\/npm.org\/wp-content\/uploads\/CCC-Vocal-Adjudication-Rubric-2025.pdf\">Hoja de adjudicaci\u00f3n CCC<\/a>\u00a0(PDF)<\/li>\n<\/ul>\n<p>Examen de Liturgia CCC<\/p>\n<ul>\n<li><a href=\"https:\/\/npm.org\/wp-content\/uploads\/NPM-2022-Colleague-Liturgy-Exam-Rubric.pdf\">R\u00fabrica de examen de liturgia para colegas<\/a> (PDF)\u00a0<\/li>\n<\/ul>\n<p style=\"font-weight: 400; text-align: center;\"><strong><span style=\"font-size: 14pt;\">Detalles del examen de liturgia para colegas<\/span><\/strong><\/p>\n<p style=\"text-align: center; font-weight: 400;\">El Examen de Liturgia para Colegas se administra con cita previa de forma individual. Los candidatos deben notificar al Administrador del Certificado y al Presidente del Foro de Certificaci\u00f3n con al menos tres meses de anticipaci\u00f3n a la fecha deseada para que se les asigne un mentor que les ayude con la preparaci\u00f3n. El examen es administrado por el Presidente del Foro de Certificaci\u00f3n.\u00a0<\/p>\t\t\t\t\t\t\t\t<\/div>\n\t\t\t\t<\/div>\n\t\t\t\t\t<\/div>\n\t\t<\/div>\n\t\t\t\t\t<\/div>\n\t\t<\/section>\n\t\t\t\t<\/div>","protected":false},"excerpt":{"rendered":"<p>https:\/\/youtu.be\/QBPzgfLEh0k Scope and Sequence for NPM Cantor Certificates (PDF) Explanations of Cantor Psalm Repertoire Options Publisher links:GIA PublicationsOregon Catholic PressWorld Library Publications Current Cantor Certificate Recipients Cantor Trainer Information For ALL Cantor certificate questions \u2013 please email the appropriate Certificate Administrator: BCC:\u00a0Paula Vasey\u00a0 ICC:\u00a0Rosemarie Gondek CCC:\u00a0Dee Kittany Basic Cantor Certificate (BCC) 1. BASIC CANTOR CERTIFICATE [&hellip;]<\/p>\n","protected":false},"author":6628,"featured_media":0,"parent":0,"menu_order":0,"comment_status":"closed","ping_status":"closed","template":"","meta":{"_acf_changed":false,"footnotes":""},"class_list":["post-1218","page","type-page","status-publish","hentry"],"acf":[],"_links":{"self":[{"href":"https:\/\/npm.org\/es\/wp-json\/wp\/v2\/pages\/1218"}],"collection":[{"href":"https:\/\/npm.org\/es\/wp-json\/wp\/v2\/pages"}],"about":[{"href":"https:\/\/npm.org\/es\/wp-json\/wp\/v2\/types\/page"}],"author":[{"embeddable":true,"href":"https:\/\/npm.org\/es\/wp-json\/wp\/v2\/users\/6628"}],"replies":[{"embeddable":true,"href":"https:\/\/npm.org\/es\/wp-json\/wp\/v2\/comments?post=1218"}],"version-history":[{"count":102,"href":"https:\/\/npm.org\/es\/wp-json\/wp\/v2\/pages\/1218\/revisions"}],"predecessor-version":[{"id":26031,"href":"https:\/\/npm.org\/es\/wp-json\/wp\/v2\/pages\/1218\/revisions\/26031"}],"wp:attachment":[{"href":"https:\/\/npm.org\/es\/wp-json\/wp\/v2\/media?parent=1218"}],"curies":[{"name":"gracias","href":"https:\/\/api.w.org\/{rel}","templated":true}]}}