{"id":1211,"date":"2017-07-04T18:46:05","date_gmt":"2017-07-04T18:46:05","guid":{"rendered":"https:\/\/npm.org\/?page_id=1211"},"modified":"2021-03-03T19:04:02","modified_gmt":"2021-03-03T19:04:02","slug":"cantor-basic-cantor-certificate","status":"publish","type":"page","link":"https:\/\/npm.org\/es\/cantor-basic-cantor-certificate\/","title":{"rendered":"Cantor - Certificado b\u00e1sico de cantor"},"content":{"rendered":"<p><strong>Se ofrecer\u00e1 el Certificado de Cantor B\u00e1sico (BCC) <\/strong><strong>a un n\u00famero limitado de participantes en el lugar de la Convenci\u00f3n Anual. O si est\u00e1 interesado en tener una adjudicaci\u00f3n local en el sitio, cont\u00e1ctenos.<\/strong><\/p>\n<p>El Certificado B\u00e1sico de Cantor identifica las funciones principales del cantor como l\u00edder de oraci\u00f3n, salmista y eval\u00faa varias habilidades fundamentales necesarias para servir en una liturgia dominical. El BCC es apropiado para cualquier cantor que sirva en una parroquia cat\u00f3lica romana que desee comenzar el proceso de certificaci\u00f3n. Los requisitos se basan en la funci\u00f3n b\u00e1sica del cantor como se describe en los documentos lit\u00fargicos. <em>Instrucci\u00f3n general del Misal Romano<\/em> (GIRM) y<em> Cantad al Se\u00f1or<\/em> (STL). El certificado BCC est\u00e1 dise\u00f1ado para alentar a los cantores de todos los niveles a evaluar y afirmar las habilidades existentes e identificar \u00e1reas de crecimiento.<\/p>\n<p>Esperamos que su inter\u00e9s en obtener certificados de habilidades lo lleve a trav\u00e9s de un viaje espiritual, mejorando sus habilidades de cantor para servir a su comunidad de adoraci\u00f3n al convertirse en un l\u00edder de oraci\u00f3n m\u00e1s seguro y competente. Para obtener informaci\u00f3n adicional, comun\u00edquese con Rosemarie Gondek al <a href=\"mailto:Npm.cantor.certifications@gmail.com\">npm.cantor.certifications@gmail.com<\/a><\/p>\n<p>&nbsp;<\/p>\n<p><strong>los <\/strong><strong>El examen BCC consta de tres partes<\/strong><\/p>\n<ul>\n<li>Una secci\u00f3n escrita que incluye preguntas sobre liturgia y conocimientos musicales b\u00e1sicos, as\u00ed como preguntas del <em>Cantad al Se\u00f1or<\/em><\/li>\n<li>Una adjudicaci\u00f3n vocal incluye el canto de dos salmos (canto y mel\u00f3dico), un Kyrie con invocaciones del escenario publicado y un escenario del Cordero de Dios.<\/li>\n<li>Ejercicios de emparejamiento de tono con tres conjuntos de intervalos que el candidato cantar\u00e1 con precisi\u00f3n (y tambi\u00e9n deben ser parte de la grabaci\u00f3n)<\/li>\n<\/ul>\n<p>Luego, dos adjudicadores revisar\u00e1n el video grabado cargado y el administrador se comunicar\u00e1 con usted con sus resultados, incluidos los comentarios de los adjudicadores.<\/p>\n<p><strong>Esperamos que se sienta inspirado para cumplir con los requisitos del BCC, \u00a1as\u00ed que inscr\u00edbase!<br \/>\n<\/strong>Una vez que presente la solicitud, la Oficina Nacional del NPM acusar\u00e1 recibo de su solicitud y un administrador le brindar\u00e1 instrucciones espec\u00edficas sobre c\u00f3mo proceder.<\/p>\n<p><strong><em>Su proceso de preparaci\u00f3n debe incluir:<\/em><\/strong><\/p>\n<ul>\n<li>Elecci\u00f3n de repertorio, acompa\u00f1ante y supervisor.<\/li>\n<li>Busque una c\u00e1mara digital, tel\u00e9fono u otro dispositivo para grabar \/ grabar su examen.<\/li>\n<li><a href=\"https:\/\/npm.org\/wp-content\/uploads\/Cantor-BCC-Tips.pdf\" target=\"_blank\" rel=\"noopener\">Revise los consejos de autoevaluaci\u00f3n<\/a> (PDF)<\/li>\n<\/ul>\n<p><strong>Repertorio<br \/>\n<\/strong>Elija un repertorio con el que est\u00e9 familiarizado. Tu nivel de comodidad te permitir\u00e1 hacer la mejor presentaci\u00f3n. Si no conoce el repertorio enumerado, t\u00f3mese el tiempo suficiente para prepararse antes de presentar la solicitud. Cante a trav\u00e9s de algunas opciones antes de hacer su elecci\u00f3n de Service Music, recordando que debe cantar y dirigir dos salmos responsoriales: un escenario elegido de la Lista A (Canto) y otro elegido de la Lista B (Composici\u00f3n completa), un escenario del Kyrie , y un escenario del Cordero de Dios<\/p>\n<p>No fomentamos la pr\u00e1ctica de transponer la m\u00fasica; sin embargo, si un cantor decide hacerlo, el cantor y el supervisor deben informar al administrador del BCC sobre el plan para que los adjudicadores puedan estar informados del cambio.<\/p>\n<p><strong>Acompa\u00f1ante<br \/>\n<\/strong>P\u00eddale a alguien que toque su grabaci\u00f3n con el que trabaje regularmente para que se sienta muy c\u00f3modo. Aseg\u00farese de hablar sobre tempos e introducciones. T\u00f3mese un tiempo para practicar antes de la grabaci\u00f3n.<\/p>\n<p><strong>Procurador<br \/>\n<\/strong>La funci\u00f3n del supervisor es ser testigo de que la grabaci\u00f3n se produce sin interrupci\u00f3n (sin detenerse ni comenzar) y administrar el examen. El supervisor firmar\u00e1 una declaraci\u00f3n jurada indicando esto. El supervisor no tiene ninguna funci\u00f3n en la adjudicaci\u00f3n del examen y debe ser miembro de NPM, e idealmente un miembro de DMMD. El acompa\u00f1ante y el supervisor pueden ser la misma persona.<\/p>\n<p><strong>Grabaci\u00f3n \/ grabaci\u00f3n<br \/>\n<\/strong>No es necesario contratar a un camar\u00f3grafo profesional para grabar el examen. Para obtener los mejores resultados, recomendamos una c\u00e1mara de video \/ tel\u00e9fono con buena calidad de sonido, que tambi\u00e9n se puede cargar digitalmente. Todo el material cantado debe grabarse sin detenerse y no puede ocurrir ninguna edici\u00f3n. Aseg\u00farese de que la c\u00e1mara est\u00e9 enfocada en el cantor para que los jueces puedan ver tanto la cara como el gesto. Todo el material cantado debe grabarse sin detenerse y no puede ocurrir ninguna edici\u00f3n. No olvide registrar los ejercicios de emparejamiento de tonos, tres conjuntos de intervalos que se encuentran en el examen escrito.<\/p>\n<p><strong>Planifica temprano<br \/>\n<\/strong>Se necesita tiempo para practicar y prepararse para el examen. Adem\u00e1s, puede ser complicado coordinar los horarios de su iglesia, acompa\u00f1ante, congregaci\u00f3n y supervisor. Aseg\u00farese de ser realista sobre cu\u00e1nto tiempo requiere todo el proceso para evitar la frustraci\u00f3n.<\/p>\n<p><strong>Administrador<br \/>\n<\/strong>El administrador de NPM es su contacto principal a partir de ese momento y coordinar\u00e1 todos los esfuerzos de su parte. Dirija todas las preguntas e inquietudes a dicho administrador. Tenga en cuenta que se le informar\u00e1 si el administrador cambia entre el momento en que realiza la solicitud y el momento en que se califica su grabaci\u00f3n.<\/p>\n<p><strong>Equipo de evaluaci\u00f3n<\/strong><br \/>\nLos jueces son miembros actuales y anteriores del Comit\u00e9 Permanente de Cantores y otros cantores conocidos a nivel nacional y regional y proporcionar\u00e1n comentarios por escrito a cada candidato.<\/p>\n<p><strong>Grupo para grabaci\u00f3n <\/strong><br \/>\nSe recomienda que el candidato reuna un peque\u00f1o qu\u00f3rum de personas para actuar como una &#039;congregaci\u00f3n&#039; para la grabaci\u00f3n. Una sugerencia es invitar al coro a reunirse antes del ensayo para su sesi\u00f3n de grabaci\u00f3n. Esto le ayudar\u00e1 a sentirse m\u00e1s c\u00f3modo y facilitar\u00e1 un mejor sentido de sus habilidades de comunicaci\u00f3n. Si varios cantores de su parroquia quieren postularse y hacer grabaciones para el Certificado de Cantor B\u00e1sico, coordine acompa\u00f1antes, grabadores de video y supervisores en una fecha espec\u00edfica (o dos) y los cantores pueden servir como la congregaci\u00f3n entre ellos. Los directores diocesanos tambi\u00e9n pueden alentar a los cantores coordinando los d\u00edas de grabaci\u00f3n disponibles.<\/p>\n<p><strong><a href=\"https:\/\/npm.org\/wp-content\/uploads\/Cantor-BCC-Tips.pdf\" target=\"_blank\" rel=\"noopener\">Consejos de autoevaluaci\u00f3n para ayudarlo a prepararse<\/a> (PDF<\/strong>) <strong><br \/>\n<\/strong>Estos consejos est\u00e1n dise\u00f1ados para ayudarlo a evaluar sus habilidades mientras se prepara para el Certificado B\u00e1sico de Cantor. Lo alentamos a buscar ayuda externa para ayudarlo a evaluar.<\/p>\n<p><strong><a href=\"https:\/\/npm.org\/wp-content\/uploads\/Cantor-BCC-FAQs.pdf\" target=\"_blank\" rel=\"noopener\">Preguntas frecuentes<\/a>\u00a0<\/strong>(PDF)<\/p>\n<p>Puedes<a href=\"https:\/\/npm.org\/wp-content\/uploads\/2018\/11\/Cantor-BCC-Application-2018-11-Form.pdf\" target=\"_blank\" rel=\"noopener\"><strong> haga clic aqu\u00ed <\/strong><\/a>para ver e imprimir el folleto y el formulario de solicitud del Certificado de Cantor B\u00e1sico, o puede enviar un <a href=\"mailto:npmsing@npm.org\"><strong>correo electr\u00f3nico<\/strong><\/a> o llame al 240-247-3000 para solicitar una copia impresa.<\/p>","protected":false},"excerpt":{"rendered":"<p>The Basic Cantor Certificate (BCC) will be offered to a limited number of participants on site at the Annual Convention. Or if you are interested in having a local on-site adjudication, contact us. The Basic Cantor Certificate identifies the cantor\u2019s primary functions as leader of prayer, psalmist, and assesses several fundamental skills necessary to serve [&hellip;]<\/p>\n","protected":false},"author":6628,"featured_media":0,"parent":0,"menu_order":0,"comment_status":"closed","ping_status":"closed","template":"","meta":{"_acf_changed":false,"footnotes":""},"class_list":["post-1211","page","type-page","status-publish","hentry"],"acf":[],"_links":{"self":[{"href":"https:\/\/npm.org\/es\/wp-json\/wp\/v2\/pages\/1211"}],"collection":[{"href":"https:\/\/npm.org\/es\/wp-json\/wp\/v2\/pages"}],"about":[{"href":"https:\/\/npm.org\/es\/wp-json\/wp\/v2\/types\/page"}],"author":[{"embeddable":true,"href":"https:\/\/npm.org\/es\/wp-json\/wp\/v2\/users\/6628"}],"replies":[{"embeddable":true,"href":"https:\/\/npm.org\/es\/wp-json\/wp\/v2\/comments?post=1211"}],"version-history":[{"count":0,"href":"https:\/\/npm.org\/es\/wp-json\/wp\/v2\/pages\/1211\/revisions"}],"wp:attachment":[{"href":"https:\/\/npm.org\/es\/wp-json\/wp\/v2\/media?parent=1211"}],"curies":[{"name":"gracias","href":"https:\/\/api.w.org\/{rel}","templated":true}]}}