{"id":11716,"date":"2019-08-20T04:47:00","date_gmt":"2019-08-20T04:47:00","guid":{"rendered":"https:\/\/npm.org\/?page_id=11716"},"modified":"2020-06-21T18:04:20","modified_gmt":"2020-06-21T18:04:20","slug":"choral-anthems-ordinary-time-23-c","status":"publish","type":"page","link":"https:\/\/npm.org\/es\/choral-anthems-ordinary-time-23-c\/","title":{"rendered":"Himnos corales - Domingo XXIII del tiempo ordinario C"},"content":{"rendered":"<p><span style=\"font-size: 10pt;\"><strong>Himnos corales<\/strong><\/span><\/p>\n<table style=\"width: 100%;\" border=\"1\" width=\"100%\">\n<tbody>\n<tr>\n<td width=\"456\"><span style=\"font-size: 10pt;\"><strong>T\u00edtulo (Voicing)<\/strong><\/span><\/td>\n<td width=\"187\"><span style=\"font-size: 10pt;\"><strong>Compositor \/ Arreglista<\/strong><\/span><\/td>\n<td width=\"187\"><span style=\"font-size: 10pt;\"><strong>Editor (art\u00edculo #)<\/strong><\/span><\/td>\n<td width=\"103\"><span style=\"font-size: 10pt;\"><strong>Uso<\/strong><\/span><\/td>\n<\/tr>\n<tr>\n<td><span style=\"font-size: 10pt;\">\u201cToma tu cruz\u201d, dijo el Salvador (SATB)<\/span><\/td>\n<td><span style=\"font-size: 10pt;\">Bouman, Paul\u00a0<\/span><\/td>\n<td><span style=\"font-size: 10pt;\">Selah (420-617)<\/span><\/td>\n<td><span style=\"font-size: 10pt;\">GRAMO<\/span><\/td>\n<\/tr>\n<tr>\n<td><span style=\"font-size: 10pt;\">Venid y cantemos al Se\u00f1or (Un\u00edsono, \u00d3rgano)\u00a0<\/span><\/td>\n<td><span style=\"font-size: 10pt;\">Gehring, Felipe<\/span><\/td>\n<td><span style=\"font-size: 10pt;\">Augsburgo<\/span><\/td>\n<td><span style=\"font-size: 10pt;\">PD<\/span><\/td>\n<\/tr>\n<tr>\n<td><span style=\"font-size: 10pt;\">Judica Me, Deus (SATB)\u00a0<\/span><\/td>\n<td><span style=\"font-size: 10pt;\">Gorczycki, Gregorio\u00a0<\/span><\/td>\n<td><span style=\"font-size: 10pt;\">GIA (1973)<\/span><\/td>\n<td><span style=\"font-size: 10pt;\">mi<\/span><\/td>\n<\/tr>\n<tr>\n<td><span style=\"font-size: 10pt;\">Se\u00f1or, T\u00fa has sido nuestro refugio (SATB, \u00d3rgano)\u00a0<\/span><\/td>\n<td><span style=\"font-size: 10pt;\">Vaughan Williams, Ralph\u00a0<\/span><\/td>\n<td><span style=\"font-size: 10pt;\">Curwen (JC80592)<\/span><\/td>\n<td><span style=\"font-size: 10pt;\">PD<\/span><\/td>\n<\/tr>\n<tr>\n<td><span style=\"font-size: 10pt;\">Mi Dios es una roca (SATB)\u00a0<\/span><\/td>\n<td><span style=\"font-size: 10pt;\">arreglo Parker, Alice y Shaw, Robert<\/span><\/td>\n<td><span style=\"font-size: 10pt;\">Lawson-Gould (00-LG51107)\u00a0<\/span><\/td>\n<td><span style=\"font-size: 10pt;\">PD<\/span><\/td>\n<\/tr>\n<tr>\n<td><span style=\"font-size: 10pt;\">Venid, cantemos (SATB, piano)\u00a0<\/span><\/td>\n<td><span style=\"font-size: 10pt;\">Carter, Juan\u00a0<\/span><\/td>\n<td><span style=\"font-size: 10pt;\">Prensa Broadman (4545-94)\u00a0<\/span><\/td>\n<td><span style=\"font-size: 10pt;\">PD<\/span><\/td>\n<\/tr>\n<tr>\n<td><span style=\"font-size: 10pt;\">Oh, venid, cantemos al Se\u00f1or (SATB)\u00a0<\/span><\/td>\n<td><span style=\"font-size: 10pt;\">Berger, Jean\u00a0<\/span><\/td>\n<td><span style=\"font-size: 10pt;\">Hermanos Broude<\/span><\/td>\n<td><span style=\"font-size: 10pt;\">PD<\/span><\/td>\n<\/tr>\n<tr>\n<td><span style=\"font-size: 10pt;\">Venid, cantemos al Se\u00f1or (TTBB, piano)<\/span><\/td>\n<td><span style=\"font-size: 10pt;\">Diemer, Emma Lou<\/span><\/td>\n<td><span style=\"font-size: 10pt;\">Carl Fischer (CM8014)\u00a0<\/span><\/td>\n<td><span style=\"font-size: 10pt;\">PD<\/span><\/td>\n<\/tr>\n<tr>\n<td><span style=\"font-size: 10pt;\">Salmo 119 (SATB)<\/span><\/td>\n<td><span style=\"font-size: 10pt;\">Wilkinson, Scott<\/span><\/td>\n<td><span style=\"font-size: 10pt;\">Mentor (M710)<\/span><\/td>\n<td><span style=\"font-size: 10pt;\">mi<\/span><\/td>\n<\/tr>\n<tr>\n<td><span style=\"font-size: 10pt;\">Salmo 95 (SA, campanillas)<\/span><\/td>\n<td><span style=\"font-size: 10pt;\">Hunnicutt, Judy\u00a0<\/span><\/td>\n<td><span style=\"font-size: 10pt;\">Augsburgo (11-0674)<\/span><\/td>\n<td><span style=\"font-size: 10pt;\">PD<\/span><\/td>\n<\/tr>\n<tr>\n<td><span style=\"font-size: 10pt;\">Salmo 95 (SATB, Teclado, opt. Guitarra, Percusi\u00f3n)<\/span><\/td>\n<td><span style=\"font-size: 10pt;\">Pote, Allen C.<\/span><\/td>\n<td><span style=\"font-size: 10pt;\">Gremio de coristas<\/span><\/td>\n<td><span style=\"font-size: 10pt;\">PD<\/span><\/td>\n<\/tr>\n<tr>\n<td><span style=\"font-size: 10pt;\">Sicut cervus (SATB)<\/span><\/td>\n<td><span style=\"font-size: 10pt;\">Palestrina, Giovanni Pierluigi da<\/span><\/td>\n<td><span style=\"font-size: 10pt;\">CPDL<\/span><\/td>\n<td><span style=\"font-size: 10pt;\">C<\/span><\/td>\n<\/tr>\n<tr>\n<td><span style=\"font-size: 10pt;\">Sicut cervus (SATB)<\/span><\/td>\n<td><span style=\"font-size: 10pt;\">Palestrina, Giovanni Pierluigi da<\/span><\/td>\n<td><span style=\"font-size: 10pt;\">GIA (2141)<\/span><\/td>\n<td><span style=\"font-size: 10pt;\">PD<\/span><\/td>\n<\/tr>\n<tr>\n<td><span style=\"font-size: 10pt;\">Cantad al Se\u00f1or (SATB, \u00f3rgano, coro juvenil opcional, campanas de mano opcionales)\u00a0<\/span><\/td>\n<td><span style=\"font-size: 10pt;\">Fetler, David C.<\/span><\/td>\n<td><span style=\"font-size: 10pt;\">Carl Fischer<\/span><\/td>\n<td><span style=\"font-size: 10pt;\">PD<\/span><\/td>\n<\/tr>\n<tr>\n<td><span style=\"font-size: 10pt;\">Canci\u00f3n de Acci\u00f3n de Gracias, A\/Salmo 90 (SATB, \u00d3rgano)\u00a0<\/span><\/td>\n<td><span style=\"font-size: 10pt;\">Ferguson, Juan\u00a0<\/span><\/td>\n<td><span style=\"font-size: 10pt;\">Augsburgo (9780800656782) tambi\u00e9n en \u201cEl libro coral de Augsburgo: M\u00fasica sacra coralina del siglo XX\u201d<\/span><\/td>\n<td><span style=\"font-size: 10pt;\">PD<\/span><\/td>\n<\/tr>\n<tr>\n<td><span style=\"font-size: 10pt;\">Toma tu cruz (2 partes, teclado)<\/span><\/td>\n<td><span style=\"font-size: 10pt;\">Hopson, Hal H.\u00a0<\/span><\/td>\n<td><span style=\"font-size: 10pt;\">Augsburgo (9780800654504)<\/span><\/td>\n<td><span style=\"font-size: 10pt;\">GRAMO<\/span><\/td>\n<\/tr>\n<tr>\n<td><span style=\"font-size: 10pt;\">Toma tu cruz (SATB, teclado)<\/span><\/td>\n<td><span style=\"font-size: 10pt;\">Corporaci\u00f3n, Ronald A.<\/span><\/td>\n<td><span style=\"font-size: 10pt;\">GIA (6549)<\/span><\/td>\n<td><span style=\"font-size: 10pt;\">GRAMO<\/span><\/td>\n<\/tr>\n<tr>\n<td><span style=\"font-size: 10pt;\">Cuando contemplo la maravillosa cruz<\/span><\/td>\n<td><span style=\"font-size: 10pt;\">Arquero, Malcolm<\/span><\/td>\n<td><span style=\"font-size: 10pt;\">Kevin Mayhew (16 de enero de 2016)<\/span><\/td>\n<td><span style=\"font-size: 10pt;\">GRAMO<\/span><\/td>\n<\/tr>\n<tr>\n<td><span style=\"font-size: 10pt;\">Cuando contemplo la maravillosa cruz (SATB, \u00f3rgano)\u00a0<\/span><\/td>\n<td><span style=\"font-size: 10pt;\">Mart\u00edn, Gilbert H.<\/span><\/td>\n<td><span style=\"font-size: 10pt;\">Teodoro Presser (312-40785)\u00a0<\/span><\/td>\n<td><span style=\"font-size: 10pt;\">GRAMO<\/span><\/td>\n<\/tr>\n<tr>\n<td><span style=\"font-size: 10pt;\">T\u00edtulo (Voicing)<\/span><\/td>\n<td><span style=\"font-size: 10pt;\">Compositor \/ Arreglista<\/span><\/td>\n<td><span style=\"font-size: 10pt;\">Editor (art\u00edculo #)<\/span><\/td>\n<td><span style=\"font-size: 10pt;\">Uso<\/span><\/td>\n<\/tr>\n<\/tbody>\n<\/table>","protected":false},"excerpt":{"rendered":"<p>Choral Anthems Title (Voicing) Composer\/Arranger Publisher (Item #) Usage &#8220;Take Up Your Cross,&#8221; the Savior Said (SATB) Bouman, Paul\u00a0 Selah (420-617) G Come Let Us Sing to the Lord (Unison, Organ)\u00a0 Gehring, Philip Augsburg PS Judica Me, Deus (SATB)\u00a0 Gorczycki, Gregory\u00a0 GIA (1973) E Lord, Thou Hast Been Our Refuge (SATB, Organ)\u00a0 Vaughan Williams, Ralph\u00a0 [&hellip;]<\/p>\n","protected":false},"author":6628,"featured_media":0,"parent":0,"menu_order":0,"comment_status":"closed","ping_status":"closed","template":"","meta":{"_acf_changed":false,"footnotes":""},"class_list":["post-11716","page","type-page","status-publish","hentry"],"acf":[],"_links":{"self":[{"href":"https:\/\/npm.org\/es\/wp-json\/wp\/v2\/pages\/11716"}],"collection":[{"href":"https:\/\/npm.org\/es\/wp-json\/wp\/v2\/pages"}],"about":[{"href":"https:\/\/npm.org\/es\/wp-json\/wp\/v2\/types\/page"}],"author":[{"embeddable":true,"href":"https:\/\/npm.org\/es\/wp-json\/wp\/v2\/users\/6628"}],"replies":[{"embeddable":true,"href":"https:\/\/npm.org\/es\/wp-json\/wp\/v2\/comments?post=11716"}],"version-history":[{"count":0,"href":"https:\/\/npm.org\/es\/wp-json\/wp\/v2\/pages\/11716\/revisions"}],"wp:attachment":[{"href":"https:\/\/npm.org\/es\/wp-json\/wp\/v2\/media?parent=11716"}],"curies":[{"name":"gracias","href":"https:\/\/api.w.org\/{rel}","templated":true}]}}