{"id":1169,"date":"2017-07-04T04:27:45","date_gmt":"2017-07-04T04:27:45","guid":{"rendered":"https:\/\/npm.org\/?page_id=1169"},"modified":"2021-03-27T18:13:06","modified_gmt":"2021-03-27T18:13:06","slug":"chant-links","status":"publish","type":"page","link":"https:\/\/npm.org\/es\/chant-links\/","title":{"rendered":"Canto - Enlaces"},"content":{"rendered":"<p><a href=\"http:\/\/www.solesmes.com\" target=\"_blank\" rel=\"noopener noreferrer\"><strong>www.solesmes.com<\/strong><\/a>. Ofrece mucha informaci\u00f3n en ingl\u00e9s sobre la Abad\u00eda de Solesmes, l\u00edder mundial en canto gregoriano y editor de la mayor\u00eda de los libros de canto mencionados en el <a href=\"https:\/\/npm.org\/es\/directory-of-chant-books-and-resources\/\">Bibliograf\u00eda<\/a> secci\u00f3n.<\/p>\n<p><a href=\"http:\/\/www.libreriaeditricevaticana.com\" target=\"_blank\" rel=\"noopener noreferrer\"><strong>www.libreriaeditricevaticana.com<\/strong><\/a>. Editorial del Vaticano y fuente de libros de canto romano como el Graduale Simplex.<\/p>\n<p><a href=\"http:\/\/www.giamusic.com\" target=\"_blank\" rel=\"noopener noreferrer\"><strong>www.giamusic.com<\/strong><\/a>. GIA Publications vende muchos de los libros de canto que se enumeran en esta p\u00e1gina web, tanto libros de Solesmes como romanos.<\/p>\n<p><a href=\"http:\/\/www.paracletepress.com\" target=\"_blank\" rel=\"noopener noreferrer\"><strong>www.paracletepress.com<\/strong><\/a> Vende una amplia selecci\u00f3n de libros de c\u00e1nticos.<\/p>\n<p><a href=\"http:\/\/www.ocp.org\" target=\"_blank\" rel=\"noopener noreferrer\"><strong>www.ocp.org<\/strong><\/a>. OCP Publications vende muchos de los libros de canto enumerados en esta p\u00e1gina web, tanto libros de Solesmes como Romanos.<\/p>\n<p><a href=\"http:\/\/www.canticanova.com\" target=\"_blank\" rel=\"noopener noreferrer\"><strong>www.canticanova.com<\/strong><\/a>. CanticaNOVA Publications es una editorial de m\u00fasica lit\u00fargica que incluye el canto gregoriano; recurso en l\u00ednea para la planificaci\u00f3n lit\u00fargica y musical.<\/p>\n<p><a href=\"http:\/\/www.musicasacra.com\" target=\"_blank\" rel=\"noopener noreferrer\"><strong>www.musicasacra.com<\/strong><\/a>. Sitio web de la Asociaci\u00f3n de M\u00fasica de la Iglesia de Am\u00e9rica, con muchos recursos de canto \u00fatiles, como los versos del Salmo communio del Graduale Romanum de 1974 completamente anotados, y varios libros de canto preconciliar en archivos pdf, como el Antiphonale Romanum de 1912 y el Graduale Romanum de 1908.<\/p>\n<p><a href=\"http:\/\/comp.uark.edu\/%7Erlee\/otherchant.html\" target=\"_blank\" rel=\"noopener noreferrer\"><strong>comp.uark.edu\/~rlee\/otherchant.html<\/strong><\/a>, con muchos enlaces a otros sitios \u00fatiles.<\/p>\n<p><a href=\"https:\/\/www.vatican.va\/content\/vatican\/it.html\" target=\"_blank\" rel=\"noopener noreferrer\"><strong>www.vatican.va\/archive\/bible\/<\/strong><\/a>, la Biblia en ingl\u00e9s, italiano, lat\u00edn y espa\u00f1ol del Vaticano. La Biblia latina es la Nova Vulgata posconciliar (&quot;nueva Vulgata&quot;).<\/p>\n<p><a href=\"http:\/\/www.fourmilab.ch\/etexts\/www\/Vulgate\/\" target=\"_blank\" rel=\"noopener noreferrer\"><strong>www.fourmilab.ch\/etexts\/www\/Vulgate\/<\/strong><\/a>, la Biblia Vulgata anterior al Vaticano II.<\/p>\n<p><a href=\"http:\/\/www.archives.nd.edu\/cgi-bin\/words.exe\" target=\"_blank\" rel=\"noopener noreferrer\"><strong>www.archives.nd.edu\/cgi-bin\/words.exe<\/strong><\/a>. &quot;Palabras&quot; de William Whitaker; consulte la secci\u00f3n &quot;Ayudas para la traducci\u00f3n&quot; en este sitio web.<\/p>\n<p><strong>Associazione Internazionale Studi di Canto Gregoriano (&quot;asociaci\u00f3n internacional para el estudio del canto gregoriano&quot;)<\/strong>: <a href=\"http:\/\/www.aiscgre.de\/\" target=\"_blank\" rel=\"noopener noreferrer\">www.aiscgre.it\/home2.html<\/a> - Secci\u00f3n de lengua italiana, <a href=\"http:\/\/www.aiscgre.de\">www.aiscgre.de<\/a> - Secci\u00f3n de lengua alemana, <a href=\"http:\/\/www.cantogregoriano.es\" target=\"_blank\" rel=\"noopener noreferrer\">www.cantogregoriano.es<\/a> - Secci\u00f3n en espa\u00f1ol.<\/p>\n<p><a href=\"http:\/\/www.omifacsimiles.com\" target=\"_blank\" rel=\"noopener noreferrer\"><strong>www.omifacsimiles.com<\/strong><\/a>, para la compra de facs\u00edmiles de los principales manuscritos del canto.<\/p>\n<p><a href=\"http:\/\/www.cesg.unifr.ch\/de\/index.htm\" target=\"_blank\" rel=\"noopener noreferrer\"><strong>www.cesg.unifr.ch\/de\/index.htm<\/strong><\/a>, C\u00f3dices Electronici Sangallenses (\u201cC\u00f3dices electr\u00f3nicos de San Galo\u201d). Permite ver muchos de los importantes manuscritos de cantos de San Gall, por ejemplo, 390\/390, Antifonario de Hartker, que da los primeros neumas sin l\u00edneas para muchos de los cantos m\u00e1s f\u00e1ciles del Graduale Simplex.<\/p>","protected":false},"excerpt":{"rendered":"","protected":false},"author":6628,"featured_media":0,"parent":0,"menu_order":0,"comment_status":"closed","ping_status":"closed","template":"","meta":{"_acf_changed":false,"footnotes":""},"class_list":["post-1169","page","type-page","status-publish","hentry"],"acf":[],"_links":{"self":[{"href":"https:\/\/npm.org\/es\/wp-json\/wp\/v2\/pages\/1169"}],"collection":[{"href":"https:\/\/npm.org\/es\/wp-json\/wp\/v2\/pages"}],"about":[{"href":"https:\/\/npm.org\/es\/wp-json\/wp\/v2\/types\/page"}],"author":[{"embeddable":true,"href":"https:\/\/npm.org\/es\/wp-json\/wp\/v2\/users\/6628"}],"replies":[{"embeddable":true,"href":"https:\/\/npm.org\/es\/wp-json\/wp\/v2\/comments?post=1169"}],"version-history":[{"count":0,"href":"https:\/\/npm.org\/es\/wp-json\/wp\/v2\/pages\/1169\/revisions"}],"wp:attachment":[{"href":"https:\/\/npm.org\/es\/wp-json\/wp\/v2\/media?parent=1169"}],"curies":[{"name":"gracias","href":"https:\/\/api.w.org\/{rel}","templated":true}]}}