{"id":10936,"date":"2019-07-09T03:06:43","date_gmt":"2019-07-09T03:06:43","guid":{"rendered":"https:\/\/npm.org\/?page_id=10936"},"modified":"2021-03-08T06:10:47","modified_gmt":"2021-03-08T06:10:47","slug":"npm-job-hotline-job-submission","status":"publish","type":"page","link":"https:\/\/npm.org\/es\/npm-job-hotline-job-submission\/","title":{"rendered":"Env\u00edo de trabajos a la l\u00ednea directa de trabajos de NPM"},"content":{"rendered":"<p><span style=\"font-size: 14pt;\">Complete el formulario a continuaci\u00f3n para enviar su oferta de trabajo a NPM. Las publicaciones se agregar\u00e1n a la l\u00ednea directa de empleo de NPM dentro de las 24 horas posteriores a la presentaci\u00f3n. Comun\u00edquese con NPM al <a href=\"mailto:NPMAdmin@npm.org\" target=\"_blank\" rel=\"nofollow noopener\">NPMAdmin@npm.org<\/a> con cualquier pregunta o para enviar su oferta de trabajo por correo electr\u00f3nico. Las parroquias se facturar\u00e1n cuando se publiquen las descripciones de los puestos.\u00a0 <strong>NO es necesario registrarse para enviar una publicaci\u00f3n.<\/strong><\/span><br \/><span style=\"font-size: 14pt;\"><form action=\"\/es\/wp-json\/wp\/v2\/pages\/10936\" method=\"post\" id=\"submit-job-form\" class=\"job-manager-form\" enctype=\"multipart\/form-data\" data-trp-original-action=\"\/es\/wp-json\/wp\/v2\/pages\/10936\">\n\n\t\n\t\n\t\n\t\t\t<fieldset class=\"fieldset-login_required\">\n\t\t<label>\u00bfTienes una cuenta?<\/label>\n\t\t<div class=\"field account-sign-in\">\n\t\t\t<a class=\"button\" href=\"https:\/\/npm.org\/wp-login.php?redirect_to=https%3A%2F%2Fnpm.org%2Fes%2Fnpm-job-hotline-job-submission%2F\">Acceder<\/a>\n\n\t\t\t\t\t<\/div>\n\t<\/fieldset>\n\t\n\t\n\t\n\t\t<!-- Job Information Fields -->\n\t\t\n\t\t\t\t\t<fieldset class=\"fieldset-job_title fieldset-type-text\">\n\t\t\t\t<label for=\"job_title\">T\u00edtulo del trabajo<\/label>\n\t\t\t\t<div class=\"field required-field\">\n\t\t\t\t\t<input type=\"text\" class=\"jmfe-text-field jmfe-input-text input-text text-job_title\" name=\"job_title\" id=\"job_title\" title=\"\"  placeholder=\"\" value=\"\"  required \/>\n\t\t\t\t<\/div>\n\t\t\t<\/fieldset>\n\t\t\t\t\t<fieldset class=\"fieldset-job_location fieldset-type-text\">\n\t\t\t\t<label for=\"job_location\">Localizaci\u00f3n<\/label>\n\t\t\t\t<div class=\"field required-field\">\n\t\t\t\t\t<input type=\"text\" class=\"jmfe-text-field jmfe-input-text input-text text-job_location\" name=\"job_location\" id=\"job_location\" title=\"\"  placeholder=\"Silver Spring, MD\" value=\"\"  required \/>\n<small class=\"description text-job_location-description\">Indique la ciudad y el estado.<\/small>\t\t\t\t<\/div>\n\t\t\t<\/fieldset>\n\t\t\t\t\t<fieldset class=\"fieldset-remote_position fieldset-type-checkbox\">\n\t\t\t\t<label for=\"remote_position\">Puesto en remoto <small>(opcional)<\/small><\/label>\n\t\t\t\t<div class=\"field\">\n\t\t\t\t\t<input type=\"checkbox\" class=\"input-checkbox\" name=\"remote_position\"\n\t   id=\"remote_position\"  value=\"1\"  \/>\n<small class=\"description\">Selecciona si este es un puesto remoto.<\/small>\t\t\t\t<\/div>\n\t\t\t<\/fieldset>\n\t\t\t\t\t<fieldset class=\"fieldset-job_category fieldset-type-term-multiselect\">\n\t\t\t\t<label for=\"job_category\">Por favor elija el estado<\/label>\n\t\t\t\t<div class=\"field required-field\">\n\t\t\t\t\t<select name='job_category[]' id='job_category' class='jmfe-required-select2 jmfe-add-required-attr jmfe-select2-select-field job-manager-category-dropdown' multiple='multiple' data-placeholder='Please choose a state' data-no_results_text='No se han encontrado resultados' data-multiple_text='Elige alguna opci\u00f3n'>\n\t<option class=\"level-0\" value=\"102\">Alabama<\/option>\n\t<option class=\"level-0\" value=\"103\">Alaska<\/option>\n\t<option class=\"level-0\" value=\"34\">Arizona<\/option>\n\t<option class=\"level-0\" value=\"92\">Arkansas<\/option>\n\t<option class=\"level-0\" value=\"100\">Australia<\/option>\n\t<option class=\"level-0\" value=\"81\">California<\/option>\n\t<option class=\"level-0\" value=\"35\">Colorado<\/option>\n\t<option class=\"level-0\" value=\"90\">Connecticut<\/option>\n\t<option class=\"level-0\" value=\"104\">Deleware<\/option>\n\t<option class=\"level-0\" value=\"57\">Distrito de Columbia<\/option>\n\t<option class=\"level-0\" value=\"37\">Florida<\/option>\n\t<option class=\"level-0\" value=\"63\">Georgia<\/option>\n\t<option class=\"level-0\" value=\"105\">Hawai<\/option>\n\t<option class=\"level-0\" value=\"106\">Idaho<\/option>\n\t<option class=\"level-0\" value=\"38\">Illinois<\/option>\n\t<option class=\"level-0\" value=\"39\">Indiana<\/option>\n\t<option class=\"level-0\" value=\"83\">Iowa<\/option>\n\t<option class=\"level-0\" value=\"88\">Italia<\/option>\n\t<option class=\"level-0\" value=\"80\">Kansas<\/option>\n\t<option class=\"level-0\" value=\"40\">Kentucky<\/option>\n\t<option class=\"level-0\" value=\"86\">Luisiana<\/option>\n\t<option class=\"level-0\" value=\"94\">Maine<\/option>\n\t<option class=\"level-0\" value=\"41\">Maryland<\/option>\n\t<option class=\"level-0\" value=\"42\">Massachusetts<\/option>\n\t<option class=\"level-0\" value=\"43\">Michigan<\/option>\n\t<option class=\"level-0\" value=\"44\">Minnesota<\/option>\n\t<option class=\"level-0\" value=\"82\">Misisip\u00ed<\/option>\n\t<option class=\"level-0\" value=\"45\">Misuri<\/option>\n\t<option class=\"level-0\" value=\"107\">Montana<\/option>\n\t<option class=\"level-0\" value=\"108\">Nebraska<\/option>\n\t<option class=\"level-0\" value=\"109\">Nevada<\/option>\n\t<option class=\"level-0\" value=\"95\">New Hampshire<\/option>\n\t<option class=\"level-0\" value=\"46\">New Jersey<\/option>\n\t<option class=\"level-0\" value=\"93\">Nuevo Mexico<\/option>\n\t<option class=\"level-0\" value=\"47\">Nueva York<\/option>\n\t<option class=\"level-0\" value=\"48\">Carolina del Norte<\/option>\n\t<option class=\"level-0\" value=\"110\">Dakota del Norte<\/option>\n\t<option class=\"level-0\" value=\"49\">Ohio<\/option>\n\t<option class=\"level-0\" value=\"62\">Oklahoma<\/option>\n\t<option class=\"level-0\" value=\"50\">Oreg\u00f3n<\/option>\n\t<option class=\"level-0\" value=\"59\">Pensilvania<\/option>\n\t<option class=\"level-0\" value=\"111\">Rhode Island<\/option>\n\t<option class=\"level-0\" value=\"87\">Roma<\/option>\n\t<option class=\"level-0\" value=\"36\">Sur de Australia<\/option>\n\t<option class=\"level-0\" value=\"51\">Carolina del Sur<\/option>\n\t<option class=\"level-0\" value=\"60\">Dakota del Sur<\/option>\n\t<option class=\"level-0\" value=\"89\">Tennesse<\/option>\n\t<option class=\"level-0\" value=\"52\">Texas<\/option>\n\t<option class=\"level-0\" value=\"112\">Utah<\/option>\n\t<option class=\"level-0\" value=\"91\">Vermont<\/option>\n\t<option class=\"level-0\" value=\"58\">Virginia<\/option>\n\t<option class=\"level-0\" value=\"53\">Washington<\/option>\n\t<option class=\"level-0\" value=\"54\">Virginia del Oeste<\/option>\n\t<option class=\"level-0\" value=\"55\">Wisconsin<\/option>\n\t<option class=\"level-0\" value=\"101\">Wyoming<\/option>\n<\/select>\n\t\t\t\t<\/div>\n\t\t\t<\/fieldset>\n\t\t\t\t\t<fieldset class=\"fieldset-job_description fieldset-type-wp-editor\">\n\t\t\t\t<label for=\"job_description\">Descripci\u00f3n del trabajo <small>(opcional)<\/small><\/label>\n\t\t\t\t<div class=\"field\">\n\t\t\t\t\t<div id=\"wp-job_description-wrap\" class=\"wp-core-ui wp-editor-wrap tmce-active\"><link rel='stylesheet' id='dashicons-css' href='https:\/\/npm.org\/wp-includes\/css\/dashicons.min.css?ver=6.6.5' type='text\/css' media='all' \/>\n<link rel='stylesheet' id='editor-buttons-css' href='https:\/\/npm.org\/wp-includes\/css\/editor.min.css?ver=6.6.5' type='text\/css' media='all' \/>\n<div id=\"wp-job_description-editor-container\" class=\"wp-editor-container\"><textarea class=\"jmfe-wp-editor wp-editor-area\" rows=\"8\" autocomplete=\"off\" cols=\"40\" name=\"job_description\" id=\"job_description\"><\/textarea><\/div>\n<\/div>\n\n<small class=\"description\">Incluya la informaci\u00f3n de contacto de la parroquia \/ instituci\u00f3n.<\/small>\t\t\t\t<\/div>\n\t\t\t<\/fieldset>\n\t\t\t\t\t<fieldset class=\"fieldset-application fieldset-type-text\">\n\t\t\t\t<label for=\"application\">Correo electr\u00f3nico de solicitud <small>(opcional)<\/small><\/label>\n\t\t\t\t<div class=\"field\">\n\t\t\t\t\t<input type=\"text\" class=\"jmfe-text-field jmfe-input-text input-text text-application\" name=\"application\" id=\"application\" title=\"\"  placeholder=\"\" value=\"\"   \/>\n<small class=\"description text-application-description\">Indique el correo electr\u00f3nico al que el solicitante debe enviar su curr\u00edculum.<\/small>\t\t\t\t<\/div>\n\t\t\t<\/fieldset>\n\t\t\t\t\t<fieldset class=\"fieldset-application_url fieldset-type-url\">\n\t\t\t\t<label for=\"application_url\">URL de la aplicaci\u00f3n <small>(opcional)<\/small><\/label>\n\t\t\t\t<div class=\"field\">\n\t\t\t\t\t<input type=\"url\" class=\"jmfe-url-field jmfe-input-url input-url input-text url-application_url\" name=\"application_url\" id=\"application_url\" title=\"\"  placeholder=\"\" value=\"\" maxlength=\"100\"  \/>\n<small class=\"description url-application_url-description\">URL para enviar la solicitud<\/small>\t\t\t\t<\/div>\n\t\t\t<\/fieldset>\n\t\t\n\t\t\n\t\t<!-- Company Information Fields -->\n\t\t\t\t\t<h2>Detalles de la empresa<\/h2>\n\n\t\t\t\n\t\t\t\t\t\t\t<fieldset class=\"fieldset-name_of_person_submitting_ad fieldset-type-text\">\n\t\t\t\t\t<label for=\"name_of_person_submitting_ad\">Persona que env\u00eda el anuncio<\/label>\n\t\t\t\t\t<div class=\"field required-field\">\n\t\t\t\t\t\t<input type=\"text\" class=\"jmfe-text-field jmfe-input-text input-text text-name_of_person_submitting_ad\" name=\"name_of_person_submitting_ad\" id=\"name_of_person_submitting_ad\" title=\"\"  placeholder=\"\" value=\"\"  required \/>\n<small class=\"description text-name_of_person_submitting_ad-description\">Nombre completo de la persona que env\u00eda la oferta de trabajo<\/small>\t\t\t\t\t<\/div>\n\t\t\t\t<\/fieldset>\n\t\t\t\t\t\t\t<fieldset class=\"fieldset-company_name fieldset-type-text\">\n\t\t\t\t\t<label for=\"company_name\">Nombre de la parroquia \/ instituci\u00f3n<\/label>\n\t\t\t\t\t<div class=\"field required-field\">\n\t\t\t\t\t\t<input type=\"text\" class=\"jmfe-text-field jmfe-input-text input-text text-company_name\" name=\"company_name\" id=\"company_name\" title=\"\"  placeholder=\"Ingrese el nombre de su parroquia\" value=\"\"  required \/>\n\t\t\t\t\t<\/div>\n\t\t\t\t<\/fieldset>\n\t\t\t\t\t\t\t<fieldset class=\"fieldset-company_website fieldset-type-text\">\n\t\t\t\t\t<label for=\"company_website\">Sitio web <small>(opcional)<\/small><\/label>\n\t\t\t\t\t<div class=\"field\">\n\t\t\t\t\t\t<input type=\"text\" class=\"jmfe-text-field jmfe-input-text input-text text-company_website\" name=\"company_website\" id=\"company_website\" title=\"\"  placeholder=\"http: \/\/\" value=\"\"   \/>\n\t\t\t\t\t<\/div>\n\t\t\t\t<\/fieldset>\n\t\t\t\t\t\t\t<fieldset class=\"fieldset-parish_address fieldset-type-textarea\">\n\t\t\t\t\t<label for=\"parish_address\">Nombre de la parroquia \/ instituci\u00f3n Direcci\u00f3n de facturaci\u00f3n<\/label>\n\t\t\t\t\t<div class=\"field required-field\">\n\t\t\t\t\t\t<textarea cols=\"20\" rows=\"3\" class=\"input-text\" name=\"parish_address\" id=\"parish_address\" placeholder=\"\" maxlength=\"\" required><\/textarea>\n<small class=\"description\">Incluya la ciudad, el estado y el c\u00f3digo postal para la facturaci\u00f3n.<\/small>\t\t\t\t\t<\/div>\n\t\t\t\t<\/fieldset>\n\t\t\t\t\t\t\t<fieldset class=\"fieldset-invoice_name fieldset-type-text\">\n\t\t\t\t\t<label for=\"invoice_name\">Nombre de la factura<\/label>\n\t\t\t\t\t<div class=\"field required-field\">\n\t\t\t\t\t\t<input type=\"text\" class=\"jmfe-text-field jmfe-input-text input-text text-invoice_name\" name=\"invoice_name\" id=\"invoice_name\" title=\"\"  placeholder=\"\" value=\"\"  required \/>\n<small class=\"description text-invoice_name-description\">Nombre completo de la persona a quien debe enviarse la factura<\/small>\t\t\t\t\t<\/div>\n\t\t\t\t<\/fieldset>\n\t\t\t\t\t\t\t<fieldset class=\"fieldset-invoice_email fieldset-type-email\">\n\t\t\t\t\t<label for=\"invoice_email\">Factura correo electr\u00f3nico<\/label>\n\t\t\t\t\t<div class=\"field required-field\">\n\t\t\t\t\t\t<input type=\"email\" class=\"jmfe-email-field jmfe-input-email input-email input-text email-invoice_email\" name=\"invoice_email\" id=\"invoice_email\" title=\"\"  placeholder=\"\" value=\"\"  required \/>\n<small class=\"description email-invoice_email-description\">Correo electr\u00f3nico para enviar la factura.<\/small>\t\t\t\t\t<\/div>\n\t\t\t\t<\/fieldset>\n\t\t\t\t\t\t\t<fieldset class=\"fieldset-npm_member fieldset-type-radio\">\n\t\t\t\t\t<label for=\"npm_member\">\u00bfEres miembro de NPM?<\/label>\n\t\t\t\t\t<div class=\"field required-field\">\n\t\t\t\t\t\t\t\t<label><input type=\"radio\" style=\"margin-left: 5px; margin-right: 5px; width: auto;\" data-meta_key=\"npm_member\" class=\"jmfe-radio-field jmfe-radio input-radio radio-npm_member jmfe-radio-npm_member\" name=\"npm_member\" id=\"npm_member-Yes\" value=\"Yes\"   required>Si<\/label>\n\t\t<label><input type=\"radio\" style=\"margin-left: 5px; margin-right: 5px; width: auto;\" data-meta_key=\"npm_member\" class=\"jmfe-radio-field jmfe-radio input-radio radio-npm_member jmfe-radio-npm_member\" name=\"npm_member\" id=\"npm_member-No\" value=\"No\"   required>No<\/label>\n\t<small data-meta_key=\"npm_member\" alt=\"Borrar selecci\u00f3n\" class=\"jmfe-clear-radio jmfe-clear-radio-npm_member\" style=\"display: none;margin-left: 5px; cursor: pointer;\">\n\t\t<span class=\"dashicons dashicons-dismiss\" style=\"vertical-align: middle;\"><\/span>\n\t<\/small>\n\t\t\t\t\t<\/div>\n\t\t\t\t<\/fieldset>\n\t\t\t\t\t\t\t<fieldset class=\"fieldset-npm_member_number fieldset-type-text\">\n\t\t\t\t\t<label for=\"npm_member_number\">N\u00famero de miembro de NPM (si se conoce) <small>(opcional)<\/small><\/label>\n\t\t\t\t\t<div class=\"field\">\n\t\t\t\t\t\t<input type=\"text\" class=\"jmfe-text-field jmfe-input-text input-text text-npm_member_number\" name=\"npm_member_number\" id=\"npm_member_number\" title=\"\"  placeholder=\"\" value=\"\"   \/>\n\t\t\t\t\t<\/div>\n\t\t\t\t<\/fieldset>\n\t\t\t\n\t\t\t\t\t\n\t\t\n\t\t<p>\n\t\t\t<input type=\"hidden\" name=\"job_manager_form\" value=\"submit-job\" \/>\n\t\t\t<input type=\"hidden\" name=\"job_id\" value=\"0\" \/>\n\t\t\t<input type=\"hidden\" name=\"step\" value=\"0\" \/>\n\t\t\t<input type=\"submit\" name=\"submit_job\" class=\"button\"\n    \t\t value=\"Previsualizar\" \/>\n\t\t\t\t\t\t<span class=\"spinner\" style=\"background-image: url(https:\/\/npm.org\/wp-includes\/images\/spinner.gif);\"><\/span>\n\t\t<\/p>\n\n\t<input type=\"hidden\" name=\"trp-form-language\" value=\"es\"\/><\/form>\n<\/span><\/p>","protected":false},"excerpt":{"rendered":"<p>Please complete the form below to submit your job posting to NPM. Postings will be added to NPM&#8217;s Job Hotline within 24 hours of submission. Please contact NPM at NPMAdmin@npm.org with any questions or to submit your job posting via email. Parishes will be billed when job descriptions are posted.\u00a0 Sign in is NOT required [&hellip;]<\/p>\n","protected":false},"author":6628,"featured_media":0,"parent":0,"menu_order":0,"comment_status":"closed","ping_status":"closed","template":"","meta":{"_acf_changed":false,"footnotes":""},"class_list":["post-10936","page","type-page","status-publish","hentry"],"acf":[],"_links":{"self":[{"href":"https:\/\/npm.org\/es\/wp-json\/wp\/v2\/pages\/10936"}],"collection":[{"href":"https:\/\/npm.org\/es\/wp-json\/wp\/v2\/pages"}],"about":[{"href":"https:\/\/npm.org\/es\/wp-json\/wp\/v2\/types\/page"}],"author":[{"embeddable":true,"href":"https:\/\/npm.org\/es\/wp-json\/wp\/v2\/users\/6628"}],"replies":[{"embeddable":true,"href":"https:\/\/npm.org\/es\/wp-json\/wp\/v2\/comments?post=10936"}],"version-history":[{"count":0,"href":"https:\/\/npm.org\/es\/wp-json\/wp\/v2\/pages\/10936\/revisions"}],"wp:attachment":[{"href":"https:\/\/npm.org\/es\/wp-json\/wp\/v2\/media?parent=10936"}],"curies":[{"name":"gracias","href":"https:\/\/api.w.org\/{rel}","templated":true}]}}