{"id":1013,"date":"2017-07-01T02:46:45","date_gmt":"2017-07-01T02:46:45","guid":{"rendered":"https:\/\/npm.org\/?page_id=1013"},"modified":"2021-03-03T19:04:05","modified_gmt":"2021-03-03T19:04:05","slug":"npm-clearinghouse","status":"publish","type":"page","link":"https:\/\/npm.org\/es\/npm-clearinghouse\/","title":{"rendered":"No compre nada"},"content":{"rendered":"<p>Muchas parroquias han expresado su voluntad de donar himnarios, m\u00fasica y varios otros art\u00edculos para ayudar a las parroquias necesitadas. Esta p\u00e1gina se proporciona para ayudarlos a establecer conexiones con las comunidades que necesitan su ayuda.<\/p>\r\n<ul type=\"disc\">\r\n<li>Nosotros invitamos<a href=\"https:\/\/npm.org\/es\/npm-clearinghouse\/#needs\">\u00a0<strong>parroquias necesitadas<\/strong><\/a><strong>\u00a0<\/strong>de asistencia para enviar un mensaje a <a href=\"mailto:NPMAdmin@npm.org\" target=\"_blank\" rel=\"nofollow noopener noreferrer\">NPMAdmin@npm.org<\/a>\u00a0describiendo los tipos de elementos que les ayudar\u00edan.<\/li>\r\n<li>Nosotros invitamos\u00a0<a href=\"https:\/\/npm.org\/es\/npm-clearinghouse\/#donate\"><strong>asistiendo a parroquias e individuos<\/strong><\/a> enviar un mensaje a <a href=\"mailto:NPMAdmin@npm.org\" target=\"_blank\" rel=\"nofollow noopener noreferrer\">NPMAdmin@npm.org<\/a> describiendo elementos que podr\u00edan contribuir.<\/li>\r\n<\/ul>\r\n<p>Incluya el nombre de una persona de contacto junto con la direcci\u00f3n de correo electr\u00f3nico, el n\u00famero de tel\u00e9fono y el nombre y la ciudad de la parroquia.<\/p>\r\n<p>Publicaremos estos mensajes junto con la direcci\u00f3n de correo electr\u00f3nico del remitente, para que las parroquias necesitadas puedan ponerse en contacto con las personas y las parroquias que deseen ayudarlos. Todas las publicaciones se eliminar\u00e1n despu\u00e9s de cuatro meses; se pueden volver a publicar a pedido.<\/p>\r\n<h2 id=\"#needs\">Elementos necesarios<\/h2>\r\n<p><strong>De: Michelle Dokka<br \/><\/strong><strong>Director de M\u00fasica<br \/>Parroquia de San Bartolom\u00e9<br \/>Cape Elizabeth, ME<br \/>Email:\u00a0\u00a0<a href=\"mailto:Michelle.dokka@portlanddiocese.org\" target=\"_blank\" rel=\"nofollow noopener noreferrer\">Michelle.dokka@portlanddiocese.org<\/a><br \/>Fecha: 12 de marzo de 2020<\/strong><\/p>\r\n<p>ISO cualquier himnario coral, 10 o m\u00e1s.<\/p>\r\n<hr \/>\r\n<p><strong>De: John Brandt<br \/>Director de Liturgia y M\u00fasica<br \/>Iglesia de San Lorenzo<br \/>319 Grayson Hwy<br \/>Lawrenceville, GA 30046<br \/><\/strong><strong>770.963.8992<br \/>Email: <a href=\"mailto:jbrandt@saintlaw.org\">jbrandt@saintlaw.org<\/a><br \/>Fecha: 1 de marzo de 2020<\/strong> Necesitamos aproximadamente 100 Flor y Canto (Segunda Edici\u00f3n) para reemplazar las copias gastadas en nuestras bancas. \u00bfAlguien tiene alguno que no est\u00e9 usando? \u00a1Gracias!<strong><br \/><\/strong><\/p>\r\n<p>&nbsp;<\/p>\r\n<h2 id=\"#donate\">Art\u00edculos para donar<\/h2>\r\n<p><strong>De: Mike Dosier<br \/>Iglesia River Valley, Missoula, MT<\/strong><br \/><strong>Email:\u00a0<a href=\"mailto:mandadosier@gmail.com\" target=\"_blank\" rel=\"nofollow noopener noreferrer\">mandadosier@gmail.com<\/a><\/strong><br \/><strong>Fecha: 25 de enero de 2021<br \/><\/strong><\/p>\r\n<p>Tenemos aproximadamente 100-150 himnarios que no podemos trasladar a nuestra nueva ubicaci\u00f3n. Los derechos de autor son 1986 y el nombre: Himnario de adoraci\u00f3n y celebraci\u00f3n, publicado por Word Music, Waco, Texas. Si alguien quisiera estos himnarios m\u00e1s antiguos, estar\u00eda encantado de empaquetarlos y enviarlos siempre y cuando sean los EE. UU. Propiamente dichos.<\/p>\r\n<hr \/>\r\n<p><strong>De: Barb Gerstenecker<br \/>St Paul UCC, Columbia IL<br \/>correo electr\u00f3nico:\u00a0<a href=\"mailto:financial@stpaulcolumbia.org\" target=\"_blank\" rel=\"nofollow noopener noreferrer\">financial@stpaulcolumbia.org<\/a><br \/>Fecha: 27 de agosto de 2020<\/strong><\/p>\r\n<p>Tenemos cajas de himnarios Voices United de 1996 disponibles.<\/p>","protected":false},"excerpt":{"rendered":"","protected":false},"author":6628,"featured_media":0,"parent":0,"menu_order":0,"comment_status":"closed","ping_status":"closed","template":"","meta":{"_acf_changed":false,"footnotes":""},"class_list":["post-1013","page","type-page","status-publish","hentry"],"acf":[],"_links":{"self":[{"href":"https:\/\/npm.org\/es\/wp-json\/wp\/v2\/pages\/1013"}],"collection":[{"href":"https:\/\/npm.org\/es\/wp-json\/wp\/v2\/pages"}],"about":[{"href":"https:\/\/npm.org\/es\/wp-json\/wp\/v2\/types\/page"}],"author":[{"embeddable":true,"href":"https:\/\/npm.org\/es\/wp-json\/wp\/v2\/users\/6628"}],"replies":[{"embeddable":true,"href":"https:\/\/npm.org\/es\/wp-json\/wp\/v2\/comments?post=1013"}],"version-history":[{"count":0,"href":"https:\/\/npm.org\/es\/wp-json\/wp\/v2\/pages\/1013\/revisions"}],"wp:attachment":[{"href":"https:\/\/npm.org\/es\/wp-json\/wp\/v2\/media?parent=1013"}],"curies":[{"name":"gracias","href":"https:\/\/api.w.org\/{rel}","templated":true}]}}